{"id":31589,"date":"2026-04-10T11:52:57","date_gmt":"2026-04-10T09:52:57","guid":{"rendered":"https:\/\/animalproducts.nl\/product\/conditioning-platform\/"},"modified":"2026-04-10T11:52:57","modified_gmt":"2026-04-10T09:52:57","slug":"conditioning-platform","status":"publish","type":"product","link":"https:\/\/animalproducts.nl\/de\/produkt\/conditioning-platform\/","title":{"rendered":"Conditioning platform"},"content":{"rendered":"<p>Diese Plattform bietet ein stabiles und sicheres Trainingsger\u00e4t, das sich ideal f\u00fcr Konditions- und\/oder Propriozeptions\u00fcbungen mit Ihrem Hund eignet.<\/p>\n<p>Sie besteht aus hochdichtem Schaumstoff, einer rutschfesten Gummibasis und rutschfestem Canvas.<\/p>\n<p>Alle Teile sind mit einer internen Gewichtsplatte ausgestattet, die zusammen mit der Gummibasis f\u00fcr hervorragende Stabilit\u00e4t auf allen Oberfl\u00e4chen sorgt.<\/p>\n<p>Die Plattform ist mit einem oder zwei Keilen erh\u00e4ltlich. Bitte w\u00e4hlen Sie Ihre gew\u00fcnschte Ausf\u00fchrung in den Feldern oben aus. <\/p>\n<p>Die rechteckige Plattform ist 36 cm breit, 55 cm lang und 7 cm hoch. Gewicht: 2,3 kg.<br \/>Der Keil ist 36 cm breit, 36 cm lang und an der h\u00f6chsten Stelle 7 cm hoch. Gewicht: 1,9 kg.  <\/p>\n","protected":false},"excerpt":{"rendered":"<p>Diese Plattform bietet ein stabiles und sicheres Trainingsger\u00e4t, das sich ideal f\u00fcr Konditions- und\/oder Propriozeptions\u00fcbungen mit Ihrem Hund eignet.<\/p>\n","protected":false},"featured_media":31558,"comment_status":"closed","ping_status":"closed","template":"","meta":{"_acf_changed":false},"product_brand":[],"product_cat":[143,140,150],"product_tag":[],"class_list":{"0":"post-31589","1":"product","2":"type-product","3":"status-publish","4":"has-post-thumbnail","6":"product_cat-agility-zubehor","7":"product_cat-beweglichkeit","8":"product_cat-galican","10":"first","11":"instock","12":"taxable","13":"shipping-taxable","14":"purchasable","15":"product-type-variable"},"acf":[],"yoast_head":"<!-- This site is optimized with the Yoast SEO plugin v27.4 - https:\/\/yoast.com\/product\/yoast-seo-wordpress\/ -->\n<title>Conditioning platform - Animal Products<\/title>\n<meta name=\"description\" content=\"Diese Plattform bietet ein stabiles und sicheres Trainingsger\u00e4t, das sich ideal f\u00fcr Konditions- und\/oder Propriozeptions\u00fcbungen mit Ihrem Hund eignet.\" \/>\n<meta name=\"robots\" content=\"index, follow, max-snippet:-1, max-image-preview:large, max-video-preview:-1\" \/>\n<link rel=\"canonical\" href=\"https:\/\/animalproducts.nl\/de\/produkt\/conditioning-platform\/\" \/>\n<meta property=\"og:locale\" content=\"de_DE\" \/>\n<meta property=\"og:type\" content=\"article\" \/>\n<meta property=\"og:title\" content=\"Conditioning platform - Animal Products\" \/>\n<meta property=\"og:description\" content=\"Diese Plattform bietet ein stabiles und sicheres Trainingsger\u00e4t, das sich ideal f\u00fcr Konditions- und\/oder Propriozeptions\u00fcbungen mit Ihrem Hund eignet.\" \/>\n<meta property=\"og:url\" content=\"https:\/\/animalproducts.nl\/de\/produkt\/conditioning-platform\/\" \/>\n<meta property=\"og:site_name\" content=\"Animal Products\" \/>\n<meta property=\"og:image\" content=\"https:\/\/animalproducts.nl\/wp-content\/uploads\/2026\/04\/Plataforma-de-fitness-1.webp\" \/>\n\t<meta property=\"og:image:width\" content=\"1000\" \/>\n\t<meta property=\"og:image:height\" content=\"1000\" \/>\n\t<meta property=\"og:image:type\" content=\"image\/webp\" \/>\n<meta name=\"twitter:card\" content=\"summary_large_image\" \/>\n<meta name=\"twitter:label1\" content=\"Gesch\u00e4tzte Lesezeit\" \/>\n\t<meta name=\"twitter:data1\" content=\"1\u00a0Minute\" \/>\n<script type=\"application\/ld+json\" class=\"yoast-schema-graph\">{\"@context\":\"https:\\\/\\\/schema.org\",\"@graph\":[{\"@type\":\"WebPage\",\"@id\":\"https:\\\/\\\/animalproducts.nl\\\/de\\\/produkt\\\/conditioning-platform\\\/\",\"url\":\"https:\\\/\\\/animalproducts.nl\\\/de\\\/produkt\\\/conditioning-platform\\\/\",\"name\":\"Conditioning platform - Animal Products\",\"isPartOf\":{\"@id\":\"https:\\\/\\\/animalproducts.nl\\\/de\\\/#website\"},\"primaryImageOfPage\":{\"@id\":\"https:\\\/\\\/animalproducts.nl\\\/de\\\/produkt\\\/conditioning-platform\\\/#primaryimage\"},\"image\":{\"@id\":\"https:\\\/\\\/animalproducts.nl\\\/de\\\/produkt\\\/conditioning-platform\\\/#primaryimage\"},\"thumbnailUrl\":\"https:\\\/\\\/animalproducts.nl\\\/wp-content\\\/uploads\\\/2026\\\/04\\\/Plataforma-de-fitness-1.webp\",\"datePublished\":\"2026-04-10T09:52:57+00:00\",\"description\":\"Diese Plattform bietet ein stabiles und sicheres Trainingsger\u00e4t, das sich ideal f\u00fcr Konditions- und\\\/oder Propriozeptions\u00fcbungen mit Ihrem Hund eignet.\",\"breadcrumb\":{\"@id\":\"https:\\\/\\\/animalproducts.nl\\\/de\\\/produkt\\\/conditioning-platform\\\/#breadcrumb\"},\"inLanguage\":\"de\",\"potentialAction\":[{\"@type\":\"ReadAction\",\"target\":[\"https:\\\/\\\/animalproducts.nl\\\/de\\\/produkt\\\/conditioning-platform\\\/\"]}]},{\"@type\":\"ImageObject\",\"inLanguage\":\"de\",\"@id\":\"https:\\\/\\\/animalproducts.nl\\\/de\\\/produkt\\\/conditioning-platform\\\/#primaryimage\",\"url\":\"https:\\\/\\\/animalproducts.nl\\\/wp-content\\\/uploads\\\/2026\\\/04\\\/Plataforma-de-fitness-1.webp\",\"contentUrl\":\"https:\\\/\\\/animalproducts.nl\\\/wp-content\\\/uploads\\\/2026\\\/04\\\/Plataforma-de-fitness-1.webp\",\"width\":1000,\"height\":1000},{\"@type\":\"BreadcrumbList\",\"@id\":\"https:\\\/\\\/animalproducts.nl\\\/de\\\/produkt\\\/conditioning-platform\\\/#breadcrumb\",\"itemListElement\":[{\"@type\":\"ListItem\",\"position\":1,\"name\":\"Shop\",\"item\":\"https:\\\/\\\/animalproducts.nl\\\/de\\\/heim\\\/\"},{\"@type\":\"ListItem\",\"position\":2,\"name\":\"Shop\",\"item\":\"https:\\\/\\\/animalproducts.nl\\\/de\\\/shop\\\/\"},{\"@type\":\"ListItem\",\"position\":3,\"name\":\"Conditioning platform\"}]},{\"@type\":\"WebSite\",\"@id\":\"https:\\\/\\\/animalproducts.nl\\\/de\\\/#website\",\"url\":\"https:\\\/\\\/animalproducts.nl\\\/de\\\/\",\"name\":\"Animal Products\",\"description\":\"\",\"publisher\":{\"@id\":\"https:\\\/\\\/animalproducts.nl\\\/de\\\/#organization\"},\"potentialAction\":[{\"@type\":\"SearchAction\",\"target\":{\"@type\":\"EntryPoint\",\"urlTemplate\":\"https:\\\/\\\/animalproducts.nl\\\/de\\\/?s={search_term_string}\"},\"query-input\":{\"@type\":\"PropertyValueSpecification\",\"valueRequired\":true,\"valueName\":\"search_term_string\"}}],\"inLanguage\":\"de\"},{\"@type\":\"Organization\",\"@id\":\"https:\\\/\\\/animalproducts.nl\\\/de\\\/#organization\",\"name\":\"Animal Products\",\"url\":\"https:\\\/\\\/animalproducts.nl\\\/de\\\/\",\"logo\":{\"@type\":\"ImageObject\",\"inLanguage\":\"de\",\"@id\":\"https:\\\/\\\/animalproducts.nl\\\/de\\\/#\\\/schema\\\/logo\\\/image\\\/\",\"url\":\"https:\\\/\\\/animalproducts.nl\\\/wp-content\\\/uploads\\\/2025\\\/07\\\/AnimalProducts-logo-v2-liggend-def-scaled.png\",\"contentUrl\":\"https:\\\/\\\/animalproducts.nl\\\/wp-content\\\/uploads\\\/2025\\\/07\\\/AnimalProducts-logo-v2-liggend-def-scaled.png\",\"width\":2560,\"height\":1266,\"caption\":\"Animal Products\"},\"image\":{\"@id\":\"https:\\\/\\\/animalproducts.nl\\\/de\\\/#\\\/schema\\\/logo\\\/image\\\/\"}}]}<\/script>\n<!-- \/ Yoast SEO plugin. -->","yoast_head_json":{"title":"Conditioning platform - Animal Products","description":"Diese Plattform bietet ein stabiles und sicheres Trainingsger\u00e4t, das sich ideal f\u00fcr Konditions- und\/oder Propriozeptions\u00fcbungen mit Ihrem Hund eignet.","robots":{"index":"index","follow":"follow","max-snippet":"max-snippet:-1","max-image-preview":"max-image-preview:large","max-video-preview":"max-video-preview:-1"},"canonical":"https:\/\/animalproducts.nl\/de\/produkt\/conditioning-platform\/","og_locale":"de_DE","og_type":"article","og_title":"Conditioning platform - Animal Products","og_description":"Diese Plattform bietet ein stabiles und sicheres Trainingsger\u00e4t, das sich ideal f\u00fcr Konditions- und\/oder Propriozeptions\u00fcbungen mit Ihrem Hund eignet.","og_url":"https:\/\/animalproducts.nl\/de\/produkt\/conditioning-platform\/","og_site_name":"Animal Products","og_image":[{"width":1000,"height":1000,"url":"https:\/\/animalproducts.nl\/wp-content\/uploads\/2026\/04\/Plataforma-de-fitness-1.webp","type":"image\/webp"}],"twitter_card":"summary_large_image","twitter_misc":{"Gesch\u00e4tzte Lesezeit":"1\u00a0Minute"},"schema":{"@context":"https:\/\/schema.org","@graph":[{"@type":"WebPage","@id":"https:\/\/animalproducts.nl\/de\/produkt\/conditioning-platform\/","url":"https:\/\/animalproducts.nl\/de\/produkt\/conditioning-platform\/","name":"Conditioning platform - Animal Products","isPartOf":{"@id":"https:\/\/animalproducts.nl\/de\/#website"},"primaryImageOfPage":{"@id":"https:\/\/animalproducts.nl\/de\/produkt\/conditioning-platform\/#primaryimage"},"image":{"@id":"https:\/\/animalproducts.nl\/de\/produkt\/conditioning-platform\/#primaryimage"},"thumbnailUrl":"https:\/\/animalproducts.nl\/wp-content\/uploads\/2026\/04\/Plataforma-de-fitness-1.webp","datePublished":"2026-04-10T09:52:57+00:00","description":"Diese Plattform bietet ein stabiles und sicheres Trainingsger\u00e4t, das sich ideal f\u00fcr Konditions- und\/oder Propriozeptions\u00fcbungen mit Ihrem Hund eignet.","breadcrumb":{"@id":"https:\/\/animalproducts.nl\/de\/produkt\/conditioning-platform\/#breadcrumb"},"inLanguage":"de","potentialAction":[{"@type":"ReadAction","target":["https:\/\/animalproducts.nl\/de\/produkt\/conditioning-platform\/"]}]},{"@type":"ImageObject","inLanguage":"de","@id":"https:\/\/animalproducts.nl\/de\/produkt\/conditioning-platform\/#primaryimage","url":"https:\/\/animalproducts.nl\/wp-content\/uploads\/2026\/04\/Plataforma-de-fitness-1.webp","contentUrl":"https:\/\/animalproducts.nl\/wp-content\/uploads\/2026\/04\/Plataforma-de-fitness-1.webp","width":1000,"height":1000},{"@type":"BreadcrumbList","@id":"https:\/\/animalproducts.nl\/de\/produkt\/conditioning-platform\/#breadcrumb","itemListElement":[{"@type":"ListItem","position":1,"name":"Shop","item":"https:\/\/animalproducts.nl\/de\/heim\/"},{"@type":"ListItem","position":2,"name":"Shop","item":"https:\/\/animalproducts.nl\/de\/shop\/"},{"@type":"ListItem","position":3,"name":"Conditioning platform"}]},{"@type":"WebSite","@id":"https:\/\/animalproducts.nl\/de\/#website","url":"https:\/\/animalproducts.nl\/de\/","name":"Animal Products","description":"","publisher":{"@id":"https:\/\/animalproducts.nl\/de\/#organization"},"potentialAction":[{"@type":"SearchAction","target":{"@type":"EntryPoint","urlTemplate":"https:\/\/animalproducts.nl\/de\/?s={search_term_string}"},"query-input":{"@type":"PropertyValueSpecification","valueRequired":true,"valueName":"search_term_string"}}],"inLanguage":"de"},{"@type":"Organization","@id":"https:\/\/animalproducts.nl\/de\/#organization","name":"Animal Products","url":"https:\/\/animalproducts.nl\/de\/","logo":{"@type":"ImageObject","inLanguage":"de","@id":"https:\/\/animalproducts.nl\/de\/#\/schema\/logo\/image\/","url":"https:\/\/animalproducts.nl\/wp-content\/uploads\/2025\/07\/AnimalProducts-logo-v2-liggend-def-scaled.png","contentUrl":"https:\/\/animalproducts.nl\/wp-content\/uploads\/2025\/07\/AnimalProducts-logo-v2-liggend-def-scaled.png","width":2560,"height":1266,"caption":"Animal Products"},"image":{"@id":"https:\/\/animalproducts.nl\/de\/#\/schema\/logo\/image\/"}}]}},"_links":{"self":[{"href":"https:\/\/animalproducts.nl\/de\/wp-json\/wp\/v2\/product\/31589","targetHints":{"allow":["GET"]}}],"collection":[{"href":"https:\/\/animalproducts.nl\/de\/wp-json\/wp\/v2\/product"}],"about":[{"href":"https:\/\/animalproducts.nl\/de\/wp-json\/wp\/v2\/types\/product"}],"replies":[{"embeddable":true,"href":"https:\/\/animalproducts.nl\/de\/wp-json\/wp\/v2\/comments?post=31589"}],"wp:featuredmedia":[{"embeddable":true,"href":"https:\/\/animalproducts.nl\/de\/wp-json\/wp\/v2\/media\/31558"}],"wp:attachment":[{"href":"https:\/\/animalproducts.nl\/de\/wp-json\/wp\/v2\/media?parent=31589"}],"wp:term":[{"taxonomy":"product_brand","embeddable":true,"href":"https:\/\/animalproducts.nl\/de\/wp-json\/wp\/v2\/product_brand?post=31589"},{"taxonomy":"product_cat","embeddable":true,"href":"https:\/\/animalproducts.nl\/de\/wp-json\/wp\/v2\/product_cat?post=31589"},{"taxonomy":"product_tag","embeddable":true,"href":"https:\/\/animalproducts.nl\/de\/wp-json\/wp\/v2\/product_tag?post=31589"}],"curies":[{"name":"wp","href":"https:\/\/api.w.org\/{rel}","templated":true}]}}