{"id":31510,"date":"2026-04-08T10:14:19","date_gmt":"2026-04-08T08:14:19","guid":{"rendered":"https:\/\/animalproducts.nl\/product\/swift-pro-competition-jump\/"},"modified":"2026-04-08T10:42:43","modified_gmt":"2026-04-08T08:42:43","slug":"swift-pro-competition-jump","status":"publish","type":"product","link":"https:\/\/animalproducts.nl\/de\/produkt\/swift-pro-competition-jump\/","title":{"rendered":"Swift Pro Competition Jump"},"content":{"rendered":"<p><strong>Galican Competition Pro Swift Jump: Leicht, sicher und professionell langlebig.<\/strong><\/p>\n<p>Der Competition Pro Swift Jump setzt neue Ma\u00dfst\u00e4be im Agility-Sport. Er besteht vollst\u00e4ndig aus PVC mit einem stabilen Kern und strukturell verst\u00e4rkten MDPVC-Paneelen und ist mit nur 4 kg extrem leicht und absolut wetterfest. Das rahmenlose Design mit verstellbaren St\u00fctzen und dem Soft-Cover-System garantiert maximale Sicherheit f\u00fcr den Hund.  <\/p>\n<p><strong>Galican Competition Pro Swift Jump \u2013 Die Innovation, die den Wettkampf neu definiert<\/strong><\/p>\n<p>Die Competition Pro Swift von Galican wurde f\u00fcr Vereine und Wettk\u00e4mpfer entwickelt, die das perfekte Gleichgewicht zwischen passiver Sicherheit, Leichtigkeit und extremer Widerstandsf\u00e4higkeit suchen. Durch den Ersatz herk\u00f6mmlicher Metallrahmen durch hochdichte technische Polymere hat Galican ein Hindernis geschaffen, das nicht nur einfacher zu transportieren ist, sondern im Falle eines Aufpralls auch wesentlich sicherer f\u00fcr den Hund bleibt. <\/p>\n<p><strong>Hauptmerkmale:<\/strong><\/p>\n<p><strong>Konstruktion aus strukturellem MDPVC:<\/strong> Die Paneele bestehen aus einem Polymer mittlerer Dichte (Medium Density Polyvinyl Chloride), das Leichtigkeit und Langlebigkeit vereint. Seine kalibrierte Molekularstruktur absorbiert die kinetische Energie von St\u00f6\u00dfen, verhindert Verformungen und sch\u00fctzt den Hund vor Verletzungen. <\/p>\n<p><strong>Hartkern-PVC-Chassis:<\/strong> Im Gegensatz zu Standard-PVC verf\u00fcgt das \u201eSkelett\u201c der Swift-H\u00fcrde \u00fcber eine verst\u00e4rkte Innengeometrie, die eine perfekte Vertikalit\u00e4t gew\u00e4hrleistet. Es ist zu 100 % korrosionsbest\u00e4ndig und somit ideal f\u00fcr Umgebungen mit hoher Feuchtigkeit oder Salzgehalt. <\/p>\n<p>Soft-Cover-System: Flexible Elastomere-Abdeckungen an den Verbindungsstellen der Paneele verhindern Scherpunkte, an denen sich Fell oder Krallen verfangen k\u00f6nnten, und wirken zudem als elastischer \u201eSto\u00dfd\u00e4mpfer\u201c <\/p>\n<p>\u00dcberlegene Stabilit\u00e4t (T-Fu\u00df): Die neu gestaltete Basis in umgekehrter T-Konfiguration sorgt daf\u00fcr, dass die H\u00fcrde auch auf unebenen Fl\u00e4chen oder bei Seitenwind stabil steht. Hochreibende Gummikappen verhindern ein Verrutschen auf Kunstrasen oder in Hallen. <\/p>\n<p><strong>Ergonomie und Logistik:<\/strong> Das Seitenpaneel verf\u00fcgt \u00fcber einen CNC-gefr\u00e4sten Griff mit abgerundeten Kanten, der es Richtern oder Hundef\u00fchrern erm\u00f6glicht, die H\u00fcrde schnell und bequem mit einer Hand zu positionieren. Das Design erlaubt eine \u201eFlat-Pack\u201c-Lagerung zur Platzoptimierung. <\/p>\n<p><strong>Vollst\u00e4ndige Au\u00dfenbest\u00e4ndigkeit: <\/strong>Dank der industriellen UV-Stabilisierung vergilbt das Material nicht und wird unter Sonneneinstrahlung nicht spr\u00f6de, wodurch das professionelle Erscheinungsbild \u00fcber Jahre hinweg erhalten bleibt.<\/p>\n<p><strong>Technische Spezifikationen:<\/strong><\/p>\n<p>Gewicht: 4 kg.<\/p>\n<p>SPRUNGSTANGE: 40mm<\/p>\n<p>Materialien: MDPVC, Hart-PVC, Befestigungselemente aus Edelstahl (INOX).<\/p>\n<p>Sicherheit: Organische geometrische Formen (keine scharfen Kanten).<\/p>\n<p>Pflege: Porenfreie Oberfl\u00e4che, leicht zu reinigen und zu 100 % recycelbar.<\/p>\n","protected":false},"excerpt":{"rendered":"<p><strong>Galican Competition Pro Swift Jump: Leicht, sicher und professionell langlebig.<\/strong><\/p>\n<p>Der Competition Pro Swift Jump setzt neue Ma\u00dfst\u00e4be im Agility-Sport. Er besteht vollst\u00e4ndig aus PVC mit einem stabilen Kern und strukturell verst\u00e4rkten MDPVC-Paneelen und ist mit nur 4 kg extrem leicht und absolut wetterfest. Das rahmenlose Design mit verstellbaren St\u00fctzen und dem Soft-Cover-System garantiert maximale Sicherheit f\u00fcr den Hund.  <\/p>\n","protected":false},"featured_media":31495,"comment_status":"closed","ping_status":"closed","template":"","meta":{"_acf_changed":false},"product_brand":[],"product_cat":[140,150,151],"product_tag":[],"class_list":{"0":"post-31510","1":"product","2":"type-product","3":"status-publish","4":"has-post-thumbnail","6":"product_cat-beweglichkeit","7":"product_cat-galican","8":"product_cat-hohensprunge","10":"first","11":"instock","12":"taxable","13":"shipping-taxable","14":"purchasable","15":"product-type-variable"},"acf":[],"yoast_head":"<!-- This site is optimized with the Yoast SEO plugin v27.3 - https:\/\/yoast.com\/product\/yoast-seo-wordpress\/ -->\n<title>Swift Pro Competition Jump - Animal Products<\/title>\n<meta name=\"description\" content=\"Die Competition Pro Swift H\u00fcrde revolutioniert den Wettkampfstandard im Agility. Komplett aus Hartkern-PVC und Paneelen aus strukturellem MDPVC gefertigt, bietet sie eine extrem leichte Struktur (nur 4 kg) und ist zu 100 % witterungsbest\u00e4ndig. Ihr kantenfreies Design mit verstellbaren Halterungen und dem Soft-Cover-System garantiert maximale Sicherheit f\u00fcr den Hund und eine un\u00fcbertroffene operative Agilit\u00e4t f\u00fcr den Hundef\u00fchrer.\" \/>\n<meta name=\"robots\" content=\"index, follow, max-snippet:-1, max-image-preview:large, max-video-preview:-1\" \/>\n<link rel=\"canonical\" href=\"https:\/\/animalproducts.nl\/de\/produkt\/swift-pro-competition-jump\/\" \/>\n<meta property=\"og:locale\" content=\"de_DE\" \/>\n<meta property=\"og:type\" content=\"article\" \/>\n<meta property=\"og:title\" content=\"Swift Pro Competition Jump - Animal Products\" \/>\n<meta property=\"og:description\" content=\"Die Competition Pro Swift H\u00fcrde revolutioniert den Wettkampfstandard im Agility. Komplett aus Hartkern-PVC und Paneelen aus strukturellem MDPVC gefertigt, bietet sie eine extrem leichte Struktur (nur 4 kg) und ist zu 100 % witterungsbest\u00e4ndig. Ihr kantenfreies Design mit verstellbaren Halterungen und dem Soft-Cover-System garantiert maximale Sicherheit f\u00fcr den Hund und eine un\u00fcbertroffene operative Agilit\u00e4t f\u00fcr den Hundef\u00fchrer.\" \/>\n<meta property=\"og:url\" content=\"https:\/\/animalproducts.nl\/de\/produkt\/swift-pro-competition-jump\/\" \/>\n<meta property=\"og:site_name\" content=\"Animal Products\" \/>\n<meta property=\"article:modified_time\" content=\"2026-04-08T08:42:43+00:00\" \/>\n<meta property=\"og:image\" content=\"https:\/\/animalproducts.nl\/wp-content\/uploads\/2026\/04\/valla-competition-pro-swift-ok.webp\" \/>\n\t<meta property=\"og:image:width\" content=\"1400\" \/>\n\t<meta property=\"og:image:height\" content=\"1401\" \/>\n\t<meta property=\"og:image:type\" content=\"image\/webp\" \/>\n<meta name=\"twitter:card\" content=\"summary_large_image\" \/>\n<meta name=\"twitter:label1\" content=\"Gesch\u00e4tzte Lesezeit\" \/>\n\t<meta name=\"twitter:data1\" content=\"2\u00a0Minuten\" \/>\n<script type=\"application\/ld+json\" class=\"yoast-schema-graph\">{\"@context\":\"https:\\\/\\\/schema.org\",\"@graph\":[{\"@type\":\"WebPage\",\"@id\":\"https:\\\/\\\/animalproducts.nl\\\/de\\\/produkt\\\/swift-pro-competition-jump\\\/\",\"url\":\"https:\\\/\\\/animalproducts.nl\\\/de\\\/produkt\\\/swift-pro-competition-jump\\\/\",\"name\":\"Swift Pro Competition Jump - Animal Products\",\"isPartOf\":{\"@id\":\"https:\\\/\\\/animalproducts.nl\\\/de\\\/#website\"},\"primaryImageOfPage\":{\"@id\":\"https:\\\/\\\/animalproducts.nl\\\/de\\\/produkt\\\/swift-pro-competition-jump\\\/#primaryimage\"},\"image\":{\"@id\":\"https:\\\/\\\/animalproducts.nl\\\/de\\\/produkt\\\/swift-pro-competition-jump\\\/#primaryimage\"},\"thumbnailUrl\":\"https:\\\/\\\/animalproducts.nl\\\/wp-content\\\/uploads\\\/2026\\\/04\\\/valla-competition-pro-swift-ok.webp\",\"datePublished\":\"2026-04-08T08:14:19+00:00\",\"dateModified\":\"2026-04-08T08:42:43+00:00\",\"description\":\"Die Competition Pro Swift H\u00fcrde revolutioniert den Wettkampfstandard im Agility. Komplett aus Hartkern-PVC und Paneelen aus strukturellem MDPVC gefertigt, bietet sie eine extrem leichte Struktur (nur 4 kg) und ist zu 100 % witterungsbest\u00e4ndig. Ihr kantenfreies Design mit verstellbaren Halterungen und dem Soft-Cover-System garantiert maximale Sicherheit f\u00fcr den Hund und eine un\u00fcbertroffene operative Agilit\u00e4t f\u00fcr den Hundef\u00fchrer.\",\"breadcrumb\":{\"@id\":\"https:\\\/\\\/animalproducts.nl\\\/de\\\/produkt\\\/swift-pro-competition-jump\\\/#breadcrumb\"},\"inLanguage\":\"de\",\"potentialAction\":[{\"@type\":\"ReadAction\",\"target\":[\"https:\\\/\\\/animalproducts.nl\\\/de\\\/produkt\\\/swift-pro-competition-jump\\\/\"]}]},{\"@type\":\"ImageObject\",\"inLanguage\":\"de\",\"@id\":\"https:\\\/\\\/animalproducts.nl\\\/de\\\/produkt\\\/swift-pro-competition-jump\\\/#primaryimage\",\"url\":\"https:\\\/\\\/animalproducts.nl\\\/wp-content\\\/uploads\\\/2026\\\/04\\\/valla-competition-pro-swift-ok.webp\",\"contentUrl\":\"https:\\\/\\\/animalproducts.nl\\\/wp-content\\\/uploads\\\/2026\\\/04\\\/valla-competition-pro-swift-ok.webp\",\"width\":1400,\"height\":1401},{\"@type\":\"BreadcrumbList\",\"@id\":\"https:\\\/\\\/animalproducts.nl\\\/de\\\/produkt\\\/swift-pro-competition-jump\\\/#breadcrumb\",\"itemListElement\":[{\"@type\":\"ListItem\",\"position\":1,\"name\":\"Shop\",\"item\":\"https:\\\/\\\/animalproducts.nl\\\/de\\\/heim\\\/\"},{\"@type\":\"ListItem\",\"position\":2,\"name\":\"Shop\",\"item\":\"https:\\\/\\\/animalproducts.nl\\\/de\\\/shop\\\/\"},{\"@type\":\"ListItem\",\"position\":3,\"name\":\"Beweglichkeit\",\"item\":\"https:\\\/\\\/animalproducts.nl\\\/de\\\/product-categorie\\\/beweglichkeit\\\/\"},{\"@type\":\"ListItem\",\"position\":4,\"name\":\"Swift Pro Competition Jump\"}]},{\"@type\":\"WebSite\",\"@id\":\"https:\\\/\\\/animalproducts.nl\\\/de\\\/#website\",\"url\":\"https:\\\/\\\/animalproducts.nl\\\/de\\\/\",\"name\":\"Animal Products\",\"description\":\"\",\"publisher\":{\"@id\":\"https:\\\/\\\/animalproducts.nl\\\/de\\\/#organization\"},\"potentialAction\":[{\"@type\":\"SearchAction\",\"target\":{\"@type\":\"EntryPoint\",\"urlTemplate\":\"https:\\\/\\\/animalproducts.nl\\\/de\\\/?s={search_term_string}\"},\"query-input\":{\"@type\":\"PropertyValueSpecification\",\"valueRequired\":true,\"valueName\":\"search_term_string\"}}],\"inLanguage\":\"de\"},{\"@type\":\"Organization\",\"@id\":\"https:\\\/\\\/animalproducts.nl\\\/de\\\/#organization\",\"name\":\"Animal Products\",\"url\":\"https:\\\/\\\/animalproducts.nl\\\/de\\\/\",\"logo\":{\"@type\":\"ImageObject\",\"inLanguage\":\"de\",\"@id\":\"https:\\\/\\\/animalproducts.nl\\\/de\\\/#\\\/schema\\\/logo\\\/image\\\/\",\"url\":\"https:\\\/\\\/animalproducts.nl\\\/wp-content\\\/uploads\\\/2025\\\/07\\\/AnimalProducts-logo-v2-liggend-def-scaled.png\",\"contentUrl\":\"https:\\\/\\\/animalproducts.nl\\\/wp-content\\\/uploads\\\/2025\\\/07\\\/AnimalProducts-logo-v2-liggend-def-scaled.png\",\"width\":2560,\"height\":1266,\"caption\":\"Animal Products\"},\"image\":{\"@id\":\"https:\\\/\\\/animalproducts.nl\\\/de\\\/#\\\/schema\\\/logo\\\/image\\\/\"}}]}<\/script>\n<!-- \/ Yoast SEO plugin. -->","yoast_head_json":{"title":"Swift Pro Competition Jump - Animal Products","description":"Die Competition Pro Swift H\u00fcrde revolutioniert den Wettkampfstandard im Agility. Komplett aus Hartkern-PVC und Paneelen aus strukturellem MDPVC gefertigt, bietet sie eine extrem leichte Struktur (nur 4 kg) und ist zu 100 % witterungsbest\u00e4ndig. Ihr kantenfreies Design mit verstellbaren Halterungen und dem Soft-Cover-System garantiert maximale Sicherheit f\u00fcr den Hund und eine un\u00fcbertroffene operative Agilit\u00e4t f\u00fcr den Hundef\u00fchrer.","robots":{"index":"index","follow":"follow","max-snippet":"max-snippet:-1","max-image-preview":"max-image-preview:large","max-video-preview":"max-video-preview:-1"},"canonical":"https:\/\/animalproducts.nl\/de\/produkt\/swift-pro-competition-jump\/","og_locale":"de_DE","og_type":"article","og_title":"Swift Pro Competition Jump - Animal Products","og_description":"Die Competition Pro Swift H\u00fcrde revolutioniert den Wettkampfstandard im Agility. Komplett aus Hartkern-PVC und Paneelen aus strukturellem MDPVC gefertigt, bietet sie eine extrem leichte Struktur (nur 4 kg) und ist zu 100 % witterungsbest\u00e4ndig. Ihr kantenfreies Design mit verstellbaren Halterungen und dem Soft-Cover-System garantiert maximale Sicherheit f\u00fcr den Hund und eine un\u00fcbertroffene operative Agilit\u00e4t f\u00fcr den Hundef\u00fchrer.","og_url":"https:\/\/animalproducts.nl\/de\/produkt\/swift-pro-competition-jump\/","og_site_name":"Animal Products","article_modified_time":"2026-04-08T08:42:43+00:00","og_image":[{"width":1400,"height":1401,"url":"https:\/\/animalproducts.nl\/wp-content\/uploads\/2026\/04\/valla-competition-pro-swift-ok.webp","type":"image\/webp"}],"twitter_card":"summary_large_image","twitter_misc":{"Gesch\u00e4tzte Lesezeit":"2\u00a0Minuten"},"schema":{"@context":"https:\/\/schema.org","@graph":[{"@type":"WebPage","@id":"https:\/\/animalproducts.nl\/de\/produkt\/swift-pro-competition-jump\/","url":"https:\/\/animalproducts.nl\/de\/produkt\/swift-pro-competition-jump\/","name":"Swift Pro Competition Jump - Animal Products","isPartOf":{"@id":"https:\/\/animalproducts.nl\/de\/#website"},"primaryImageOfPage":{"@id":"https:\/\/animalproducts.nl\/de\/produkt\/swift-pro-competition-jump\/#primaryimage"},"image":{"@id":"https:\/\/animalproducts.nl\/de\/produkt\/swift-pro-competition-jump\/#primaryimage"},"thumbnailUrl":"https:\/\/animalproducts.nl\/wp-content\/uploads\/2026\/04\/valla-competition-pro-swift-ok.webp","datePublished":"2026-04-08T08:14:19+00:00","dateModified":"2026-04-08T08:42:43+00:00","description":"Die Competition Pro Swift H\u00fcrde revolutioniert den Wettkampfstandard im Agility. Komplett aus Hartkern-PVC und Paneelen aus strukturellem MDPVC gefertigt, bietet sie eine extrem leichte Struktur (nur 4 kg) und ist zu 100 % witterungsbest\u00e4ndig. Ihr kantenfreies Design mit verstellbaren Halterungen und dem Soft-Cover-System garantiert maximale Sicherheit f\u00fcr den Hund und eine un\u00fcbertroffene operative Agilit\u00e4t f\u00fcr den Hundef\u00fchrer.","breadcrumb":{"@id":"https:\/\/animalproducts.nl\/de\/produkt\/swift-pro-competition-jump\/#breadcrumb"},"inLanguage":"de","potentialAction":[{"@type":"ReadAction","target":["https:\/\/animalproducts.nl\/de\/produkt\/swift-pro-competition-jump\/"]}]},{"@type":"ImageObject","inLanguage":"de","@id":"https:\/\/animalproducts.nl\/de\/produkt\/swift-pro-competition-jump\/#primaryimage","url":"https:\/\/animalproducts.nl\/wp-content\/uploads\/2026\/04\/valla-competition-pro-swift-ok.webp","contentUrl":"https:\/\/animalproducts.nl\/wp-content\/uploads\/2026\/04\/valla-competition-pro-swift-ok.webp","width":1400,"height":1401},{"@type":"BreadcrumbList","@id":"https:\/\/animalproducts.nl\/de\/produkt\/swift-pro-competition-jump\/#breadcrumb","itemListElement":[{"@type":"ListItem","position":1,"name":"Shop","item":"https:\/\/animalproducts.nl\/de\/heim\/"},{"@type":"ListItem","position":2,"name":"Shop","item":"https:\/\/animalproducts.nl\/de\/shop\/"},{"@type":"ListItem","position":3,"name":"Beweglichkeit","item":"https:\/\/animalproducts.nl\/de\/product-categorie\/beweglichkeit\/"},{"@type":"ListItem","position":4,"name":"Swift Pro Competition Jump"}]},{"@type":"WebSite","@id":"https:\/\/animalproducts.nl\/de\/#website","url":"https:\/\/animalproducts.nl\/de\/","name":"Animal Products","description":"","publisher":{"@id":"https:\/\/animalproducts.nl\/de\/#organization"},"potentialAction":[{"@type":"SearchAction","target":{"@type":"EntryPoint","urlTemplate":"https:\/\/animalproducts.nl\/de\/?s={search_term_string}"},"query-input":{"@type":"PropertyValueSpecification","valueRequired":true,"valueName":"search_term_string"}}],"inLanguage":"de"},{"@type":"Organization","@id":"https:\/\/animalproducts.nl\/de\/#organization","name":"Animal Products","url":"https:\/\/animalproducts.nl\/de\/","logo":{"@type":"ImageObject","inLanguage":"de","@id":"https:\/\/animalproducts.nl\/de\/#\/schema\/logo\/image\/","url":"https:\/\/animalproducts.nl\/wp-content\/uploads\/2025\/07\/AnimalProducts-logo-v2-liggend-def-scaled.png","contentUrl":"https:\/\/animalproducts.nl\/wp-content\/uploads\/2025\/07\/AnimalProducts-logo-v2-liggend-def-scaled.png","width":2560,"height":1266,"caption":"Animal Products"},"image":{"@id":"https:\/\/animalproducts.nl\/de\/#\/schema\/logo\/image\/"}}]}},"_links":{"self":[{"href":"https:\/\/animalproducts.nl\/de\/wp-json\/wp\/v2\/product\/31510","targetHints":{"allow":["GET"]}}],"collection":[{"href":"https:\/\/animalproducts.nl\/de\/wp-json\/wp\/v2\/product"}],"about":[{"href":"https:\/\/animalproducts.nl\/de\/wp-json\/wp\/v2\/types\/product"}],"replies":[{"embeddable":true,"href":"https:\/\/animalproducts.nl\/de\/wp-json\/wp\/v2\/comments?post=31510"}],"wp:featuredmedia":[{"embeddable":true,"href":"https:\/\/animalproducts.nl\/de\/wp-json\/wp\/v2\/media\/31495"}],"wp:attachment":[{"href":"https:\/\/animalproducts.nl\/de\/wp-json\/wp\/v2\/media?parent=31510"}],"wp:term":[{"taxonomy":"product_brand","embeddable":true,"href":"https:\/\/animalproducts.nl\/de\/wp-json\/wp\/v2\/product_brand?post=31510"},{"taxonomy":"product_cat","embeddable":true,"href":"https:\/\/animalproducts.nl\/de\/wp-json\/wp\/v2\/product_cat?post=31510"},{"taxonomy":"product_tag","embeddable":true,"href":"https:\/\/animalproducts.nl\/de\/wp-json\/wp\/v2\/product_tag?post=31510"}],"curies":[{"name":"wp","href":"https:\/\/api.w.org\/{rel}","templated":true}]}}