{"id":31382,"date":"2026-02-20T11:33:08","date_gmt":"2026-02-20T10:33:08","guid":{"rendered":"https:\/\/animalproducts.nl\/product\/wippe-target\/"},"modified":"2026-02-20T11:33:08","modified_gmt":"2026-02-20T10:33:08","slug":"wippe-target","status":"publish","type":"product","link":"https:\/\/animalproducts.nl\/de\/produkt\/wippe-target\/","title":{"rendered":"Wippe target"},"content":{"rendered":"<p>Perfektionieren Sie Ihre Kontakt zone mit dem Wippe Target!<\/p>\n<p>Ausgestattet mit einem revolution\u00e4ren Magnetsystem, wurde dieses Target speziell f\u00fcr die Herausforderungen der Wippe entwickelt.<\/p>\n<p>Es h\u00e4lt dem starken Aufprall der Wippe stand, ohne zu verrutschen, und bietet Ihrem Hund einen sicheren, festen Bezugspunkt. Und das Beste: Es ben\u00f6tigt keine Klebstoffe und besch\u00e4digt die Gummioberfl\u00e4che Ihres Hindernisses nicht. <\/p>\n<p>Die Highlights:<\/p>\n<p>Magnetsystem: Starker, sauberer und sofort wiederverwendbarer Halt.<\/p>\n<p>Absolute Stabilit\u00e4t: Verrutscht nicht, wenn die Wippe auf den Boden trifft.<\/p>\n<p>Effektives Training: Definiert die Kontaktzone pr\u00e4zise.<\/p>\n","protected":false},"excerpt":{"rendered":"<p>Perfektionieren Sie Ihre Kontakt zone mit dem Wippe Target!<\/p>\n<p>Ausgestattet mit einem revolution\u00e4ren Magnetsystem, wurde dieses Target speziell f\u00fcr die Herausforderungen der Wippe entwickelt.<\/p>\n<p>Es h\u00e4lt dem starken Aufprall der Wippe stand, ohne zu verrutschen, und bietet Ihrem Hund einen sicheren, festen Bezugspunkt. Und das Beste: Es ben\u00f6tigt keine Klebstoffe und besch\u00e4digt die Gummioberfl\u00e4che Ihres Hindernisses nicht. <\/p>\n<p>Die Highlights:<\/p>\n<p>Magnetsystem: Starker, sauberer und sofort wiederverwendbarer Halt.<\/p>\n<p>Absolute Stabilit\u00e4t: Verrutscht nicht, wenn die Wippe auf den Boden trifft.<\/p>\n<p>Effektives Training: Definiert die Kontaktzone pr\u00e4zise.<\/p>\n","protected":false},"featured_media":31372,"comment_status":"closed","ping_status":"closed","template":"","meta":{"_acf_changed":false},"product_brand":[],"product_cat":[143,140,150],"product_tag":[],"class_list":{"0":"post-31382","1":"product","2":"type-product","3":"status-publish","4":"has-post-thumbnail","6":"product_cat-agility-zubehor","7":"product_cat-beweglichkeit","8":"product_cat-galican","10":"first","11":"instock","12":"taxable","13":"shipping-taxable","14":"purchasable","15":"product-type-simple"},"acf":[],"yoast_head":"<!-- This site is optimized with the Yoast SEO plugin v27.3 - https:\/\/yoast.com\/product\/yoast-seo-wordpress\/ -->\n<title>Wippe target - Animal Products<\/title>\n<meta name=\"description\" content=\"Ausgestattet mit einem revolution\u00e4ren Magnetsystem, wurde dieses Target speziell f\u00fcr die Herausforderungen der Wippe entwickelt.\" \/>\n<meta name=\"robots\" content=\"index, follow, max-snippet:-1, max-image-preview:large, max-video-preview:-1\" \/>\n<link rel=\"canonical\" href=\"https:\/\/animalproducts.nl\/de\/produkt\/wippe-target\/\" \/>\n<meta property=\"og:locale\" content=\"de_DE\" \/>\n<meta property=\"og:type\" content=\"article\" \/>\n<meta property=\"og:title\" content=\"Wippe target - Animal Products\" \/>\n<meta property=\"og:description\" content=\"Ausgestattet mit einem revolution\u00e4ren Magnetsystem, wurde dieses Target speziell f\u00fcr die Herausforderungen der Wippe entwickelt.\" \/>\n<meta property=\"og:url\" content=\"https:\/\/animalproducts.nl\/de\/produkt\/wippe-target\/\" \/>\n<meta property=\"og:site_name\" content=\"Animal Products\" \/>\n<meta property=\"og:image\" content=\"https:\/\/animalproducts.nl\/wp-content\/uploads\/2026\/02\/target-balancin-1.webp\" \/>\n\t<meta property=\"og:image:width\" content=\"1536\" \/>\n\t<meta property=\"og:image:height\" content=\"1536\" \/>\n\t<meta property=\"og:image:type\" content=\"image\/webp\" \/>\n<meta name=\"twitter:card\" content=\"summary_large_image\" \/>\n<script type=\"application\/ld+json\" class=\"yoast-schema-graph\">{\"@context\":\"https:\\\/\\\/schema.org\",\"@graph\":[{\"@type\":\"WebPage\",\"@id\":\"https:\\\/\\\/animalproducts.nl\\\/de\\\/produkt\\\/wippe-target\\\/\",\"url\":\"https:\\\/\\\/animalproducts.nl\\\/de\\\/produkt\\\/wippe-target\\\/\",\"name\":\"Wippe target - Animal Products\",\"isPartOf\":{\"@id\":\"https:\\\/\\\/animalproducts.nl\\\/de\\\/#website\"},\"primaryImageOfPage\":{\"@id\":\"https:\\\/\\\/animalproducts.nl\\\/de\\\/produkt\\\/wippe-target\\\/#primaryimage\"},\"image\":{\"@id\":\"https:\\\/\\\/animalproducts.nl\\\/de\\\/produkt\\\/wippe-target\\\/#primaryimage\"},\"thumbnailUrl\":\"https:\\\/\\\/animalproducts.nl\\\/wp-content\\\/uploads\\\/2026\\\/02\\\/target-balancin-1.webp\",\"datePublished\":\"2026-02-20T10:33:08+00:00\",\"description\":\"Ausgestattet mit einem revolution\u00e4ren Magnetsystem, wurde dieses Target speziell f\u00fcr die Herausforderungen der Wippe entwickelt.\",\"breadcrumb\":{\"@id\":\"https:\\\/\\\/animalproducts.nl\\\/de\\\/produkt\\\/wippe-target\\\/#breadcrumb\"},\"inLanguage\":\"de\",\"potentialAction\":[{\"@type\":\"ReadAction\",\"target\":[\"https:\\\/\\\/animalproducts.nl\\\/de\\\/produkt\\\/wippe-target\\\/\"]}]},{\"@type\":\"ImageObject\",\"inLanguage\":\"de\",\"@id\":\"https:\\\/\\\/animalproducts.nl\\\/de\\\/produkt\\\/wippe-target\\\/#primaryimage\",\"url\":\"https:\\\/\\\/animalproducts.nl\\\/wp-content\\\/uploads\\\/2026\\\/02\\\/target-balancin-1.webp\",\"contentUrl\":\"https:\\\/\\\/animalproducts.nl\\\/wp-content\\\/uploads\\\/2026\\\/02\\\/target-balancin-1.webp\",\"width\":1536,\"height\":1536},{\"@type\":\"BreadcrumbList\",\"@id\":\"https:\\\/\\\/animalproducts.nl\\\/de\\\/produkt\\\/wippe-target\\\/#breadcrumb\",\"itemListElement\":[{\"@type\":\"ListItem\",\"position\":1,\"name\":\"Shop\",\"item\":\"https:\\\/\\\/animalproducts.nl\\\/de\\\/heim\\\/\"},{\"@type\":\"ListItem\",\"position\":2,\"name\":\"Shop\",\"item\":\"https:\\\/\\\/animalproducts.nl\\\/de\\\/shop\\\/\"},{\"@type\":\"ListItem\",\"position\":3,\"name\":\"Wippe target\"}]},{\"@type\":\"WebSite\",\"@id\":\"https:\\\/\\\/animalproducts.nl\\\/de\\\/#website\",\"url\":\"https:\\\/\\\/animalproducts.nl\\\/de\\\/\",\"name\":\"Animal Products\",\"description\":\"\",\"publisher\":{\"@id\":\"https:\\\/\\\/animalproducts.nl\\\/de\\\/#organization\"},\"potentialAction\":[{\"@type\":\"SearchAction\",\"target\":{\"@type\":\"EntryPoint\",\"urlTemplate\":\"https:\\\/\\\/animalproducts.nl\\\/de\\\/?s={search_term_string}\"},\"query-input\":{\"@type\":\"PropertyValueSpecification\",\"valueRequired\":true,\"valueName\":\"search_term_string\"}}],\"inLanguage\":\"de\"},{\"@type\":\"Organization\",\"@id\":\"https:\\\/\\\/animalproducts.nl\\\/de\\\/#organization\",\"name\":\"Animal Products\",\"url\":\"https:\\\/\\\/animalproducts.nl\\\/de\\\/\",\"logo\":{\"@type\":\"ImageObject\",\"inLanguage\":\"de\",\"@id\":\"https:\\\/\\\/animalproducts.nl\\\/de\\\/#\\\/schema\\\/logo\\\/image\\\/\",\"url\":\"https:\\\/\\\/animalproducts.nl\\\/wp-content\\\/uploads\\\/2025\\\/07\\\/AnimalProducts-logo-v2-liggend-def-scaled.png\",\"contentUrl\":\"https:\\\/\\\/animalproducts.nl\\\/wp-content\\\/uploads\\\/2025\\\/07\\\/AnimalProducts-logo-v2-liggend-def-scaled.png\",\"width\":2560,\"height\":1266,\"caption\":\"Animal Products\"},\"image\":{\"@id\":\"https:\\\/\\\/animalproducts.nl\\\/de\\\/#\\\/schema\\\/logo\\\/image\\\/\"}}]}<\/script>\n<!-- \/ Yoast SEO plugin. -->","yoast_head_json":{"title":"Wippe target - Animal Products","description":"Ausgestattet mit einem revolution\u00e4ren Magnetsystem, wurde dieses Target speziell f\u00fcr die Herausforderungen der Wippe entwickelt.","robots":{"index":"index","follow":"follow","max-snippet":"max-snippet:-1","max-image-preview":"max-image-preview:large","max-video-preview":"max-video-preview:-1"},"canonical":"https:\/\/animalproducts.nl\/de\/produkt\/wippe-target\/","og_locale":"de_DE","og_type":"article","og_title":"Wippe target - Animal Products","og_description":"Ausgestattet mit einem revolution\u00e4ren Magnetsystem, wurde dieses Target speziell f\u00fcr die Herausforderungen der Wippe entwickelt.","og_url":"https:\/\/animalproducts.nl\/de\/produkt\/wippe-target\/","og_site_name":"Animal Products","og_image":[{"width":1536,"height":1536,"url":"https:\/\/animalproducts.nl\/wp-content\/uploads\/2026\/02\/target-balancin-1.webp","type":"image\/webp"}],"twitter_card":"summary_large_image","schema":{"@context":"https:\/\/schema.org","@graph":[{"@type":"WebPage","@id":"https:\/\/animalproducts.nl\/de\/produkt\/wippe-target\/","url":"https:\/\/animalproducts.nl\/de\/produkt\/wippe-target\/","name":"Wippe target - Animal Products","isPartOf":{"@id":"https:\/\/animalproducts.nl\/de\/#website"},"primaryImageOfPage":{"@id":"https:\/\/animalproducts.nl\/de\/produkt\/wippe-target\/#primaryimage"},"image":{"@id":"https:\/\/animalproducts.nl\/de\/produkt\/wippe-target\/#primaryimage"},"thumbnailUrl":"https:\/\/animalproducts.nl\/wp-content\/uploads\/2026\/02\/target-balancin-1.webp","datePublished":"2026-02-20T10:33:08+00:00","description":"Ausgestattet mit einem revolution\u00e4ren Magnetsystem, wurde dieses Target speziell f\u00fcr die Herausforderungen der Wippe entwickelt.","breadcrumb":{"@id":"https:\/\/animalproducts.nl\/de\/produkt\/wippe-target\/#breadcrumb"},"inLanguage":"de","potentialAction":[{"@type":"ReadAction","target":["https:\/\/animalproducts.nl\/de\/produkt\/wippe-target\/"]}]},{"@type":"ImageObject","inLanguage":"de","@id":"https:\/\/animalproducts.nl\/de\/produkt\/wippe-target\/#primaryimage","url":"https:\/\/animalproducts.nl\/wp-content\/uploads\/2026\/02\/target-balancin-1.webp","contentUrl":"https:\/\/animalproducts.nl\/wp-content\/uploads\/2026\/02\/target-balancin-1.webp","width":1536,"height":1536},{"@type":"BreadcrumbList","@id":"https:\/\/animalproducts.nl\/de\/produkt\/wippe-target\/#breadcrumb","itemListElement":[{"@type":"ListItem","position":1,"name":"Shop","item":"https:\/\/animalproducts.nl\/de\/heim\/"},{"@type":"ListItem","position":2,"name":"Shop","item":"https:\/\/animalproducts.nl\/de\/shop\/"},{"@type":"ListItem","position":3,"name":"Wippe target"}]},{"@type":"WebSite","@id":"https:\/\/animalproducts.nl\/de\/#website","url":"https:\/\/animalproducts.nl\/de\/","name":"Animal Products","description":"","publisher":{"@id":"https:\/\/animalproducts.nl\/de\/#organization"},"potentialAction":[{"@type":"SearchAction","target":{"@type":"EntryPoint","urlTemplate":"https:\/\/animalproducts.nl\/de\/?s={search_term_string}"},"query-input":{"@type":"PropertyValueSpecification","valueRequired":true,"valueName":"search_term_string"}}],"inLanguage":"de"},{"@type":"Organization","@id":"https:\/\/animalproducts.nl\/de\/#organization","name":"Animal Products","url":"https:\/\/animalproducts.nl\/de\/","logo":{"@type":"ImageObject","inLanguage":"de","@id":"https:\/\/animalproducts.nl\/de\/#\/schema\/logo\/image\/","url":"https:\/\/animalproducts.nl\/wp-content\/uploads\/2025\/07\/AnimalProducts-logo-v2-liggend-def-scaled.png","contentUrl":"https:\/\/animalproducts.nl\/wp-content\/uploads\/2025\/07\/AnimalProducts-logo-v2-liggend-def-scaled.png","width":2560,"height":1266,"caption":"Animal Products"},"image":{"@id":"https:\/\/animalproducts.nl\/de\/#\/schema\/logo\/image\/"}}]}},"_links":{"self":[{"href":"https:\/\/animalproducts.nl\/de\/wp-json\/wp\/v2\/product\/31382","targetHints":{"allow":["GET"]}}],"collection":[{"href":"https:\/\/animalproducts.nl\/de\/wp-json\/wp\/v2\/product"}],"about":[{"href":"https:\/\/animalproducts.nl\/de\/wp-json\/wp\/v2\/types\/product"}],"replies":[{"embeddable":true,"href":"https:\/\/animalproducts.nl\/de\/wp-json\/wp\/v2\/comments?post=31382"}],"wp:featuredmedia":[{"embeddable":true,"href":"https:\/\/animalproducts.nl\/de\/wp-json\/wp\/v2\/media\/31372"}],"wp:attachment":[{"href":"https:\/\/animalproducts.nl\/de\/wp-json\/wp\/v2\/media?parent=31382"}],"wp:term":[{"taxonomy":"product_brand","embeddable":true,"href":"https:\/\/animalproducts.nl\/de\/wp-json\/wp\/v2\/product_brand?post=31382"},{"taxonomy":"product_cat","embeddable":true,"href":"https:\/\/animalproducts.nl\/de\/wp-json\/wp\/v2\/product_cat?post=31382"},{"taxonomy":"product_tag","embeddable":true,"href":"https:\/\/animalproducts.nl\/de\/wp-json\/wp\/v2\/product_tag?post=31382"}],"curies":[{"name":"wp","href":"https:\/\/api.w.org\/{rel}","templated":true}]}}