{"id":31320,"date":"2026-02-06T20:38:39","date_gmt":"2026-02-06T19:38:39","guid":{"rendered":"https:\/\/animalproducts.nl\/product\/softstep-stegregulator\/"},"modified":"2026-02-06T20:52:56","modified_gmt":"2026-02-06T19:52:56","slug":"softstep-stegregulator","status":"publish","type":"product","link":"https:\/\/animalproducts.nl\/de\/produkt\/softstep-stegregulator\/","title":{"rendered":"SoftStep Stegregulator"},"content":{"rendered":"<p>Galican SoftStep Stegregulator \u2013 in sieben verschiedenen Farben<\/p>\n<p>Der Galican SoftStep Stegregulator \u00fcberzeugt durch seine stabile Struktur, die gleichzeitig langlebig und angenehm weich ist \u2013 so kann beim Drauftreten des Hundes nichts passieren. Dank des resistenten Gummibands und des neuen Clips l\u00e4sst er sich ultraleicht anbringen und umsetzen, genau dorthin, wo ihr ihn f\u00fcr euer Running Contact-Training ben\u00f6tigt. <\/p>\n<p>Ein besonderes Highlight ist die Farbauswahl: Der SoftStep Stegregulator ist in sieben leuchtenden Farben erh\u00e4ltlich \u2013 blau, gelb, pink, t\u00fcrkis, rot, orange und lila. So wird das Training nicht nur effizient, sondern auch bunt und motivierend. <\/p>\n<p>Macht euer Running Contact-Training zu einem fr\u00f6hlichen Erlebnis!<\/p>\n","protected":false},"excerpt":{"rendered":"<p>Neuer Galican SoftStep Stegregulator \u2013 robust, farbenfroh und einfach zu montieren. Erh\u00e4ltlich in sieben Farben, mit ultra-schneller Anbringung und langlebiger Struktur f\u00fcr maximalen Halt. <\/p>\n","protected":false},"featured_media":31300,"comment_status":"closed","ping_status":"closed","template":"","meta":{"_acf_changed":false},"product_brand":[],"product_cat":[143,150,142],"product_tag":[],"class_list":{"0":"post-31320","1":"product","2":"type-product","3":"status-publish","4":"has-post-thumbnail","6":"product_cat-agility-zubehor","7":"product_cat-galican","8":"product_cat-zubehor","10":"first","11":"instock","12":"taxable","13":"shipping-taxable","14":"purchasable","15":"product-type-variable"},"acf":[],"yoast_head":"<!-- This site is optimized with the Yoast SEO plugin v27.6 - https:\/\/yoast.com\/product\/yoast-seo-wordpress\/ -->\n<title>SoftStep Stegregulator - Animal Products<\/title>\n<meta name=\"description\" content=\"Neuer Galican SoftStep Stegregulator \u2013 robust, farbenfroh und einfach zu montieren. Erh\u00e4ltlich in sieben Farben, mit ultra-schneller Anbringung und langlebiger Struktur f\u00fcr maximalen Halt.\" \/>\n<meta name=\"robots\" content=\"index, follow, max-snippet:-1, max-image-preview:large, max-video-preview:-1\" \/>\n<link rel=\"canonical\" href=\"https:\/\/animalproducts.nl\/de\/produkt\/softstep-stegregulator\/\" \/>\n<meta property=\"og:locale\" content=\"de_DE\" \/>\n<meta property=\"og:type\" content=\"article\" \/>\n<meta property=\"og:title\" content=\"SoftStep Stegregulator - Animal Products\" \/>\n<meta property=\"og:description\" content=\"Neuer Galican SoftStep Stegregulator \u2013 robust, farbenfroh und einfach zu montieren. Erh\u00e4ltlich in sieben Farben, mit ultra-schneller Anbringung und langlebiger Struktur f\u00fcr maximalen Halt.\" \/>\n<meta property=\"og:url\" content=\"https:\/\/animalproducts.nl\/de\/produkt\/softstep-stegregulator\/\" \/>\n<meta property=\"og:site_name\" content=\"Animal Products\" \/>\n<meta property=\"article:modified_time\" content=\"2026-02-06T19:52:56+00:00\" \/>\n<meta property=\"og:image\" content=\"https:\/\/animalproducts.nl\/wp-content\/uploads\/2026\/02\/regulador-pasarela.webp\" \/>\n\t<meta property=\"og:image:width\" content=\"864\" \/>\n\t<meta property=\"og:image:height\" content=\"864\" \/>\n\t<meta property=\"og:image:type\" content=\"image\/webp\" \/>\n<meta name=\"twitter:card\" content=\"summary_large_image\" \/>\n<meta name=\"twitter:label1\" content=\"Gesch\u00e4tzte Lesezeit\" \/>\n\t<meta name=\"twitter:data1\" content=\"1\u00a0Minute\" \/>\n<script type=\"application\/ld+json\" class=\"yoast-schema-graph\">{\"@context\":\"https:\\\/\\\/schema.org\",\"@graph\":[{\"@type\":\"WebPage\",\"@id\":\"https:\\\/\\\/animalproducts.nl\\\/de\\\/produkt\\\/softstep-stegregulator\\\/\",\"url\":\"https:\\\/\\\/animalproducts.nl\\\/de\\\/produkt\\\/softstep-stegregulator\\\/\",\"name\":\"SoftStep Stegregulator - Animal Products\",\"isPartOf\":{\"@id\":\"https:\\\/\\\/animalproducts.nl\\\/de\\\/#website\"},\"primaryImageOfPage\":{\"@id\":\"https:\\\/\\\/animalproducts.nl\\\/de\\\/produkt\\\/softstep-stegregulator\\\/#primaryimage\"},\"image\":{\"@id\":\"https:\\\/\\\/animalproducts.nl\\\/de\\\/produkt\\\/softstep-stegregulator\\\/#primaryimage\"},\"thumbnailUrl\":\"https:\\\/\\\/animalproducts.nl\\\/wp-content\\\/uploads\\\/2026\\\/02\\\/regulador-pasarela.webp\",\"datePublished\":\"2026-02-06T19:38:39+00:00\",\"dateModified\":\"2026-02-06T19:52:56+00:00\",\"description\":\"Neuer Galican SoftStep Stegregulator \u2013 robust, farbenfroh und einfach zu montieren. Erh\u00e4ltlich in sieben Farben, mit ultra-schneller Anbringung und langlebiger Struktur f\u00fcr maximalen Halt.\",\"breadcrumb\":{\"@id\":\"https:\\\/\\\/animalproducts.nl\\\/de\\\/produkt\\\/softstep-stegregulator\\\/#breadcrumb\"},\"inLanguage\":\"de\",\"potentialAction\":[{\"@type\":\"ReadAction\",\"target\":[\"https:\\\/\\\/animalproducts.nl\\\/de\\\/produkt\\\/softstep-stegregulator\\\/\"]}]},{\"@type\":\"ImageObject\",\"inLanguage\":\"de\",\"@id\":\"https:\\\/\\\/animalproducts.nl\\\/de\\\/produkt\\\/softstep-stegregulator\\\/#primaryimage\",\"url\":\"https:\\\/\\\/animalproducts.nl\\\/wp-content\\\/uploads\\\/2026\\\/02\\\/regulador-pasarela.webp\",\"contentUrl\":\"https:\\\/\\\/animalproducts.nl\\\/wp-content\\\/uploads\\\/2026\\\/02\\\/regulador-pasarela.webp\",\"width\":864,\"height\":864},{\"@type\":\"BreadcrumbList\",\"@id\":\"https:\\\/\\\/animalproducts.nl\\\/de\\\/produkt\\\/softstep-stegregulator\\\/#breadcrumb\",\"itemListElement\":[{\"@type\":\"ListItem\",\"position\":1,\"name\":\"Shop\",\"item\":\"https:\\\/\\\/animalproducts.nl\\\/de\\\/heim\\\/\"},{\"@type\":\"ListItem\",\"position\":2,\"name\":\"Shop\",\"item\":\"https:\\\/\\\/animalproducts.nl\\\/de\\\/shop\\\/\"},{\"@type\":\"ListItem\",\"position\":3,\"name\":\"Beweglichkeit\",\"item\":\"https:\\\/\\\/animalproducts.nl\\\/de\\\/product-categorie\\\/beweglichkeit\\\/\"},{\"@type\":\"ListItem\",\"position\":4,\"name\":\"Agility-Zubeh\u00f6r\",\"item\":\"https:\\\/\\\/animalproducts.nl\\\/de\\\/product-categorie\\\/beweglichkeit\\\/agility-zubehor\\\/\"},{\"@type\":\"ListItem\",\"position\":5,\"name\":\"SoftStep Stegregulator\"}]},{\"@type\":\"WebSite\",\"@id\":\"https:\\\/\\\/animalproducts.nl\\\/de\\\/#website\",\"url\":\"https:\\\/\\\/animalproducts.nl\\\/de\\\/\",\"name\":\"Animal Products\",\"description\":\"\",\"publisher\":{\"@id\":\"https:\\\/\\\/animalproducts.nl\\\/de\\\/#organization\"},\"potentialAction\":[{\"@type\":\"SearchAction\",\"target\":{\"@type\":\"EntryPoint\",\"urlTemplate\":\"https:\\\/\\\/animalproducts.nl\\\/de\\\/?s={search_term_string}\"},\"query-input\":{\"@type\":\"PropertyValueSpecification\",\"valueRequired\":true,\"valueName\":\"search_term_string\"}}],\"inLanguage\":\"de\"},{\"@type\":\"Organization\",\"@id\":\"https:\\\/\\\/animalproducts.nl\\\/de\\\/#organization\",\"name\":\"Animal Products\",\"url\":\"https:\\\/\\\/animalproducts.nl\\\/de\\\/\",\"logo\":{\"@type\":\"ImageObject\",\"inLanguage\":\"de\",\"@id\":\"https:\\\/\\\/animalproducts.nl\\\/de\\\/#\\\/schema\\\/logo\\\/image\\\/\",\"url\":\"https:\\\/\\\/animalproducts.nl\\\/wp-content\\\/uploads\\\/2025\\\/07\\\/AnimalProducts-logo-v2-liggend-def-scaled.png\",\"contentUrl\":\"https:\\\/\\\/animalproducts.nl\\\/wp-content\\\/uploads\\\/2025\\\/07\\\/AnimalProducts-logo-v2-liggend-def-scaled.png\",\"width\":2560,\"height\":1266,\"caption\":\"Animal Products\"},\"image\":{\"@id\":\"https:\\\/\\\/animalproducts.nl\\\/de\\\/#\\\/schema\\\/logo\\\/image\\\/\"}}]}<\/script>\n<!-- \/ Yoast SEO plugin. -->","yoast_head_json":{"title":"SoftStep Stegregulator - Animal Products","description":"Neuer Galican SoftStep Stegregulator \u2013 robust, farbenfroh und einfach zu montieren. Erh\u00e4ltlich in sieben Farben, mit ultra-schneller Anbringung und langlebiger Struktur f\u00fcr maximalen Halt.","robots":{"index":"index","follow":"follow","max-snippet":"max-snippet:-1","max-image-preview":"max-image-preview:large","max-video-preview":"max-video-preview:-1"},"canonical":"https:\/\/animalproducts.nl\/de\/produkt\/softstep-stegregulator\/","og_locale":"de_DE","og_type":"article","og_title":"SoftStep Stegregulator - Animal Products","og_description":"Neuer Galican SoftStep Stegregulator \u2013 robust, farbenfroh und einfach zu montieren. Erh\u00e4ltlich in sieben Farben, mit ultra-schneller Anbringung und langlebiger Struktur f\u00fcr maximalen Halt.","og_url":"https:\/\/animalproducts.nl\/de\/produkt\/softstep-stegregulator\/","og_site_name":"Animal Products","article_modified_time":"2026-02-06T19:52:56+00:00","og_image":[{"width":864,"height":864,"url":"https:\/\/animalproducts.nl\/wp-content\/uploads\/2026\/02\/regulador-pasarela.webp","type":"image\/webp"}],"twitter_card":"summary_large_image","twitter_misc":{"Gesch\u00e4tzte Lesezeit":"1\u00a0Minute"},"schema":{"@context":"https:\/\/schema.org","@graph":[{"@type":"WebPage","@id":"https:\/\/animalproducts.nl\/de\/produkt\/softstep-stegregulator\/","url":"https:\/\/animalproducts.nl\/de\/produkt\/softstep-stegregulator\/","name":"SoftStep Stegregulator - Animal Products","isPartOf":{"@id":"https:\/\/animalproducts.nl\/de\/#website"},"primaryImageOfPage":{"@id":"https:\/\/animalproducts.nl\/de\/produkt\/softstep-stegregulator\/#primaryimage"},"image":{"@id":"https:\/\/animalproducts.nl\/de\/produkt\/softstep-stegregulator\/#primaryimage"},"thumbnailUrl":"https:\/\/animalproducts.nl\/wp-content\/uploads\/2026\/02\/regulador-pasarela.webp","datePublished":"2026-02-06T19:38:39+00:00","dateModified":"2026-02-06T19:52:56+00:00","description":"Neuer Galican SoftStep Stegregulator \u2013 robust, farbenfroh und einfach zu montieren. Erh\u00e4ltlich in sieben Farben, mit ultra-schneller Anbringung und langlebiger Struktur f\u00fcr maximalen Halt.","breadcrumb":{"@id":"https:\/\/animalproducts.nl\/de\/produkt\/softstep-stegregulator\/#breadcrumb"},"inLanguage":"de","potentialAction":[{"@type":"ReadAction","target":["https:\/\/animalproducts.nl\/de\/produkt\/softstep-stegregulator\/"]}]},{"@type":"ImageObject","inLanguage":"de","@id":"https:\/\/animalproducts.nl\/de\/produkt\/softstep-stegregulator\/#primaryimage","url":"https:\/\/animalproducts.nl\/wp-content\/uploads\/2026\/02\/regulador-pasarela.webp","contentUrl":"https:\/\/animalproducts.nl\/wp-content\/uploads\/2026\/02\/regulador-pasarela.webp","width":864,"height":864},{"@type":"BreadcrumbList","@id":"https:\/\/animalproducts.nl\/de\/produkt\/softstep-stegregulator\/#breadcrumb","itemListElement":[{"@type":"ListItem","position":1,"name":"Shop","item":"https:\/\/animalproducts.nl\/de\/heim\/"},{"@type":"ListItem","position":2,"name":"Shop","item":"https:\/\/animalproducts.nl\/de\/shop\/"},{"@type":"ListItem","position":3,"name":"Beweglichkeit","item":"https:\/\/animalproducts.nl\/de\/product-categorie\/beweglichkeit\/"},{"@type":"ListItem","position":4,"name":"Agility-Zubeh\u00f6r","item":"https:\/\/animalproducts.nl\/de\/product-categorie\/beweglichkeit\/agility-zubehor\/"},{"@type":"ListItem","position":5,"name":"SoftStep Stegregulator"}]},{"@type":"WebSite","@id":"https:\/\/animalproducts.nl\/de\/#website","url":"https:\/\/animalproducts.nl\/de\/","name":"Animal Products","description":"","publisher":{"@id":"https:\/\/animalproducts.nl\/de\/#organization"},"potentialAction":[{"@type":"SearchAction","target":{"@type":"EntryPoint","urlTemplate":"https:\/\/animalproducts.nl\/de\/?s={search_term_string}"},"query-input":{"@type":"PropertyValueSpecification","valueRequired":true,"valueName":"search_term_string"}}],"inLanguage":"de"},{"@type":"Organization","@id":"https:\/\/animalproducts.nl\/de\/#organization","name":"Animal Products","url":"https:\/\/animalproducts.nl\/de\/","logo":{"@type":"ImageObject","inLanguage":"de","@id":"https:\/\/animalproducts.nl\/de\/#\/schema\/logo\/image\/","url":"https:\/\/animalproducts.nl\/wp-content\/uploads\/2025\/07\/AnimalProducts-logo-v2-liggend-def-scaled.png","contentUrl":"https:\/\/animalproducts.nl\/wp-content\/uploads\/2025\/07\/AnimalProducts-logo-v2-liggend-def-scaled.png","width":2560,"height":1266,"caption":"Animal Products"},"image":{"@id":"https:\/\/animalproducts.nl\/de\/#\/schema\/logo\/image\/"}}]}},"_links":{"self":[{"href":"https:\/\/animalproducts.nl\/de\/wp-json\/wp\/v2\/product\/31320","targetHints":{"allow":["GET"]}}],"collection":[{"href":"https:\/\/animalproducts.nl\/de\/wp-json\/wp\/v2\/product"}],"about":[{"href":"https:\/\/animalproducts.nl\/de\/wp-json\/wp\/v2\/types\/product"}],"replies":[{"embeddable":true,"href":"https:\/\/animalproducts.nl\/de\/wp-json\/wp\/v2\/comments?post=31320"}],"wp:featuredmedia":[{"embeddable":true,"href":"https:\/\/animalproducts.nl\/de\/wp-json\/wp\/v2\/media\/31300"}],"wp:attachment":[{"href":"https:\/\/animalproducts.nl\/de\/wp-json\/wp\/v2\/media?parent=31320"}],"wp:term":[{"taxonomy":"product_brand","embeddable":true,"href":"https:\/\/animalproducts.nl\/de\/wp-json\/wp\/v2\/product_brand?post=31320"},{"taxonomy":"product_cat","embeddable":true,"href":"https:\/\/animalproducts.nl\/de\/wp-json\/wp\/v2\/product_cat?post=31320"},{"taxonomy":"product_tag","embeddable":true,"href":"https:\/\/animalproducts.nl\/de\/wp-json\/wp\/v2\/product_tag?post=31320"}],"curies":[{"name":"wp","href":"https:\/\/api.w.org\/{rel}","templated":true}]}}