{"id":31231,"date":"2023-10-02T21:00:34","date_gmt":"2023-10-02T19:00:34","guid":{"rendered":"https:\/\/animalproducts.nl\/product\/a-wand-soft-2-0\/"},"modified":"2023-10-02T21:00:34","modified_gmt":"2023-10-02T19:00:34","slug":"a-wand-soft-2-0","status":"publish","type":"product","link":"https:\/\/animalproducts.nl\/de\/produkt\/a-wand-soft-2-0\/","title":{"rendered":"A-Wand SOFT 2.0"},"content":{"rendered":"<p>Die A-Wand SOFT 2.0 von Galican ist DAS Premium Modell von Galican und die ideale Wahl f\u00fcr alle, die ein sicheres, innovatives und stabiles Zonenger\u00e4t f\u00fcr Training und Turniere suchen. <\/p>\n<p>Das Besondere an der SOFT 2.0 im Vergleich zur INTERCAN-Serie ist die zus\u00e4tzliche Schaumstoffschicht unter der Gummioberfl\u00e4che, die f\u00fcr noch bessere D\u00e4mpfung und super Grip sorgt. Sie bietet maximale Sto\u00dfabsorption und sch\u00fctzt so die Gelenke des Hundes effektiv beim \u00dcberwinden des Hindernisses.   <\/p>\n<p>Diese innovative Konstruktion minimiert das Verletzungsrisiko und verbessert den Komfort f\u00fcr den Hund w\u00e4hrend des \u00dcberquerens. Gerade f\u00fcr die h\u00e4ufige Nutzung im Training ideal f\u00fcr eure Vierbeiner. Die verst\u00e4rkten Seitenbalken und integrierte Scharniere erh\u00f6hen zudem die Standfestigkeit. <\/p>\n<p><strong>Produktmerkmale:<\/strong><\/p>\n<ul>\n<li>Maximale Sicherheit:<br \/>Schaumstoff unter der Gummioberfl\u00e4che: geringerer Aufprall f\u00fcr den Hund.<\/li>\n<li>Neue, st\u00e4rkere Seitenbalken f\u00fcr mehr Stabilit\u00e4t<\/li>\n<li>Neue, vollst\u00e4ndig integrierte Scharniere. <\/li>\n<li>Edelstahlscharniere, um eine einfache Montage auch im Laufe der Zeit zu gew\u00e4hrleisten.<\/li>\n<li>Alle Materialien sind wetterbest\u00e4ndig und erm\u00f6glichen die Nutzung sowohl im Innen- als auch im Au\u00dfenbereich auf allen Arten von B\u00f6den.<\/li>\n<li>Einstellungen in 4 H\u00f6hen (170, 160, 150, 125 cm) inklusive.<\/li>\n<li>Hergestellt aus Aluminium mit einem Gesamtgewicht von 88 kg<\/li>\n<li>Rundst\u00fctzen zur richtigen Positionierung in allen H\u00f6hen<\/li>\n<\/ul>\n<p><iframe title=\"Contact zones V2.0\" width=\"800\" height=\"450\" src=\"https:\/\/www.youtube.com\/embed\/GWauVPsPSHg?start=61&#038;feature=oembed\" frameborder=\"0\" allow=\"accelerometer; autoplay; clipboard-write; encrypted-media; gyroscope; picture-in-picture; web-share\" referrerpolicy=\"strict-origin-when-cross-origin\" allowfullscreen><\/iframe><\/p>\n<p>A-Wand SOFT 2.0<\/p>\n<p><iframe title=\"Galican Soft Line A Frame - Ogilvie Dogs review\" width=\"800\" height=\"450\" src=\"https:\/\/www.youtube.com\/embed\/xlImMCaG_sM?start=5&#038;feature=oembed\" frameborder=\"0\" allow=\"accelerometer; autoplay; clipboard-write; encrypted-media; gyroscope; picture-in-picture; web-share\" referrerpolicy=\"strict-origin-when-cross-origin\" allowfullscreen><\/iframe><\/p>\n<p>R\u00e4der f\u00fcr A-Wand SOFT 2.0<\/p>\n<p><iframe title=\"WHEELS for A-frame \u2010 Galican\" width=\"800\" height=\"450\" src=\"https:\/\/www.youtube.com\/embed\/_d-DdBw1X_0?feature=oembed\" frameborder=\"0\" allow=\"accelerometer; autoplay; clipboard-write; encrypted-media; gyroscope; picture-in-picture; web-share\" referrerpolicy=\"strict-origin-when-cross-origin\" allowfullscreen><\/iframe><\/p>\n","protected":false},"excerpt":{"rendered":"<p>Die A-Wand SOFT 2.0 von Galican ist DAS Premium Modell von Galican und die ideale Wahl f\u00fcr alle, die ein sicheres, innovatives und stabiles Zonenger\u00e4t f\u00fcr Training und Turniere suchen. <\/p>\n<p>Das Besondere an der SOFT 2.0 im Vergleich zur INTERCAN-Serie ist die zus\u00e4tzliche Schaumstoffschicht unter der Gummioberfl\u00e4che, die f\u00fcr noch bessere D\u00e4mpfung und super Grip sorgt. Sie bietet maximale Sto\u00dfabsorption und sch\u00fctzt so die Gelenke des Hundes effektiv beim \u00dcberwinden des Hindernisses.   <\/p>\n","protected":false},"featured_media":31239,"comment_status":"closed","ping_status":"closed","template":"","meta":{"_acf_changed":false},"product_brand":[],"product_cat":[141,140,150,166,158],"product_tag":[],"class_list":{"0":"post-31231","1":"product","2":"type-product","3":"status-publish","4":"has-post-thumbnail","6":"product_cat-a-zaune","7":"product_cat-beweglichkeit","8":"product_cat-galican","9":"product_cat-schnittstellen","10":"product_cat-weich","12":"first","13":"onbackorder","14":"taxable","15":"shipping-taxable","16":"purchasable","17":"product-type-variable"},"acf":[],"yoast_head":"<!-- This site is optimized with the Yoast SEO plugin v27.6 - https:\/\/yoast.com\/product\/yoast-seo-wordpress\/ -->\n<title>A-Wand SOFT 2.0 - Animal Products<\/title>\n<meta name=\"description\" content=\"Diese innovative Konstruktion minimiert das Verletzungsrisiko und verbessert den Komfort f\u00fcr den Hund w\u00e4hrend des \u00dcberquerens. Gerade f\u00fcr die h\u00e4ufige Nutzung im Training ideal f\u00fcr eure Vierbeiner. Die verst\u00e4rkten Seitenbalken und integrierte Scharniere erh\u00f6hen zudem die Standfestigkeit.\" \/>\n<meta name=\"robots\" content=\"index, follow, max-snippet:-1, max-image-preview:large, max-video-preview:-1\" \/>\n<link rel=\"canonical\" href=\"https:\/\/animalproducts.nl\/de\/produkt\/a-wand-soft-2-0\/\" \/>\n<meta property=\"og:locale\" content=\"de_DE\" \/>\n<meta property=\"og:type\" content=\"article\" \/>\n<meta property=\"og:title\" content=\"A-Wand SOFT 2.0 - Animal Products\" \/>\n<meta property=\"og:description\" content=\"Diese innovative Konstruktion minimiert das Verletzungsrisiko und verbessert den Komfort f\u00fcr den Hund w\u00e4hrend des \u00dcberquerens. Gerade f\u00fcr die h\u00e4ufige Nutzung im Training ideal f\u00fcr eure Vierbeiner. Die verst\u00e4rkten Seitenbalken und integrierte Scharniere erh\u00f6hen zudem die Standfestigkeit.\" \/>\n<meta property=\"og:url\" content=\"https:\/\/animalproducts.nl\/de\/produkt\/a-wand-soft-2-0\/\" \/>\n<meta property=\"og:site_name\" content=\"Animal Products\" \/>\n<meta property=\"og:image\" content=\"https:\/\/animalproducts.nl\/wp-content\/uploads\/2023\/10\/4667-ficha_btt.png\" \/>\n\t<meta property=\"og:image:width\" content=\"500\" \/>\n\t<meta property=\"og:image:height\" content=\"500\" \/>\n\t<meta property=\"og:image:type\" content=\"image\/png\" \/>\n<meta name=\"twitter:card\" content=\"summary_large_image\" \/>\n<meta name=\"twitter:label1\" content=\"Gesch\u00e4tzte Lesezeit\" \/>\n\t<meta name=\"twitter:data1\" content=\"1\u00a0Minute\" \/>\n<script type=\"application\/ld+json\" class=\"yoast-schema-graph\">{\"@context\":\"https:\\\/\\\/schema.org\",\"@graph\":[{\"@type\":\"WebPage\",\"@id\":\"https:\\\/\\\/animalproducts.nl\\\/de\\\/produkt\\\/a-wand-soft-2-0\\\/\",\"url\":\"https:\\\/\\\/animalproducts.nl\\\/de\\\/produkt\\\/a-wand-soft-2-0\\\/\",\"name\":\"A-Wand SOFT 2.0 - Animal Products\",\"isPartOf\":{\"@id\":\"https:\\\/\\\/animalproducts.nl\\\/de\\\/#website\"},\"primaryImageOfPage\":{\"@id\":\"https:\\\/\\\/animalproducts.nl\\\/de\\\/produkt\\\/a-wand-soft-2-0\\\/#primaryimage\"},\"image\":{\"@id\":\"https:\\\/\\\/animalproducts.nl\\\/de\\\/produkt\\\/a-wand-soft-2-0\\\/#primaryimage\"},\"thumbnailUrl\":\"https:\\\/\\\/animalproducts.nl\\\/wp-content\\\/uploads\\\/2023\\\/10\\\/4667-ficha_btt.png\",\"datePublished\":\"2023-10-02T19:00:34+00:00\",\"description\":\"Diese innovative Konstruktion minimiert das Verletzungsrisiko und verbessert den Komfort f\u00fcr den Hund w\u00e4hrend des \u00dcberquerens. Gerade f\u00fcr die h\u00e4ufige Nutzung im Training ideal f\u00fcr eure Vierbeiner. Die verst\u00e4rkten Seitenbalken und integrierte Scharniere erh\u00f6hen zudem die Standfestigkeit.\",\"breadcrumb\":{\"@id\":\"https:\\\/\\\/animalproducts.nl\\\/de\\\/produkt\\\/a-wand-soft-2-0\\\/#breadcrumb\"},\"inLanguage\":\"de\",\"potentialAction\":[{\"@type\":\"ReadAction\",\"target\":[\"https:\\\/\\\/animalproducts.nl\\\/de\\\/produkt\\\/a-wand-soft-2-0\\\/\"]}]},{\"@type\":\"ImageObject\",\"inLanguage\":\"de\",\"@id\":\"https:\\\/\\\/animalproducts.nl\\\/de\\\/produkt\\\/a-wand-soft-2-0\\\/#primaryimage\",\"url\":\"https:\\\/\\\/animalproducts.nl\\\/wp-content\\\/uploads\\\/2023\\\/10\\\/4667-ficha_btt.png\",\"contentUrl\":\"https:\\\/\\\/animalproducts.nl\\\/wp-content\\\/uploads\\\/2023\\\/10\\\/4667-ficha_btt.png\",\"width\":500,\"height\":500,\"caption\":\"A-Wand SOFT 2.0\"},{\"@type\":\"BreadcrumbList\",\"@id\":\"https:\\\/\\\/animalproducts.nl\\\/de\\\/produkt\\\/a-wand-soft-2-0\\\/#breadcrumb\",\"itemListElement\":[{\"@type\":\"ListItem\",\"position\":1,\"name\":\"Shop\",\"item\":\"https:\\\/\\\/animalproducts.nl\\\/de\\\/heim\\\/\"},{\"@type\":\"ListItem\",\"position\":2,\"name\":\"Shop\",\"item\":\"https:\\\/\\\/animalproducts.nl\\\/de\\\/shop\\\/\"},{\"@type\":\"ListItem\",\"position\":3,\"name\":\"A-Wand SOFT 2.0\"}]},{\"@type\":\"WebSite\",\"@id\":\"https:\\\/\\\/animalproducts.nl\\\/de\\\/#website\",\"url\":\"https:\\\/\\\/animalproducts.nl\\\/de\\\/\",\"name\":\"Animal Products\",\"description\":\"\",\"publisher\":{\"@id\":\"https:\\\/\\\/animalproducts.nl\\\/de\\\/#organization\"},\"potentialAction\":[{\"@type\":\"SearchAction\",\"target\":{\"@type\":\"EntryPoint\",\"urlTemplate\":\"https:\\\/\\\/animalproducts.nl\\\/de\\\/?s={search_term_string}\"},\"query-input\":{\"@type\":\"PropertyValueSpecification\",\"valueRequired\":true,\"valueName\":\"search_term_string\"}}],\"inLanguage\":\"de\"},{\"@type\":\"Organization\",\"@id\":\"https:\\\/\\\/animalproducts.nl\\\/de\\\/#organization\",\"name\":\"Animal Products\",\"url\":\"https:\\\/\\\/animalproducts.nl\\\/de\\\/\",\"logo\":{\"@type\":\"ImageObject\",\"inLanguage\":\"de\",\"@id\":\"https:\\\/\\\/animalproducts.nl\\\/de\\\/#\\\/schema\\\/logo\\\/image\\\/\",\"url\":\"https:\\\/\\\/animalproducts.nl\\\/wp-content\\\/uploads\\\/2025\\\/07\\\/AnimalProducts-logo-v2-liggend-def-scaled.png\",\"contentUrl\":\"https:\\\/\\\/animalproducts.nl\\\/wp-content\\\/uploads\\\/2025\\\/07\\\/AnimalProducts-logo-v2-liggend-def-scaled.png\",\"width\":2560,\"height\":1266,\"caption\":\"Animal Products\"},\"image\":{\"@id\":\"https:\\\/\\\/animalproducts.nl\\\/de\\\/#\\\/schema\\\/logo\\\/image\\\/\"}}]}<\/script>\n<!-- \/ Yoast SEO plugin. -->","yoast_head_json":{"title":"A-Wand SOFT 2.0 - Animal Products","description":"Diese innovative Konstruktion minimiert das Verletzungsrisiko und verbessert den Komfort f\u00fcr den Hund w\u00e4hrend des \u00dcberquerens. Gerade f\u00fcr die h\u00e4ufige Nutzung im Training ideal f\u00fcr eure Vierbeiner. Die verst\u00e4rkten Seitenbalken und integrierte Scharniere erh\u00f6hen zudem die Standfestigkeit.","robots":{"index":"index","follow":"follow","max-snippet":"max-snippet:-1","max-image-preview":"max-image-preview:large","max-video-preview":"max-video-preview:-1"},"canonical":"https:\/\/animalproducts.nl\/de\/produkt\/a-wand-soft-2-0\/","og_locale":"de_DE","og_type":"article","og_title":"A-Wand SOFT 2.0 - Animal Products","og_description":"Diese innovative Konstruktion minimiert das Verletzungsrisiko und verbessert den Komfort f\u00fcr den Hund w\u00e4hrend des \u00dcberquerens. Gerade f\u00fcr die h\u00e4ufige Nutzung im Training ideal f\u00fcr eure Vierbeiner. Die verst\u00e4rkten Seitenbalken und integrierte Scharniere erh\u00f6hen zudem die Standfestigkeit.","og_url":"https:\/\/animalproducts.nl\/de\/produkt\/a-wand-soft-2-0\/","og_site_name":"Animal Products","og_image":[{"width":500,"height":500,"url":"https:\/\/animalproducts.nl\/wp-content\/uploads\/2023\/10\/4667-ficha_btt.png","type":"image\/png"}],"twitter_card":"summary_large_image","twitter_misc":{"Gesch\u00e4tzte Lesezeit":"1\u00a0Minute"},"schema":{"@context":"https:\/\/schema.org","@graph":[{"@type":"WebPage","@id":"https:\/\/animalproducts.nl\/de\/produkt\/a-wand-soft-2-0\/","url":"https:\/\/animalproducts.nl\/de\/produkt\/a-wand-soft-2-0\/","name":"A-Wand SOFT 2.0 - Animal Products","isPartOf":{"@id":"https:\/\/animalproducts.nl\/de\/#website"},"primaryImageOfPage":{"@id":"https:\/\/animalproducts.nl\/de\/produkt\/a-wand-soft-2-0\/#primaryimage"},"image":{"@id":"https:\/\/animalproducts.nl\/de\/produkt\/a-wand-soft-2-0\/#primaryimage"},"thumbnailUrl":"https:\/\/animalproducts.nl\/wp-content\/uploads\/2023\/10\/4667-ficha_btt.png","datePublished":"2023-10-02T19:00:34+00:00","description":"Diese innovative Konstruktion minimiert das Verletzungsrisiko und verbessert den Komfort f\u00fcr den Hund w\u00e4hrend des \u00dcberquerens. Gerade f\u00fcr die h\u00e4ufige Nutzung im Training ideal f\u00fcr eure Vierbeiner. Die verst\u00e4rkten Seitenbalken und integrierte Scharniere erh\u00f6hen zudem die Standfestigkeit.","breadcrumb":{"@id":"https:\/\/animalproducts.nl\/de\/produkt\/a-wand-soft-2-0\/#breadcrumb"},"inLanguage":"de","potentialAction":[{"@type":"ReadAction","target":["https:\/\/animalproducts.nl\/de\/produkt\/a-wand-soft-2-0\/"]}]},{"@type":"ImageObject","inLanguage":"de","@id":"https:\/\/animalproducts.nl\/de\/produkt\/a-wand-soft-2-0\/#primaryimage","url":"https:\/\/animalproducts.nl\/wp-content\/uploads\/2023\/10\/4667-ficha_btt.png","contentUrl":"https:\/\/animalproducts.nl\/wp-content\/uploads\/2023\/10\/4667-ficha_btt.png","width":500,"height":500,"caption":"A-Wand SOFT 2.0"},{"@type":"BreadcrumbList","@id":"https:\/\/animalproducts.nl\/de\/produkt\/a-wand-soft-2-0\/#breadcrumb","itemListElement":[{"@type":"ListItem","position":1,"name":"Shop","item":"https:\/\/animalproducts.nl\/de\/heim\/"},{"@type":"ListItem","position":2,"name":"Shop","item":"https:\/\/animalproducts.nl\/de\/shop\/"},{"@type":"ListItem","position":3,"name":"A-Wand SOFT 2.0"}]},{"@type":"WebSite","@id":"https:\/\/animalproducts.nl\/de\/#website","url":"https:\/\/animalproducts.nl\/de\/","name":"Animal Products","description":"","publisher":{"@id":"https:\/\/animalproducts.nl\/de\/#organization"},"potentialAction":[{"@type":"SearchAction","target":{"@type":"EntryPoint","urlTemplate":"https:\/\/animalproducts.nl\/de\/?s={search_term_string}"},"query-input":{"@type":"PropertyValueSpecification","valueRequired":true,"valueName":"search_term_string"}}],"inLanguage":"de"},{"@type":"Organization","@id":"https:\/\/animalproducts.nl\/de\/#organization","name":"Animal Products","url":"https:\/\/animalproducts.nl\/de\/","logo":{"@type":"ImageObject","inLanguage":"de","@id":"https:\/\/animalproducts.nl\/de\/#\/schema\/logo\/image\/","url":"https:\/\/animalproducts.nl\/wp-content\/uploads\/2025\/07\/AnimalProducts-logo-v2-liggend-def-scaled.png","contentUrl":"https:\/\/animalproducts.nl\/wp-content\/uploads\/2025\/07\/AnimalProducts-logo-v2-liggend-def-scaled.png","width":2560,"height":1266,"caption":"Animal Products"},"image":{"@id":"https:\/\/animalproducts.nl\/de\/#\/schema\/logo\/image\/"}}]}},"_links":{"self":[{"href":"https:\/\/animalproducts.nl\/de\/wp-json\/wp\/v2\/product\/31231","targetHints":{"allow":["GET"]}}],"collection":[{"href":"https:\/\/animalproducts.nl\/de\/wp-json\/wp\/v2\/product"}],"about":[{"href":"https:\/\/animalproducts.nl\/de\/wp-json\/wp\/v2\/types\/product"}],"replies":[{"embeddable":true,"href":"https:\/\/animalproducts.nl\/de\/wp-json\/wp\/v2\/comments?post=31231"}],"wp:featuredmedia":[{"embeddable":true,"href":"https:\/\/animalproducts.nl\/de\/wp-json\/wp\/v2\/media\/31239"}],"wp:attachment":[{"href":"https:\/\/animalproducts.nl\/de\/wp-json\/wp\/v2\/media?parent=31231"}],"wp:term":[{"taxonomy":"product_brand","embeddable":true,"href":"https:\/\/animalproducts.nl\/de\/wp-json\/wp\/v2\/product_brand?post=31231"},{"taxonomy":"product_cat","embeddable":true,"href":"https:\/\/animalproducts.nl\/de\/wp-json\/wp\/v2\/product_cat?post=31231"},{"taxonomy":"product_tag","embeddable":true,"href":"https:\/\/animalproducts.nl\/de\/wp-json\/wp\/v2\/product_tag?post=31231"}],"curies":[{"name":"wp","href":"https:\/\/api.w.org\/{rel}","templated":true}]}}