{"id":31207,"date":"2023-10-02T21:06:22","date_gmt":"2023-10-02T19:06:22","guid":{"rendered":"https:\/\/animalproducts.nl\/product\/soft-wippe-2-0\/"},"modified":"2023-10-02T21:06:22","modified_gmt":"2023-10-02T19:06:22","slug":"soft-wippe-2-0","status":"publish","type":"product","link":"https:\/\/animalproducts.nl\/de\/produkt\/soft-wippe-2-0\/","title":{"rendered":"Soft Wippe 2.0"},"content":{"rendered":"<p>Die SOFT Wippe von Galican ist die Premium-Version f\u00fcr deinen Agility-Parcour. Sie kombiniert eine einzigartige SOFT Gummioberfl\u00e4che mit einer speziell entwickelten Fu\u00dfstruktur, die Aufprall und Vibrationen absorbiert, wodurch sie besonders schonend f\u00fcr deinen Hund ist. <\/p>\n<p>F\u00fcr den h\u00e4ufigen Einsatz ist die SOFT Wippe 2.0 dein perfekter Trainingspartner. Das speziell entwickelte Gummigranulat bietet optimalen Grip, w\u00e4hrend der darunterliegende Schaumstoff zus\u00e4tzliche D\u00e4mpfung bietet und den Aufprall auf den K\u00f6rper und insbesondere auf die Gelenke deines Hundes minimiert. Die Oberfl\u00e4che sorgt somit f\u00fcr eine sanfte und sichere Nutzung.    <\/p>\n<p>Die innovative Fu\u00dfstruktur sorgt f\u00fcr maximale Stabilit\u00e4t auf allen B\u00f6den und minimiert gleichzeitig das Verletzungsrisiko f\u00fcr deinen Hund. Mit der neuen Easy-Slide H\u00f6henverstellung l\u00e4sst sich die Wippe m\u00fchelos in 5 verschiedene H\u00f6hen anpassen, was die Nutzung noch komfortabler und flexibler macht. <\/p>\n<p><strong>Produktmerkmale:<\/strong><\/p>\n<ul>\n<li>Sicherheit: Pulverbeschichtetes Aluminium und eine neuartige gepolsterte Materialzusammensetzung unter der leistungsstarken Gummifl\u00e4che bieten eine hervorragende Sto\u00dfabsorption und minimieren das Verletzungsrisiko.<\/li>\n<li>Sanftes Umklappen ohne Einklemmen: Einzigartig durch die Edelstahlachse mit Kugellagern.<\/li>\n<li>Easy-Slide H\u00f6henverstellung: Mit zus\u00e4tzlichem Platz f\u00fcr Gewichtss\u00e4cke.<\/li>\n<li>Einmaliger Grip: Robuste Materialien, die f\u00fcr h\u00e4ufigen Gebrauch geeignet sind.<\/li>\n<li>Exklusives, patentiertes Galican-Design.<\/li>\n<li>Abgerundete Kunststoffst\u00fctzen verbessern die Stabilit\u00e4t auf allen Oberfl\u00e4chen und schonen den Kunstrasen.<\/li>\n<li>Wetterfest: Alle Materialien sind f\u00fcr den Au\u00dfeneinsatz geeignet.<\/li>\n<li>Und das Beste: Du kannst die Farben ganz nach deinem Geschmack anpassen! W\u00e4hle aus einer Vielzahl von Farbvariationen f\u00fcr die Gummibeschichtung und den Rahmen, um die SOFT Wippe 2.0 zu einem pers\u00f6nlichen Highlight f\u00fcr euch beide zu machen.<\/li>\n<li>H\u00f6henverstellbar: In 5 H\u00f6hen (60, 55, 50, 45, 40 cm).<\/li>\n<li>Gesamtgewicht: 37 kg<\/li>\n<li>Die Wippe erf\u00fcllt alle von der FCI festgelegten Normen und Vorschriften.<\/li>\n<\/ul>\n<p><iframe title=\"Contact zones V2.0\" width=\"800\" height=\"450\" src=\"https:\/\/www.youtube.com\/embed\/GWauVPsPSHg?start=61&#038;feature=oembed\" frameborder=\"0\" allow=\"accelerometer; autoplay; clipboard-write; encrypted-media; gyroscope; picture-in-picture; web-share\" referrerpolicy=\"strict-origin-when-cross-origin\" allowfullscreen><\/iframe><\/p>\n<p>SOFT Wippe 2.0<\/p>\n<p><iframe title=\"Soft Line seesaw - Marita Ogilvie\u00b4s review\" width=\"800\" height=\"450\" src=\"https:\/\/www.youtube.com\/embed\/D92oQT3OwN8?feature=oembed\" frameborder=\"0\" allow=\"accelerometer; autoplay; clipboard-write; encrypted-media; gyroscope; picture-in-picture; web-share\" referrerpolicy=\"strict-origin-when-cross-origin\" allowfullscreen><\/iframe><\/p>\n<p>&nbsp;<\/p>\n","protected":false},"excerpt":{"rendered":"<p>Die SOFT Wippe von Galican ist die Premium-Version f\u00fcr deinen Agility-Parcour. Sie kombiniert eine einzigartige SOFT Gummioberfl\u00e4che mit einer speziell entwickelten Fu\u00dfstruktur, die Aufprall und Vibrationen absorbiert, wodurch sie besonders schonend f\u00fcr deinen Hund ist. <\/p>\n<p>F\u00fcr den h\u00e4ufigen Einsatz ist die SOFT Wippe 2.0 dein perfekter Trainingspartner. Das speziell entwickelte Gummigranulat bietet optimalen Grip, w\u00e4hrend der darunterliegende Schaumstoff zus\u00e4tzliche D\u00e4mpfung bietet und den Aufprall auf den K\u00f6rper und insbesondere auf die Gelenke deines Hundes minimiert. Die Oberfl\u00e4che sorgt somit f\u00fcr eine sanfte und sichere Nutzung.    <\/p>\n","protected":false},"featured_media":31214,"comment_status":"closed","ping_status":"closed","template":"","meta":{"_acf_changed":false},"product_brand":[],"product_cat":[146,140,150,166,158],"product_tag":[],"class_list":{"0":"post-31207","1":"product","2":"type-product","3":"status-publish","4":"has-post-thumbnail","6":"product_cat-wippe","7":"product_cat-beweglichkeit","8":"product_cat-galican","9":"product_cat-schnittstellen","10":"product_cat-weich","12":"first","13":"onbackorder","14":"taxable","15":"shipping-taxable","16":"purchasable","17":"product-type-variable"},"acf":[],"yoast_head":"<!-- This site is optimized with the Yoast SEO plugin v27.6 - https:\/\/yoast.com\/product\/yoast-seo-wordpress\/ -->\n<title>Soft Wippe 2.0 - Animal Products<\/title>\n<meta name=\"description\" content=\"Die SOFT Wippe von Galican ist die Premium-Version f\u00fcr deinen Agility-Parcour. Sie kombiniert eine einzigartige SOFT Gummioberfl\u00e4che mit einer speziell entwickelten Fu\u00dfstruktur, die Aufprall und Vibrationen absorbiert, wodurch sie besonders schonend f\u00fcr deinen Hund ist.\" \/>\n<meta name=\"robots\" content=\"index, follow, max-snippet:-1, max-image-preview:large, max-video-preview:-1\" \/>\n<link rel=\"canonical\" href=\"https:\/\/animalproducts.nl\/de\/produkt\/soft-wippe-2-0\/\" \/>\n<meta property=\"og:locale\" content=\"de_DE\" \/>\n<meta property=\"og:type\" content=\"article\" \/>\n<meta property=\"og:title\" content=\"Soft Wippe 2.0 - Animal Products\" \/>\n<meta property=\"og:description\" content=\"Die SOFT Wippe von Galican ist die Premium-Version f\u00fcr deinen Agility-Parcour. Sie kombiniert eine einzigartige SOFT Gummioberfl\u00e4che mit einer speziell entwickelten Fu\u00dfstruktur, die Aufprall und Vibrationen absorbiert, wodurch sie besonders schonend f\u00fcr deinen Hund ist.\" \/>\n<meta property=\"og:url\" content=\"https:\/\/animalproducts.nl\/de\/produkt\/soft-wippe-2-0\/\" \/>\n<meta property=\"og:site_name\" content=\"Animal Products\" \/>\n<meta property=\"og:image\" content=\"https:\/\/animalproducts.nl\/wp-content\/uploads\/2023\/10\/4643-ficha_btt.png\" \/>\n\t<meta property=\"og:image:width\" content=\"500\" \/>\n\t<meta property=\"og:image:height\" content=\"500\" \/>\n\t<meta property=\"og:image:type\" content=\"image\/png\" \/>\n<meta name=\"twitter:card\" content=\"summary_large_image\" \/>\n<meta name=\"twitter:label1\" content=\"Gesch\u00e4tzte Lesezeit\" \/>\n\t<meta name=\"twitter:data1\" content=\"2\u00a0Minuten\" \/>\n<script type=\"application\/ld+json\" class=\"yoast-schema-graph\">{\"@context\":\"https:\\\/\\\/schema.org\",\"@graph\":[{\"@type\":\"WebPage\",\"@id\":\"https:\\\/\\\/animalproducts.nl\\\/de\\\/produkt\\\/soft-wippe-2-0\\\/\",\"url\":\"https:\\\/\\\/animalproducts.nl\\\/de\\\/produkt\\\/soft-wippe-2-0\\\/\",\"name\":\"Soft Wippe 2.0 - Animal Products\",\"isPartOf\":{\"@id\":\"https:\\\/\\\/animalproducts.nl\\\/de\\\/#website\"},\"primaryImageOfPage\":{\"@id\":\"https:\\\/\\\/animalproducts.nl\\\/de\\\/produkt\\\/soft-wippe-2-0\\\/#primaryimage\"},\"image\":{\"@id\":\"https:\\\/\\\/animalproducts.nl\\\/de\\\/produkt\\\/soft-wippe-2-0\\\/#primaryimage\"},\"thumbnailUrl\":\"https:\\\/\\\/animalproducts.nl\\\/wp-content\\\/uploads\\\/2023\\\/10\\\/4643-ficha_btt.png\",\"datePublished\":\"2023-10-02T19:06:22+00:00\",\"description\":\"Die SOFT Wippe von Galican ist die Premium-Version f\u00fcr deinen Agility-Parcour. Sie kombiniert eine einzigartige SOFT Gummioberfl\u00e4che mit einer speziell entwickelten Fu\u00dfstruktur, die Aufprall und Vibrationen absorbiert, wodurch sie besonders schonend f\u00fcr deinen Hund ist.\",\"breadcrumb\":{\"@id\":\"https:\\\/\\\/animalproducts.nl\\\/de\\\/produkt\\\/soft-wippe-2-0\\\/#breadcrumb\"},\"inLanguage\":\"de\",\"potentialAction\":[{\"@type\":\"ReadAction\",\"target\":[\"https:\\\/\\\/animalproducts.nl\\\/de\\\/produkt\\\/soft-wippe-2-0\\\/\"]}]},{\"@type\":\"ImageObject\",\"inLanguage\":\"de\",\"@id\":\"https:\\\/\\\/animalproducts.nl\\\/de\\\/produkt\\\/soft-wippe-2-0\\\/#primaryimage\",\"url\":\"https:\\\/\\\/animalproducts.nl\\\/wp-content\\\/uploads\\\/2023\\\/10\\\/4643-ficha_btt.png\",\"contentUrl\":\"https:\\\/\\\/animalproducts.nl\\\/wp-content\\\/uploads\\\/2023\\\/10\\\/4643-ficha_btt.png\",\"width\":500,\"height\":500,\"caption\":\"SOFT Wippe 2.0\"},{\"@type\":\"BreadcrumbList\",\"@id\":\"https:\\\/\\\/animalproducts.nl\\\/de\\\/produkt\\\/soft-wippe-2-0\\\/#breadcrumb\",\"itemListElement\":[{\"@type\":\"ListItem\",\"position\":1,\"name\":\"Shop\",\"item\":\"https:\\\/\\\/animalproducts.nl\\\/de\\\/heim\\\/\"},{\"@type\":\"ListItem\",\"position\":2,\"name\":\"Shop\",\"item\":\"https:\\\/\\\/animalproducts.nl\\\/de\\\/shop\\\/\"},{\"@type\":\"ListItem\",\"position\":3,\"name\":\"Soft Wippe 2.0\"}]},{\"@type\":\"WebSite\",\"@id\":\"https:\\\/\\\/animalproducts.nl\\\/de\\\/#website\",\"url\":\"https:\\\/\\\/animalproducts.nl\\\/de\\\/\",\"name\":\"Animal Products\",\"description\":\"\",\"publisher\":{\"@id\":\"https:\\\/\\\/animalproducts.nl\\\/de\\\/#organization\"},\"potentialAction\":[{\"@type\":\"SearchAction\",\"target\":{\"@type\":\"EntryPoint\",\"urlTemplate\":\"https:\\\/\\\/animalproducts.nl\\\/de\\\/?s={search_term_string}\"},\"query-input\":{\"@type\":\"PropertyValueSpecification\",\"valueRequired\":true,\"valueName\":\"search_term_string\"}}],\"inLanguage\":\"de\"},{\"@type\":\"Organization\",\"@id\":\"https:\\\/\\\/animalproducts.nl\\\/de\\\/#organization\",\"name\":\"Animal Products\",\"url\":\"https:\\\/\\\/animalproducts.nl\\\/de\\\/\",\"logo\":{\"@type\":\"ImageObject\",\"inLanguage\":\"de\",\"@id\":\"https:\\\/\\\/animalproducts.nl\\\/de\\\/#\\\/schema\\\/logo\\\/image\\\/\",\"url\":\"https:\\\/\\\/animalproducts.nl\\\/wp-content\\\/uploads\\\/2025\\\/07\\\/AnimalProducts-logo-v2-liggend-def-scaled.png\",\"contentUrl\":\"https:\\\/\\\/animalproducts.nl\\\/wp-content\\\/uploads\\\/2025\\\/07\\\/AnimalProducts-logo-v2-liggend-def-scaled.png\",\"width\":2560,\"height\":1266,\"caption\":\"Animal Products\"},\"image\":{\"@id\":\"https:\\\/\\\/animalproducts.nl\\\/de\\\/#\\\/schema\\\/logo\\\/image\\\/\"}}]}<\/script>\n<!-- \/ Yoast SEO plugin. -->","yoast_head_json":{"title":"Soft Wippe 2.0 - Animal Products","description":"Die SOFT Wippe von Galican ist die Premium-Version f\u00fcr deinen Agility-Parcour. Sie kombiniert eine einzigartige SOFT Gummioberfl\u00e4che mit einer speziell entwickelten Fu\u00dfstruktur, die Aufprall und Vibrationen absorbiert, wodurch sie besonders schonend f\u00fcr deinen Hund ist.","robots":{"index":"index","follow":"follow","max-snippet":"max-snippet:-1","max-image-preview":"max-image-preview:large","max-video-preview":"max-video-preview:-1"},"canonical":"https:\/\/animalproducts.nl\/de\/produkt\/soft-wippe-2-0\/","og_locale":"de_DE","og_type":"article","og_title":"Soft Wippe 2.0 - Animal Products","og_description":"Die SOFT Wippe von Galican ist die Premium-Version f\u00fcr deinen Agility-Parcour. Sie kombiniert eine einzigartige SOFT Gummioberfl\u00e4che mit einer speziell entwickelten Fu\u00dfstruktur, die Aufprall und Vibrationen absorbiert, wodurch sie besonders schonend f\u00fcr deinen Hund ist.","og_url":"https:\/\/animalproducts.nl\/de\/produkt\/soft-wippe-2-0\/","og_site_name":"Animal Products","og_image":[{"width":500,"height":500,"url":"https:\/\/animalproducts.nl\/wp-content\/uploads\/2023\/10\/4643-ficha_btt.png","type":"image\/png"}],"twitter_card":"summary_large_image","twitter_misc":{"Gesch\u00e4tzte Lesezeit":"2\u00a0Minuten"},"schema":{"@context":"https:\/\/schema.org","@graph":[{"@type":"WebPage","@id":"https:\/\/animalproducts.nl\/de\/produkt\/soft-wippe-2-0\/","url":"https:\/\/animalproducts.nl\/de\/produkt\/soft-wippe-2-0\/","name":"Soft Wippe 2.0 - Animal Products","isPartOf":{"@id":"https:\/\/animalproducts.nl\/de\/#website"},"primaryImageOfPage":{"@id":"https:\/\/animalproducts.nl\/de\/produkt\/soft-wippe-2-0\/#primaryimage"},"image":{"@id":"https:\/\/animalproducts.nl\/de\/produkt\/soft-wippe-2-0\/#primaryimage"},"thumbnailUrl":"https:\/\/animalproducts.nl\/wp-content\/uploads\/2023\/10\/4643-ficha_btt.png","datePublished":"2023-10-02T19:06:22+00:00","description":"Die SOFT Wippe von Galican ist die Premium-Version f\u00fcr deinen Agility-Parcour. Sie kombiniert eine einzigartige SOFT Gummioberfl\u00e4che mit einer speziell entwickelten Fu\u00dfstruktur, die Aufprall und Vibrationen absorbiert, wodurch sie besonders schonend f\u00fcr deinen Hund ist.","breadcrumb":{"@id":"https:\/\/animalproducts.nl\/de\/produkt\/soft-wippe-2-0\/#breadcrumb"},"inLanguage":"de","potentialAction":[{"@type":"ReadAction","target":["https:\/\/animalproducts.nl\/de\/produkt\/soft-wippe-2-0\/"]}]},{"@type":"ImageObject","inLanguage":"de","@id":"https:\/\/animalproducts.nl\/de\/produkt\/soft-wippe-2-0\/#primaryimage","url":"https:\/\/animalproducts.nl\/wp-content\/uploads\/2023\/10\/4643-ficha_btt.png","contentUrl":"https:\/\/animalproducts.nl\/wp-content\/uploads\/2023\/10\/4643-ficha_btt.png","width":500,"height":500,"caption":"SOFT Wippe 2.0"},{"@type":"BreadcrumbList","@id":"https:\/\/animalproducts.nl\/de\/produkt\/soft-wippe-2-0\/#breadcrumb","itemListElement":[{"@type":"ListItem","position":1,"name":"Shop","item":"https:\/\/animalproducts.nl\/de\/heim\/"},{"@type":"ListItem","position":2,"name":"Shop","item":"https:\/\/animalproducts.nl\/de\/shop\/"},{"@type":"ListItem","position":3,"name":"Soft Wippe 2.0"}]},{"@type":"WebSite","@id":"https:\/\/animalproducts.nl\/de\/#website","url":"https:\/\/animalproducts.nl\/de\/","name":"Animal Products","description":"","publisher":{"@id":"https:\/\/animalproducts.nl\/de\/#organization"},"potentialAction":[{"@type":"SearchAction","target":{"@type":"EntryPoint","urlTemplate":"https:\/\/animalproducts.nl\/de\/?s={search_term_string}"},"query-input":{"@type":"PropertyValueSpecification","valueRequired":true,"valueName":"search_term_string"}}],"inLanguage":"de"},{"@type":"Organization","@id":"https:\/\/animalproducts.nl\/de\/#organization","name":"Animal Products","url":"https:\/\/animalproducts.nl\/de\/","logo":{"@type":"ImageObject","inLanguage":"de","@id":"https:\/\/animalproducts.nl\/de\/#\/schema\/logo\/image\/","url":"https:\/\/animalproducts.nl\/wp-content\/uploads\/2025\/07\/AnimalProducts-logo-v2-liggend-def-scaled.png","contentUrl":"https:\/\/animalproducts.nl\/wp-content\/uploads\/2025\/07\/AnimalProducts-logo-v2-liggend-def-scaled.png","width":2560,"height":1266,"caption":"Animal Products"},"image":{"@id":"https:\/\/animalproducts.nl\/de\/#\/schema\/logo\/image\/"}}]}},"_links":{"self":[{"href":"https:\/\/animalproducts.nl\/de\/wp-json\/wp\/v2\/product\/31207","targetHints":{"allow":["GET"]}}],"collection":[{"href":"https:\/\/animalproducts.nl\/de\/wp-json\/wp\/v2\/product"}],"about":[{"href":"https:\/\/animalproducts.nl\/de\/wp-json\/wp\/v2\/types\/product"}],"replies":[{"embeddable":true,"href":"https:\/\/animalproducts.nl\/de\/wp-json\/wp\/v2\/comments?post=31207"}],"wp:featuredmedia":[{"embeddable":true,"href":"https:\/\/animalproducts.nl\/de\/wp-json\/wp\/v2\/media\/31214"}],"wp:attachment":[{"href":"https:\/\/animalproducts.nl\/de\/wp-json\/wp\/v2\/media?parent=31207"}],"wp:term":[{"taxonomy":"product_brand","embeddable":true,"href":"https:\/\/animalproducts.nl\/de\/wp-json\/wp\/v2\/product_brand?post=31207"},{"taxonomy":"product_cat","embeddable":true,"href":"https:\/\/animalproducts.nl\/de\/wp-json\/wp\/v2\/product_cat?post=31207"},{"taxonomy":"product_tag","embeddable":true,"href":"https:\/\/animalproducts.nl\/de\/wp-json\/wp\/v2\/product_tag?post=31207"}],"curies":[{"name":"wp","href":"https:\/\/api.w.org\/{rel}","templated":true}]}}