{"id":31177,"date":"2025-10-10T11:11:49","date_gmt":"2025-10-10T09:11:49","guid":{"rendered":"https:\/\/animalproducts.nl\/product\/fci-galican-turnier-slalom\/"},"modified":"2025-10-10T11:11:49","modified_gmt":"2025-10-10T09:11:49","slug":"fci-galican-turnier-slalom","status":"publish","type":"product","link":"https:\/\/animalproducts.nl\/de\/produkt\/fci-galican-turnier-slalom\/","title":{"rendered":"FCI Galican Turnier Slalom"},"content":{"rendered":"<p>Der FCI Turnier-Slalom hat seine besonders strapazierf\u00e4hige Konstruktion, erh\u00f6hte Stabilit\u00e4t und eine verbesserte Verbindung, die ein Verschieben der Basis zuverl\u00e4ssig verhindert.  <\/p>\n<p><strong>Produktmerkmale:<\/strong><\/p>\n<ul>\n<li>Material: pulverbeschichteter Stahl mit PVC-Stangen <\/li>\n<li>Abmessungen: Stangen 1,1 m hoch, 12 Stangen pro Slalom<\/li>\n<li>Sektionen: 3<\/li>\n<li>Durchdachtes Verbindungssystem in der Basis, das ein Verrutschen zuverl\u00e4ssig verhindert<\/li>\n<li>Gewicht: 29 kg<\/li>\n<\/ul>\n","protected":false},"excerpt":{"rendered":"<p>Der FCI Turnier-Slalom hat seine besonders strapazierf\u00e4hige Konstruktion, erh\u00f6hte Stabilit\u00e4t und eine verbesserte Verbindung, die ein Verschieben der Basis zuverl\u00e4ssig verhindert.  <\/p>\n","protected":false},"featured_media":31174,"comment_status":"closed","ping_status":"closed","template":"","meta":{"_acf_changed":false},"product_brand":[],"product_cat":[140,150,157],"product_tag":[],"class_list":{"0":"post-31177","1":"product","2":"type-product","3":"status-publish","4":"has-post-thumbnail","6":"product_cat-beweglichkeit","7":"product_cat-galican","8":"product_cat-slaloms","10":"first","11":"onbackorder","12":"taxable","13":"shipping-taxable","14":"purchasable","15":"product-type-variable"},"acf":[],"yoast_head":"<!-- This site is optimized with the Yoast SEO plugin v27.6 - https:\/\/yoast.com\/product\/yoast-seo-wordpress\/ -->\n<title>FCI Galican Turnier Slalom - Animal Products<\/title>\n<meta name=\"description\" content=\"Der FCI Turnier-Slalom hat seine besonders strapazierf\u00e4hige Konstruktion, erh\u00f6hte Stabilit\u00e4t und eine verbesserte Verbindung, die ein Verschieben der Basis zuverl\u00e4ssig verhindert.\" \/>\n<meta name=\"robots\" content=\"index, follow, max-snippet:-1, max-image-preview:large, max-video-preview:-1\" \/>\n<link rel=\"canonical\" href=\"https:\/\/animalproducts.nl\/de\/produkt\/fci-galican-turnier-slalom\/\" \/>\n<meta property=\"og:locale\" content=\"de_DE\" \/>\n<meta property=\"og:type\" content=\"article\" \/>\n<meta property=\"og:title\" content=\"FCI Galican Turnier Slalom - Animal Products\" \/>\n<meta property=\"og:description\" content=\"Der FCI Turnier-Slalom hat seine besonders strapazierf\u00e4hige Konstruktion, erh\u00f6hte Stabilit\u00e4t und eine verbesserte Verbindung, die ein Verschieben der Basis zuverl\u00e4ssig verhindert.\" \/>\n<meta property=\"og:url\" content=\"https:\/\/animalproducts.nl\/de\/produkt\/fci-galican-turnier-slalom\/\" \/>\n<meta property=\"og:site_name\" content=\"Animal Products\" \/>\n<meta property=\"og:image\" content=\"https:\/\/animalproducts.nl\/wp-content\/uploads\/2025\/10\/Slalom-Competicion-2025_1-scaled.png\" \/>\n\t<meta property=\"og:image:width\" content=\"2560\" \/>\n\t<meta property=\"og:image:height\" content=\"1711\" \/>\n\t<meta property=\"og:image:type\" content=\"image\/png\" \/>\n<meta name=\"twitter:card\" content=\"summary_large_image\" \/>\n<script type=\"application\/ld+json\" class=\"yoast-schema-graph\">{\"@context\":\"https:\\\/\\\/schema.org\",\"@graph\":[{\"@type\":\"WebPage\",\"@id\":\"https:\\\/\\\/animalproducts.nl\\\/de\\\/produkt\\\/fci-galican-turnier-slalom\\\/\",\"url\":\"https:\\\/\\\/animalproducts.nl\\\/de\\\/produkt\\\/fci-galican-turnier-slalom\\\/\",\"name\":\"FCI Galican Turnier Slalom - Animal Products\",\"isPartOf\":{\"@id\":\"https:\\\/\\\/animalproducts.nl\\\/de\\\/#website\"},\"primaryImageOfPage\":{\"@id\":\"https:\\\/\\\/animalproducts.nl\\\/de\\\/produkt\\\/fci-galican-turnier-slalom\\\/#primaryimage\"},\"image\":{\"@id\":\"https:\\\/\\\/animalproducts.nl\\\/de\\\/produkt\\\/fci-galican-turnier-slalom\\\/#primaryimage\"},\"thumbnailUrl\":\"https:\\\/\\\/animalproducts.nl\\\/wp-content\\\/uploads\\\/2025\\\/10\\\/Slalom-Competicion-2025_1-scaled.png\",\"datePublished\":\"2025-10-10T09:11:49+00:00\",\"description\":\"Der FCI Turnier-Slalom hat seine besonders strapazierf\u00e4hige Konstruktion, erh\u00f6hte Stabilit\u00e4t und eine verbesserte Verbindung, die ein Verschieben der Basis zuverl\u00e4ssig verhindert.\",\"breadcrumb\":{\"@id\":\"https:\\\/\\\/animalproducts.nl\\\/de\\\/produkt\\\/fci-galican-turnier-slalom\\\/#breadcrumb\"},\"inLanguage\":\"de\",\"potentialAction\":[{\"@type\":\"ReadAction\",\"target\":[\"https:\\\/\\\/animalproducts.nl\\\/de\\\/produkt\\\/fci-galican-turnier-slalom\\\/\"]}]},{\"@type\":\"ImageObject\",\"inLanguage\":\"de\",\"@id\":\"https:\\\/\\\/animalproducts.nl\\\/de\\\/produkt\\\/fci-galican-turnier-slalom\\\/#primaryimage\",\"url\":\"https:\\\/\\\/animalproducts.nl\\\/wp-content\\\/uploads\\\/2025\\\/10\\\/Slalom-Competicion-2025_1-scaled.png\",\"contentUrl\":\"https:\\\/\\\/animalproducts.nl\\\/wp-content\\\/uploads\\\/2025\\\/10\\\/Slalom-Competicion-2025_1-scaled.png\",\"width\":2560,\"height\":1711},{\"@type\":\"BreadcrumbList\",\"@id\":\"https:\\\/\\\/animalproducts.nl\\\/de\\\/produkt\\\/fci-galican-turnier-slalom\\\/#breadcrumb\",\"itemListElement\":[{\"@type\":\"ListItem\",\"position\":1,\"name\":\"Shop\",\"item\":\"https:\\\/\\\/animalproducts.nl\\\/de\\\/heim\\\/\"},{\"@type\":\"ListItem\",\"position\":2,\"name\":\"Shop\",\"item\":\"https:\\\/\\\/animalproducts.nl\\\/de\\\/shop\\\/\"},{\"@type\":\"ListItem\",\"position\":3,\"name\":\"FCI Galican Turnier Slalom\"}]},{\"@type\":\"WebSite\",\"@id\":\"https:\\\/\\\/animalproducts.nl\\\/de\\\/#website\",\"url\":\"https:\\\/\\\/animalproducts.nl\\\/de\\\/\",\"name\":\"Animal Products\",\"description\":\"\",\"publisher\":{\"@id\":\"https:\\\/\\\/animalproducts.nl\\\/de\\\/#organization\"},\"potentialAction\":[{\"@type\":\"SearchAction\",\"target\":{\"@type\":\"EntryPoint\",\"urlTemplate\":\"https:\\\/\\\/animalproducts.nl\\\/de\\\/?s={search_term_string}\"},\"query-input\":{\"@type\":\"PropertyValueSpecification\",\"valueRequired\":true,\"valueName\":\"search_term_string\"}}],\"inLanguage\":\"de\"},{\"@type\":\"Organization\",\"@id\":\"https:\\\/\\\/animalproducts.nl\\\/de\\\/#organization\",\"name\":\"Animal Products\",\"url\":\"https:\\\/\\\/animalproducts.nl\\\/de\\\/\",\"logo\":{\"@type\":\"ImageObject\",\"inLanguage\":\"de\",\"@id\":\"https:\\\/\\\/animalproducts.nl\\\/de\\\/#\\\/schema\\\/logo\\\/image\\\/\",\"url\":\"https:\\\/\\\/animalproducts.nl\\\/wp-content\\\/uploads\\\/2025\\\/07\\\/AnimalProducts-logo-v2-liggend-def-scaled.png\",\"contentUrl\":\"https:\\\/\\\/animalproducts.nl\\\/wp-content\\\/uploads\\\/2025\\\/07\\\/AnimalProducts-logo-v2-liggend-def-scaled.png\",\"width\":2560,\"height\":1266,\"caption\":\"Animal Products\"},\"image\":{\"@id\":\"https:\\\/\\\/animalproducts.nl\\\/de\\\/#\\\/schema\\\/logo\\\/image\\\/\"}}]}<\/script>\n<!-- \/ Yoast SEO plugin. -->","yoast_head_json":{"title":"FCI Galican Turnier Slalom - Animal Products","description":"Der FCI Turnier-Slalom hat seine besonders strapazierf\u00e4hige Konstruktion, erh\u00f6hte Stabilit\u00e4t und eine verbesserte Verbindung, die ein Verschieben der Basis zuverl\u00e4ssig verhindert.","robots":{"index":"index","follow":"follow","max-snippet":"max-snippet:-1","max-image-preview":"max-image-preview:large","max-video-preview":"max-video-preview:-1"},"canonical":"https:\/\/animalproducts.nl\/de\/produkt\/fci-galican-turnier-slalom\/","og_locale":"de_DE","og_type":"article","og_title":"FCI Galican Turnier Slalom - Animal Products","og_description":"Der FCI Turnier-Slalom hat seine besonders strapazierf\u00e4hige Konstruktion, erh\u00f6hte Stabilit\u00e4t und eine verbesserte Verbindung, die ein Verschieben der Basis zuverl\u00e4ssig verhindert.","og_url":"https:\/\/animalproducts.nl\/de\/produkt\/fci-galican-turnier-slalom\/","og_site_name":"Animal Products","og_image":[{"width":2560,"height":1711,"url":"https:\/\/animalproducts.nl\/wp-content\/uploads\/2025\/10\/Slalom-Competicion-2025_1-scaled.png","type":"image\/png"}],"twitter_card":"summary_large_image","schema":{"@context":"https:\/\/schema.org","@graph":[{"@type":"WebPage","@id":"https:\/\/animalproducts.nl\/de\/produkt\/fci-galican-turnier-slalom\/","url":"https:\/\/animalproducts.nl\/de\/produkt\/fci-galican-turnier-slalom\/","name":"FCI Galican Turnier Slalom - Animal Products","isPartOf":{"@id":"https:\/\/animalproducts.nl\/de\/#website"},"primaryImageOfPage":{"@id":"https:\/\/animalproducts.nl\/de\/produkt\/fci-galican-turnier-slalom\/#primaryimage"},"image":{"@id":"https:\/\/animalproducts.nl\/de\/produkt\/fci-galican-turnier-slalom\/#primaryimage"},"thumbnailUrl":"https:\/\/animalproducts.nl\/wp-content\/uploads\/2025\/10\/Slalom-Competicion-2025_1-scaled.png","datePublished":"2025-10-10T09:11:49+00:00","description":"Der FCI Turnier-Slalom hat seine besonders strapazierf\u00e4hige Konstruktion, erh\u00f6hte Stabilit\u00e4t und eine verbesserte Verbindung, die ein Verschieben der Basis zuverl\u00e4ssig verhindert.","breadcrumb":{"@id":"https:\/\/animalproducts.nl\/de\/produkt\/fci-galican-turnier-slalom\/#breadcrumb"},"inLanguage":"de","potentialAction":[{"@type":"ReadAction","target":["https:\/\/animalproducts.nl\/de\/produkt\/fci-galican-turnier-slalom\/"]}]},{"@type":"ImageObject","inLanguage":"de","@id":"https:\/\/animalproducts.nl\/de\/produkt\/fci-galican-turnier-slalom\/#primaryimage","url":"https:\/\/animalproducts.nl\/wp-content\/uploads\/2025\/10\/Slalom-Competicion-2025_1-scaled.png","contentUrl":"https:\/\/animalproducts.nl\/wp-content\/uploads\/2025\/10\/Slalom-Competicion-2025_1-scaled.png","width":2560,"height":1711},{"@type":"BreadcrumbList","@id":"https:\/\/animalproducts.nl\/de\/produkt\/fci-galican-turnier-slalom\/#breadcrumb","itemListElement":[{"@type":"ListItem","position":1,"name":"Shop","item":"https:\/\/animalproducts.nl\/de\/heim\/"},{"@type":"ListItem","position":2,"name":"Shop","item":"https:\/\/animalproducts.nl\/de\/shop\/"},{"@type":"ListItem","position":3,"name":"FCI Galican Turnier Slalom"}]},{"@type":"WebSite","@id":"https:\/\/animalproducts.nl\/de\/#website","url":"https:\/\/animalproducts.nl\/de\/","name":"Animal Products","description":"","publisher":{"@id":"https:\/\/animalproducts.nl\/de\/#organization"},"potentialAction":[{"@type":"SearchAction","target":{"@type":"EntryPoint","urlTemplate":"https:\/\/animalproducts.nl\/de\/?s={search_term_string}"},"query-input":{"@type":"PropertyValueSpecification","valueRequired":true,"valueName":"search_term_string"}}],"inLanguage":"de"},{"@type":"Organization","@id":"https:\/\/animalproducts.nl\/de\/#organization","name":"Animal Products","url":"https:\/\/animalproducts.nl\/de\/","logo":{"@type":"ImageObject","inLanguage":"de","@id":"https:\/\/animalproducts.nl\/de\/#\/schema\/logo\/image\/","url":"https:\/\/animalproducts.nl\/wp-content\/uploads\/2025\/07\/AnimalProducts-logo-v2-liggend-def-scaled.png","contentUrl":"https:\/\/animalproducts.nl\/wp-content\/uploads\/2025\/07\/AnimalProducts-logo-v2-liggend-def-scaled.png","width":2560,"height":1266,"caption":"Animal Products"},"image":{"@id":"https:\/\/animalproducts.nl\/de\/#\/schema\/logo\/image\/"}}]}},"_links":{"self":[{"href":"https:\/\/animalproducts.nl\/de\/wp-json\/wp\/v2\/product\/31177","targetHints":{"allow":["GET"]}}],"collection":[{"href":"https:\/\/animalproducts.nl\/de\/wp-json\/wp\/v2\/product"}],"about":[{"href":"https:\/\/animalproducts.nl\/de\/wp-json\/wp\/v2\/types\/product"}],"replies":[{"embeddable":true,"href":"https:\/\/animalproducts.nl\/de\/wp-json\/wp\/v2\/comments?post=31177"}],"wp:featuredmedia":[{"embeddable":true,"href":"https:\/\/animalproducts.nl\/de\/wp-json\/wp\/v2\/media\/31174"}],"wp:attachment":[{"href":"https:\/\/animalproducts.nl\/de\/wp-json\/wp\/v2\/media?parent=31177"}],"wp:term":[{"taxonomy":"product_brand","embeddable":true,"href":"https:\/\/animalproducts.nl\/de\/wp-json\/wp\/v2\/product_brand?post=31177"},{"taxonomy":"product_cat","embeddable":true,"href":"https:\/\/animalproducts.nl\/de\/wp-json\/wp\/v2\/product_cat?post=31177"},{"taxonomy":"product_tag","embeddable":true,"href":"https:\/\/animalproducts.nl\/de\/wp-json\/wp\/v2\/product_tag?post=31177"}],"curies":[{"name":"wp","href":"https:\/\/api.w.org\/{rel}","templated":true}]}}