{"id":31167,"date":"2025-10-20T19:12:42","date_gmt":"2025-10-20T17:12:42","guid":{"rendered":"https:\/\/animalproducts.nl\/product\/soft-wall-fullgrip\/"},"modified":"2026-01-30T20:36:34","modified_gmt":"2026-01-30T19:36:34","slug":"soft-wall-fullgrip","status":"publish","type":"product","link":"https:\/\/animalproducts.nl\/de\/produkt\/soft-wall-fullgrip\/","title":{"rendered":"Soft Wall Fullgrip"},"content":{"rendered":"<p>Der Galican SOFT Wall Fullgrip bietet durch sein rutschfestes Material maximale Stabilit\u00e4t und Sicherheit. Es bleibt auch bei Wind stabil und f\u00e4llt kontrolliert um, ohne Gefahr f\u00fcr Ihren Hund. Witterungsbest\u00e4ndig, abriebfest und in verschiedenen Farben erh\u00e4ltlich \u2013 perfekt f\u00fcr intensives Training.  <\/p>\n<p><strong>Produktmerkmale:<\/strong><\/p>\n<ul>\n<li>Schutzpolsterung: Reduziert St\u00f6\u00dfe bei versehentlichem Kontakt.<\/li>\n<li>Modular und anpassbar: Erm\u00f6glicht eine individuelle Einrichtung.<\/li>\n<li>Langlebig: Hergestellt aus widerstandsf\u00e4higen Materialien.<\/li>\n<li>\n<div class=\"container contentheight\">\n<div class=\"row\">\n<div class=\"col-xs-12 col-sm-9 col-md-9 main-content\">\n<form id=\"oBIZForm_0\" action=\"Material: Schaumstoff mit verst\u00e4rktem Fullgrip-PVC-Gewebe.\" method=\"post\" name=\"oBIZForm_0\">\n<div class=\"row\">\n<div class=\"col-xxs-12 col-xs-6\">\n<div class=\"artdetaildesc\">Leicht zu reinigen: abwaschbare Oberfl\u00e4che f\u00fcr einfache Wartung.<\/div>\n<\/div>\n<\/div>\n<\/form>\n<\/div>\n<\/div>\n<\/div>\n<\/li>\n<li>\n<div class=\"container contentheight\">\n<div class=\"row\">\n<div class=\"col-xs-12 col-sm-9 col-md-9 main-content\">\n<form id=\"oBIZForm_0\" action=\"Gewicht: 30 kg.\" method=\"post\" name=\"oBIZForm_0\">\n<div class=\"row\">\n<div class=\"col-xxs-12 col-xs-6\">\n<div class=\"artdetaildesc\">\n<p>Material: Schaumstoffkern mit verst\u00e4rktem Fullgrip-Bezug<\/p>\n<\/div>\n<\/div>\n<\/div>\n<div>\n<p><iframe title=\"Agility soft Wall\" width=\"800\" height=\"450\" src=\"https:\/\/www.youtube.com\/embed\/xz4Pppv4Acc?feature=oembed\" frameborder=\"0\" allow=\"accelerometer; autoplay; clipboard-write; encrypted-media; gyroscope; picture-in-picture; web-share\" referrerpolicy=\"strict-origin-when-cross-origin\" allowfullscreen><\/iframe><\/p>\n<\/div>\n<div>Abmessungen: 10-20-30-40-50-60 cm hoch.<\/div>\n<div><\/div>\n<div>\n<p><iframe title=\"NEW Colored Soft Wall by Galican\" width=\"800\" height=\"450\" src=\"https:\/\/www.youtube.com\/embed\/Hq9BqDJ-UDc?start=38&#038;feature=oembed\" frameborder=\"0\" allow=\"accelerometer; autoplay; clipboard-write; encrypted-media; gyroscope; picture-in-picture; web-share\" referrerpolicy=\"strict-origin-when-cross-origin\" allowfullscreen><\/iframe><\/p>\n<\/div>\n<div>Die Soft Wall ist in verschiedenen Farben erh\u00e4ltlich \u2013 gestalten Sie Ihren Trainingsbereich ganz nach Ihren W\u00fcnschen!<\/div>\n<div><\/div>\n<div><\/div>\n<\/form>\n<\/div>\n<\/div>\n<\/div>\n<div class=\"footerarea\"><\/div>\n<div class=\"container contentheight\">\n<div class=\"row\">\n<div class=\"col-xs-12 col-sm-9 col-md-9 main-content\"><\/div>\n<\/div>\n<\/div>\n<div class=\"footerarea\"><\/div>\n<\/li>\n<\/ul>\n","protected":false},"excerpt":{"rendered":"<p>Der Galican SOFT Wall Fullgrip bietet durch sein rutschfestes Material maximale Stabilit\u00e4t und Sicherheit. Es bleibt auch bei Wind stabil und f\u00e4llt kontrolliert um, ohne Gefahr f\u00fcr Ihren Hund. Witterungsbest\u00e4ndig, abriebfest und in verschiedenen Farben erh\u00e4ltlich \u2013 perfekt f\u00fcr intensives Training.  <\/p>\n","protected":false},"featured_media":31162,"comment_status":"closed","ping_status":"closed","template":"","meta":{"_acf_changed":false},"product_brand":[],"product_cat":[140,150,151,155,158],"product_tag":[],"class_list":{"0":"post-31167","1":"product","2":"type-product","3":"status-publish","4":"has-post-thumbnail","6":"product_cat-beweglichkeit","7":"product_cat-galican","8":"product_cat-hohensprunge","9":"product_cat-wande","10":"product_cat-weich","12":"first","13":"onbackorder","14":"taxable","15":"shipping-taxable","16":"purchasable","17":"product-type-variable"},"acf":[],"yoast_head":"<!-- This site is optimized with the Yoast SEO plugin v27.6 - https:\/\/yoast.com\/product\/yoast-seo-wordpress\/ -->\n<title>Soft Wall Fullgrip - Animal Products<\/title>\n<meta name=\"description\" content=\"Der Galican SOFT Wall Fullgrip bietet durch sein rutschfestes Material maximale Stabilit\u00e4t und Sicherheit. Es bleibt auch bei Wind stabil und f\u00e4llt kontrolliert um, ohne Gefahr f\u00fcr Ihren Hund. Witterungsbest\u00e4ndig, abriebfest und in verschiedenen Farben erh\u00e4ltlich \u2013 perfekt f\u00fcr intensives Training.\" \/>\n<meta name=\"robots\" content=\"index, follow, max-snippet:-1, max-image-preview:large, max-video-preview:-1\" \/>\n<link rel=\"canonical\" href=\"https:\/\/animalproducts.nl\/de\/produkt\/soft-wall-fullgrip\/\" \/>\n<meta property=\"og:locale\" content=\"de_DE\" \/>\n<meta property=\"og:type\" content=\"article\" \/>\n<meta property=\"og:title\" content=\"Soft Wall Fullgrip - Animal Products\" \/>\n<meta property=\"og:description\" content=\"Der Galican SOFT Wall Fullgrip bietet durch sein rutschfestes Material maximale Stabilit\u00e4t und Sicherheit. Es bleibt auch bei Wind stabil und f\u00e4llt kontrolliert um, ohne Gefahr f\u00fcr Ihren Hund. Witterungsbest\u00e4ndig, abriebfest und in verschiedenen Farben erh\u00e4ltlich \u2013 perfekt f\u00fcr intensives Training.\" \/>\n<meta property=\"og:url\" content=\"https:\/\/animalproducts.nl\/de\/produkt\/soft-wall-fullgrip\/\" \/>\n<meta property=\"og:site_name\" content=\"Animal Products\" \/>\n<meta property=\"article:modified_time\" content=\"2026-01-30T19:36:34+00:00\" \/>\n<meta property=\"og:image\" content=\"https:\/\/animalproducts.nl\/wp-content\/uploads\/2025\/10\/Muur-Fullgrip-galican-01-1.webp\" \/>\n\t<meta property=\"og:image:width\" content=\"1000\" \/>\n\t<meta property=\"og:image:height\" content=\"1000\" \/>\n\t<meta property=\"og:image:type\" content=\"image\/webp\" \/>\n<meta name=\"twitter:card\" content=\"summary_large_image\" \/>\n<meta name=\"twitter:label1\" content=\"Gesch\u00e4tzte Lesezeit\" \/>\n\t<meta name=\"twitter:data1\" content=\"1\u00a0Minute\" \/>\n<script type=\"application\/ld+json\" class=\"yoast-schema-graph\">{\"@context\":\"https:\\\/\\\/schema.org\",\"@graph\":[{\"@type\":\"WebPage\",\"@id\":\"https:\\\/\\\/animalproducts.nl\\\/de\\\/produkt\\\/soft-wall-fullgrip\\\/\",\"url\":\"https:\\\/\\\/animalproducts.nl\\\/de\\\/produkt\\\/soft-wall-fullgrip\\\/\",\"name\":\"Soft Wall Fullgrip - Animal Products\",\"isPartOf\":{\"@id\":\"https:\\\/\\\/animalproducts.nl\\\/de\\\/#website\"},\"primaryImageOfPage\":{\"@id\":\"https:\\\/\\\/animalproducts.nl\\\/de\\\/produkt\\\/soft-wall-fullgrip\\\/#primaryimage\"},\"image\":{\"@id\":\"https:\\\/\\\/animalproducts.nl\\\/de\\\/produkt\\\/soft-wall-fullgrip\\\/#primaryimage\"},\"thumbnailUrl\":\"https:\\\/\\\/animalproducts.nl\\\/wp-content\\\/uploads\\\/2025\\\/10\\\/Muur-Fullgrip-galican-01-1.webp\",\"datePublished\":\"2025-10-20T17:12:42+00:00\",\"dateModified\":\"2026-01-30T19:36:34+00:00\",\"description\":\"Der Galican SOFT Wall Fullgrip bietet durch sein rutschfestes Material maximale Stabilit\u00e4t und Sicherheit. Es bleibt auch bei Wind stabil und f\u00e4llt kontrolliert um, ohne Gefahr f\u00fcr Ihren Hund. Witterungsbest\u00e4ndig, abriebfest und in verschiedenen Farben erh\u00e4ltlich \u2013 perfekt f\u00fcr intensives Training.\",\"breadcrumb\":{\"@id\":\"https:\\\/\\\/animalproducts.nl\\\/de\\\/produkt\\\/soft-wall-fullgrip\\\/#breadcrumb\"},\"inLanguage\":\"de\",\"potentialAction\":[{\"@type\":\"ReadAction\",\"target\":[\"https:\\\/\\\/animalproducts.nl\\\/de\\\/produkt\\\/soft-wall-fullgrip\\\/\"]}]},{\"@type\":\"ImageObject\",\"inLanguage\":\"de\",\"@id\":\"https:\\\/\\\/animalproducts.nl\\\/de\\\/produkt\\\/soft-wall-fullgrip\\\/#primaryimage\",\"url\":\"https:\\\/\\\/animalproducts.nl\\\/wp-content\\\/uploads\\\/2025\\\/10\\\/Muur-Fullgrip-galican-01-1.webp\",\"contentUrl\":\"https:\\\/\\\/animalproducts.nl\\\/wp-content\\\/uploads\\\/2025\\\/10\\\/Muur-Fullgrip-galican-01-1.webp\",\"width\":1000,\"height\":1000},{\"@type\":\"BreadcrumbList\",\"@id\":\"https:\\\/\\\/animalproducts.nl\\\/de\\\/produkt\\\/soft-wall-fullgrip\\\/#breadcrumb\",\"itemListElement\":[{\"@type\":\"ListItem\",\"position\":1,\"name\":\"Shop\",\"item\":\"https:\\\/\\\/animalproducts.nl\\\/de\\\/heim\\\/\"},{\"@type\":\"ListItem\",\"position\":2,\"name\":\"Shop\",\"item\":\"https:\\\/\\\/animalproducts.nl\\\/de\\\/shop\\\/\"},{\"@type\":\"ListItem\",\"position\":3,\"name\":\"Beweglichkeit\",\"item\":\"https:\\\/\\\/animalproducts.nl\\\/de\\\/product-categorie\\\/beweglichkeit\\\/\"},{\"@type\":\"ListItem\",\"position\":4,\"name\":\"Soft Wall Fullgrip\"}]},{\"@type\":\"WebSite\",\"@id\":\"https:\\\/\\\/animalproducts.nl\\\/de\\\/#website\",\"url\":\"https:\\\/\\\/animalproducts.nl\\\/de\\\/\",\"name\":\"Animal Products\",\"description\":\"\",\"publisher\":{\"@id\":\"https:\\\/\\\/animalproducts.nl\\\/de\\\/#organization\"},\"potentialAction\":[{\"@type\":\"SearchAction\",\"target\":{\"@type\":\"EntryPoint\",\"urlTemplate\":\"https:\\\/\\\/animalproducts.nl\\\/de\\\/?s={search_term_string}\"},\"query-input\":{\"@type\":\"PropertyValueSpecification\",\"valueRequired\":true,\"valueName\":\"search_term_string\"}}],\"inLanguage\":\"de\"},{\"@type\":\"Organization\",\"@id\":\"https:\\\/\\\/animalproducts.nl\\\/de\\\/#organization\",\"name\":\"Animal Products\",\"url\":\"https:\\\/\\\/animalproducts.nl\\\/de\\\/\",\"logo\":{\"@type\":\"ImageObject\",\"inLanguage\":\"de\",\"@id\":\"https:\\\/\\\/animalproducts.nl\\\/de\\\/#\\\/schema\\\/logo\\\/image\\\/\",\"url\":\"https:\\\/\\\/animalproducts.nl\\\/wp-content\\\/uploads\\\/2025\\\/07\\\/AnimalProducts-logo-v2-liggend-def-scaled.png\",\"contentUrl\":\"https:\\\/\\\/animalproducts.nl\\\/wp-content\\\/uploads\\\/2025\\\/07\\\/AnimalProducts-logo-v2-liggend-def-scaled.png\",\"width\":2560,\"height\":1266,\"caption\":\"Animal Products\"},\"image\":{\"@id\":\"https:\\\/\\\/animalproducts.nl\\\/de\\\/#\\\/schema\\\/logo\\\/image\\\/\"}}]}<\/script>\n<!-- \/ Yoast SEO plugin. -->","yoast_head_json":{"title":"Soft Wall Fullgrip - Animal Products","description":"Der Galican SOFT Wall Fullgrip bietet durch sein rutschfestes Material maximale Stabilit\u00e4t und Sicherheit. Es bleibt auch bei Wind stabil und f\u00e4llt kontrolliert um, ohne Gefahr f\u00fcr Ihren Hund. Witterungsbest\u00e4ndig, abriebfest und in verschiedenen Farben erh\u00e4ltlich \u2013 perfekt f\u00fcr intensives Training.","robots":{"index":"index","follow":"follow","max-snippet":"max-snippet:-1","max-image-preview":"max-image-preview:large","max-video-preview":"max-video-preview:-1"},"canonical":"https:\/\/animalproducts.nl\/de\/produkt\/soft-wall-fullgrip\/","og_locale":"de_DE","og_type":"article","og_title":"Soft Wall Fullgrip - Animal Products","og_description":"Der Galican SOFT Wall Fullgrip bietet durch sein rutschfestes Material maximale Stabilit\u00e4t und Sicherheit. Es bleibt auch bei Wind stabil und f\u00e4llt kontrolliert um, ohne Gefahr f\u00fcr Ihren Hund. Witterungsbest\u00e4ndig, abriebfest und in verschiedenen Farben erh\u00e4ltlich \u2013 perfekt f\u00fcr intensives Training.","og_url":"https:\/\/animalproducts.nl\/de\/produkt\/soft-wall-fullgrip\/","og_site_name":"Animal Products","article_modified_time":"2026-01-30T19:36:34+00:00","og_image":[{"width":1000,"height":1000,"url":"https:\/\/animalproducts.nl\/wp-content\/uploads\/2025\/10\/Muur-Fullgrip-galican-01-1.webp","type":"image\/webp"}],"twitter_card":"summary_large_image","twitter_misc":{"Gesch\u00e4tzte Lesezeit":"1\u00a0Minute"},"schema":{"@context":"https:\/\/schema.org","@graph":[{"@type":"WebPage","@id":"https:\/\/animalproducts.nl\/de\/produkt\/soft-wall-fullgrip\/","url":"https:\/\/animalproducts.nl\/de\/produkt\/soft-wall-fullgrip\/","name":"Soft Wall Fullgrip - Animal Products","isPartOf":{"@id":"https:\/\/animalproducts.nl\/de\/#website"},"primaryImageOfPage":{"@id":"https:\/\/animalproducts.nl\/de\/produkt\/soft-wall-fullgrip\/#primaryimage"},"image":{"@id":"https:\/\/animalproducts.nl\/de\/produkt\/soft-wall-fullgrip\/#primaryimage"},"thumbnailUrl":"https:\/\/animalproducts.nl\/wp-content\/uploads\/2025\/10\/Muur-Fullgrip-galican-01-1.webp","datePublished":"2025-10-20T17:12:42+00:00","dateModified":"2026-01-30T19:36:34+00:00","description":"Der Galican SOFT Wall Fullgrip bietet durch sein rutschfestes Material maximale Stabilit\u00e4t und Sicherheit. Es bleibt auch bei Wind stabil und f\u00e4llt kontrolliert um, ohne Gefahr f\u00fcr Ihren Hund. Witterungsbest\u00e4ndig, abriebfest und in verschiedenen Farben erh\u00e4ltlich \u2013 perfekt f\u00fcr intensives Training.","breadcrumb":{"@id":"https:\/\/animalproducts.nl\/de\/produkt\/soft-wall-fullgrip\/#breadcrumb"},"inLanguage":"de","potentialAction":[{"@type":"ReadAction","target":["https:\/\/animalproducts.nl\/de\/produkt\/soft-wall-fullgrip\/"]}]},{"@type":"ImageObject","inLanguage":"de","@id":"https:\/\/animalproducts.nl\/de\/produkt\/soft-wall-fullgrip\/#primaryimage","url":"https:\/\/animalproducts.nl\/wp-content\/uploads\/2025\/10\/Muur-Fullgrip-galican-01-1.webp","contentUrl":"https:\/\/animalproducts.nl\/wp-content\/uploads\/2025\/10\/Muur-Fullgrip-galican-01-1.webp","width":1000,"height":1000},{"@type":"BreadcrumbList","@id":"https:\/\/animalproducts.nl\/de\/produkt\/soft-wall-fullgrip\/#breadcrumb","itemListElement":[{"@type":"ListItem","position":1,"name":"Shop","item":"https:\/\/animalproducts.nl\/de\/heim\/"},{"@type":"ListItem","position":2,"name":"Shop","item":"https:\/\/animalproducts.nl\/de\/shop\/"},{"@type":"ListItem","position":3,"name":"Beweglichkeit","item":"https:\/\/animalproducts.nl\/de\/product-categorie\/beweglichkeit\/"},{"@type":"ListItem","position":4,"name":"Soft Wall Fullgrip"}]},{"@type":"WebSite","@id":"https:\/\/animalproducts.nl\/de\/#website","url":"https:\/\/animalproducts.nl\/de\/","name":"Animal Products","description":"","publisher":{"@id":"https:\/\/animalproducts.nl\/de\/#organization"},"potentialAction":[{"@type":"SearchAction","target":{"@type":"EntryPoint","urlTemplate":"https:\/\/animalproducts.nl\/de\/?s={search_term_string}"},"query-input":{"@type":"PropertyValueSpecification","valueRequired":true,"valueName":"search_term_string"}}],"inLanguage":"de"},{"@type":"Organization","@id":"https:\/\/animalproducts.nl\/de\/#organization","name":"Animal Products","url":"https:\/\/animalproducts.nl\/de\/","logo":{"@type":"ImageObject","inLanguage":"de","@id":"https:\/\/animalproducts.nl\/de\/#\/schema\/logo\/image\/","url":"https:\/\/animalproducts.nl\/wp-content\/uploads\/2025\/07\/AnimalProducts-logo-v2-liggend-def-scaled.png","contentUrl":"https:\/\/animalproducts.nl\/wp-content\/uploads\/2025\/07\/AnimalProducts-logo-v2-liggend-def-scaled.png","width":2560,"height":1266,"caption":"Animal Products"},"image":{"@id":"https:\/\/animalproducts.nl\/de\/#\/schema\/logo\/image\/"}}]}},"_links":{"self":[{"href":"https:\/\/animalproducts.nl\/de\/wp-json\/wp\/v2\/product\/31167","targetHints":{"allow":["GET"]}}],"collection":[{"href":"https:\/\/animalproducts.nl\/de\/wp-json\/wp\/v2\/product"}],"about":[{"href":"https:\/\/animalproducts.nl\/de\/wp-json\/wp\/v2\/types\/product"}],"replies":[{"embeddable":true,"href":"https:\/\/animalproducts.nl\/de\/wp-json\/wp\/v2\/comments?post=31167"}],"wp:featuredmedia":[{"embeddable":true,"href":"https:\/\/animalproducts.nl\/de\/wp-json\/wp\/v2\/media\/31162"}],"wp:attachment":[{"href":"https:\/\/animalproducts.nl\/de\/wp-json\/wp\/v2\/media?parent=31167"}],"wp:term":[{"taxonomy":"product_brand","embeddable":true,"href":"https:\/\/animalproducts.nl\/de\/wp-json\/wp\/v2\/product_brand?post=31167"},{"taxonomy":"product_cat","embeddable":true,"href":"https:\/\/animalproducts.nl\/de\/wp-json\/wp\/v2\/product_cat?post=31167"},{"taxonomy":"product_tag","embeddable":true,"href":"https:\/\/animalproducts.nl\/de\/wp-json\/wp\/v2\/product_tag?post=31167"}],"curies":[{"name":"wp","href":"https:\/\/api.w.org\/{rel}","templated":true}]}}