{"id":31129,"date":"2025-10-20T21:22:36","date_gmt":"2025-10-20T19:22:36","guid":{"rendered":"https:\/\/animalproducts.nl\/product\/galican-slalom-softconnectors\/"},"modified":"2025-10-20T21:22:36","modified_gmt":"2025-10-20T19:22:36","slug":"galican-slalom-softconnectors","status":"publish","type":"product","link":"https:\/\/animalproducts.nl\/de\/produkt\/galican-slalom-softconnectors\/","title":{"rendered":"Galican Slalom SoftConnectors"},"content":{"rendered":"<p>Die neuen Galican Slalom SoftConnector sorgen f\u00fcr fl\u00fcssigere Bewegungen und mehr Sicherheit im Slalomtraining. Das flexible, weiche Material zwischen Basis und Stange reduziert den Aufprall, erm\u00f6glicht eine sanftere Stangenbewegung und erleichtert den Hunden das Durchlaufen des Slaloms. <\/p>\n<p>Die neuen Galican Slalom SoftConnector sind eine innovative Erg\u00e4nzung f\u00fcr den Agility-Sport. Zwischen Basis und Slalomstange eingesetzt, wirken sie als flexibles Verbindungselement und machen die Bewegung der Stangen deutlich weicher und kontrollierter. <\/p>\n<p>Das weiche, sto\u00dfd\u00e4mpfende Material reduziert den Aufprall, wenn Hunde die Stangen ber\u00fchren, und verringert so Unsicherheiten w\u00e4hrend des Trainings. Dadurch laufen Hunde fl\u00fcssiger, sicherer und pr\u00e4ziser durch den Slalom. <\/p>\n<div style=\"width: 800px;\" class=\"wp-video\"><video class=\"wp-video-shortcode\" id=\"video-31129-1\" width=\"800\" height=\"453\" preload=\"metadata\" controls=\"controls\"><source type=\"video\/mp4\" src=\"https:\/\/animalproducts.nl\/wp-content\/uploads\/2025\/10\/Slalom-SoftConnector.mp4?_=1\" \/><a href=\"https:\/\/animalproducts.nl\/wp-content\/uploads\/2025\/10\/Slalom-SoftConnector.mp4\">https:\/\/animalproducts.nl\/wp-content\/uploads\/2025\/10\/Slalom-SoftConnector.mp4<\/a><\/video><\/div>\n","protected":false},"excerpt":{"rendered":"<p>Die neuen Galican Slalom SoftConnector sorgen f\u00fcr fl\u00fcssigere Bewegungen und mehr Sicherheit im Slalomtraining. Das flexible, weiche Material zwischen Basis und Stange reduziert den Aufprall, erm\u00f6glicht eine sanftere Stangenbewegung und erleichtert den Hunden das Durchlaufen des Slaloms. <\/p>\n","protected":false},"featured_media":29395,"comment_status":"closed","ping_status":"closed","template":"","meta":{"_acf_changed":false},"product_brand":[],"product_cat":[150,157,142],"product_tag":[],"class_list":{"0":"post-31129","1":"product","2":"type-product","3":"status-publish","4":"has-post-thumbnail","6":"product_cat-galican","7":"product_cat-slaloms","8":"product_cat-zubehor","10":"first","11":"instock","12":"taxable","13":"shipping-taxable","14":"purchasable","15":"product-type-simple"},"acf":[],"yoast_head":"<!-- This site is optimized with the Yoast SEO plugin v27.6 - https:\/\/yoast.com\/product\/yoast-seo-wordpress\/ -->\n<title>Galican Slalom SoftConnectors - Animal Products<\/title>\n<meta name=\"description\" content=\"Die neuen Galican Slalom SoftConnector sorgen f\u00fcr fl\u00fcssigere Bewegungen und mehr Sicherheit im Slalomtraining. Das flexible, weiche Material zwischen Basis und Stange reduziert den Aufprall, erm\u00f6glicht eine sanftere Stangenbewegung und erleichtert den Hunden das Durchlaufen des Slaloms.\" \/>\n<meta name=\"robots\" content=\"index, follow, max-snippet:-1, max-image-preview:large, max-video-preview:-1\" \/>\n<link rel=\"canonical\" href=\"https:\/\/animalproducts.nl\/de\/produkt\/galican-slalom-softconnectors\/\" \/>\n<meta property=\"og:locale\" content=\"de_DE\" \/>\n<meta property=\"og:type\" content=\"article\" \/>\n<meta property=\"og:title\" content=\"Galican Slalom SoftConnectors - Animal Products\" \/>\n<meta property=\"og:description\" content=\"Die neuen Galican Slalom SoftConnector sorgen f\u00fcr fl\u00fcssigere Bewegungen und mehr Sicherheit im Slalomtraining. Das flexible, weiche Material zwischen Basis und Stange reduziert den Aufprall, erm\u00f6glicht eine sanftere Stangenbewegung und erleichtert den Hunden das Durchlaufen des Slaloms.\" \/>\n<meta property=\"og:url\" content=\"https:\/\/animalproducts.nl\/de\/produkt\/galican-slalom-softconnectors\/\" \/>\n<meta property=\"og:site_name\" content=\"Animal Products\" \/>\n<meta property=\"og:image\" content=\"https:\/\/animalproducts.nl\/wp-content\/uploads\/2025\/10\/Slalom-SoftConnector_1.webp\" \/>\n\t<meta property=\"og:image:width\" content=\"1000\" \/>\n\t<meta property=\"og:image:height\" content=\"1000\" \/>\n\t<meta property=\"og:image:type\" content=\"image\/webp\" \/>\n<meta name=\"twitter:card\" content=\"summary_large_image\" \/>\n<meta name=\"twitter:label1\" content=\"Gesch\u00e4tzte Lesezeit\" \/>\n\t<meta name=\"twitter:data1\" content=\"1\u00a0Minute\" \/>\n<script type=\"application\/ld+json\" class=\"yoast-schema-graph\">{\"@context\":\"https:\\\/\\\/schema.org\",\"@graph\":[{\"@type\":\"WebPage\",\"@id\":\"https:\\\/\\\/animalproducts.nl\\\/de\\\/produkt\\\/galican-slalom-softconnectors\\\/\",\"url\":\"https:\\\/\\\/animalproducts.nl\\\/de\\\/produkt\\\/galican-slalom-softconnectors\\\/\",\"name\":\"Galican Slalom SoftConnectors - Animal Products\",\"isPartOf\":{\"@id\":\"https:\\\/\\\/animalproducts.nl\\\/de\\\/#website\"},\"primaryImageOfPage\":{\"@id\":\"https:\\\/\\\/animalproducts.nl\\\/de\\\/produkt\\\/galican-slalom-softconnectors\\\/#primaryimage\"},\"image\":{\"@id\":\"https:\\\/\\\/animalproducts.nl\\\/de\\\/produkt\\\/galican-slalom-softconnectors\\\/#primaryimage\"},\"thumbnailUrl\":\"https:\\\/\\\/animalproducts.nl\\\/wp-content\\\/uploads\\\/2025\\\/10\\\/Slalom-SoftConnector_1.webp\",\"datePublished\":\"2025-10-20T19:22:36+00:00\",\"description\":\"Die neuen Galican Slalom SoftConnector sorgen f\u00fcr fl\u00fcssigere Bewegungen und mehr Sicherheit im Slalomtraining. Das flexible, weiche Material zwischen Basis und Stange reduziert den Aufprall, erm\u00f6glicht eine sanftere Stangenbewegung und erleichtert den Hunden das Durchlaufen des Slaloms.\",\"breadcrumb\":{\"@id\":\"https:\\\/\\\/animalproducts.nl\\\/de\\\/produkt\\\/galican-slalom-softconnectors\\\/#breadcrumb\"},\"inLanguage\":\"de\",\"potentialAction\":[{\"@type\":\"ReadAction\",\"target\":[\"https:\\\/\\\/animalproducts.nl\\\/de\\\/produkt\\\/galican-slalom-softconnectors\\\/\"]}]},{\"@type\":\"ImageObject\",\"inLanguage\":\"de\",\"@id\":\"https:\\\/\\\/animalproducts.nl\\\/de\\\/produkt\\\/galican-slalom-softconnectors\\\/#primaryimage\",\"url\":\"https:\\\/\\\/animalproducts.nl\\\/wp-content\\\/uploads\\\/2025\\\/10\\\/Slalom-SoftConnector_1.webp\",\"contentUrl\":\"https:\\\/\\\/animalproducts.nl\\\/wp-content\\\/uploads\\\/2025\\\/10\\\/Slalom-SoftConnector_1.webp\",\"width\":1000,\"height\":1000},{\"@type\":\"BreadcrumbList\",\"@id\":\"https:\\\/\\\/animalproducts.nl\\\/de\\\/produkt\\\/galican-slalom-softconnectors\\\/#breadcrumb\",\"itemListElement\":[{\"@type\":\"ListItem\",\"position\":1,\"name\":\"Shop\",\"item\":\"https:\\\/\\\/animalproducts.nl\\\/de\\\/heim\\\/\"},{\"@type\":\"ListItem\",\"position\":2,\"name\":\"Shop\",\"item\":\"https:\\\/\\\/animalproducts.nl\\\/de\\\/shop\\\/\"},{\"@type\":\"ListItem\",\"position\":3,\"name\":\"Galican Slalom SoftConnectors\"}]},{\"@type\":\"WebSite\",\"@id\":\"https:\\\/\\\/animalproducts.nl\\\/de\\\/#website\",\"url\":\"https:\\\/\\\/animalproducts.nl\\\/de\\\/\",\"name\":\"Animal Products\",\"description\":\"\",\"publisher\":{\"@id\":\"https:\\\/\\\/animalproducts.nl\\\/de\\\/#organization\"},\"potentialAction\":[{\"@type\":\"SearchAction\",\"target\":{\"@type\":\"EntryPoint\",\"urlTemplate\":\"https:\\\/\\\/animalproducts.nl\\\/de\\\/?s={search_term_string}\"},\"query-input\":{\"@type\":\"PropertyValueSpecification\",\"valueRequired\":true,\"valueName\":\"search_term_string\"}}],\"inLanguage\":\"de\"},{\"@type\":\"Organization\",\"@id\":\"https:\\\/\\\/animalproducts.nl\\\/de\\\/#organization\",\"name\":\"Animal Products\",\"url\":\"https:\\\/\\\/animalproducts.nl\\\/de\\\/\",\"logo\":{\"@type\":\"ImageObject\",\"inLanguage\":\"de\",\"@id\":\"https:\\\/\\\/animalproducts.nl\\\/de\\\/#\\\/schema\\\/logo\\\/image\\\/\",\"url\":\"https:\\\/\\\/animalproducts.nl\\\/wp-content\\\/uploads\\\/2025\\\/07\\\/AnimalProducts-logo-v2-liggend-def-scaled.png\",\"contentUrl\":\"https:\\\/\\\/animalproducts.nl\\\/wp-content\\\/uploads\\\/2025\\\/07\\\/AnimalProducts-logo-v2-liggend-def-scaled.png\",\"width\":2560,\"height\":1266,\"caption\":\"Animal Products\"},\"image\":{\"@id\":\"https:\\\/\\\/animalproducts.nl\\\/de\\\/#\\\/schema\\\/logo\\\/image\\\/\"}}]}<\/script>\n<!-- \/ Yoast SEO plugin. -->","yoast_head_json":{"title":"Galican Slalom SoftConnectors - Animal Products","description":"Die neuen Galican Slalom SoftConnector sorgen f\u00fcr fl\u00fcssigere Bewegungen und mehr Sicherheit im Slalomtraining. Das flexible, weiche Material zwischen Basis und Stange reduziert den Aufprall, erm\u00f6glicht eine sanftere Stangenbewegung und erleichtert den Hunden das Durchlaufen des Slaloms.","robots":{"index":"index","follow":"follow","max-snippet":"max-snippet:-1","max-image-preview":"max-image-preview:large","max-video-preview":"max-video-preview:-1"},"canonical":"https:\/\/animalproducts.nl\/de\/produkt\/galican-slalom-softconnectors\/","og_locale":"de_DE","og_type":"article","og_title":"Galican Slalom SoftConnectors - Animal Products","og_description":"Die neuen Galican Slalom SoftConnector sorgen f\u00fcr fl\u00fcssigere Bewegungen und mehr Sicherheit im Slalomtraining. Das flexible, weiche Material zwischen Basis und Stange reduziert den Aufprall, erm\u00f6glicht eine sanftere Stangenbewegung und erleichtert den Hunden das Durchlaufen des Slaloms.","og_url":"https:\/\/animalproducts.nl\/de\/produkt\/galican-slalom-softconnectors\/","og_site_name":"Animal Products","og_image":[{"width":1000,"height":1000,"url":"https:\/\/animalproducts.nl\/wp-content\/uploads\/2025\/10\/Slalom-SoftConnector_1.webp","type":"image\/webp"}],"twitter_card":"summary_large_image","twitter_misc":{"Gesch\u00e4tzte Lesezeit":"1\u00a0Minute"},"schema":{"@context":"https:\/\/schema.org","@graph":[{"@type":"WebPage","@id":"https:\/\/animalproducts.nl\/de\/produkt\/galican-slalom-softconnectors\/","url":"https:\/\/animalproducts.nl\/de\/produkt\/galican-slalom-softconnectors\/","name":"Galican Slalom SoftConnectors - Animal Products","isPartOf":{"@id":"https:\/\/animalproducts.nl\/de\/#website"},"primaryImageOfPage":{"@id":"https:\/\/animalproducts.nl\/de\/produkt\/galican-slalom-softconnectors\/#primaryimage"},"image":{"@id":"https:\/\/animalproducts.nl\/de\/produkt\/galican-slalom-softconnectors\/#primaryimage"},"thumbnailUrl":"https:\/\/animalproducts.nl\/wp-content\/uploads\/2025\/10\/Slalom-SoftConnector_1.webp","datePublished":"2025-10-20T19:22:36+00:00","description":"Die neuen Galican Slalom SoftConnector sorgen f\u00fcr fl\u00fcssigere Bewegungen und mehr Sicherheit im Slalomtraining. Das flexible, weiche Material zwischen Basis und Stange reduziert den Aufprall, erm\u00f6glicht eine sanftere Stangenbewegung und erleichtert den Hunden das Durchlaufen des Slaloms.","breadcrumb":{"@id":"https:\/\/animalproducts.nl\/de\/produkt\/galican-slalom-softconnectors\/#breadcrumb"},"inLanguage":"de","potentialAction":[{"@type":"ReadAction","target":["https:\/\/animalproducts.nl\/de\/produkt\/galican-slalom-softconnectors\/"]}]},{"@type":"ImageObject","inLanguage":"de","@id":"https:\/\/animalproducts.nl\/de\/produkt\/galican-slalom-softconnectors\/#primaryimage","url":"https:\/\/animalproducts.nl\/wp-content\/uploads\/2025\/10\/Slalom-SoftConnector_1.webp","contentUrl":"https:\/\/animalproducts.nl\/wp-content\/uploads\/2025\/10\/Slalom-SoftConnector_1.webp","width":1000,"height":1000},{"@type":"BreadcrumbList","@id":"https:\/\/animalproducts.nl\/de\/produkt\/galican-slalom-softconnectors\/#breadcrumb","itemListElement":[{"@type":"ListItem","position":1,"name":"Shop","item":"https:\/\/animalproducts.nl\/de\/heim\/"},{"@type":"ListItem","position":2,"name":"Shop","item":"https:\/\/animalproducts.nl\/de\/shop\/"},{"@type":"ListItem","position":3,"name":"Galican Slalom SoftConnectors"}]},{"@type":"WebSite","@id":"https:\/\/animalproducts.nl\/de\/#website","url":"https:\/\/animalproducts.nl\/de\/","name":"Animal Products","description":"","publisher":{"@id":"https:\/\/animalproducts.nl\/de\/#organization"},"potentialAction":[{"@type":"SearchAction","target":{"@type":"EntryPoint","urlTemplate":"https:\/\/animalproducts.nl\/de\/?s={search_term_string}"},"query-input":{"@type":"PropertyValueSpecification","valueRequired":true,"valueName":"search_term_string"}}],"inLanguage":"de"},{"@type":"Organization","@id":"https:\/\/animalproducts.nl\/de\/#organization","name":"Animal Products","url":"https:\/\/animalproducts.nl\/de\/","logo":{"@type":"ImageObject","inLanguage":"de","@id":"https:\/\/animalproducts.nl\/de\/#\/schema\/logo\/image\/","url":"https:\/\/animalproducts.nl\/wp-content\/uploads\/2025\/07\/AnimalProducts-logo-v2-liggend-def-scaled.png","contentUrl":"https:\/\/animalproducts.nl\/wp-content\/uploads\/2025\/07\/AnimalProducts-logo-v2-liggend-def-scaled.png","width":2560,"height":1266,"caption":"Animal Products"},"image":{"@id":"https:\/\/animalproducts.nl\/de\/#\/schema\/logo\/image\/"}}]}},"_links":{"self":[{"href":"https:\/\/animalproducts.nl\/de\/wp-json\/wp\/v2\/product\/31129","targetHints":{"allow":["GET"]}}],"collection":[{"href":"https:\/\/animalproducts.nl\/de\/wp-json\/wp\/v2\/product"}],"about":[{"href":"https:\/\/animalproducts.nl\/de\/wp-json\/wp\/v2\/types\/product"}],"replies":[{"embeddable":true,"href":"https:\/\/animalproducts.nl\/de\/wp-json\/wp\/v2\/comments?post=31129"}],"wp:featuredmedia":[{"embeddable":true,"href":"https:\/\/animalproducts.nl\/de\/wp-json\/wp\/v2\/media\/29395"}],"wp:attachment":[{"href":"https:\/\/animalproducts.nl\/de\/wp-json\/wp\/v2\/media?parent=31129"}],"wp:term":[{"taxonomy":"product_brand","embeddable":true,"href":"https:\/\/animalproducts.nl\/de\/wp-json\/wp\/v2\/product_brand?post=31129"},{"taxonomy":"product_cat","embeddable":true,"href":"https:\/\/animalproducts.nl\/de\/wp-json\/wp\/v2\/product_cat?post=31129"},{"taxonomy":"product_tag","embeddable":true,"href":"https:\/\/animalproducts.nl\/de\/wp-json\/wp\/v2\/product_tag?post=31129"}],"curies":[{"name":"wp","href":"https:\/\/api.w.org\/{rel}","templated":true}]}}