{"id":31087,"date":"2025-11-20T20:05:54","date_gmt":"2025-11-20T19:05:54","guid":{"rendered":"https:\/\/animalproducts.nl\/product\/clear-jump-bar-trainingshilfe-fuer-weitsprung-und-wandsprung\/"},"modified":"2025-11-20T20:05:54","modified_gmt":"2025-11-20T19:05:54","slug":"clear-jump-bar-trainingshilfe-fuer-weitsprung-und-wandsprung","status":"publish","type":"product","link":"https:\/\/animalproducts.nl\/de\/produkt\/clear-jump-bar-trainingshilfe-fuer-weitsprung-und-wandsprung\/","title":{"rendered":"Clear Jump Bar \u2013 Trainingshilfe f\u00fcr Weitsprung und Wandsprung"},"content":{"rendered":"<p>Die Clear Jump Bar besteht aus einer transparenten Stange und 2 St\u00fctzen, wobei das einzigartige Design sowohl f\u00fcr den Weitsprung als auch f\u00fcr die Wand angewendet wird.<\/p>\n<p>Wenn Ihr Hund dazu neigt, von den Bl\u00f6cken an der Wand abzuspringen oder zu weit zu springen, wird dieses Trainingsger\u00e4t Ihre \u00dcbungen reibungsloser und effektiver gestalten. Die Idee hinter der transparenten Sprungstange ist, einen normalen Sprung zu imitieren \u2013 etwas, das die meisten Hunde bereits gut beherrschen. Viele Trainer stellen fest, dass es Hunden schwerf\u00e4llt, die gleichen Kriterien f\u00fcr Weitspr\u00fcnge und Wandspr\u00fcnge zu erkennen. Durch die Einf\u00fchrung eines vertrauten Elements, das einem Sprung \u00e4hnelt, wird das Verhalten viel deutlicher.   <\/p>\n<p id=\"tw-target-text\" class=\"tw-data-text tw-text-large tw-ta\" dir=\"ltr\" tabindex=\"-1\" role=\"text\" data-placeholder=\"Vertaling\" data-ved=\"2ahUKEwip0eDHvPuQAxWbzwIHHYMePfIQ3ewLegQIDBAV\" aria-label=\"Vertaalde tekst: De balk is transparant, waardoor u hem geleidelijk kunt laten vervagen naarmate de hond de juiste techniek leert en meer zelfvertrouwen krijgt.\"><span class=\"Y2IQFc\" lang=\"nl\">Die Clear Jump Bar ist transparent, sodass Sie ihn nach und nach entfernen k\u00f6nnen, wenn Ihr Hund die richtige Technik erlernt und mehr Selbstvertrauen gewinnt.<\/span><\/p>\n<p class=\"tw-data-text tw-text-large tw-ta\" dir=\"ltr\" tabindex=\"-1\" role=\"text\" data-placeholder=\"Vertaling\" data-ved=\"2ahUKEwip0eDHvPuQAxWbzwIHHYMePfIQ3ewLegQIDBAV\" aria-label=\"Vertaalde tekst: De balk is transparant, waardoor u hem geleidelijk kunt laten vervagen naarmate de hond de juiste techniek leert en meer zelfvertrouwen krijgt.\"><span class=\"Y2IQFc\" lang=\"nl\">Dieses Set besteht aus einer Clear Jump Bar und zwei St\u00fctzen, die sowohl f\u00fcr die breite als auch f\u00fcr die Wand-Sprungstange geeignet sind: eine clevere und vielseitige L\u00f6sung f\u00fcr jedes Agility-Setup. <\/span><\/p>\n<p><strong>Produktmerkmale:<\/strong><\/p>\n<ul>\n<li>Die St\u00fctzen und Endkappen sind in verschiedenen Farben erh\u00e4ltlich.<\/li>\n<li>Die Clear Jump Bar besteht aus robustem und UV-best\u00e4ndigem Polycarbonat, ist langlebig und wird nicht spr\u00f6de.<\/li>\n<li>St\u00fctzen aus PETG HF \u2013 bekannt f\u00fcr seine au\u00dfergew\u00f6hnliche Festigkeit und Langlebigkeit. Ideal f\u00fcr den Au\u00dfenbereich, mit hoher Wasser- und UV-Best\u00e4ndigkeit. <\/li>\n<\/ul>\n<p>&nbsp;<\/p>\n","protected":false},"excerpt":{"rendered":"<p>Wenn Ihr Hund dazu neigt, von den Bl\u00f6cken an der Wand abzuspringen oder zu weit zu springen, wird dieses Trainingsger\u00e4t Ihre \u00dcbungen reibungsloser und effektiver gestalten. Die Idee hinter der transparenten Sprungstange ist, einen normalen Sprung zu imitieren \u2013 etwas, das die meisten Hunde bereits gut beherrschen. Viele Trainer stellen fest, dass es Hunden schwerf\u00e4llt, die gleichen Kriterien f\u00fcr Weitspr\u00fcnge und Wandspr\u00fcnge zu erkennen. Durch die Einf\u00fchrung eines vertrauten Elements, das einem Sprung \u00e4hnelt, wird das Verhalten viel deutlicher.   <\/p>\n","protected":false},"featured_media":29939,"comment_status":"closed","ping_status":"closed","template":"","meta":{"_acf_changed":false},"product_brand":[],"product_cat":[143,140,144,182],"product_tag":[],"class_list":{"0":"post-31087","1":"product","2":"type-product","3":"status-publish","4":"has-post-thumbnail","6":"product_cat-agility-zubehor","7":"product_cat-beweglichkeit","8":"product_cat-beweglichkeitstraining","9":"product_cat-safestridesolutions","11":"first","12":"onbackorder","13":"taxable","14":"shipping-taxable","15":"purchasable","16":"product-type-variable"},"acf":[],"yoast_head":"<!-- This site is optimized with the Yoast SEO plugin v27.6 - https:\/\/yoast.com\/product\/yoast-seo-wordpress\/ -->\n<title>Clear Jump Bar \u2013 Trainingshilfe f\u00fcr Weitsprung und Wandsprung - Animal Products<\/title>\n<meta name=\"description\" content=\"Wenn Ihr Hund dazu neigt, von den Bl\u00f6cken an der Wand abzuspringen oder zu weit zu springen, wird dieses Trainingsger\u00e4t Ihre \u00dcbungen reibungsloser und effektiver gestalten. Die Idee hinter der transparenten Sprungstange ist, einen normalen Sprung zu imitieren \u2013 etwas, das die meisten Hunde bereits gut beherrschen. Viele Trainer stellen fest, dass es Hunden schwerf\u00e4llt, die gleichen Kriterien f\u00fcr Weitspr\u00fcnge und Wandspr\u00fcnge zu erkennen. Durch die Einf\u00fchrung eines vertrauten Elements, das einem Sprung \u00e4hnelt, wird das Verhalten viel deutlicher.\" \/>\n<meta name=\"robots\" content=\"index, follow, max-snippet:-1, max-image-preview:large, max-video-preview:-1\" \/>\n<link rel=\"canonical\" href=\"https:\/\/animalproducts.nl\/de\/produkt\/clear-jump-bar-trainingshilfe-fuer-weitsprung-und-wandsprung\/\" \/>\n<meta property=\"og:locale\" content=\"de_DE\" \/>\n<meta property=\"og:type\" content=\"article\" \/>\n<meta property=\"og:title\" content=\"Clear Jump Bar \u2013 Trainingshilfe f\u00fcr Weitsprung und Wandsprung - Animal Products\" \/>\n<meta property=\"og:description\" content=\"Wenn Ihr Hund dazu neigt, von den Bl\u00f6cken an der Wand abzuspringen oder zu weit zu springen, wird dieses Trainingsger\u00e4t Ihre \u00dcbungen reibungsloser und effektiver gestalten. Die Idee hinter der transparenten Sprungstange ist, einen normalen Sprung zu imitieren \u2013 etwas, das die meisten Hunde bereits gut beherrschen. Viele Trainer stellen fest, dass es Hunden schwerf\u00e4llt, die gleichen Kriterien f\u00fcr Weitspr\u00fcnge und Wandspr\u00fcnge zu erkennen. Durch die Einf\u00fchrung eines vertrauten Elements, das einem Sprung \u00e4hnelt, wird das Verhalten viel deutlicher.\" \/>\n<meta property=\"og:url\" content=\"https:\/\/animalproducts.nl\/de\/produkt\/clear-jump-bar-trainingshilfe-fuer-weitsprung-und-wandsprung\/\" \/>\n<meta property=\"og:site_name\" content=\"Animal Products\" \/>\n<meta property=\"og:image\" content=\"https:\/\/animalproducts.nl\/wp-content\/uploads\/2025\/11\/PSX_20250509_161823-scaled.jpg\" \/>\n\t<meta property=\"og:image:width\" content=\"2560\" \/>\n\t<meta property=\"og:image:height\" content=\"1843\" \/>\n\t<meta property=\"og:image:type\" content=\"image\/jpeg\" \/>\n<meta name=\"twitter:card\" content=\"summary_large_image\" \/>\n<meta name=\"twitter:label1\" content=\"Gesch\u00e4tzte Lesezeit\" \/>\n\t<meta name=\"twitter:data1\" content=\"1\u00a0Minute\" \/>\n<script type=\"application\/ld+json\" class=\"yoast-schema-graph\">{\"@context\":\"https:\\\/\\\/schema.org\",\"@graph\":[{\"@type\":\"WebPage\",\"@id\":\"https:\\\/\\\/animalproducts.nl\\\/de\\\/produkt\\\/clear-jump-bar-trainingshilfe-fuer-weitsprung-und-wandsprung\\\/\",\"url\":\"https:\\\/\\\/animalproducts.nl\\\/de\\\/produkt\\\/clear-jump-bar-trainingshilfe-fuer-weitsprung-und-wandsprung\\\/\",\"name\":\"Clear Jump Bar \u2013 Trainingshilfe f\u00fcr Weitsprung und Wandsprung - Animal Products\",\"isPartOf\":{\"@id\":\"https:\\\/\\\/animalproducts.nl\\\/de\\\/#website\"},\"primaryImageOfPage\":{\"@id\":\"https:\\\/\\\/animalproducts.nl\\\/de\\\/produkt\\\/clear-jump-bar-trainingshilfe-fuer-weitsprung-und-wandsprung\\\/#primaryimage\"},\"image\":{\"@id\":\"https:\\\/\\\/animalproducts.nl\\\/de\\\/produkt\\\/clear-jump-bar-trainingshilfe-fuer-weitsprung-und-wandsprung\\\/#primaryimage\"},\"thumbnailUrl\":\"https:\\\/\\\/animalproducts.nl\\\/wp-content\\\/uploads\\\/2025\\\/11\\\/PSX_20250509_161823-scaled.jpg\",\"datePublished\":\"2025-11-20T19:05:54+00:00\",\"description\":\"Wenn Ihr Hund dazu neigt, von den Bl\u00f6cken an der Wand abzuspringen oder zu weit zu springen, wird dieses Trainingsger\u00e4t Ihre \u00dcbungen reibungsloser und effektiver gestalten. Die Idee hinter der transparenten Sprungstange ist, einen normalen Sprung zu imitieren \u2013 etwas, das die meisten Hunde bereits gut beherrschen. Viele Trainer stellen fest, dass es Hunden schwerf\u00e4llt, die gleichen Kriterien f\u00fcr Weitspr\u00fcnge und Wandspr\u00fcnge zu erkennen. Durch die Einf\u00fchrung eines vertrauten Elements, das einem Sprung \u00e4hnelt, wird das Verhalten viel deutlicher.\",\"breadcrumb\":{\"@id\":\"https:\\\/\\\/animalproducts.nl\\\/de\\\/produkt\\\/clear-jump-bar-trainingshilfe-fuer-weitsprung-und-wandsprung\\\/#breadcrumb\"},\"inLanguage\":\"de\",\"potentialAction\":[{\"@type\":\"ReadAction\",\"target\":[\"https:\\\/\\\/animalproducts.nl\\\/de\\\/produkt\\\/clear-jump-bar-trainingshilfe-fuer-weitsprung-und-wandsprung\\\/\"]}]},{\"@type\":\"ImageObject\",\"inLanguage\":\"de\",\"@id\":\"https:\\\/\\\/animalproducts.nl\\\/de\\\/produkt\\\/clear-jump-bar-trainingshilfe-fuer-weitsprung-und-wandsprung\\\/#primaryimage\",\"url\":\"https:\\\/\\\/animalproducts.nl\\\/wp-content\\\/uploads\\\/2025\\\/11\\\/PSX_20250509_161823-scaled.jpg\",\"contentUrl\":\"https:\\\/\\\/animalproducts.nl\\\/wp-content\\\/uploads\\\/2025\\\/11\\\/PSX_20250509_161823-scaled.jpg\",\"width\":2560,\"height\":1843},{\"@type\":\"BreadcrumbList\",\"@id\":\"https:\\\/\\\/animalproducts.nl\\\/de\\\/produkt\\\/clear-jump-bar-trainingshilfe-fuer-weitsprung-und-wandsprung\\\/#breadcrumb\",\"itemListElement\":[{\"@type\":\"ListItem\",\"position\":1,\"name\":\"Shop\",\"item\":\"https:\\\/\\\/animalproducts.nl\\\/de\\\/heim\\\/\"},{\"@type\":\"ListItem\",\"position\":2,\"name\":\"Shop\",\"item\":\"https:\\\/\\\/animalproducts.nl\\\/de\\\/shop\\\/\"},{\"@type\":\"ListItem\",\"position\":3,\"name\":\"Clear Jump Bar \u2013 Trainingshilfe f\u00fcr Weitsprung und Wandsprung\"}]},{\"@type\":\"WebSite\",\"@id\":\"https:\\\/\\\/animalproducts.nl\\\/de\\\/#website\",\"url\":\"https:\\\/\\\/animalproducts.nl\\\/de\\\/\",\"name\":\"Animal Products\",\"description\":\"\",\"publisher\":{\"@id\":\"https:\\\/\\\/animalproducts.nl\\\/de\\\/#organization\"},\"potentialAction\":[{\"@type\":\"SearchAction\",\"target\":{\"@type\":\"EntryPoint\",\"urlTemplate\":\"https:\\\/\\\/animalproducts.nl\\\/de\\\/?s={search_term_string}\"},\"query-input\":{\"@type\":\"PropertyValueSpecification\",\"valueRequired\":true,\"valueName\":\"search_term_string\"}}],\"inLanguage\":\"de\"},{\"@type\":\"Organization\",\"@id\":\"https:\\\/\\\/animalproducts.nl\\\/de\\\/#organization\",\"name\":\"Animal Products\",\"url\":\"https:\\\/\\\/animalproducts.nl\\\/de\\\/\",\"logo\":{\"@type\":\"ImageObject\",\"inLanguage\":\"de\",\"@id\":\"https:\\\/\\\/animalproducts.nl\\\/de\\\/#\\\/schema\\\/logo\\\/image\\\/\",\"url\":\"https:\\\/\\\/animalproducts.nl\\\/wp-content\\\/uploads\\\/2025\\\/07\\\/AnimalProducts-logo-v2-liggend-def-scaled.png\",\"contentUrl\":\"https:\\\/\\\/animalproducts.nl\\\/wp-content\\\/uploads\\\/2025\\\/07\\\/AnimalProducts-logo-v2-liggend-def-scaled.png\",\"width\":2560,\"height\":1266,\"caption\":\"Animal Products\"},\"image\":{\"@id\":\"https:\\\/\\\/animalproducts.nl\\\/de\\\/#\\\/schema\\\/logo\\\/image\\\/\"}}]}<\/script>\n<!-- \/ Yoast SEO plugin. -->","yoast_head_json":{"title":"Clear Jump Bar \u2013 Trainingshilfe f\u00fcr Weitsprung und Wandsprung - Animal Products","description":"Wenn Ihr Hund dazu neigt, von den Bl\u00f6cken an der Wand abzuspringen oder zu weit zu springen, wird dieses Trainingsger\u00e4t Ihre \u00dcbungen reibungsloser und effektiver gestalten. Die Idee hinter der transparenten Sprungstange ist, einen normalen Sprung zu imitieren \u2013 etwas, das die meisten Hunde bereits gut beherrschen. Viele Trainer stellen fest, dass es Hunden schwerf\u00e4llt, die gleichen Kriterien f\u00fcr Weitspr\u00fcnge und Wandspr\u00fcnge zu erkennen. Durch die Einf\u00fchrung eines vertrauten Elements, das einem Sprung \u00e4hnelt, wird das Verhalten viel deutlicher.","robots":{"index":"index","follow":"follow","max-snippet":"max-snippet:-1","max-image-preview":"max-image-preview:large","max-video-preview":"max-video-preview:-1"},"canonical":"https:\/\/animalproducts.nl\/de\/produkt\/clear-jump-bar-trainingshilfe-fuer-weitsprung-und-wandsprung\/","og_locale":"de_DE","og_type":"article","og_title":"Clear Jump Bar \u2013 Trainingshilfe f\u00fcr Weitsprung und Wandsprung - Animal Products","og_description":"Wenn Ihr Hund dazu neigt, von den Bl\u00f6cken an der Wand abzuspringen oder zu weit zu springen, wird dieses Trainingsger\u00e4t Ihre \u00dcbungen reibungsloser und effektiver gestalten. Die Idee hinter der transparenten Sprungstange ist, einen normalen Sprung zu imitieren \u2013 etwas, das die meisten Hunde bereits gut beherrschen. Viele Trainer stellen fest, dass es Hunden schwerf\u00e4llt, die gleichen Kriterien f\u00fcr Weitspr\u00fcnge und Wandspr\u00fcnge zu erkennen. Durch die Einf\u00fchrung eines vertrauten Elements, das einem Sprung \u00e4hnelt, wird das Verhalten viel deutlicher.","og_url":"https:\/\/animalproducts.nl\/de\/produkt\/clear-jump-bar-trainingshilfe-fuer-weitsprung-und-wandsprung\/","og_site_name":"Animal Products","og_image":[{"width":2560,"height":1843,"url":"https:\/\/animalproducts.nl\/wp-content\/uploads\/2025\/11\/PSX_20250509_161823-scaled.jpg","type":"image\/jpeg"}],"twitter_card":"summary_large_image","twitter_misc":{"Gesch\u00e4tzte Lesezeit":"1\u00a0Minute"},"schema":{"@context":"https:\/\/schema.org","@graph":[{"@type":"WebPage","@id":"https:\/\/animalproducts.nl\/de\/produkt\/clear-jump-bar-trainingshilfe-fuer-weitsprung-und-wandsprung\/","url":"https:\/\/animalproducts.nl\/de\/produkt\/clear-jump-bar-trainingshilfe-fuer-weitsprung-und-wandsprung\/","name":"Clear Jump Bar \u2013 Trainingshilfe f\u00fcr Weitsprung und Wandsprung - Animal Products","isPartOf":{"@id":"https:\/\/animalproducts.nl\/de\/#website"},"primaryImageOfPage":{"@id":"https:\/\/animalproducts.nl\/de\/produkt\/clear-jump-bar-trainingshilfe-fuer-weitsprung-und-wandsprung\/#primaryimage"},"image":{"@id":"https:\/\/animalproducts.nl\/de\/produkt\/clear-jump-bar-trainingshilfe-fuer-weitsprung-und-wandsprung\/#primaryimage"},"thumbnailUrl":"https:\/\/animalproducts.nl\/wp-content\/uploads\/2025\/11\/PSX_20250509_161823-scaled.jpg","datePublished":"2025-11-20T19:05:54+00:00","description":"Wenn Ihr Hund dazu neigt, von den Bl\u00f6cken an der Wand abzuspringen oder zu weit zu springen, wird dieses Trainingsger\u00e4t Ihre \u00dcbungen reibungsloser und effektiver gestalten. Die Idee hinter der transparenten Sprungstange ist, einen normalen Sprung zu imitieren \u2013 etwas, das die meisten Hunde bereits gut beherrschen. Viele Trainer stellen fest, dass es Hunden schwerf\u00e4llt, die gleichen Kriterien f\u00fcr Weitspr\u00fcnge und Wandspr\u00fcnge zu erkennen. Durch die Einf\u00fchrung eines vertrauten Elements, das einem Sprung \u00e4hnelt, wird das Verhalten viel deutlicher.","breadcrumb":{"@id":"https:\/\/animalproducts.nl\/de\/produkt\/clear-jump-bar-trainingshilfe-fuer-weitsprung-und-wandsprung\/#breadcrumb"},"inLanguage":"de","potentialAction":[{"@type":"ReadAction","target":["https:\/\/animalproducts.nl\/de\/produkt\/clear-jump-bar-trainingshilfe-fuer-weitsprung-und-wandsprung\/"]}]},{"@type":"ImageObject","inLanguage":"de","@id":"https:\/\/animalproducts.nl\/de\/produkt\/clear-jump-bar-trainingshilfe-fuer-weitsprung-und-wandsprung\/#primaryimage","url":"https:\/\/animalproducts.nl\/wp-content\/uploads\/2025\/11\/PSX_20250509_161823-scaled.jpg","contentUrl":"https:\/\/animalproducts.nl\/wp-content\/uploads\/2025\/11\/PSX_20250509_161823-scaled.jpg","width":2560,"height":1843},{"@type":"BreadcrumbList","@id":"https:\/\/animalproducts.nl\/de\/produkt\/clear-jump-bar-trainingshilfe-fuer-weitsprung-und-wandsprung\/#breadcrumb","itemListElement":[{"@type":"ListItem","position":1,"name":"Shop","item":"https:\/\/animalproducts.nl\/de\/heim\/"},{"@type":"ListItem","position":2,"name":"Shop","item":"https:\/\/animalproducts.nl\/de\/shop\/"},{"@type":"ListItem","position":3,"name":"Clear Jump Bar \u2013 Trainingshilfe f\u00fcr Weitsprung und Wandsprung"}]},{"@type":"WebSite","@id":"https:\/\/animalproducts.nl\/de\/#website","url":"https:\/\/animalproducts.nl\/de\/","name":"Animal Products","description":"","publisher":{"@id":"https:\/\/animalproducts.nl\/de\/#organization"},"potentialAction":[{"@type":"SearchAction","target":{"@type":"EntryPoint","urlTemplate":"https:\/\/animalproducts.nl\/de\/?s={search_term_string}"},"query-input":{"@type":"PropertyValueSpecification","valueRequired":true,"valueName":"search_term_string"}}],"inLanguage":"de"},{"@type":"Organization","@id":"https:\/\/animalproducts.nl\/de\/#organization","name":"Animal Products","url":"https:\/\/animalproducts.nl\/de\/","logo":{"@type":"ImageObject","inLanguage":"de","@id":"https:\/\/animalproducts.nl\/de\/#\/schema\/logo\/image\/","url":"https:\/\/animalproducts.nl\/wp-content\/uploads\/2025\/07\/AnimalProducts-logo-v2-liggend-def-scaled.png","contentUrl":"https:\/\/animalproducts.nl\/wp-content\/uploads\/2025\/07\/AnimalProducts-logo-v2-liggend-def-scaled.png","width":2560,"height":1266,"caption":"Animal Products"},"image":{"@id":"https:\/\/animalproducts.nl\/de\/#\/schema\/logo\/image\/"}}]}},"_links":{"self":[{"href":"https:\/\/animalproducts.nl\/de\/wp-json\/wp\/v2\/product\/31087","targetHints":{"allow":["GET"]}}],"collection":[{"href":"https:\/\/animalproducts.nl\/de\/wp-json\/wp\/v2\/product"}],"about":[{"href":"https:\/\/animalproducts.nl\/de\/wp-json\/wp\/v2\/types\/product"}],"replies":[{"embeddable":true,"href":"https:\/\/animalproducts.nl\/de\/wp-json\/wp\/v2\/comments?post=31087"}],"wp:featuredmedia":[{"embeddable":true,"href":"https:\/\/animalproducts.nl\/de\/wp-json\/wp\/v2\/media\/29939"}],"wp:attachment":[{"href":"https:\/\/animalproducts.nl\/de\/wp-json\/wp\/v2\/media?parent=31087"}],"wp:term":[{"taxonomy":"product_brand","embeddable":true,"href":"https:\/\/animalproducts.nl\/de\/wp-json\/wp\/v2\/product_brand?post=31087"},{"taxonomy":"product_cat","embeddable":true,"href":"https:\/\/animalproducts.nl\/de\/wp-json\/wp\/v2\/product_cat?post=31087"},{"taxonomy":"product_tag","embeddable":true,"href":"https:\/\/animalproducts.nl\/de\/wp-json\/wp\/v2\/product_tag?post=31087"}],"curies":[{"name":"wp","href":"https:\/\/api.w.org\/{rel}","templated":true}]}}