{"id":31063,"date":"2025-11-20T20:51:44","date_gmt":"2025-11-20T19:51:44","guid":{"rendered":"https:\/\/animalproducts.nl\/product\/stride-guide-trainingshilfe-fuer-kurze-wendungen\/"},"modified":"2025-11-20T20:51:44","modified_gmt":"2025-11-20T19:51:44","slug":"stride-guide-trainingshilfe-fuer-kurze-wendungen","status":"publish","type":"product","link":"https:\/\/animalproducts.nl\/de\/produkt\/stride-guide-trainingshilfe-fuer-kurze-wendungen\/","title":{"rendered":"Stride Guide- Trainingshilfe f\u00fcr kurze Wendungen"},"content":{"rendered":"<p>Der Stride Guide besteht aus einer transparenten oder get\u00f6nten Scheibe und 1 Standard-St\u00fctzfu\u00df sowie 1 St\u00fctzfu\u00df zum Einstecken in Gras oder Sand.<\/p>\n<p>Verbessern Sie die Linienf\u00fchrung Ihres Hundes und sparen Sie Zeit auf dem Agility-Parcours mit diesem Trainingsger\u00e4t. Die transparente oder get\u00f6nte Scheibe hilft Ihrem Hund, in engen und sanften Kurven die optimale Linie zu finden, ohne ihn abzulenken. Sie verhindert au\u00dferdem, dass Ihr Hund bei Techniken wie Slice und Wrap zu knap springt und unterst\u00fctzt ihn so bei der Entwicklung des korrekten Bewegungsmusters.  <\/p>\n<p><strong>Produktmerkmale:<\/strong><\/p>\n<ul>\n<li>Hergestellt aus strapazierf\u00e4higem und hochwertigem Material mit zus\u00e4tzlichem UV-Schutz.<\/li>\n<li>Praktische Trage\u00f6se f\u00fcr einfaches Umsetzen.<\/li>\n<li>Abgerundete Ecken und Kanten f\u00fcr optimale Sicherheit.<\/li>\n<li>Praktische Halterungen f\u00fcr alle m\u00f6glichen Oberfl\u00e4chen.<\/li>\n<\/ul>\n","protected":false},"excerpt":{"rendered":"<p>Verbessern Sie die Linienf\u00fchrung Ihres Hundes und sparen Sie Zeit auf dem Agility-Parcours mit diesem Trainingsger\u00e4t. Die transparente oder get\u00f6nte Scheibe hilft Ihrem Hund, in engen und sanften Kurven die optimale Linie zu finden, ohne ihn abzulenken. Sie verhindert au\u00dferdem, dass Ihr Hund bei Techniken wie Slice und Wrap zu knap springt und unterst\u00fctzt ihn so bei der Entwicklung des korrekten Bewegungsmusters.  <\/p>\n","protected":false},"featured_media":29931,"comment_status":"closed","ping_status":"closed","template":"","meta":{"_acf_changed":false},"product_brand":[],"product_cat":[143,140,144,182],"product_tag":[],"class_list":{"0":"post-31063","1":"product","2":"type-product","3":"status-publish","4":"has-post-thumbnail","6":"product_cat-agility-zubehor","7":"product_cat-beweglichkeit","8":"product_cat-beweglichkeitstraining","9":"product_cat-safestridesolutions","11":"first","12":"onbackorder","13":"taxable","14":"shipping-taxable","15":"purchasable","16":"product-type-variable"},"acf":[],"yoast_head":"<!-- This site is optimized with the Yoast SEO plugin v27.6 - https:\/\/yoast.com\/product\/yoast-seo-wordpress\/ -->\n<title>Stride Guide- Trainingshilfe f\u00fcr kurze Wendungen - Animal Products<\/title>\n<meta name=\"description\" content=\"Verbessern Sie die Linienf\u00fchrung Ihres Hundes und sparen Sie Zeit auf dem Agility-Parcours mit diesem Trainingsger\u00e4t. Die transparente oder get\u00f6nte Scheibe hilft Ihrem Hund, in engen und sanften Kurven die optimale Linie zu finden, ohne ihn abzulenken. Sie verhindert au\u00dferdem, dass Ihr Hund bei Techniken wie Slice und Wrap zu knap springt und unterst\u00fctzt ihn so bei der Entwicklung des korrekten Bewegungsmusters.\" \/>\n<meta name=\"robots\" content=\"index, follow, max-snippet:-1, max-image-preview:large, max-video-preview:-1\" \/>\n<link rel=\"canonical\" href=\"https:\/\/animalproducts.nl\/de\/produkt\/stride-guide-trainingshilfe-fuer-kurze-wendungen\/\" \/>\n<meta property=\"og:locale\" content=\"de_DE\" \/>\n<meta property=\"og:type\" content=\"article\" \/>\n<meta property=\"og:title\" content=\"Stride Guide- Trainingshilfe f\u00fcr kurze Wendungen - Animal Products\" \/>\n<meta property=\"og:description\" content=\"Verbessern Sie die Linienf\u00fchrung Ihres Hundes und sparen Sie Zeit auf dem Agility-Parcours mit diesem Trainingsger\u00e4t. Die transparente oder get\u00f6nte Scheibe hilft Ihrem Hund, in engen und sanften Kurven die optimale Linie zu finden, ohne ihn abzulenken. Sie verhindert au\u00dferdem, dass Ihr Hund bei Techniken wie Slice und Wrap zu knap springt und unterst\u00fctzt ihn so bei der Entwicklung des korrekten Bewegungsmusters.\" \/>\n<meta property=\"og:url\" content=\"https:\/\/animalproducts.nl\/de\/produkt\/stride-guide-trainingshilfe-fuer-kurze-wendungen\/\" \/>\n<meta property=\"og:site_name\" content=\"Animal Products\" \/>\n<meta property=\"og:image\" content=\"https:\/\/animalproducts.nl\/wp-content\/uploads\/2025\/11\/Stride-Guide-Smokey-1024x1024.jpg\" \/>\n\t<meta property=\"og:image:width\" content=\"1024\" \/>\n\t<meta property=\"og:image:height\" content=\"1024\" \/>\n\t<meta property=\"og:image:type\" content=\"image\/jpeg\" \/>\n<meta name=\"twitter:card\" content=\"summary_large_image\" \/>\n<meta name=\"twitter:label1\" content=\"Gesch\u00e4tzte Lesezeit\" \/>\n\t<meta name=\"twitter:data1\" content=\"1\u00a0Minute\" \/>\n<script type=\"application\/ld+json\" class=\"yoast-schema-graph\">{\"@context\":\"https:\\\/\\\/schema.org\",\"@graph\":[{\"@type\":\"WebPage\",\"@id\":\"https:\\\/\\\/animalproducts.nl\\\/de\\\/produkt\\\/stride-guide-trainingshilfe-fuer-kurze-wendungen\\\/\",\"url\":\"https:\\\/\\\/animalproducts.nl\\\/de\\\/produkt\\\/stride-guide-trainingshilfe-fuer-kurze-wendungen\\\/\",\"name\":\"Stride Guide- Trainingshilfe f\u00fcr kurze Wendungen - Animal Products\",\"isPartOf\":{\"@id\":\"https:\\\/\\\/animalproducts.nl\\\/de\\\/#website\"},\"primaryImageOfPage\":{\"@id\":\"https:\\\/\\\/animalproducts.nl\\\/de\\\/produkt\\\/stride-guide-trainingshilfe-fuer-kurze-wendungen\\\/#primaryimage\"},\"image\":{\"@id\":\"https:\\\/\\\/animalproducts.nl\\\/de\\\/produkt\\\/stride-guide-trainingshilfe-fuer-kurze-wendungen\\\/#primaryimage\"},\"thumbnailUrl\":\"https:\\\/\\\/animalproducts.nl\\\/wp-content\\\/uploads\\\/2025\\\/11\\\/Stride-Guide-Smokey.jpg\",\"datePublished\":\"2025-11-20T19:51:44+00:00\",\"description\":\"Verbessern Sie die Linienf\u00fchrung Ihres Hundes und sparen Sie Zeit auf dem Agility-Parcours mit diesem Trainingsger\u00e4t. Die transparente oder get\u00f6nte Scheibe hilft Ihrem Hund, in engen und sanften Kurven die optimale Linie zu finden, ohne ihn abzulenken. Sie verhindert au\u00dferdem, dass Ihr Hund bei Techniken wie Slice und Wrap zu knap springt und unterst\u00fctzt ihn so bei der Entwicklung des korrekten Bewegungsmusters.\",\"breadcrumb\":{\"@id\":\"https:\\\/\\\/animalproducts.nl\\\/de\\\/produkt\\\/stride-guide-trainingshilfe-fuer-kurze-wendungen\\\/#breadcrumb\"},\"inLanguage\":\"de\",\"potentialAction\":[{\"@type\":\"ReadAction\",\"target\":[\"https:\\\/\\\/animalproducts.nl\\\/de\\\/produkt\\\/stride-guide-trainingshilfe-fuer-kurze-wendungen\\\/\"]}]},{\"@type\":\"ImageObject\",\"inLanguage\":\"de\",\"@id\":\"https:\\\/\\\/animalproducts.nl\\\/de\\\/produkt\\\/stride-guide-trainingshilfe-fuer-kurze-wendungen\\\/#primaryimage\",\"url\":\"https:\\\/\\\/animalproducts.nl\\\/wp-content\\\/uploads\\\/2025\\\/11\\\/Stride-Guide-Smokey.jpg\",\"contentUrl\":\"https:\\\/\\\/animalproducts.nl\\\/wp-content\\\/uploads\\\/2025\\\/11\\\/Stride-Guide-Smokey.jpg\",\"width\":1848,\"height\":1848},{\"@type\":\"BreadcrumbList\",\"@id\":\"https:\\\/\\\/animalproducts.nl\\\/de\\\/produkt\\\/stride-guide-trainingshilfe-fuer-kurze-wendungen\\\/#breadcrumb\",\"itemListElement\":[{\"@type\":\"ListItem\",\"position\":1,\"name\":\"Shop\",\"item\":\"https:\\\/\\\/animalproducts.nl\\\/de\\\/heim\\\/\"},{\"@type\":\"ListItem\",\"position\":2,\"name\":\"Shop\",\"item\":\"https:\\\/\\\/animalproducts.nl\\\/de\\\/shop\\\/\"},{\"@type\":\"ListItem\",\"position\":3,\"name\":\"Stride Guide- Trainingshilfe f\u00fcr kurze Wendungen\"}]},{\"@type\":\"WebSite\",\"@id\":\"https:\\\/\\\/animalproducts.nl\\\/de\\\/#website\",\"url\":\"https:\\\/\\\/animalproducts.nl\\\/de\\\/\",\"name\":\"Animal Products\",\"description\":\"\",\"publisher\":{\"@id\":\"https:\\\/\\\/animalproducts.nl\\\/de\\\/#organization\"},\"potentialAction\":[{\"@type\":\"SearchAction\",\"target\":{\"@type\":\"EntryPoint\",\"urlTemplate\":\"https:\\\/\\\/animalproducts.nl\\\/de\\\/?s={search_term_string}\"},\"query-input\":{\"@type\":\"PropertyValueSpecification\",\"valueRequired\":true,\"valueName\":\"search_term_string\"}}],\"inLanguage\":\"de\"},{\"@type\":\"Organization\",\"@id\":\"https:\\\/\\\/animalproducts.nl\\\/de\\\/#organization\",\"name\":\"Animal Products\",\"url\":\"https:\\\/\\\/animalproducts.nl\\\/de\\\/\",\"logo\":{\"@type\":\"ImageObject\",\"inLanguage\":\"de\",\"@id\":\"https:\\\/\\\/animalproducts.nl\\\/de\\\/#\\\/schema\\\/logo\\\/image\\\/\",\"url\":\"https:\\\/\\\/animalproducts.nl\\\/wp-content\\\/uploads\\\/2025\\\/07\\\/AnimalProducts-logo-v2-liggend-def-scaled.png\",\"contentUrl\":\"https:\\\/\\\/animalproducts.nl\\\/wp-content\\\/uploads\\\/2025\\\/07\\\/AnimalProducts-logo-v2-liggend-def-scaled.png\",\"width\":2560,\"height\":1266,\"caption\":\"Animal Products\"},\"image\":{\"@id\":\"https:\\\/\\\/animalproducts.nl\\\/de\\\/#\\\/schema\\\/logo\\\/image\\\/\"}}]}<\/script>\n<!-- \/ Yoast SEO plugin. -->","yoast_head_json":{"title":"Stride Guide- Trainingshilfe f\u00fcr kurze Wendungen - Animal Products","description":"Verbessern Sie die Linienf\u00fchrung Ihres Hundes und sparen Sie Zeit auf dem Agility-Parcours mit diesem Trainingsger\u00e4t. Die transparente oder get\u00f6nte Scheibe hilft Ihrem Hund, in engen und sanften Kurven die optimale Linie zu finden, ohne ihn abzulenken. Sie verhindert au\u00dferdem, dass Ihr Hund bei Techniken wie Slice und Wrap zu knap springt und unterst\u00fctzt ihn so bei der Entwicklung des korrekten Bewegungsmusters.","robots":{"index":"index","follow":"follow","max-snippet":"max-snippet:-1","max-image-preview":"max-image-preview:large","max-video-preview":"max-video-preview:-1"},"canonical":"https:\/\/animalproducts.nl\/de\/produkt\/stride-guide-trainingshilfe-fuer-kurze-wendungen\/","og_locale":"de_DE","og_type":"article","og_title":"Stride Guide- Trainingshilfe f\u00fcr kurze Wendungen - Animal Products","og_description":"Verbessern Sie die Linienf\u00fchrung Ihres Hundes und sparen Sie Zeit auf dem Agility-Parcours mit diesem Trainingsger\u00e4t. Die transparente oder get\u00f6nte Scheibe hilft Ihrem Hund, in engen und sanften Kurven die optimale Linie zu finden, ohne ihn abzulenken. Sie verhindert au\u00dferdem, dass Ihr Hund bei Techniken wie Slice und Wrap zu knap springt und unterst\u00fctzt ihn so bei der Entwicklung des korrekten Bewegungsmusters.","og_url":"https:\/\/animalproducts.nl\/de\/produkt\/stride-guide-trainingshilfe-fuer-kurze-wendungen\/","og_site_name":"Animal Products","og_image":[{"width":1024,"height":1024,"url":"https:\/\/animalproducts.nl\/wp-content\/uploads\/2025\/11\/Stride-Guide-Smokey-1024x1024.jpg","type":"image\/jpeg"}],"twitter_card":"summary_large_image","twitter_misc":{"Gesch\u00e4tzte Lesezeit":"1\u00a0Minute"},"schema":{"@context":"https:\/\/schema.org","@graph":[{"@type":"WebPage","@id":"https:\/\/animalproducts.nl\/de\/produkt\/stride-guide-trainingshilfe-fuer-kurze-wendungen\/","url":"https:\/\/animalproducts.nl\/de\/produkt\/stride-guide-trainingshilfe-fuer-kurze-wendungen\/","name":"Stride Guide- Trainingshilfe f\u00fcr kurze Wendungen - Animal Products","isPartOf":{"@id":"https:\/\/animalproducts.nl\/de\/#website"},"primaryImageOfPage":{"@id":"https:\/\/animalproducts.nl\/de\/produkt\/stride-guide-trainingshilfe-fuer-kurze-wendungen\/#primaryimage"},"image":{"@id":"https:\/\/animalproducts.nl\/de\/produkt\/stride-guide-trainingshilfe-fuer-kurze-wendungen\/#primaryimage"},"thumbnailUrl":"https:\/\/animalproducts.nl\/wp-content\/uploads\/2025\/11\/Stride-Guide-Smokey.jpg","datePublished":"2025-11-20T19:51:44+00:00","description":"Verbessern Sie die Linienf\u00fchrung Ihres Hundes und sparen Sie Zeit auf dem Agility-Parcours mit diesem Trainingsger\u00e4t. Die transparente oder get\u00f6nte Scheibe hilft Ihrem Hund, in engen und sanften Kurven die optimale Linie zu finden, ohne ihn abzulenken. Sie verhindert au\u00dferdem, dass Ihr Hund bei Techniken wie Slice und Wrap zu knap springt und unterst\u00fctzt ihn so bei der Entwicklung des korrekten Bewegungsmusters.","breadcrumb":{"@id":"https:\/\/animalproducts.nl\/de\/produkt\/stride-guide-trainingshilfe-fuer-kurze-wendungen\/#breadcrumb"},"inLanguage":"de","potentialAction":[{"@type":"ReadAction","target":["https:\/\/animalproducts.nl\/de\/produkt\/stride-guide-trainingshilfe-fuer-kurze-wendungen\/"]}]},{"@type":"ImageObject","inLanguage":"de","@id":"https:\/\/animalproducts.nl\/de\/produkt\/stride-guide-trainingshilfe-fuer-kurze-wendungen\/#primaryimage","url":"https:\/\/animalproducts.nl\/wp-content\/uploads\/2025\/11\/Stride-Guide-Smokey.jpg","contentUrl":"https:\/\/animalproducts.nl\/wp-content\/uploads\/2025\/11\/Stride-Guide-Smokey.jpg","width":1848,"height":1848},{"@type":"BreadcrumbList","@id":"https:\/\/animalproducts.nl\/de\/produkt\/stride-guide-trainingshilfe-fuer-kurze-wendungen\/#breadcrumb","itemListElement":[{"@type":"ListItem","position":1,"name":"Shop","item":"https:\/\/animalproducts.nl\/de\/heim\/"},{"@type":"ListItem","position":2,"name":"Shop","item":"https:\/\/animalproducts.nl\/de\/shop\/"},{"@type":"ListItem","position":3,"name":"Stride Guide- Trainingshilfe f\u00fcr kurze Wendungen"}]},{"@type":"WebSite","@id":"https:\/\/animalproducts.nl\/de\/#website","url":"https:\/\/animalproducts.nl\/de\/","name":"Animal Products","description":"","publisher":{"@id":"https:\/\/animalproducts.nl\/de\/#organization"},"potentialAction":[{"@type":"SearchAction","target":{"@type":"EntryPoint","urlTemplate":"https:\/\/animalproducts.nl\/de\/?s={search_term_string}"},"query-input":{"@type":"PropertyValueSpecification","valueRequired":true,"valueName":"search_term_string"}}],"inLanguage":"de"},{"@type":"Organization","@id":"https:\/\/animalproducts.nl\/de\/#organization","name":"Animal Products","url":"https:\/\/animalproducts.nl\/de\/","logo":{"@type":"ImageObject","inLanguage":"de","@id":"https:\/\/animalproducts.nl\/de\/#\/schema\/logo\/image\/","url":"https:\/\/animalproducts.nl\/wp-content\/uploads\/2025\/07\/AnimalProducts-logo-v2-liggend-def-scaled.png","contentUrl":"https:\/\/animalproducts.nl\/wp-content\/uploads\/2025\/07\/AnimalProducts-logo-v2-liggend-def-scaled.png","width":2560,"height":1266,"caption":"Animal Products"},"image":{"@id":"https:\/\/animalproducts.nl\/de\/#\/schema\/logo\/image\/"}}]}},"_links":{"self":[{"href":"https:\/\/animalproducts.nl\/de\/wp-json\/wp\/v2\/product\/31063","targetHints":{"allow":["GET"]}}],"collection":[{"href":"https:\/\/animalproducts.nl\/de\/wp-json\/wp\/v2\/product"}],"about":[{"href":"https:\/\/animalproducts.nl\/de\/wp-json\/wp\/v2\/types\/product"}],"replies":[{"embeddable":true,"href":"https:\/\/animalproducts.nl\/de\/wp-json\/wp\/v2\/comments?post=31063"}],"wp:featuredmedia":[{"embeddable":true,"href":"https:\/\/animalproducts.nl\/de\/wp-json\/wp\/v2\/media\/29931"}],"wp:attachment":[{"href":"https:\/\/animalproducts.nl\/de\/wp-json\/wp\/v2\/media?parent=31063"}],"wp:term":[{"taxonomy":"product_brand","embeddable":true,"href":"https:\/\/animalproducts.nl\/de\/wp-json\/wp\/v2\/product_brand?post=31063"},{"taxonomy":"product_cat","embeddable":true,"href":"https:\/\/animalproducts.nl\/de\/wp-json\/wp\/v2\/product_cat?post=31063"},{"taxonomy":"product_tag","embeddable":true,"href":"https:\/\/animalproducts.nl\/de\/wp-json\/wp\/v2\/product_tag?post=31063"}],"curies":[{"name":"wp","href":"https:\/\/api.w.org\/{rel}","templated":true}]}}