{"id":31005,"date":"2023-10-02T20:42:48","date_gmt":"2023-10-02T18:42:48","guid":{"rendered":"https:\/\/animalproducts.nl\/product\/intercan-wippe-2-0-von-galican\/"},"modified":"2023-10-02T20:42:48","modified_gmt":"2023-10-02T18:42:48","slug":"intercan-wippe-2-0-von-galican","status":"publish","type":"product","link":"https:\/\/animalproducts.nl\/de\/produkt\/intercan-wippe-2-0-von-galican\/","title":{"rendered":"INTERCAN Wippe 2.0 von Galican"},"content":{"rendered":"<p>Die INTERCAN Wippe 2.0 von Galican bietet sicheren Halt, eine sto\u00dfabsorbierende Edelstahlachse und eine h\u00f6henverstellbare Funktion f\u00fcr jedes Agility-Training. Mit rutschfester Gummioberfl\u00e4che und individuellen Farboptionen ist sie perfekt f\u00fcr jedes Wetter und Trainingslevel. <\/p>\n<p>Die INTERCAN Wippe von Galican ist dein sicherer Begleiter f\u00fcr jedes Turnier und dein Agility-Training. Sie \u00fcberzeugt mit einem neu konstruierten Standfu\u00df, der sicheren Halt auf verschiedenen B\u00f6den bietet. Die innovative Konstruktion verhindert zudem, dass sich dein Hund zwischen den Planken verletzen kann.<br \/>Die Soft Cover Pro Gummioberfl\u00e4che bietet perfekten Grip, selbst bei feuchtem oder rutschigem Boden, sodass dein Hund sicher und fokussiert bleibt. Die neue Edelstahlachse absorbiert St\u00f6\u00dfe und Vibrationen, die dann nicht zus\u00e4tzlich auf den Hund wirken.    <\/p>\n<p>F\u00fcr zus\u00e4tzliche Flexibilit\u00e4t l\u00e4sst sich die H\u00f6he der Wippe ganz einfach mit dem EasySlide-System verstellen. So kannst du die Herausforderung Schritt f\u00fcr Schritt steigern und deinem Hund immer wieder neue Anreize bieten.  <\/p>\n<p><strong>Produktmerkmale:<\/strong><\/p>\n<ul>\n<li>Hochwertiges Material: Hergestellt aus Aluminium und Soft Cover Pro Gummioberfl\u00e4che f\u00fcr au\u00dfergew\u00f6hnlichen Grip, selbst bei nassen Bedingungen.<\/li>\n<li>Die neue Edelstahlachse sorgt f\u00fcr eine optimale Absorption von St\u00f6\u00dfen und Vibrationen.<\/li>\n<li>Einmaliger Grip: Robuste Materialien, die f\u00fcr h\u00e4ufigen Gebrauch geeignet sind.<\/li>\n<li>Exklusives, patentiertes Galican-Design.<\/li>\n<li>Robuste Struktur: Widerstandsf\u00e4higere Beine f\u00fcr mehr Stabilit\u00e4t auf allen Untergr\u00fcnden.<\/li>\n<li>Abgerundete Kunststoffst\u00fctzen verbessern die Stabilit\u00e4t auf allen Oberfl\u00e4chen und schonen den Kunstrasen.<\/li>\n<li>Die Verwendung der Galican-Schutzplane f\u00fcr die Wippe hilft, die Gummioberfl\u00e4che sowie die Basis vor Witterungseinfl\u00fcssen zu sch\u00fctzen.<\/li>\n<li>Easy-Slide H\u00f6henverstellung: Mit zus\u00e4tzlichem Platz f\u00fcr Gewichtss\u00e4cke.<\/li>\n<li>H\u00f6henverstellbar: In 5 H\u00f6hen (60, 55, 50, 45, 40 cm).<\/li>\n<li>Sanftes Umklappen ohne Einklemmen: Einzigartig durch die Edelstahlachse mit Kugellagern.<\/li>\n<li>Wetterfest: Alle Materialien sind f\u00fcr den Au\u00dfeneinsatz geeignet.<\/li>\n<li>Die Wippe erf\u00fcllt alle von der FCI festgelegten Normen und Vorschriften.<\/li>\n<li>Gewicht: 28 kg<\/li>\n<\/ul>\n<p><iframe title=\"Contact zones V2.0\" width=\"800\" height=\"450\" src=\"https:\/\/www.youtube.com\/embed\/GWauVPsPSHg?start=61&#038;feature=oembed\" frameborder=\"0\" allow=\"accelerometer; autoplay; clipboard-write; encrypted-media; gyroscope; picture-in-picture; web-share\" referrerpolicy=\"strict-origin-when-cross-origin\" allowfullscreen><\/iframe><\/p>\n","protected":false},"excerpt":{"rendered":"<p>Die INTERCAN Wippe 2.0 von Galican bietet sicheren Halt, eine sto\u00dfabsorbierende Edelstahlachse und eine h\u00f6henverstellbare Funktion f\u00fcr jedes Agility-Training. Mit rutschfester Gummioberfl\u00e4che und individuellen Farboptionen ist sie perfekt f\u00fcr jedes Wetter und Trainingslevel. <\/p>\n<p>Die INTERCAN Wippe von Galican ist dein sicherer Begleiter f\u00fcr jedes Turnier und dein Agility-Training. Sie \u00fcberzeugt mit einem neu konstruierten Standfu\u00df, der sicheren Halt auf verschiedenen B\u00f6den bietet. Die innovative Konstruktion verhindert zudem, dass sich dein Hund zwischen den Planken verletzen kann.<br \/>Die Soft Cover Pro Gummioberfl\u00e4che bietet perfekten Grip, selbst bei feuchtem oder rutschigem Boden, sodass dein Hund sicher und fokussiert bleibt. Die neue Edelstahlachse absorbiert St\u00f6\u00dfe und Vibrationen, die dann nicht zus\u00e4tzlich auf den Hund wirken.    <\/p>\n","protected":false},"featured_media":31011,"comment_status":"closed","ping_status":"closed","template":"","meta":{"_acf_changed":false},"product_brand":[],"product_cat":[146,140,150,152,166],"product_tag":[],"class_list":{"0":"post-31005","1":"product","2":"type-product","3":"status-publish","4":"has-post-thumbnail","6":"product_cat-wippe","7":"product_cat-beweglichkeit","8":"product_cat-galican","9":"product_cat-intercan","10":"product_cat-schnittstellen","12":"first","13":"onbackorder","14":"taxable","15":"shipping-taxable","16":"purchasable","17":"product-type-variable"},"acf":[],"yoast_head":"<!-- This site is optimized with the Yoast SEO plugin v27.6 - https:\/\/yoast.com\/product\/yoast-seo-wordpress\/ -->\n<title>INTERCAN Wippe 2.0 von Galican - Animal Products<\/title>\n<meta name=\"description\" content=\"F\u00fcr zus\u00e4tzliche Flexibilit\u00e4t l\u00e4sst sich die H\u00f6he der Wippe ganz einfach mit dem EasySlide-System verstellen. So kannst du die Herausforderung Schritt f\u00fcr Schritt steigern und deinem Hund immer wieder neue Anreize bieten.\" \/>\n<meta name=\"robots\" content=\"index, follow, max-snippet:-1, max-image-preview:large, max-video-preview:-1\" \/>\n<link rel=\"canonical\" href=\"https:\/\/animalproducts.nl\/de\/produkt\/intercan-wippe-2-0-von-galican\/\" \/>\n<meta property=\"og:locale\" content=\"de_DE\" \/>\n<meta property=\"og:type\" content=\"article\" \/>\n<meta property=\"og:title\" content=\"INTERCAN Wippe 2.0 von Galican - Animal Products\" \/>\n<meta property=\"og:description\" content=\"F\u00fcr zus\u00e4tzliche Flexibilit\u00e4t l\u00e4sst sich die H\u00f6he der Wippe ganz einfach mit dem EasySlide-System verstellen. So kannst du die Herausforderung Schritt f\u00fcr Schritt steigern und deinem Hund immer wieder neue Anreize bieten.\" \/>\n<meta property=\"og:url\" content=\"https:\/\/animalproducts.nl\/de\/produkt\/intercan-wippe-2-0-von-galican\/\" \/>\n<meta property=\"og:site_name\" content=\"Animal Products\" \/>\n<meta property=\"og:image\" content=\"https:\/\/animalproducts.nl\/wp-content\/uploads\/2023\/10\/4696-ficha_btt.png\" \/>\n\t<meta property=\"og:image:width\" content=\"500\" \/>\n\t<meta property=\"og:image:height\" content=\"500\" \/>\n\t<meta property=\"og:image:type\" content=\"image\/png\" \/>\n<meta name=\"twitter:card\" content=\"summary_large_image\" \/>\n<meta name=\"twitter:label1\" content=\"Gesch\u00e4tzte Lesezeit\" \/>\n\t<meta name=\"twitter:data1\" content=\"2\u00a0Minuten\" \/>\n<script type=\"application\/ld+json\" class=\"yoast-schema-graph\">{\"@context\":\"https:\\\/\\\/schema.org\",\"@graph\":[{\"@type\":\"WebPage\",\"@id\":\"https:\\\/\\\/animalproducts.nl\\\/de\\\/produkt\\\/intercan-wippe-2-0-von-galican\\\/\",\"url\":\"https:\\\/\\\/animalproducts.nl\\\/de\\\/produkt\\\/intercan-wippe-2-0-von-galican\\\/\",\"name\":\"INTERCAN Wippe 2.0 von Galican - Animal Products\",\"isPartOf\":{\"@id\":\"https:\\\/\\\/animalproducts.nl\\\/de\\\/#website\"},\"primaryImageOfPage\":{\"@id\":\"https:\\\/\\\/animalproducts.nl\\\/de\\\/produkt\\\/intercan-wippe-2-0-von-galican\\\/#primaryimage\"},\"image\":{\"@id\":\"https:\\\/\\\/animalproducts.nl\\\/de\\\/produkt\\\/intercan-wippe-2-0-von-galican\\\/#primaryimage\"},\"thumbnailUrl\":\"https:\\\/\\\/animalproducts.nl\\\/wp-content\\\/uploads\\\/2023\\\/10\\\/4696-ficha_btt.png\",\"datePublished\":\"2023-10-02T18:42:48+00:00\",\"description\":\"F\u00fcr zus\u00e4tzliche Flexibilit\u00e4t l\u00e4sst sich die H\u00f6he der Wippe ganz einfach mit dem EasySlide-System verstellen. So kannst du die Herausforderung Schritt f\u00fcr Schritt steigern und deinem Hund immer wieder neue Anreize bieten.\",\"breadcrumb\":{\"@id\":\"https:\\\/\\\/animalproducts.nl\\\/de\\\/produkt\\\/intercan-wippe-2-0-von-galican\\\/#breadcrumb\"},\"inLanguage\":\"de\",\"potentialAction\":[{\"@type\":\"ReadAction\",\"target\":[\"https:\\\/\\\/animalproducts.nl\\\/de\\\/produkt\\\/intercan-wippe-2-0-von-galican\\\/\"]}]},{\"@type\":\"ImageObject\",\"inLanguage\":\"de\",\"@id\":\"https:\\\/\\\/animalproducts.nl\\\/de\\\/produkt\\\/intercan-wippe-2-0-von-galican\\\/#primaryimage\",\"url\":\"https:\\\/\\\/animalproducts.nl\\\/wp-content\\\/uploads\\\/2023\\\/10\\\/4696-ficha_btt.png\",\"contentUrl\":\"https:\\\/\\\/animalproducts.nl\\\/wp-content\\\/uploads\\\/2023\\\/10\\\/4696-ficha_btt.png\",\"width\":500,\"height\":500,\"caption\":\"INTERCAN Wippe 2.0 von Galican\"},{\"@type\":\"BreadcrumbList\",\"@id\":\"https:\\\/\\\/animalproducts.nl\\\/de\\\/produkt\\\/intercan-wippe-2-0-von-galican\\\/#breadcrumb\",\"itemListElement\":[{\"@type\":\"ListItem\",\"position\":1,\"name\":\"Shop\",\"item\":\"https:\\\/\\\/animalproducts.nl\\\/de\\\/heim\\\/\"},{\"@type\":\"ListItem\",\"position\":2,\"name\":\"Shop\",\"item\":\"https:\\\/\\\/animalproducts.nl\\\/de\\\/shop\\\/\"},{\"@type\":\"ListItem\",\"position\":3,\"name\":\"INTERCAN Wippe 2.0 von Galican\"}]},{\"@type\":\"WebSite\",\"@id\":\"https:\\\/\\\/animalproducts.nl\\\/de\\\/#website\",\"url\":\"https:\\\/\\\/animalproducts.nl\\\/de\\\/\",\"name\":\"Animal Products\",\"description\":\"\",\"publisher\":{\"@id\":\"https:\\\/\\\/animalproducts.nl\\\/de\\\/#organization\"},\"potentialAction\":[{\"@type\":\"SearchAction\",\"target\":{\"@type\":\"EntryPoint\",\"urlTemplate\":\"https:\\\/\\\/animalproducts.nl\\\/de\\\/?s={search_term_string}\"},\"query-input\":{\"@type\":\"PropertyValueSpecification\",\"valueRequired\":true,\"valueName\":\"search_term_string\"}}],\"inLanguage\":\"de\"},{\"@type\":\"Organization\",\"@id\":\"https:\\\/\\\/animalproducts.nl\\\/de\\\/#organization\",\"name\":\"Animal Products\",\"url\":\"https:\\\/\\\/animalproducts.nl\\\/de\\\/\",\"logo\":{\"@type\":\"ImageObject\",\"inLanguage\":\"de\",\"@id\":\"https:\\\/\\\/animalproducts.nl\\\/de\\\/#\\\/schema\\\/logo\\\/image\\\/\",\"url\":\"https:\\\/\\\/animalproducts.nl\\\/wp-content\\\/uploads\\\/2025\\\/07\\\/AnimalProducts-logo-v2-liggend-def-scaled.png\",\"contentUrl\":\"https:\\\/\\\/animalproducts.nl\\\/wp-content\\\/uploads\\\/2025\\\/07\\\/AnimalProducts-logo-v2-liggend-def-scaled.png\",\"width\":2560,\"height\":1266,\"caption\":\"Animal Products\"},\"image\":{\"@id\":\"https:\\\/\\\/animalproducts.nl\\\/de\\\/#\\\/schema\\\/logo\\\/image\\\/\"}}]}<\/script>\n<!-- \/ Yoast SEO plugin. -->","yoast_head_json":{"title":"INTERCAN Wippe 2.0 von Galican - Animal Products","description":"F\u00fcr zus\u00e4tzliche Flexibilit\u00e4t l\u00e4sst sich die H\u00f6he der Wippe ganz einfach mit dem EasySlide-System verstellen. So kannst du die Herausforderung Schritt f\u00fcr Schritt steigern und deinem Hund immer wieder neue Anreize bieten.","robots":{"index":"index","follow":"follow","max-snippet":"max-snippet:-1","max-image-preview":"max-image-preview:large","max-video-preview":"max-video-preview:-1"},"canonical":"https:\/\/animalproducts.nl\/de\/produkt\/intercan-wippe-2-0-von-galican\/","og_locale":"de_DE","og_type":"article","og_title":"INTERCAN Wippe 2.0 von Galican - Animal Products","og_description":"F\u00fcr zus\u00e4tzliche Flexibilit\u00e4t l\u00e4sst sich die H\u00f6he der Wippe ganz einfach mit dem EasySlide-System verstellen. So kannst du die Herausforderung Schritt f\u00fcr Schritt steigern und deinem Hund immer wieder neue Anreize bieten.","og_url":"https:\/\/animalproducts.nl\/de\/produkt\/intercan-wippe-2-0-von-galican\/","og_site_name":"Animal Products","og_image":[{"width":500,"height":500,"url":"https:\/\/animalproducts.nl\/wp-content\/uploads\/2023\/10\/4696-ficha_btt.png","type":"image\/png"}],"twitter_card":"summary_large_image","twitter_misc":{"Gesch\u00e4tzte Lesezeit":"2\u00a0Minuten"},"schema":{"@context":"https:\/\/schema.org","@graph":[{"@type":"WebPage","@id":"https:\/\/animalproducts.nl\/de\/produkt\/intercan-wippe-2-0-von-galican\/","url":"https:\/\/animalproducts.nl\/de\/produkt\/intercan-wippe-2-0-von-galican\/","name":"INTERCAN Wippe 2.0 von Galican - Animal Products","isPartOf":{"@id":"https:\/\/animalproducts.nl\/de\/#website"},"primaryImageOfPage":{"@id":"https:\/\/animalproducts.nl\/de\/produkt\/intercan-wippe-2-0-von-galican\/#primaryimage"},"image":{"@id":"https:\/\/animalproducts.nl\/de\/produkt\/intercan-wippe-2-0-von-galican\/#primaryimage"},"thumbnailUrl":"https:\/\/animalproducts.nl\/wp-content\/uploads\/2023\/10\/4696-ficha_btt.png","datePublished":"2023-10-02T18:42:48+00:00","description":"F\u00fcr zus\u00e4tzliche Flexibilit\u00e4t l\u00e4sst sich die H\u00f6he der Wippe ganz einfach mit dem EasySlide-System verstellen. So kannst du die Herausforderung Schritt f\u00fcr Schritt steigern und deinem Hund immer wieder neue Anreize bieten.","breadcrumb":{"@id":"https:\/\/animalproducts.nl\/de\/produkt\/intercan-wippe-2-0-von-galican\/#breadcrumb"},"inLanguage":"de","potentialAction":[{"@type":"ReadAction","target":["https:\/\/animalproducts.nl\/de\/produkt\/intercan-wippe-2-0-von-galican\/"]}]},{"@type":"ImageObject","inLanguage":"de","@id":"https:\/\/animalproducts.nl\/de\/produkt\/intercan-wippe-2-0-von-galican\/#primaryimage","url":"https:\/\/animalproducts.nl\/wp-content\/uploads\/2023\/10\/4696-ficha_btt.png","contentUrl":"https:\/\/animalproducts.nl\/wp-content\/uploads\/2023\/10\/4696-ficha_btt.png","width":500,"height":500,"caption":"INTERCAN Wippe 2.0 von Galican"},{"@type":"BreadcrumbList","@id":"https:\/\/animalproducts.nl\/de\/produkt\/intercan-wippe-2-0-von-galican\/#breadcrumb","itemListElement":[{"@type":"ListItem","position":1,"name":"Shop","item":"https:\/\/animalproducts.nl\/de\/heim\/"},{"@type":"ListItem","position":2,"name":"Shop","item":"https:\/\/animalproducts.nl\/de\/shop\/"},{"@type":"ListItem","position":3,"name":"INTERCAN Wippe 2.0 von Galican"}]},{"@type":"WebSite","@id":"https:\/\/animalproducts.nl\/de\/#website","url":"https:\/\/animalproducts.nl\/de\/","name":"Animal Products","description":"","publisher":{"@id":"https:\/\/animalproducts.nl\/de\/#organization"},"potentialAction":[{"@type":"SearchAction","target":{"@type":"EntryPoint","urlTemplate":"https:\/\/animalproducts.nl\/de\/?s={search_term_string}"},"query-input":{"@type":"PropertyValueSpecification","valueRequired":true,"valueName":"search_term_string"}}],"inLanguage":"de"},{"@type":"Organization","@id":"https:\/\/animalproducts.nl\/de\/#organization","name":"Animal Products","url":"https:\/\/animalproducts.nl\/de\/","logo":{"@type":"ImageObject","inLanguage":"de","@id":"https:\/\/animalproducts.nl\/de\/#\/schema\/logo\/image\/","url":"https:\/\/animalproducts.nl\/wp-content\/uploads\/2025\/07\/AnimalProducts-logo-v2-liggend-def-scaled.png","contentUrl":"https:\/\/animalproducts.nl\/wp-content\/uploads\/2025\/07\/AnimalProducts-logo-v2-liggend-def-scaled.png","width":2560,"height":1266,"caption":"Animal Products"},"image":{"@id":"https:\/\/animalproducts.nl\/de\/#\/schema\/logo\/image\/"}}]}},"_links":{"self":[{"href":"https:\/\/animalproducts.nl\/de\/wp-json\/wp\/v2\/product\/31005","targetHints":{"allow":["GET"]}}],"collection":[{"href":"https:\/\/animalproducts.nl\/de\/wp-json\/wp\/v2\/product"}],"about":[{"href":"https:\/\/animalproducts.nl\/de\/wp-json\/wp\/v2\/types\/product"}],"replies":[{"embeddable":true,"href":"https:\/\/animalproducts.nl\/de\/wp-json\/wp\/v2\/comments?post=31005"}],"wp:featuredmedia":[{"embeddable":true,"href":"https:\/\/animalproducts.nl\/de\/wp-json\/wp\/v2\/media\/31011"}],"wp:attachment":[{"href":"https:\/\/animalproducts.nl\/de\/wp-json\/wp\/v2\/media?parent=31005"}],"wp:term":[{"taxonomy":"product_brand","embeddable":true,"href":"https:\/\/animalproducts.nl\/de\/wp-json\/wp\/v2\/product_brand?post=31005"},{"taxonomy":"product_cat","embeddable":true,"href":"https:\/\/animalproducts.nl\/de\/wp-json\/wp\/v2\/product_cat?post=31005"},{"taxonomy":"product_tag","embeddable":true,"href":"https:\/\/animalproducts.nl\/de\/wp-json\/wp\/v2\/product_tag?post=31005"}],"curies":[{"name":"wp","href":"https:\/\/api.w.org\/{rel}","templated":true}]}}