{"id":30983,"date":"2023-10-02T20:33:16","date_gmt":"2023-10-02T18:33:16","guid":{"rendered":"https:\/\/animalproducts.nl\/product\/intercan-a-wand-2-0-von-galican\/"},"modified":"2023-10-02T20:33:16","modified_gmt":"2023-10-02T18:33:16","slug":"intercan-a-wand-2-0-von-galican","status":"publish","type":"product","link":"https:\/\/animalproducts.nl\/de\/produkt\/intercan-a-wand-2-0-von-galican\/","title":{"rendered":"INTERCAN A-Wand 2.0 von Galican"},"content":{"rendered":"<p>Die INTERCAN A-Wand 2.0 von Galican bietet sicheren Halt, Sto\u00dfd\u00e4mpfung und erf\u00fcllt alle internationalen Agility-Normen. Ideal f\u00fcr Training und Turniere, mit individueller Farbwahl und einfacher Montage \u2013 perfekt f\u00fcr deinen Hund und dein Agility-Training. <\/p>\n<p>Die INTERCAN A-Wand 2.0 von Galican ist ein zuverl\u00e4ssiges Hindernis f\u00fcr Turniere und h\u00e4ufiges Training. Der Auf- und Abgang ist nach unten hin etwas breiter, und durch die seitlichen Schienen bietet die A-Wand auch auf unebenem Boden stets festen Halt. Diese stabile Konstruktion sorgt daf\u00fcr, dass sich dein Hund w\u00e4hrend der Nutzung sicher f\u00fchlt. Die Soft-Covers-Pro-Gummibeschichtung bietet zus\u00e4tzlich eine sanfte Sto\u00dfd\u00e4mpfung.   <\/p>\n<p>Du kannst die Farben ganz nach deinem Geschmack anpassen! Mit einer breiten Auswahl an Farbvariationen f\u00fcr die Gummibeschichtung und den Rahmen wird die A-Wand zu einem pers\u00f6nlichen Highlight f\u00fcr euch beide \u2013 denn Agility soll nicht nur sicher sein, sondern auch Spa\u00df machen.   <\/p>\n<p><strong>Produktmerkmale:<\/strong><\/p>\n<ul>\n<li>Sto\u00dfd\u00e4mpfung durch die Soft Covers Pro Gummibeschichtung <\/li>\n<li>Die Struktur und die verwendeten Materialien optimieren die Sto\u00dfd\u00e4mpfung, ohne R\u00fcckprall oder Vibrationen.<\/li>\n<li>Hergestellt aus pulverbeschichtetem Aluminium mit einer hochleistungsf\u00e4higen Gummibeschichtung<\/li>\n<li>Der breitere untere Bereich sorgt f\u00fcr Stabilit\u00e4t, w\u00e4hrend seitliche Arme die Teile sicher verbinden.<\/li>\n<li>Wetterbest\u00e4ndig f\u00fcr alle Au\u00dfenbedingungen.<\/li>\n<li>Die rostfreien Stahl-Scharniere garantieren eine langfristige, einfache Handhabung.<\/li>\n<li>H\u00f6henverstellung in 4 Stufen (170, 160, 150, 125 cm).<\/li>\n<li>Schnell und einfach aufzubauen<\/li>\n<li>Gewicht: 70 kg.<\/li>\n<\/ul>\n<p><iframe title=\"Contact zones V2.0\" width=\"800\" height=\"450\" src=\"https:\/\/www.youtube.com\/embed\/GWauVPsPSHg?start=61&#038;feature=oembed\" frameborder=\"0\" allow=\"accelerometer; autoplay; clipboard-write; encrypted-media; gyroscope; picture-in-picture; web-share\" referrerpolicy=\"strict-origin-when-cross-origin\" allowfullscreen><\/iframe><\/p>\n<p><iframe title=\"WHEELS for A-frame \u2010 Galican\" width=\"800\" height=\"450\" src=\"https:\/\/www.youtube.com\/embed\/_d-DdBw1X_0?feature=oembed\" frameborder=\"0\" allow=\"accelerometer; autoplay; clipboard-write; encrypted-media; gyroscope; picture-in-picture; web-share\" referrerpolicy=\"strict-origin-when-cross-origin\" allowfullscreen><\/iframe><\/p>\n<p>R\u00e4der f\u00fcr A-Wand<\/p>\n<p>&nbsp;<\/p>\n<p>&nbsp;<\/p>\n","protected":false},"excerpt":{"rendered":"<p>Die INTERCAN A-Wand 2.0 von Galican bietet sicheren Halt, Sto\u00dfd\u00e4mpfung und erf\u00fcllt alle internationalen Agility-Normen. Ideal f\u00fcr Training und Turniere, mit individueller Farbwahl und einfacher Montage \u2013 perfekt f\u00fcr deinen Hund und dein Agility-Training. <\/p>\n<p>Die INTERCAN A-Wand 2.0 von Galican ist ein zuverl\u00e4ssiges Hindernis f\u00fcr Turniere und h\u00e4ufiges Training. Der Auf- und Abgang ist nach unten hin etwas breiter, und durch die seitlichen Schienen bietet die A-Wand auch auf unebenem Boden stets festen Halt. Diese stabile Konstruktion sorgt daf\u00fcr, dass sich dein Hund w\u00e4hrend der Nutzung sicher f\u00fchlt. Die Soft-Covers-Pro-Gummibeschichtung bietet zus\u00e4tzlich eine sanfte Sto\u00dfd\u00e4mpfung.   <\/p>\n","protected":false},"featured_media":30990,"comment_status":"closed","ping_status":"closed","template":"","meta":{"_acf_changed":false},"product_brand":[],"product_cat":[141,140,150,152,166],"product_tag":[],"class_list":{"0":"post-30983","1":"product","2":"type-product","3":"status-publish","4":"has-post-thumbnail","6":"product_cat-a-zaune","7":"product_cat-beweglichkeit","8":"product_cat-galican","9":"product_cat-intercan","10":"product_cat-schnittstellen","12":"first","13":"onbackorder","14":"taxable","15":"shipping-taxable","16":"purchasable","17":"product-type-variable"},"acf":[],"yoast_head":"<!-- This site is optimized with the Yoast SEO plugin v27.6 - https:\/\/yoast.com\/product\/yoast-seo-wordpress\/ -->\n<title>INTERCAN A-Wand 2.0 von Galican - Animal Products<\/title>\n<meta name=\"description\" content=\"Die INTERCAN A-Wand 2.0 von Galican bietet sicheren Halt, Sto\u00dfd\u00e4mpfung und erf\u00fcllt alle internationalen Agility-Normen. Ideal f\u00fcr Training und Turniere, mit individueller Farbwahl und einfacher Montage \u2013 perfekt f\u00fcr deinen Hund und dein Agility-Training.\" \/>\n<meta name=\"robots\" content=\"index, follow, max-snippet:-1, max-image-preview:large, max-video-preview:-1\" \/>\n<link rel=\"canonical\" href=\"https:\/\/animalproducts.nl\/de\/produkt\/intercan-a-wand-2-0-von-galican\/\" \/>\n<meta property=\"og:locale\" content=\"de_DE\" \/>\n<meta property=\"og:type\" content=\"article\" \/>\n<meta property=\"og:title\" content=\"INTERCAN A-Wand 2.0 von Galican - Animal Products\" \/>\n<meta property=\"og:description\" content=\"Die INTERCAN A-Wand 2.0 von Galican bietet sicheren Halt, Sto\u00dfd\u00e4mpfung und erf\u00fcllt alle internationalen Agility-Normen. Ideal f\u00fcr Training und Turniere, mit individueller Farbwahl und einfacher Montage \u2013 perfekt f\u00fcr deinen Hund und dein Agility-Training.\" \/>\n<meta property=\"og:url\" content=\"https:\/\/animalproducts.nl\/de\/produkt\/intercan-a-wand-2-0-von-galican\/\" \/>\n<meta property=\"og:site_name\" content=\"Animal Products\" \/>\n<meta property=\"og:image\" content=\"https:\/\/animalproducts.nl\/wp-content\/uploads\/2023\/10\/4704-ficha_btt.png\" \/>\n\t<meta property=\"og:image:width\" content=\"500\" \/>\n\t<meta property=\"og:image:height\" content=\"500\" \/>\n\t<meta property=\"og:image:type\" content=\"image\/png\" \/>\n<meta name=\"twitter:card\" content=\"summary_large_image\" \/>\n<meta name=\"twitter:label1\" content=\"Gesch\u00e4tzte Lesezeit\" \/>\n\t<meta name=\"twitter:data1\" content=\"1\u00a0Minute\" \/>\n<script type=\"application\/ld+json\" class=\"yoast-schema-graph\">{\"@context\":\"https:\\\/\\\/schema.org\",\"@graph\":[{\"@type\":\"WebPage\",\"@id\":\"https:\\\/\\\/animalproducts.nl\\\/de\\\/produkt\\\/intercan-a-wand-2-0-von-galican\\\/\",\"url\":\"https:\\\/\\\/animalproducts.nl\\\/de\\\/produkt\\\/intercan-a-wand-2-0-von-galican\\\/\",\"name\":\"INTERCAN A-Wand 2.0 von Galican - Animal Products\",\"isPartOf\":{\"@id\":\"https:\\\/\\\/animalproducts.nl\\\/de\\\/#website\"},\"primaryImageOfPage\":{\"@id\":\"https:\\\/\\\/animalproducts.nl\\\/de\\\/produkt\\\/intercan-a-wand-2-0-von-galican\\\/#primaryimage\"},\"image\":{\"@id\":\"https:\\\/\\\/animalproducts.nl\\\/de\\\/produkt\\\/intercan-a-wand-2-0-von-galican\\\/#primaryimage\"},\"thumbnailUrl\":\"https:\\\/\\\/animalproducts.nl\\\/wp-content\\\/uploads\\\/2023\\\/10\\\/4704-ficha_btt.png\",\"datePublished\":\"2023-10-02T18:33:16+00:00\",\"description\":\"Die INTERCAN A-Wand 2.0 von Galican bietet sicheren Halt, Sto\u00dfd\u00e4mpfung und erf\u00fcllt alle internationalen Agility-Normen. Ideal f\u00fcr Training und Turniere, mit individueller Farbwahl und einfacher Montage \u2013 perfekt f\u00fcr deinen Hund und dein Agility-Training.\",\"breadcrumb\":{\"@id\":\"https:\\\/\\\/animalproducts.nl\\\/de\\\/produkt\\\/intercan-a-wand-2-0-von-galican\\\/#breadcrumb\"},\"inLanguage\":\"de\",\"potentialAction\":[{\"@type\":\"ReadAction\",\"target\":[\"https:\\\/\\\/animalproducts.nl\\\/de\\\/produkt\\\/intercan-a-wand-2-0-von-galican\\\/\"]}]},{\"@type\":\"ImageObject\",\"inLanguage\":\"de\",\"@id\":\"https:\\\/\\\/animalproducts.nl\\\/de\\\/produkt\\\/intercan-a-wand-2-0-von-galican\\\/#primaryimage\",\"url\":\"https:\\\/\\\/animalproducts.nl\\\/wp-content\\\/uploads\\\/2023\\\/10\\\/4704-ficha_btt.png\",\"contentUrl\":\"https:\\\/\\\/animalproducts.nl\\\/wp-content\\\/uploads\\\/2023\\\/10\\\/4704-ficha_btt.png\",\"width\":500,\"height\":500,\"caption\":\"INTERCAN A-Wand 2.0 von Galican\"},{\"@type\":\"BreadcrumbList\",\"@id\":\"https:\\\/\\\/animalproducts.nl\\\/de\\\/produkt\\\/intercan-a-wand-2-0-von-galican\\\/#breadcrumb\",\"itemListElement\":[{\"@type\":\"ListItem\",\"position\":1,\"name\":\"Shop\",\"item\":\"https:\\\/\\\/animalproducts.nl\\\/de\\\/heim\\\/\"},{\"@type\":\"ListItem\",\"position\":2,\"name\":\"Shop\",\"item\":\"https:\\\/\\\/animalproducts.nl\\\/de\\\/shop\\\/\"},{\"@type\":\"ListItem\",\"position\":3,\"name\":\"INTERCAN A-Wand 2.0 von Galican\"}]},{\"@type\":\"WebSite\",\"@id\":\"https:\\\/\\\/animalproducts.nl\\\/de\\\/#website\",\"url\":\"https:\\\/\\\/animalproducts.nl\\\/de\\\/\",\"name\":\"Animal Products\",\"description\":\"\",\"publisher\":{\"@id\":\"https:\\\/\\\/animalproducts.nl\\\/de\\\/#organization\"},\"potentialAction\":[{\"@type\":\"SearchAction\",\"target\":{\"@type\":\"EntryPoint\",\"urlTemplate\":\"https:\\\/\\\/animalproducts.nl\\\/de\\\/?s={search_term_string}\"},\"query-input\":{\"@type\":\"PropertyValueSpecification\",\"valueRequired\":true,\"valueName\":\"search_term_string\"}}],\"inLanguage\":\"de\"},{\"@type\":\"Organization\",\"@id\":\"https:\\\/\\\/animalproducts.nl\\\/de\\\/#organization\",\"name\":\"Animal Products\",\"url\":\"https:\\\/\\\/animalproducts.nl\\\/de\\\/\",\"logo\":{\"@type\":\"ImageObject\",\"inLanguage\":\"de\",\"@id\":\"https:\\\/\\\/animalproducts.nl\\\/de\\\/#\\\/schema\\\/logo\\\/image\\\/\",\"url\":\"https:\\\/\\\/animalproducts.nl\\\/wp-content\\\/uploads\\\/2025\\\/07\\\/AnimalProducts-logo-v2-liggend-def-scaled.png\",\"contentUrl\":\"https:\\\/\\\/animalproducts.nl\\\/wp-content\\\/uploads\\\/2025\\\/07\\\/AnimalProducts-logo-v2-liggend-def-scaled.png\",\"width\":2560,\"height\":1266,\"caption\":\"Animal Products\"},\"image\":{\"@id\":\"https:\\\/\\\/animalproducts.nl\\\/de\\\/#\\\/schema\\\/logo\\\/image\\\/\"}}]}<\/script>\n<!-- \/ Yoast SEO plugin. -->","yoast_head_json":{"title":"INTERCAN A-Wand 2.0 von Galican - Animal Products","description":"Die INTERCAN A-Wand 2.0 von Galican bietet sicheren Halt, Sto\u00dfd\u00e4mpfung und erf\u00fcllt alle internationalen Agility-Normen. Ideal f\u00fcr Training und Turniere, mit individueller Farbwahl und einfacher Montage \u2013 perfekt f\u00fcr deinen Hund und dein Agility-Training.","robots":{"index":"index","follow":"follow","max-snippet":"max-snippet:-1","max-image-preview":"max-image-preview:large","max-video-preview":"max-video-preview:-1"},"canonical":"https:\/\/animalproducts.nl\/de\/produkt\/intercan-a-wand-2-0-von-galican\/","og_locale":"de_DE","og_type":"article","og_title":"INTERCAN A-Wand 2.0 von Galican - Animal Products","og_description":"Die INTERCAN A-Wand 2.0 von Galican bietet sicheren Halt, Sto\u00dfd\u00e4mpfung und erf\u00fcllt alle internationalen Agility-Normen. Ideal f\u00fcr Training und Turniere, mit individueller Farbwahl und einfacher Montage \u2013 perfekt f\u00fcr deinen Hund und dein Agility-Training.","og_url":"https:\/\/animalproducts.nl\/de\/produkt\/intercan-a-wand-2-0-von-galican\/","og_site_name":"Animal Products","og_image":[{"width":500,"height":500,"url":"https:\/\/animalproducts.nl\/wp-content\/uploads\/2023\/10\/4704-ficha_btt.png","type":"image\/png"}],"twitter_card":"summary_large_image","twitter_misc":{"Gesch\u00e4tzte Lesezeit":"1\u00a0Minute"},"schema":{"@context":"https:\/\/schema.org","@graph":[{"@type":"WebPage","@id":"https:\/\/animalproducts.nl\/de\/produkt\/intercan-a-wand-2-0-von-galican\/","url":"https:\/\/animalproducts.nl\/de\/produkt\/intercan-a-wand-2-0-von-galican\/","name":"INTERCAN A-Wand 2.0 von Galican - Animal Products","isPartOf":{"@id":"https:\/\/animalproducts.nl\/de\/#website"},"primaryImageOfPage":{"@id":"https:\/\/animalproducts.nl\/de\/produkt\/intercan-a-wand-2-0-von-galican\/#primaryimage"},"image":{"@id":"https:\/\/animalproducts.nl\/de\/produkt\/intercan-a-wand-2-0-von-galican\/#primaryimage"},"thumbnailUrl":"https:\/\/animalproducts.nl\/wp-content\/uploads\/2023\/10\/4704-ficha_btt.png","datePublished":"2023-10-02T18:33:16+00:00","description":"Die INTERCAN A-Wand 2.0 von Galican bietet sicheren Halt, Sto\u00dfd\u00e4mpfung und erf\u00fcllt alle internationalen Agility-Normen. Ideal f\u00fcr Training und Turniere, mit individueller Farbwahl und einfacher Montage \u2013 perfekt f\u00fcr deinen Hund und dein Agility-Training.","breadcrumb":{"@id":"https:\/\/animalproducts.nl\/de\/produkt\/intercan-a-wand-2-0-von-galican\/#breadcrumb"},"inLanguage":"de","potentialAction":[{"@type":"ReadAction","target":["https:\/\/animalproducts.nl\/de\/produkt\/intercan-a-wand-2-0-von-galican\/"]}]},{"@type":"ImageObject","inLanguage":"de","@id":"https:\/\/animalproducts.nl\/de\/produkt\/intercan-a-wand-2-0-von-galican\/#primaryimage","url":"https:\/\/animalproducts.nl\/wp-content\/uploads\/2023\/10\/4704-ficha_btt.png","contentUrl":"https:\/\/animalproducts.nl\/wp-content\/uploads\/2023\/10\/4704-ficha_btt.png","width":500,"height":500,"caption":"INTERCAN A-Wand 2.0 von Galican"},{"@type":"BreadcrumbList","@id":"https:\/\/animalproducts.nl\/de\/produkt\/intercan-a-wand-2-0-von-galican\/#breadcrumb","itemListElement":[{"@type":"ListItem","position":1,"name":"Shop","item":"https:\/\/animalproducts.nl\/de\/heim\/"},{"@type":"ListItem","position":2,"name":"Shop","item":"https:\/\/animalproducts.nl\/de\/shop\/"},{"@type":"ListItem","position":3,"name":"INTERCAN A-Wand 2.0 von Galican"}]},{"@type":"WebSite","@id":"https:\/\/animalproducts.nl\/de\/#website","url":"https:\/\/animalproducts.nl\/de\/","name":"Animal Products","description":"","publisher":{"@id":"https:\/\/animalproducts.nl\/de\/#organization"},"potentialAction":[{"@type":"SearchAction","target":{"@type":"EntryPoint","urlTemplate":"https:\/\/animalproducts.nl\/de\/?s={search_term_string}"},"query-input":{"@type":"PropertyValueSpecification","valueRequired":true,"valueName":"search_term_string"}}],"inLanguage":"de"},{"@type":"Organization","@id":"https:\/\/animalproducts.nl\/de\/#organization","name":"Animal Products","url":"https:\/\/animalproducts.nl\/de\/","logo":{"@type":"ImageObject","inLanguage":"de","@id":"https:\/\/animalproducts.nl\/de\/#\/schema\/logo\/image\/","url":"https:\/\/animalproducts.nl\/wp-content\/uploads\/2025\/07\/AnimalProducts-logo-v2-liggend-def-scaled.png","contentUrl":"https:\/\/animalproducts.nl\/wp-content\/uploads\/2025\/07\/AnimalProducts-logo-v2-liggend-def-scaled.png","width":2560,"height":1266,"caption":"Animal Products"},"image":{"@id":"https:\/\/animalproducts.nl\/de\/#\/schema\/logo\/image\/"}}]}},"_links":{"self":[{"href":"https:\/\/animalproducts.nl\/de\/wp-json\/wp\/v2\/product\/30983","targetHints":{"allow":["GET"]}}],"collection":[{"href":"https:\/\/animalproducts.nl\/de\/wp-json\/wp\/v2\/product"}],"about":[{"href":"https:\/\/animalproducts.nl\/de\/wp-json\/wp\/v2\/types\/product"}],"replies":[{"embeddable":true,"href":"https:\/\/animalproducts.nl\/de\/wp-json\/wp\/v2\/comments?post=30983"}],"wp:featuredmedia":[{"embeddable":true,"href":"https:\/\/animalproducts.nl\/de\/wp-json\/wp\/v2\/media\/30990"}],"wp:attachment":[{"href":"https:\/\/animalproducts.nl\/de\/wp-json\/wp\/v2\/media?parent=30983"}],"wp:term":[{"taxonomy":"product_brand","embeddable":true,"href":"https:\/\/animalproducts.nl\/de\/wp-json\/wp\/v2\/product_brand?post=30983"},{"taxonomy":"product_cat","embeddable":true,"href":"https:\/\/animalproducts.nl\/de\/wp-json\/wp\/v2\/product_cat?post=30983"},{"taxonomy":"product_tag","embeddable":true,"href":"https:\/\/animalproducts.nl\/de\/wp-json\/wp\/v2\/product_tag?post=30983"}],"curies":[{"name":"wp","href":"https:\/\/api.w.org\/{rel}","templated":true}]}}