{"id":30948,"date":"2023-10-02T20:13:45","date_gmt":"2023-10-02T18:13:45","guid":{"rendered":"https:\/\/animalproducts.nl\/product\/intercan-dogwalk\/"},"modified":"2023-10-02T20:13:45","modified_gmt":"2023-10-02T18:13:45","slug":"intercan-dogwalk","status":"publish","type":"product","link":"https:\/\/animalproducts.nl\/de\/produkt\/intercan-dogwalk\/","title":{"rendered":"INTERCAN dogwalk"},"content":{"rendered":"<p>Der INTERCAN Steg 2.0 von Galican bietet mit rutschfester Gummibeschichtung, stabiler Basis und integriertem Scharnier-System sicheren Halt und Ger\u00e4uschreduzierung. In verschiedenen Farben erh\u00e4ltlich und wetterfest. <\/p>\n<p>Die SOFT Covers Pro Gummibeschichtung bietet zuverl\u00e4ssigen Schutz und super Grip f\u00fcr deinen Hund. Mit einer breiten Auswahl an Farben f\u00fcr die Gummibeschichtung und den Rahmen, wird der Steg zu einem echten Eyecatcher in deinem Agility-Setup \u2013 ideal, um deinem Training eine pers\u00f6nliche Note zu verleihen. Die integrierten Scharniere sorgen daf\u00fcr, dass das Training ruhig und kontrolliert verl\u00e4uft, ohne dass st\u00f6rende Ger\u00e4usche oder Vibrationen entstehen und nat\u00fcrlich ohne zus\u00e4tzliche Verletzungsgefahr durch hervorstehende Schrauben.  <\/p>\n<p><strong>Produkmerkmale:<\/strong><\/p>\n<ul>\n<li>Maximale Sicherheit: Weniger Aufprallkr\u00e4fte und weniger Gelenkbelastung f\u00fcr die Hunde.<\/li>\n<li>Edelstahl-Scharnier: Einfache Montage und Langlebigkeit, versteckte Scharniere sch\u00fctzen den Hund<\/li>\n<li>Langlebige Materialien: Wetterfeste Materialien f\u00fcr Innen- und Au\u00dfeneinsatz auf allen Bodenarten.<\/li>\n<li>Bessere Stabilit\u00e4t: Durch das exklusive Galican-Design mit breiter St\u00e4nderbasis.<br \/>Schont den Kunstrasen: Das Design sch\u00fctzt empfindliche Oberfl\u00e4chen vor Abnutzung.<\/li>\n<li>Neue Designs, sicherere Systeme, besserer Halt (auch bei N\u00e4sse)<\/li>\n<li>Aluminium mit rutschfester Gummibeschichtung (SOFT Covers Pro) <\/li>\n<li>Patentiertes Galican-Basis-System f\u00fcr bessere Stabilit\u00e4t auf allen Untergr\u00fcnden<\/li>\n<li>Integrierte Scharniere<\/li>\n<li>H\u00f6henverstellung: 4 H\u00f6hen (122, 100, 80, 60 cm)<\/li>\n<li>Alle Materialien sind wetterfest: Pulverbeschichtetes Aluminium mit rutschfestem Gummi<\/li>\n<li>Gesamtgewicht: 69 kg<\/li>\n<\/ul>\n<p><iframe title=\"Contact zones V2.0\" width=\"800\" height=\"450\" src=\"https:\/\/www.youtube.com\/embed\/GWauVPsPSHg?start=61&#038;feature=oembed\" frameborder=\"0\" allow=\"accelerometer; autoplay; clipboard-write; encrypted-media; gyroscope; picture-in-picture; web-share\" referrerpolicy=\"strict-origin-when-cross-origin\" allowfullscreen><\/iframe><\/p>\n<p>&nbsp;<\/p>\n","protected":false},"excerpt":{"rendered":"<p>Der INTERCAN Steg 2.0 von Galican bietet mit rutschfester Gummibeschichtung, stabiler Basis und integriertem Scharnier-System sicheren Halt und Ger\u00e4uschreduzierung. In verschiedenen Farben erh\u00e4ltlich und wetterfest. <\/p>\n<p>Die SOFT Covers Pro Gummibeschichtung bietet zuverl\u00e4ssigen Schutz und super Grip f\u00fcr deinen Hund. Mit einer breiten Auswahl an Farben f\u00fcr die Gummibeschichtung und den Rahmen, wird der Steg zu einem echten Eyecatcher in deinem Agility-Setup \u2013 ideal, um deinem Training eine pers\u00f6nliche Note zu verleihen. Die integrierten Scharniere sorgen daf\u00fcr, dass das Training ruhig und kontrolliert verl\u00e4uft, ohne dass st\u00f6rende Ger\u00e4usche oder Vibrationen entstehen und nat\u00fcrlich ohne zus\u00e4tzliche Verletzungsgefahr durch hervorstehende Schrauben.  <\/p>\n","protected":false},"featured_media":30954,"comment_status":"closed","ping_status":"closed","template":"","meta":{"_acf_changed":false},"product_brand":[],"product_cat":[140,150,152,153,166],"product_tag":[],"class_list":{"0":"post-30948","1":"product","2":"type-product","3":"status-publish","4":"has-post-thumbnail","6":"product_cat-beweglichkeit","7":"product_cat-galican","8":"product_cat-intercan","9":"product_cat-katze-lauft","10":"product_cat-schnittstellen","12":"first","13":"onbackorder","14":"taxable","15":"shipping-taxable","16":"purchasable","17":"product-type-variable"},"acf":[],"yoast_head":"<!-- This site is optimized with the Yoast SEO plugin v27.6 - https:\/\/yoast.com\/product\/yoast-seo-wordpress\/ -->\n<title>INTERCAN dogwalk - Animal Products<\/title>\n<meta name=\"description\" content=\"Der INTERCAN Steg 2.0 von Galican bietet mit rutschfester Gummibeschichtung, stabiler Basis und integriertem Scharnier-System sicheren Halt und Ger\u00e4uschreduzierung.\" \/>\n<meta name=\"robots\" content=\"index, follow, max-snippet:-1, max-image-preview:large, max-video-preview:-1\" \/>\n<link rel=\"canonical\" href=\"https:\/\/animalproducts.nl\/de\/produkt\/intercan-dogwalk\/\" \/>\n<meta property=\"og:locale\" content=\"de_DE\" \/>\n<meta property=\"og:type\" content=\"article\" \/>\n<meta property=\"og:title\" content=\"INTERCAN dogwalk - Animal Products\" \/>\n<meta property=\"og:description\" content=\"Der INTERCAN Steg 2.0 von Galican bietet mit rutschfester Gummibeschichtung, stabiler Basis und integriertem Scharnier-System sicheren Halt und Ger\u00e4uschreduzierung.\" \/>\n<meta property=\"og:url\" content=\"https:\/\/animalproducts.nl\/de\/produkt\/intercan-dogwalk\/\" \/>\n<meta property=\"og:site_name\" content=\"Animal Products\" \/>\n<meta property=\"og:image\" content=\"https:\/\/animalproducts.nl\/wp-content\/uploads\/2023\/10\/4689-ficha_btt.png\" \/>\n\t<meta property=\"og:image:width\" content=\"500\" \/>\n\t<meta property=\"og:image:height\" content=\"500\" \/>\n\t<meta property=\"og:image:type\" content=\"image\/png\" \/>\n<meta name=\"twitter:card\" content=\"summary_large_image\" \/>\n<meta name=\"twitter:label1\" content=\"Gesch\u00e4tzte Lesezeit\" \/>\n\t<meta name=\"twitter:data1\" content=\"1\u00a0Minute\" \/>\n<script type=\"application\/ld+json\" class=\"yoast-schema-graph\">{\"@context\":\"https:\\\/\\\/schema.org\",\"@graph\":[{\"@type\":\"WebPage\",\"@id\":\"https:\\\/\\\/animalproducts.nl\\\/de\\\/produkt\\\/intercan-dogwalk\\\/\",\"url\":\"https:\\\/\\\/animalproducts.nl\\\/de\\\/produkt\\\/intercan-dogwalk\\\/\",\"name\":\"INTERCAN dogwalk - Animal Products\",\"isPartOf\":{\"@id\":\"https:\\\/\\\/animalproducts.nl\\\/de\\\/#website\"},\"primaryImageOfPage\":{\"@id\":\"https:\\\/\\\/animalproducts.nl\\\/de\\\/produkt\\\/intercan-dogwalk\\\/#primaryimage\"},\"image\":{\"@id\":\"https:\\\/\\\/animalproducts.nl\\\/de\\\/produkt\\\/intercan-dogwalk\\\/#primaryimage\"},\"thumbnailUrl\":\"https:\\\/\\\/animalproducts.nl\\\/wp-content\\\/uploads\\\/2023\\\/10\\\/4689-ficha_btt.png\",\"datePublished\":\"2023-10-02T18:13:45+00:00\",\"description\":\"Der INTERCAN Steg 2.0 von Galican bietet mit rutschfester Gummibeschichtung, stabiler Basis und integriertem Scharnier-System sicheren Halt und Ger\u00e4uschreduzierung.\",\"breadcrumb\":{\"@id\":\"https:\\\/\\\/animalproducts.nl\\\/de\\\/produkt\\\/intercan-dogwalk\\\/#breadcrumb\"},\"inLanguage\":\"de\",\"potentialAction\":[{\"@type\":\"ReadAction\",\"target\":[\"https:\\\/\\\/animalproducts.nl\\\/de\\\/produkt\\\/intercan-dogwalk\\\/\"]}]},{\"@type\":\"ImageObject\",\"inLanguage\":\"de\",\"@id\":\"https:\\\/\\\/animalproducts.nl\\\/de\\\/produkt\\\/intercan-dogwalk\\\/#primaryimage\",\"url\":\"https:\\\/\\\/animalproducts.nl\\\/wp-content\\\/uploads\\\/2023\\\/10\\\/4689-ficha_btt.png\",\"contentUrl\":\"https:\\\/\\\/animalproducts.nl\\\/wp-content\\\/uploads\\\/2023\\\/10\\\/4689-ficha_btt.png\",\"width\":500,\"height\":500,\"caption\":\"Galican INTERCAN dogwalk\"},{\"@type\":\"BreadcrumbList\",\"@id\":\"https:\\\/\\\/animalproducts.nl\\\/de\\\/produkt\\\/intercan-dogwalk\\\/#breadcrumb\",\"itemListElement\":[{\"@type\":\"ListItem\",\"position\":1,\"name\":\"Shop\",\"item\":\"https:\\\/\\\/animalproducts.nl\\\/de\\\/heim\\\/\"},{\"@type\":\"ListItem\",\"position\":2,\"name\":\"Shop\",\"item\":\"https:\\\/\\\/animalproducts.nl\\\/de\\\/shop\\\/\"},{\"@type\":\"ListItem\",\"position\":3,\"name\":\"INTERCAN dogwalk\"}]},{\"@type\":\"WebSite\",\"@id\":\"https:\\\/\\\/animalproducts.nl\\\/de\\\/#website\",\"url\":\"https:\\\/\\\/animalproducts.nl\\\/de\\\/\",\"name\":\"Animal Products\",\"description\":\"\",\"publisher\":{\"@id\":\"https:\\\/\\\/animalproducts.nl\\\/de\\\/#organization\"},\"potentialAction\":[{\"@type\":\"SearchAction\",\"target\":{\"@type\":\"EntryPoint\",\"urlTemplate\":\"https:\\\/\\\/animalproducts.nl\\\/de\\\/?s={search_term_string}\"},\"query-input\":{\"@type\":\"PropertyValueSpecification\",\"valueRequired\":true,\"valueName\":\"search_term_string\"}}],\"inLanguage\":\"de\"},{\"@type\":\"Organization\",\"@id\":\"https:\\\/\\\/animalproducts.nl\\\/de\\\/#organization\",\"name\":\"Animal Products\",\"url\":\"https:\\\/\\\/animalproducts.nl\\\/de\\\/\",\"logo\":{\"@type\":\"ImageObject\",\"inLanguage\":\"de\",\"@id\":\"https:\\\/\\\/animalproducts.nl\\\/de\\\/#\\\/schema\\\/logo\\\/image\\\/\",\"url\":\"https:\\\/\\\/animalproducts.nl\\\/wp-content\\\/uploads\\\/2025\\\/07\\\/AnimalProducts-logo-v2-liggend-def-scaled.png\",\"contentUrl\":\"https:\\\/\\\/animalproducts.nl\\\/wp-content\\\/uploads\\\/2025\\\/07\\\/AnimalProducts-logo-v2-liggend-def-scaled.png\",\"width\":2560,\"height\":1266,\"caption\":\"Animal Products\"},\"image\":{\"@id\":\"https:\\\/\\\/animalproducts.nl\\\/de\\\/#\\\/schema\\\/logo\\\/image\\\/\"}}]}<\/script>\n<!-- \/ Yoast SEO plugin. -->","yoast_head_json":{"title":"INTERCAN dogwalk - Animal Products","description":"Der INTERCAN Steg 2.0 von Galican bietet mit rutschfester Gummibeschichtung, stabiler Basis und integriertem Scharnier-System sicheren Halt und Ger\u00e4uschreduzierung.","robots":{"index":"index","follow":"follow","max-snippet":"max-snippet:-1","max-image-preview":"max-image-preview:large","max-video-preview":"max-video-preview:-1"},"canonical":"https:\/\/animalproducts.nl\/de\/produkt\/intercan-dogwalk\/","og_locale":"de_DE","og_type":"article","og_title":"INTERCAN dogwalk - Animal Products","og_description":"Der INTERCAN Steg 2.0 von Galican bietet mit rutschfester Gummibeschichtung, stabiler Basis und integriertem Scharnier-System sicheren Halt und Ger\u00e4uschreduzierung.","og_url":"https:\/\/animalproducts.nl\/de\/produkt\/intercan-dogwalk\/","og_site_name":"Animal Products","og_image":[{"width":500,"height":500,"url":"https:\/\/animalproducts.nl\/wp-content\/uploads\/2023\/10\/4689-ficha_btt.png","type":"image\/png"}],"twitter_card":"summary_large_image","twitter_misc":{"Gesch\u00e4tzte Lesezeit":"1\u00a0Minute"},"schema":{"@context":"https:\/\/schema.org","@graph":[{"@type":"WebPage","@id":"https:\/\/animalproducts.nl\/de\/produkt\/intercan-dogwalk\/","url":"https:\/\/animalproducts.nl\/de\/produkt\/intercan-dogwalk\/","name":"INTERCAN dogwalk - Animal Products","isPartOf":{"@id":"https:\/\/animalproducts.nl\/de\/#website"},"primaryImageOfPage":{"@id":"https:\/\/animalproducts.nl\/de\/produkt\/intercan-dogwalk\/#primaryimage"},"image":{"@id":"https:\/\/animalproducts.nl\/de\/produkt\/intercan-dogwalk\/#primaryimage"},"thumbnailUrl":"https:\/\/animalproducts.nl\/wp-content\/uploads\/2023\/10\/4689-ficha_btt.png","datePublished":"2023-10-02T18:13:45+00:00","description":"Der INTERCAN Steg 2.0 von Galican bietet mit rutschfester Gummibeschichtung, stabiler Basis und integriertem Scharnier-System sicheren Halt und Ger\u00e4uschreduzierung.","breadcrumb":{"@id":"https:\/\/animalproducts.nl\/de\/produkt\/intercan-dogwalk\/#breadcrumb"},"inLanguage":"de","potentialAction":[{"@type":"ReadAction","target":["https:\/\/animalproducts.nl\/de\/produkt\/intercan-dogwalk\/"]}]},{"@type":"ImageObject","inLanguage":"de","@id":"https:\/\/animalproducts.nl\/de\/produkt\/intercan-dogwalk\/#primaryimage","url":"https:\/\/animalproducts.nl\/wp-content\/uploads\/2023\/10\/4689-ficha_btt.png","contentUrl":"https:\/\/animalproducts.nl\/wp-content\/uploads\/2023\/10\/4689-ficha_btt.png","width":500,"height":500,"caption":"Galican INTERCAN dogwalk"},{"@type":"BreadcrumbList","@id":"https:\/\/animalproducts.nl\/de\/produkt\/intercan-dogwalk\/#breadcrumb","itemListElement":[{"@type":"ListItem","position":1,"name":"Shop","item":"https:\/\/animalproducts.nl\/de\/heim\/"},{"@type":"ListItem","position":2,"name":"Shop","item":"https:\/\/animalproducts.nl\/de\/shop\/"},{"@type":"ListItem","position":3,"name":"INTERCAN dogwalk"}]},{"@type":"WebSite","@id":"https:\/\/animalproducts.nl\/de\/#website","url":"https:\/\/animalproducts.nl\/de\/","name":"Animal Products","description":"","publisher":{"@id":"https:\/\/animalproducts.nl\/de\/#organization"},"potentialAction":[{"@type":"SearchAction","target":{"@type":"EntryPoint","urlTemplate":"https:\/\/animalproducts.nl\/de\/?s={search_term_string}"},"query-input":{"@type":"PropertyValueSpecification","valueRequired":true,"valueName":"search_term_string"}}],"inLanguage":"de"},{"@type":"Organization","@id":"https:\/\/animalproducts.nl\/de\/#organization","name":"Animal Products","url":"https:\/\/animalproducts.nl\/de\/","logo":{"@type":"ImageObject","inLanguage":"de","@id":"https:\/\/animalproducts.nl\/de\/#\/schema\/logo\/image\/","url":"https:\/\/animalproducts.nl\/wp-content\/uploads\/2025\/07\/AnimalProducts-logo-v2-liggend-def-scaled.png","contentUrl":"https:\/\/animalproducts.nl\/wp-content\/uploads\/2025\/07\/AnimalProducts-logo-v2-liggend-def-scaled.png","width":2560,"height":1266,"caption":"Animal Products"},"image":{"@id":"https:\/\/animalproducts.nl\/de\/#\/schema\/logo\/image\/"}}]}},"_links":{"self":[{"href":"https:\/\/animalproducts.nl\/de\/wp-json\/wp\/v2\/product\/30948","targetHints":{"allow":["GET"]}}],"collection":[{"href":"https:\/\/animalproducts.nl\/de\/wp-json\/wp\/v2\/product"}],"about":[{"href":"https:\/\/animalproducts.nl\/de\/wp-json\/wp\/v2\/types\/product"}],"replies":[{"embeddable":true,"href":"https:\/\/animalproducts.nl\/de\/wp-json\/wp\/v2\/comments?post=30948"}],"wp:featuredmedia":[{"embeddable":true,"href":"https:\/\/animalproducts.nl\/de\/wp-json\/wp\/v2\/media\/30954"}],"wp:attachment":[{"href":"https:\/\/animalproducts.nl\/de\/wp-json\/wp\/v2\/media?parent=30948"}],"wp:term":[{"taxonomy":"product_brand","embeddable":true,"href":"https:\/\/animalproducts.nl\/de\/wp-json\/wp\/v2\/product_brand?post=30948"},{"taxonomy":"product_cat","embeddable":true,"href":"https:\/\/animalproducts.nl\/de\/wp-json\/wp\/v2\/product_cat?post=30948"},{"taxonomy":"product_tag","embeddable":true,"href":"https:\/\/animalproducts.nl\/de\/wp-json\/wp\/v2\/product_tag?post=30948"}],"curies":[{"name":"wp","href":"https:\/\/api.w.org\/{rel}","templated":true}]}}