{"id":30866,"date":"2023-10-02T15:15:24","date_gmt":"2023-10-02T13:15:24","guid":{"rendered":"https:\/\/animalproducts.nl\/product\/puppy-bump-mit-fullgrip\/"},"modified":"2023-10-02T15:15:24","modified_gmt":"2023-10-02T13:15:24","slug":"puppy-bump-mit-fullgrip","status":"publish","type":"product","link":"https:\/\/animalproducts.nl\/de\/produkt\/puppy-bump-mit-fullgrip\/","title":{"rendered":"Puppy Bump mit Fullgrip"},"content":{"rendered":"<p>Neue Version des Puppy Bump mit rutschfestem Canvas. Ein Leitfaden f\u00fcr den Einstieg ins Agility-Springen, hergestellt aus strapazierf\u00e4higem Schaumstoff und wetterbest\u00e4ndig.   <\/p>\n<p><strong>Produktmerkmale:<\/strong><\/p>\n<ul>\n<li>Gewicht: 1 kg<\/li>\n<li>Material: strapazierf\u00e4higer Schaumstoff und rutschfestes Canvas<\/li>\n<li>Abmessungen: 100 cm x 7 cm x 15 cm<\/li>\n<\/ul>\n<p>&nbsp;<\/p>\n<p><iframe title=\"Puppy Bump in action!! Improve the technique\" width=\"800\" height=\"450\" src=\"https:\/\/www.youtube.com\/embed\/5DBPmt8pENM?feature=oembed\" frameborder=\"0\" allow=\"accelerometer; autoplay; clipboard-write; encrypted-media; gyroscope; picture-in-picture; web-share\" referrerpolicy=\"strict-origin-when-cross-origin\" allowfullscreen><\/iframe><\/p>\n","protected":false},"excerpt":{"rendered":"<p>Neue Version des Puppy Bump mit rutschfestem Canvas. Ein Leitfaden f\u00fcr den Einstieg ins Agility-Springen, hergestellt aus strapazierf\u00e4higem Schaumstoff und wetterbest\u00e4ndig.   <\/p>\n","protected":false},"featured_media":26554,"comment_status":"closed","ping_status":"closed","template":"","meta":{"_acf_changed":false},"product_brand":[],"product_cat":[143,140,144,150,156],"product_tag":[],"class_list":{"0":"post-30866","1":"product","2":"type-product","3":"status-publish","4":"has-post-thumbnail","6":"product_cat-agility-zubehor","7":"product_cat-beweglichkeit","8":"product_cat-beweglichkeitstraining","9":"product_cat-galican","10":"product_cat-welpe-und-junior","12":"first","13":"onbackorder","14":"taxable","15":"shipping-taxable","16":"purchasable","17":"product-type-variable"},"acf":[],"yoast_head":"<!-- This site is optimized with the Yoast SEO plugin v27.6 - https:\/\/yoast.com\/product\/yoast-seo-wordpress\/ -->\n<title>Puppy Bump mit Fullgrip - Animal Products<\/title>\n<meta name=\"description\" content=\"Neue Version des klassischen Puppy Bump, jetzt mit rutschfestem Canvas. Es wird auf dem Boden zwischen den beiden Seiten der Spr\u00fcnge platziert und dient als Leitfaden, um Welpen beim Erlernen der Sprungtechnik zu unterst\u00fctzen.Aus Schaumstoff gefertigt und mit Segeltuch \u00fcberzogen f\u00fcr maximale Sicherheit und Haltbarkeit.Die neue Version des klassischen Puppy Bump verf\u00fcgt \u00fcber ein rutschfestes Canvas, was die Sicherheit und Funktionalit\u00e4t dieses unverzichtbaren Trainingszubeh\u00f6rs weiter verbessert. Entwickelt, um zwischen den Fl\u00fcgeln der Spr\u00fcnge platziert zu werden, dient es als perfekter Leitfaden f\u00fcr Welpen, um das Springen auf sichere und kontrollierte Weise zu erlernen.\" \/>\n<meta name=\"robots\" content=\"index, follow, max-snippet:-1, max-image-preview:large, max-video-preview:-1\" \/>\n<link rel=\"canonical\" href=\"https:\/\/animalproducts.nl\/de\/produkt\/puppy-bump-mit-fullgrip\/\" \/>\n<meta property=\"og:locale\" content=\"de_DE\" \/>\n<meta property=\"og:type\" content=\"article\" \/>\n<meta property=\"og:title\" content=\"Puppy Bump mit Fullgrip - Animal Products\" \/>\n<meta property=\"og:description\" content=\"Neue Version des klassischen Puppy Bump, jetzt mit rutschfestem Canvas. Es wird auf dem Boden zwischen den beiden Seiten der Spr\u00fcnge platziert und dient als Leitfaden, um Welpen beim Erlernen der Sprungtechnik zu unterst\u00fctzen.Aus Schaumstoff gefertigt und mit Segeltuch \u00fcberzogen f\u00fcr maximale Sicherheit und Haltbarkeit.Die neue Version des klassischen Puppy Bump verf\u00fcgt \u00fcber ein rutschfestes Canvas, was die Sicherheit und Funktionalit\u00e4t dieses unverzichtbaren Trainingszubeh\u00f6rs weiter verbessert. Entwickelt, um zwischen den Fl\u00fcgeln der Spr\u00fcnge platziert zu werden, dient es als perfekter Leitfaden f\u00fcr Welpen, um das Springen auf sichere und kontrollierte Weise zu erlernen.\" \/>\n<meta property=\"og:url\" content=\"https:\/\/animalproducts.nl\/de\/produkt\/puppy-bump-mit-fullgrip\/\" \/>\n<meta property=\"og:site_name\" content=\"Animal Products\" \/>\n<meta property=\"og:image\" content=\"https:\/\/animalproducts.nl\/wp-content\/uploads\/2023\/10\/4625-ficha_btt.png\" \/>\n\t<meta property=\"og:image:width\" content=\"500\" \/>\n\t<meta property=\"og:image:height\" content=\"500\" \/>\n\t<meta property=\"og:image:type\" content=\"image\/png\" \/>\n<meta name=\"twitter:card\" content=\"summary_large_image\" \/>\n<script type=\"application\/ld+json\" class=\"yoast-schema-graph\">{\"@context\":\"https:\\\/\\\/schema.org\",\"@graph\":[{\"@type\":\"WebPage\",\"@id\":\"https:\\\/\\\/animalproducts.nl\\\/de\\\/produkt\\\/puppy-bump-mit-fullgrip\\\/\",\"url\":\"https:\\\/\\\/animalproducts.nl\\\/de\\\/produkt\\\/puppy-bump-mit-fullgrip\\\/\",\"name\":\"Puppy Bump mit Fullgrip - Animal Products\",\"isPartOf\":{\"@id\":\"https:\\\/\\\/animalproducts.nl\\\/de\\\/#website\"},\"primaryImageOfPage\":{\"@id\":\"https:\\\/\\\/animalproducts.nl\\\/de\\\/produkt\\\/puppy-bump-mit-fullgrip\\\/#primaryimage\"},\"image\":{\"@id\":\"https:\\\/\\\/animalproducts.nl\\\/de\\\/produkt\\\/puppy-bump-mit-fullgrip\\\/#primaryimage\"},\"thumbnailUrl\":\"https:\\\/\\\/animalproducts.nl\\\/wp-content\\\/uploads\\\/2023\\\/10\\\/4625-ficha_btt.png\",\"datePublished\":\"2023-10-02T13:15:24+00:00\",\"description\":\"Neue Version des klassischen Puppy Bump, jetzt mit rutschfestem Canvas. Es wird auf dem Boden zwischen den beiden Seiten der Spr\u00fcnge platziert und dient als Leitfaden, um Welpen beim Erlernen der Sprungtechnik zu unterst\u00fctzen.Aus Schaumstoff gefertigt und mit Segeltuch \u00fcberzogen f\u00fcr maximale Sicherheit und Haltbarkeit.Die neue Version des klassischen Puppy Bump verf\u00fcgt \u00fcber ein rutschfestes Canvas, was die Sicherheit und Funktionalit\u00e4t dieses unverzichtbaren Trainingszubeh\u00f6rs weiter verbessert. Entwickelt, um zwischen den Fl\u00fcgeln der Spr\u00fcnge platziert zu werden, dient es als perfekter Leitfaden f\u00fcr Welpen, um das Springen auf sichere und kontrollierte Weise zu erlernen.\",\"breadcrumb\":{\"@id\":\"https:\\\/\\\/animalproducts.nl\\\/de\\\/produkt\\\/puppy-bump-mit-fullgrip\\\/#breadcrumb\"},\"inLanguage\":\"de\",\"potentialAction\":[{\"@type\":\"ReadAction\",\"target\":[\"https:\\\/\\\/animalproducts.nl\\\/de\\\/produkt\\\/puppy-bump-mit-fullgrip\\\/\"]}]},{\"@type\":\"ImageObject\",\"inLanguage\":\"de\",\"@id\":\"https:\\\/\\\/animalproducts.nl\\\/de\\\/produkt\\\/puppy-bump-mit-fullgrip\\\/#primaryimage\",\"url\":\"https:\\\/\\\/animalproducts.nl\\\/wp-content\\\/uploads\\\/2023\\\/10\\\/4625-ficha_btt.png\",\"contentUrl\":\"https:\\\/\\\/animalproducts.nl\\\/wp-content\\\/uploads\\\/2023\\\/10\\\/4625-ficha_btt.png\",\"width\":500,\"height\":500,\"caption\":\"Puppy Grip bump opgestapeld in verschillende kleuren\"},{\"@type\":\"BreadcrumbList\",\"@id\":\"https:\\\/\\\/animalproducts.nl\\\/de\\\/produkt\\\/puppy-bump-mit-fullgrip\\\/#breadcrumb\",\"itemListElement\":[{\"@type\":\"ListItem\",\"position\":1,\"name\":\"Shop\",\"item\":\"https:\\\/\\\/animalproducts.nl\\\/de\\\/heim\\\/\"},{\"@type\":\"ListItem\",\"position\":2,\"name\":\"Shop\",\"item\":\"https:\\\/\\\/animalproducts.nl\\\/de\\\/shop\\\/\"},{\"@type\":\"ListItem\",\"position\":3,\"name\":\"Puppy Bump mit Fullgrip\"}]},{\"@type\":\"WebSite\",\"@id\":\"https:\\\/\\\/animalproducts.nl\\\/de\\\/#website\",\"url\":\"https:\\\/\\\/animalproducts.nl\\\/de\\\/\",\"name\":\"Animal Products\",\"description\":\"\",\"publisher\":{\"@id\":\"https:\\\/\\\/animalproducts.nl\\\/de\\\/#organization\"},\"potentialAction\":[{\"@type\":\"SearchAction\",\"target\":{\"@type\":\"EntryPoint\",\"urlTemplate\":\"https:\\\/\\\/animalproducts.nl\\\/de\\\/?s={search_term_string}\"},\"query-input\":{\"@type\":\"PropertyValueSpecification\",\"valueRequired\":true,\"valueName\":\"search_term_string\"}}],\"inLanguage\":\"de\"},{\"@type\":\"Organization\",\"@id\":\"https:\\\/\\\/animalproducts.nl\\\/de\\\/#organization\",\"name\":\"Animal Products\",\"url\":\"https:\\\/\\\/animalproducts.nl\\\/de\\\/\",\"logo\":{\"@type\":\"ImageObject\",\"inLanguage\":\"de\",\"@id\":\"https:\\\/\\\/animalproducts.nl\\\/de\\\/#\\\/schema\\\/logo\\\/image\\\/\",\"url\":\"https:\\\/\\\/animalproducts.nl\\\/wp-content\\\/uploads\\\/2025\\\/07\\\/AnimalProducts-logo-v2-liggend-def-scaled.png\",\"contentUrl\":\"https:\\\/\\\/animalproducts.nl\\\/wp-content\\\/uploads\\\/2025\\\/07\\\/AnimalProducts-logo-v2-liggend-def-scaled.png\",\"width\":2560,\"height\":1266,\"caption\":\"Animal Products\"},\"image\":{\"@id\":\"https:\\\/\\\/animalproducts.nl\\\/de\\\/#\\\/schema\\\/logo\\\/image\\\/\"}}]}<\/script>\n<!-- \/ Yoast SEO plugin. -->","yoast_head_json":{"title":"Puppy Bump mit Fullgrip - Animal Products","description":"Neue Version des klassischen Puppy Bump, jetzt mit rutschfestem Canvas. Es wird auf dem Boden zwischen den beiden Seiten der Spr\u00fcnge platziert und dient als Leitfaden, um Welpen beim Erlernen der Sprungtechnik zu unterst\u00fctzen.Aus Schaumstoff gefertigt und mit Segeltuch \u00fcberzogen f\u00fcr maximale Sicherheit und Haltbarkeit.Die neue Version des klassischen Puppy Bump verf\u00fcgt \u00fcber ein rutschfestes Canvas, was die Sicherheit und Funktionalit\u00e4t dieses unverzichtbaren Trainingszubeh\u00f6rs weiter verbessert. Entwickelt, um zwischen den Fl\u00fcgeln der Spr\u00fcnge platziert zu werden, dient es als perfekter Leitfaden f\u00fcr Welpen, um das Springen auf sichere und kontrollierte Weise zu erlernen.","robots":{"index":"index","follow":"follow","max-snippet":"max-snippet:-1","max-image-preview":"max-image-preview:large","max-video-preview":"max-video-preview:-1"},"canonical":"https:\/\/animalproducts.nl\/de\/produkt\/puppy-bump-mit-fullgrip\/","og_locale":"de_DE","og_type":"article","og_title":"Puppy Bump mit Fullgrip - Animal Products","og_description":"Neue Version des klassischen Puppy Bump, jetzt mit rutschfestem Canvas. Es wird auf dem Boden zwischen den beiden Seiten der Spr\u00fcnge platziert und dient als Leitfaden, um Welpen beim Erlernen der Sprungtechnik zu unterst\u00fctzen.Aus Schaumstoff gefertigt und mit Segeltuch \u00fcberzogen f\u00fcr maximale Sicherheit und Haltbarkeit.Die neue Version des klassischen Puppy Bump verf\u00fcgt \u00fcber ein rutschfestes Canvas, was die Sicherheit und Funktionalit\u00e4t dieses unverzichtbaren Trainingszubeh\u00f6rs weiter verbessert. Entwickelt, um zwischen den Fl\u00fcgeln der Spr\u00fcnge platziert zu werden, dient es als perfekter Leitfaden f\u00fcr Welpen, um das Springen auf sichere und kontrollierte Weise zu erlernen.","og_url":"https:\/\/animalproducts.nl\/de\/produkt\/puppy-bump-mit-fullgrip\/","og_site_name":"Animal Products","og_image":[{"width":500,"height":500,"url":"https:\/\/animalproducts.nl\/wp-content\/uploads\/2023\/10\/4625-ficha_btt.png","type":"image\/png"}],"twitter_card":"summary_large_image","schema":{"@context":"https:\/\/schema.org","@graph":[{"@type":"WebPage","@id":"https:\/\/animalproducts.nl\/de\/produkt\/puppy-bump-mit-fullgrip\/","url":"https:\/\/animalproducts.nl\/de\/produkt\/puppy-bump-mit-fullgrip\/","name":"Puppy Bump mit Fullgrip - Animal Products","isPartOf":{"@id":"https:\/\/animalproducts.nl\/de\/#website"},"primaryImageOfPage":{"@id":"https:\/\/animalproducts.nl\/de\/produkt\/puppy-bump-mit-fullgrip\/#primaryimage"},"image":{"@id":"https:\/\/animalproducts.nl\/de\/produkt\/puppy-bump-mit-fullgrip\/#primaryimage"},"thumbnailUrl":"https:\/\/animalproducts.nl\/wp-content\/uploads\/2023\/10\/4625-ficha_btt.png","datePublished":"2023-10-02T13:15:24+00:00","description":"Neue Version des klassischen Puppy Bump, jetzt mit rutschfestem Canvas. Es wird auf dem Boden zwischen den beiden Seiten der Spr\u00fcnge platziert und dient als Leitfaden, um Welpen beim Erlernen der Sprungtechnik zu unterst\u00fctzen.Aus Schaumstoff gefertigt und mit Segeltuch \u00fcberzogen f\u00fcr maximale Sicherheit und Haltbarkeit.Die neue Version des klassischen Puppy Bump verf\u00fcgt \u00fcber ein rutschfestes Canvas, was die Sicherheit und Funktionalit\u00e4t dieses unverzichtbaren Trainingszubeh\u00f6rs weiter verbessert. Entwickelt, um zwischen den Fl\u00fcgeln der Spr\u00fcnge platziert zu werden, dient es als perfekter Leitfaden f\u00fcr Welpen, um das Springen auf sichere und kontrollierte Weise zu erlernen.","breadcrumb":{"@id":"https:\/\/animalproducts.nl\/de\/produkt\/puppy-bump-mit-fullgrip\/#breadcrumb"},"inLanguage":"de","potentialAction":[{"@type":"ReadAction","target":["https:\/\/animalproducts.nl\/de\/produkt\/puppy-bump-mit-fullgrip\/"]}]},{"@type":"ImageObject","inLanguage":"de","@id":"https:\/\/animalproducts.nl\/de\/produkt\/puppy-bump-mit-fullgrip\/#primaryimage","url":"https:\/\/animalproducts.nl\/wp-content\/uploads\/2023\/10\/4625-ficha_btt.png","contentUrl":"https:\/\/animalproducts.nl\/wp-content\/uploads\/2023\/10\/4625-ficha_btt.png","width":500,"height":500,"caption":"Puppy Grip bump opgestapeld in verschillende kleuren"},{"@type":"BreadcrumbList","@id":"https:\/\/animalproducts.nl\/de\/produkt\/puppy-bump-mit-fullgrip\/#breadcrumb","itemListElement":[{"@type":"ListItem","position":1,"name":"Shop","item":"https:\/\/animalproducts.nl\/de\/heim\/"},{"@type":"ListItem","position":2,"name":"Shop","item":"https:\/\/animalproducts.nl\/de\/shop\/"},{"@type":"ListItem","position":3,"name":"Puppy Bump mit Fullgrip"}]},{"@type":"WebSite","@id":"https:\/\/animalproducts.nl\/de\/#website","url":"https:\/\/animalproducts.nl\/de\/","name":"Animal Products","description":"","publisher":{"@id":"https:\/\/animalproducts.nl\/de\/#organization"},"potentialAction":[{"@type":"SearchAction","target":{"@type":"EntryPoint","urlTemplate":"https:\/\/animalproducts.nl\/de\/?s={search_term_string}"},"query-input":{"@type":"PropertyValueSpecification","valueRequired":true,"valueName":"search_term_string"}}],"inLanguage":"de"},{"@type":"Organization","@id":"https:\/\/animalproducts.nl\/de\/#organization","name":"Animal Products","url":"https:\/\/animalproducts.nl\/de\/","logo":{"@type":"ImageObject","inLanguage":"de","@id":"https:\/\/animalproducts.nl\/de\/#\/schema\/logo\/image\/","url":"https:\/\/animalproducts.nl\/wp-content\/uploads\/2025\/07\/AnimalProducts-logo-v2-liggend-def-scaled.png","contentUrl":"https:\/\/animalproducts.nl\/wp-content\/uploads\/2025\/07\/AnimalProducts-logo-v2-liggend-def-scaled.png","width":2560,"height":1266,"caption":"Animal Products"},"image":{"@id":"https:\/\/animalproducts.nl\/de\/#\/schema\/logo\/image\/"}}]}},"_links":{"self":[{"href":"https:\/\/animalproducts.nl\/de\/wp-json\/wp\/v2\/product\/30866","targetHints":{"allow":["GET"]}}],"collection":[{"href":"https:\/\/animalproducts.nl\/de\/wp-json\/wp\/v2\/product"}],"about":[{"href":"https:\/\/animalproducts.nl\/de\/wp-json\/wp\/v2\/types\/product"}],"replies":[{"embeddable":true,"href":"https:\/\/animalproducts.nl\/de\/wp-json\/wp\/v2\/comments?post=30866"}],"wp:featuredmedia":[{"embeddable":true,"href":"https:\/\/animalproducts.nl\/de\/wp-json\/wp\/v2\/media\/26554"}],"wp:attachment":[{"href":"https:\/\/animalproducts.nl\/de\/wp-json\/wp\/v2\/media?parent=30866"}],"wp:term":[{"taxonomy":"product_brand","embeddable":true,"href":"https:\/\/animalproducts.nl\/de\/wp-json\/wp\/v2\/product_brand?post=30866"},{"taxonomy":"product_cat","embeddable":true,"href":"https:\/\/animalproducts.nl\/de\/wp-json\/wp\/v2\/product_cat?post=30866"},{"taxonomy":"product_tag","embeddable":true,"href":"https:\/\/animalproducts.nl\/de\/wp-json\/wp\/v2\/product_tag?post=30866"}],"curies":[{"name":"wp","href":"https:\/\/api.w.org\/{rel}","templated":true}]}}