{"id":30842,"date":"2023-10-02T13:08:05","date_gmt":"2023-10-02T11:08:05","guid":{"rendered":"https:\/\/animalproducts.nl\/product\/softcover-alte-version\/"},"modified":"2023-10-02T13:08:05","modified_gmt":"2023-10-02T11:08:05","slug":"softcover-alte-version","status":"publish","type":"product","link":"https:\/\/animalproducts.nl\/de\/produkt\/softcover-alte-version\/","title":{"rendered":"Softcover (alte Version)"},"content":{"rendered":"<p>SOFT Cover f\u00fcr Galican Dogwalk und Seesaw 1.0. Bietet zus\u00e4tzlichen Schutz und erh\u00f6ht die Haltbarkeit der Ausr\u00fcstung.   <\/p>\n<ul>\n<li>Dogwalk: Enth\u00e4lt 4 Einheiten von 50 x 25 cm und 4 Einheiten von 50 x 30 cm.<\/li>\n<li>Wippe (INTERCAN und SOFT): Enth\u00e4lt 2 Einheiten von 50\u00d730 cm.<\/li>\n<li>Wippe LITE: Enth\u00e4lt 2 Einheiten von 40\u00d720 cm.<\/li>\n<\/ul>\n","protected":false},"excerpt":{"rendered":"<p>SOFT Cover f\u00fcr Galican Dogwalk und Seesaw 1.0. Bietet zus\u00e4tzlichen Schutz und erh\u00f6ht die Haltbarkeit der Ausr\u00fcstung.   <\/p>\n<p>Bestellabwicklung und Herstellung:<br \/>\nAlle Bestellungen werden entsprechend der Komplexit\u00e4t des Produkts, der Nachfrage und des verf\u00fcgbaren Lagerbestands bearbeitet und gefertigt. Nach Ihrer Bestellung erhalten Sie eine E-Mail mit den Bestelldetails und den gesch\u00e4tzten Lieferzeiten. <\/p>\n<p>&nbsp;<\/p>\n","protected":false},"featured_media":26528,"comment_status":"closed","ping_status":"closed","template":"","meta":{"_acf_changed":false},"product_brand":[],"product_cat":[146,143,140,144,150,152,153,154,142],"product_tag":[],"class_list":{"0":"post-30842","1":"product","2":"type-product","3":"status-publish","4":"has-post-thumbnail","6":"product_cat-wippe","7":"product_cat-agility-zubehor","8":"product_cat-beweglichkeit","9":"product_cat-beweglichkeitstraining","10":"product_cat-galican","11":"product_cat-intercan","12":"product_cat-katze-lauft","13":"product_cat-lite","14":"product_cat-zubehor","16":"first","17":"onbackorder","18":"taxable","19":"shipping-taxable","20":"purchasable","21":"product-type-variable"},"acf":[],"yoast_head":"<!-- This site is optimized with the Yoast SEO plugin v27.6 - https:\/\/yoast.com\/product\/yoast-seo-wordpress\/ -->\n<title>Softcover (alte Version) - Animal Products<\/title>\n<meta name=\"description\" content=\"SOFT Cover f\u00fcr Galican Dogwalk und Seesaw 1.0. Bietet zus\u00e4tzlichen Schutz und erh\u00f6ht die Haltbarkeit der Ausr\u00fcstung.\" \/>\n<meta name=\"robots\" content=\"index, follow, max-snippet:-1, max-image-preview:large, max-video-preview:-1\" \/>\n<link rel=\"canonical\" href=\"https:\/\/animalproducts.nl\/de\/produkt\/softcover-alte-version\/\" \/>\n<meta property=\"og:locale\" content=\"de_DE\" \/>\n<meta property=\"og:type\" content=\"article\" \/>\n<meta property=\"og:title\" content=\"Softcover (alte Version) - Animal Products\" \/>\n<meta property=\"og:description\" content=\"SOFT Cover f\u00fcr Galican Dogwalk und Seesaw 1.0. Bietet zus\u00e4tzlichen Schutz und erh\u00f6ht die Haltbarkeit der Ausr\u00fcstung.\" \/>\n<meta property=\"og:url\" content=\"https:\/\/animalproducts.nl\/de\/produkt\/softcover-alte-version\/\" \/>\n<meta property=\"og:site_name\" content=\"Animal Products\" \/>\n<meta property=\"og:image\" content=\"https:\/\/animalproducts.nl\/wp-content\/uploads\/2023\/10\/4705-ficha_btt.png\" \/>\n\t<meta property=\"og:image:width\" content=\"500\" \/>\n\t<meta property=\"og:image:height\" content=\"500\" \/>\n\t<meta property=\"og:image:type\" content=\"image\/png\" \/>\n<meta name=\"twitter:card\" content=\"summary_large_image\" \/>\n<script type=\"application\/ld+json\" class=\"yoast-schema-graph\">{\"@context\":\"https:\\\/\\\/schema.org\",\"@graph\":[{\"@type\":\"WebPage\",\"@id\":\"https:\\\/\\\/animalproducts.nl\\\/de\\\/produkt\\\/softcover-alte-version\\\/\",\"url\":\"https:\\\/\\\/animalproducts.nl\\\/de\\\/produkt\\\/softcover-alte-version\\\/\",\"name\":\"Softcover (alte Version) - Animal Products\",\"isPartOf\":{\"@id\":\"https:\\\/\\\/animalproducts.nl\\\/de\\\/#website\"},\"primaryImageOfPage\":{\"@id\":\"https:\\\/\\\/animalproducts.nl\\\/de\\\/produkt\\\/softcover-alte-version\\\/#primaryimage\"},\"image\":{\"@id\":\"https:\\\/\\\/animalproducts.nl\\\/de\\\/produkt\\\/softcover-alte-version\\\/#primaryimage\"},\"thumbnailUrl\":\"https:\\\/\\\/animalproducts.nl\\\/wp-content\\\/uploads\\\/2023\\\/10\\\/4705-ficha_btt.png\",\"datePublished\":\"2023-10-02T11:08:05+00:00\",\"description\":\"SOFT Cover f\u00fcr Galican Dogwalk und Seesaw 1.0. Bietet zus\u00e4tzlichen Schutz und erh\u00f6ht die Haltbarkeit der Ausr\u00fcstung.\",\"breadcrumb\":{\"@id\":\"https:\\\/\\\/animalproducts.nl\\\/de\\\/produkt\\\/softcover-alte-version\\\/#breadcrumb\"},\"inLanguage\":\"de\",\"potentialAction\":[{\"@type\":\"ReadAction\",\"target\":[\"https:\\\/\\\/animalproducts.nl\\\/de\\\/produkt\\\/softcover-alte-version\\\/\"]}]},{\"@type\":\"ImageObject\",\"inLanguage\":\"de\",\"@id\":\"https:\\\/\\\/animalproducts.nl\\\/de\\\/produkt\\\/softcover-alte-version\\\/#primaryimage\",\"url\":\"https:\\\/\\\/animalproducts.nl\\\/wp-content\\\/uploads\\\/2023\\\/10\\\/4705-ficha_btt.png\",\"contentUrl\":\"https:\\\/\\\/animalproducts.nl\\\/wp-content\\\/uploads\\\/2023\\\/10\\\/4705-ficha_btt.png\",\"width\":500,\"height\":500,\"caption\":\"Soft dover voor wip en kattenloop zwart\"},{\"@type\":\"BreadcrumbList\",\"@id\":\"https:\\\/\\\/animalproducts.nl\\\/de\\\/produkt\\\/softcover-alte-version\\\/#breadcrumb\",\"itemListElement\":[{\"@type\":\"ListItem\",\"position\":1,\"name\":\"Shop\",\"item\":\"https:\\\/\\\/animalproducts.nl\\\/de\\\/heim\\\/\"},{\"@type\":\"ListItem\",\"position\":2,\"name\":\"Shop\",\"item\":\"https:\\\/\\\/animalproducts.nl\\\/de\\\/shop\\\/\"},{\"@type\":\"ListItem\",\"position\":3,\"name\":\"Softcover (alte Version)\"}]},{\"@type\":\"WebSite\",\"@id\":\"https:\\\/\\\/animalproducts.nl\\\/de\\\/#website\",\"url\":\"https:\\\/\\\/animalproducts.nl\\\/de\\\/\",\"name\":\"Animal Products\",\"description\":\"\",\"publisher\":{\"@id\":\"https:\\\/\\\/animalproducts.nl\\\/de\\\/#organization\"},\"potentialAction\":[{\"@type\":\"SearchAction\",\"target\":{\"@type\":\"EntryPoint\",\"urlTemplate\":\"https:\\\/\\\/animalproducts.nl\\\/de\\\/?s={search_term_string}\"},\"query-input\":{\"@type\":\"PropertyValueSpecification\",\"valueRequired\":true,\"valueName\":\"search_term_string\"}}],\"inLanguage\":\"de\"},{\"@type\":\"Organization\",\"@id\":\"https:\\\/\\\/animalproducts.nl\\\/de\\\/#organization\",\"name\":\"Animal Products\",\"url\":\"https:\\\/\\\/animalproducts.nl\\\/de\\\/\",\"logo\":{\"@type\":\"ImageObject\",\"inLanguage\":\"de\",\"@id\":\"https:\\\/\\\/animalproducts.nl\\\/de\\\/#\\\/schema\\\/logo\\\/image\\\/\",\"url\":\"https:\\\/\\\/animalproducts.nl\\\/wp-content\\\/uploads\\\/2025\\\/07\\\/AnimalProducts-logo-v2-liggend-def-scaled.png\",\"contentUrl\":\"https:\\\/\\\/animalproducts.nl\\\/wp-content\\\/uploads\\\/2025\\\/07\\\/AnimalProducts-logo-v2-liggend-def-scaled.png\",\"width\":2560,\"height\":1266,\"caption\":\"Animal Products\"},\"image\":{\"@id\":\"https:\\\/\\\/animalproducts.nl\\\/de\\\/#\\\/schema\\\/logo\\\/image\\\/\"}}]}<\/script>\n<!-- \/ Yoast SEO plugin. -->","yoast_head_json":{"title":"Softcover (alte Version) - Animal Products","description":"SOFT Cover f\u00fcr Galican Dogwalk und Seesaw 1.0. Bietet zus\u00e4tzlichen Schutz und erh\u00f6ht die Haltbarkeit der Ausr\u00fcstung.","robots":{"index":"index","follow":"follow","max-snippet":"max-snippet:-1","max-image-preview":"max-image-preview:large","max-video-preview":"max-video-preview:-1"},"canonical":"https:\/\/animalproducts.nl\/de\/produkt\/softcover-alte-version\/","og_locale":"de_DE","og_type":"article","og_title":"Softcover (alte Version) - Animal Products","og_description":"SOFT Cover f\u00fcr Galican Dogwalk und Seesaw 1.0. Bietet zus\u00e4tzlichen Schutz und erh\u00f6ht die Haltbarkeit der Ausr\u00fcstung.","og_url":"https:\/\/animalproducts.nl\/de\/produkt\/softcover-alte-version\/","og_site_name":"Animal Products","og_image":[{"width":500,"height":500,"url":"https:\/\/animalproducts.nl\/wp-content\/uploads\/2023\/10\/4705-ficha_btt.png","type":"image\/png"}],"twitter_card":"summary_large_image","schema":{"@context":"https:\/\/schema.org","@graph":[{"@type":"WebPage","@id":"https:\/\/animalproducts.nl\/de\/produkt\/softcover-alte-version\/","url":"https:\/\/animalproducts.nl\/de\/produkt\/softcover-alte-version\/","name":"Softcover (alte Version) - Animal Products","isPartOf":{"@id":"https:\/\/animalproducts.nl\/de\/#website"},"primaryImageOfPage":{"@id":"https:\/\/animalproducts.nl\/de\/produkt\/softcover-alte-version\/#primaryimage"},"image":{"@id":"https:\/\/animalproducts.nl\/de\/produkt\/softcover-alte-version\/#primaryimage"},"thumbnailUrl":"https:\/\/animalproducts.nl\/wp-content\/uploads\/2023\/10\/4705-ficha_btt.png","datePublished":"2023-10-02T11:08:05+00:00","description":"SOFT Cover f\u00fcr Galican Dogwalk und Seesaw 1.0. Bietet zus\u00e4tzlichen Schutz und erh\u00f6ht die Haltbarkeit der Ausr\u00fcstung.","breadcrumb":{"@id":"https:\/\/animalproducts.nl\/de\/produkt\/softcover-alte-version\/#breadcrumb"},"inLanguage":"de","potentialAction":[{"@type":"ReadAction","target":["https:\/\/animalproducts.nl\/de\/produkt\/softcover-alte-version\/"]}]},{"@type":"ImageObject","inLanguage":"de","@id":"https:\/\/animalproducts.nl\/de\/produkt\/softcover-alte-version\/#primaryimage","url":"https:\/\/animalproducts.nl\/wp-content\/uploads\/2023\/10\/4705-ficha_btt.png","contentUrl":"https:\/\/animalproducts.nl\/wp-content\/uploads\/2023\/10\/4705-ficha_btt.png","width":500,"height":500,"caption":"Soft dover voor wip en kattenloop zwart"},{"@type":"BreadcrumbList","@id":"https:\/\/animalproducts.nl\/de\/produkt\/softcover-alte-version\/#breadcrumb","itemListElement":[{"@type":"ListItem","position":1,"name":"Shop","item":"https:\/\/animalproducts.nl\/de\/heim\/"},{"@type":"ListItem","position":2,"name":"Shop","item":"https:\/\/animalproducts.nl\/de\/shop\/"},{"@type":"ListItem","position":3,"name":"Softcover (alte Version)"}]},{"@type":"WebSite","@id":"https:\/\/animalproducts.nl\/de\/#website","url":"https:\/\/animalproducts.nl\/de\/","name":"Animal Products","description":"","publisher":{"@id":"https:\/\/animalproducts.nl\/de\/#organization"},"potentialAction":[{"@type":"SearchAction","target":{"@type":"EntryPoint","urlTemplate":"https:\/\/animalproducts.nl\/de\/?s={search_term_string}"},"query-input":{"@type":"PropertyValueSpecification","valueRequired":true,"valueName":"search_term_string"}}],"inLanguage":"de"},{"@type":"Organization","@id":"https:\/\/animalproducts.nl\/de\/#organization","name":"Animal Products","url":"https:\/\/animalproducts.nl\/de\/","logo":{"@type":"ImageObject","inLanguage":"de","@id":"https:\/\/animalproducts.nl\/de\/#\/schema\/logo\/image\/","url":"https:\/\/animalproducts.nl\/wp-content\/uploads\/2025\/07\/AnimalProducts-logo-v2-liggend-def-scaled.png","contentUrl":"https:\/\/animalproducts.nl\/wp-content\/uploads\/2025\/07\/AnimalProducts-logo-v2-liggend-def-scaled.png","width":2560,"height":1266,"caption":"Animal Products"},"image":{"@id":"https:\/\/animalproducts.nl\/de\/#\/schema\/logo\/image\/"}}]}},"_links":{"self":[{"href":"https:\/\/animalproducts.nl\/de\/wp-json\/wp\/v2\/product\/30842","targetHints":{"allow":["GET"]}}],"collection":[{"href":"https:\/\/animalproducts.nl\/de\/wp-json\/wp\/v2\/product"}],"about":[{"href":"https:\/\/animalproducts.nl\/de\/wp-json\/wp\/v2\/types\/product"}],"replies":[{"embeddable":true,"href":"https:\/\/animalproducts.nl\/de\/wp-json\/wp\/v2\/comments?post=30842"}],"wp:featuredmedia":[{"embeddable":true,"href":"https:\/\/animalproducts.nl\/de\/wp-json\/wp\/v2\/media\/26528"}],"wp:attachment":[{"href":"https:\/\/animalproducts.nl\/de\/wp-json\/wp\/v2\/media?parent=30842"}],"wp:term":[{"taxonomy":"product_brand","embeddable":true,"href":"https:\/\/animalproducts.nl\/de\/wp-json\/wp\/v2\/product_brand?post=30842"},{"taxonomy":"product_cat","embeddable":true,"href":"https:\/\/animalproducts.nl\/de\/wp-json\/wp\/v2\/product_cat?post=30842"},{"taxonomy":"product_tag","embeddable":true,"href":"https:\/\/animalproducts.nl\/de\/wp-json\/wp\/v2\/product_tag?post=30842"}],"curies":[{"name":"wp","href":"https:\/\/api.w.org\/{rel}","templated":true}]}}