{"id":30832,"date":"2023-09-01T15:12:59","date_gmt":"2023-09-01T13:12:59","guid":{"rendered":"https:\/\/animalproducts.nl\/product\/tunnelzug\/"},"modified":"2023-09-01T15:12:59","modified_gmt":"2023-09-01T13:12:59","slug":"tunnelzug","status":"publish","type":"product","link":"https:\/\/animalproducts.nl\/de\/produkt\/tunnelzug\/","title":{"rendered":"Tunnelzug"},"content":{"rendered":"<p>Cinch-Satteltaschen f\u00fcr Tunnel, hergestellt aus strapazierf\u00e4higem Canvas. Wird mit Pfl\u00f6cken (nicht im Lieferumfang enthalten) am Boden befestigt und l\u00e4sst sich mit Gurten verstellen. Kompatibel mit Tunneln mit 60 cm Durchmesser.  <\/p>\n<p><strong>Beschreibung:<\/strong><\/p>\n<ul>\n<li>Hergestellt aus hochwertigem Stoff und widerstandsf\u00e4higen N\u00e4hten.<\/li>\n<li>Tunnelbefestigungen werden in den Boden genagelt oder geschraubt, um eine stabile und gewichtsfreie Option zum Festhalten der Tunnel zu bieten<\/li>\n<li>Sie wickeln den Tunnel sanft ein und ziehen ihn mit Spanngurten fest, um Bewegungen und Verrutschen zu minimieren<\/li>\n<li>Bodenbefestigungen nicht im Lieferumfang enthalten (Schrauben\/N\u00e4gel)<\/li>\n<li>Passt in jeden Tunnel mit 60 cm Durchmesser\n<div class=\"container contentheight\">\n<div class=\"row\">\n<div class=\"col-xs-12 col-sm-9 col-md-9 main-content\">\n<form id=\"oBIZForm_0\" action=\"https:\/\/www.sweet-surprise.nl\/default.asp?pageid=44&amp;lijn=Soft&amp;webgroupfilter=&amp;artdetail=GSLT18\" method=\"post\" name=\"oBIZForm_0\">\n<div class=\"row\"><\/div>\n<\/form>\n<\/div>\n<\/div>\n<\/div>\n<div class=\"footerarea\"><\/div>\n<div class=\"container contentheight\"><\/div>\n<\/li>\n<\/ul>\n","protected":false},"excerpt":{"rendered":"<p>Cinch-Satteltaschen f\u00fcr Tunnel, hergestellt aus strapazierf\u00e4higem Canvas. Wird mit Pfl\u00f6cken (nicht im Lieferumfang enthalten) am Boden befestigt und l\u00e4sst sich mit Gurten verstellen. Kompatibel mit Tunneln mit 60 cm Durchmesser.  <\/p>\n","protected":false},"featured_media":26342,"comment_status":"closed","ping_status":"closed","template":"","meta":{"_acf_changed":false},"product_brand":[],"product_cat":[145,143,140,150,161],"product_tag":[],"class_list":{"0":"post-30832","1":"product","2":"type-product","3":"status-publish","4":"has-post-thumbnail","6":"product_cat-agility-tunnel","7":"product_cat-agility-zubehor","8":"product_cat-beweglichkeit","9":"product_cat-galican","10":"product_cat-tunnel","12":"first","13":"onbackorder","14":"taxable","15":"shipping-taxable","16":"purchasable","17":"product-type-variable"},"acf":[],"yoast_head":"<!-- This site is optimized with the Yoast SEO plugin v27.6 - https:\/\/yoast.com\/product\/yoast-seo-wordpress\/ -->\n<title>Tunnelzug - Animal Products<\/title>\n<meta name=\"description\" content=\"Deze tunnelbevestiging is een fijne oplossing voor het fixeren van tunnels zonder zware gewichten te hoeven tillen. Je zet hem met haringen of pennen in de grond vast.\" \/>\n<meta name=\"robots\" content=\"index, follow, max-snippet:-1, max-image-preview:large, max-video-preview:-1\" \/>\n<link rel=\"canonical\" href=\"https:\/\/animalproducts.nl\/de\/produkt\/tunnelzug\/\" \/>\n<meta property=\"og:locale\" content=\"de_DE\" \/>\n<meta property=\"og:type\" content=\"article\" \/>\n<meta property=\"og:title\" content=\"Tunnelzug - Animal Products\" \/>\n<meta property=\"og:description\" content=\"Deze tunnelbevestiging is een fijne oplossing voor het fixeren van tunnels zonder zware gewichten te hoeven tillen. Je zet hem met haringen of pennen in de grond vast.\" \/>\n<meta property=\"og:url\" content=\"https:\/\/animalproducts.nl\/de\/produkt\/tunnelzug\/\" \/>\n<meta property=\"og:site_name\" content=\"Animal Products\" \/>\n<meta property=\"og:image\" content=\"https:\/\/animalproducts.nl\/wp-content\/uploads\/2023\/09\/4535-ficha_btt.jpeg\" \/>\n\t<meta property=\"og:image:width\" content=\"500\" \/>\n\t<meta property=\"og:image:height\" content=\"500\" \/>\n\t<meta property=\"og:image:type\" content=\"image\/jpeg\" \/>\n<meta name=\"twitter:card\" content=\"summary_large_image\" \/>\n<script type=\"application\/ld+json\" class=\"yoast-schema-graph\">{\"@context\":\"https:\\\/\\\/schema.org\",\"@graph\":[{\"@type\":\"WebPage\",\"@id\":\"https:\\\/\\\/animalproducts.nl\\\/de\\\/produkt\\\/tunnelzug\\\/\",\"url\":\"https:\\\/\\\/animalproducts.nl\\\/de\\\/produkt\\\/tunnelzug\\\/\",\"name\":\"Tunnelzug - Animal Products\",\"isPartOf\":{\"@id\":\"https:\\\/\\\/animalproducts.nl\\\/de\\\/#website\"},\"primaryImageOfPage\":{\"@id\":\"https:\\\/\\\/animalproducts.nl\\\/de\\\/produkt\\\/tunnelzug\\\/#primaryimage\"},\"image\":{\"@id\":\"https:\\\/\\\/animalproducts.nl\\\/de\\\/produkt\\\/tunnelzug\\\/#primaryimage\"},\"thumbnailUrl\":\"https:\\\/\\\/animalproducts.nl\\\/wp-content\\\/uploads\\\/2023\\\/09\\\/4535-ficha_btt.jpeg\",\"datePublished\":\"2023-09-01T13:12:59+00:00\",\"description\":\"Deze tunnelbevestiging is een fijne oplossing voor het fixeren van tunnels zonder zware gewichten te hoeven tillen. Je zet hem met haringen of pennen in de grond vast.\",\"breadcrumb\":{\"@id\":\"https:\\\/\\\/animalproducts.nl\\\/de\\\/produkt\\\/tunnelzug\\\/#breadcrumb\"},\"inLanguage\":\"de\",\"potentialAction\":[{\"@type\":\"ReadAction\",\"target\":[\"https:\\\/\\\/animalproducts.nl\\\/de\\\/produkt\\\/tunnelzug\\\/\"]}]},{\"@type\":\"ImageObject\",\"inLanguage\":\"de\",\"@id\":\"https:\\\/\\\/animalproducts.nl\\\/de\\\/produkt\\\/tunnelzug\\\/#primaryimage\",\"url\":\"https:\\\/\\\/animalproducts.nl\\\/wp-content\\\/uploads\\\/2023\\\/09\\\/4535-ficha_btt.jpeg\",\"contentUrl\":\"https:\\\/\\\/animalproducts.nl\\\/wp-content\\\/uploads\\\/2023\\\/09\\\/4535-ficha_btt.jpeg\",\"width\":500,\"height\":500,\"caption\":\"galican tunnel hondentunnel\"},{\"@type\":\"BreadcrumbList\",\"@id\":\"https:\\\/\\\/animalproducts.nl\\\/de\\\/produkt\\\/tunnelzug\\\/#breadcrumb\",\"itemListElement\":[{\"@type\":\"ListItem\",\"position\":1,\"name\":\"Shop\",\"item\":\"https:\\\/\\\/animalproducts.nl\\\/de\\\/heim\\\/\"},{\"@type\":\"ListItem\",\"position\":2,\"name\":\"Shop\",\"item\":\"https:\\\/\\\/animalproducts.nl\\\/de\\\/shop\\\/\"},{\"@type\":\"ListItem\",\"position\":3,\"name\":\"Tunnelzug\"}]},{\"@type\":\"WebSite\",\"@id\":\"https:\\\/\\\/animalproducts.nl\\\/de\\\/#website\",\"url\":\"https:\\\/\\\/animalproducts.nl\\\/de\\\/\",\"name\":\"Animal Products\",\"description\":\"\",\"publisher\":{\"@id\":\"https:\\\/\\\/animalproducts.nl\\\/de\\\/#organization\"},\"potentialAction\":[{\"@type\":\"SearchAction\",\"target\":{\"@type\":\"EntryPoint\",\"urlTemplate\":\"https:\\\/\\\/animalproducts.nl\\\/de\\\/?s={search_term_string}\"},\"query-input\":{\"@type\":\"PropertyValueSpecification\",\"valueRequired\":true,\"valueName\":\"search_term_string\"}}],\"inLanguage\":\"de\"},{\"@type\":\"Organization\",\"@id\":\"https:\\\/\\\/animalproducts.nl\\\/de\\\/#organization\",\"name\":\"Animal Products\",\"url\":\"https:\\\/\\\/animalproducts.nl\\\/de\\\/\",\"logo\":{\"@type\":\"ImageObject\",\"inLanguage\":\"de\",\"@id\":\"https:\\\/\\\/animalproducts.nl\\\/de\\\/#\\\/schema\\\/logo\\\/image\\\/\",\"url\":\"https:\\\/\\\/animalproducts.nl\\\/wp-content\\\/uploads\\\/2025\\\/07\\\/AnimalProducts-logo-v2-liggend-def-scaled.png\",\"contentUrl\":\"https:\\\/\\\/animalproducts.nl\\\/wp-content\\\/uploads\\\/2025\\\/07\\\/AnimalProducts-logo-v2-liggend-def-scaled.png\",\"width\":2560,\"height\":1266,\"caption\":\"Animal Products\"},\"image\":{\"@id\":\"https:\\\/\\\/animalproducts.nl\\\/de\\\/#\\\/schema\\\/logo\\\/image\\\/\"}}]}<\/script>\n<!-- \/ Yoast SEO plugin. -->","yoast_head_json":{"title":"Tunnelzug - Animal Products","description":"Deze tunnelbevestiging is een fijne oplossing voor het fixeren van tunnels zonder zware gewichten te hoeven tillen. Je zet hem met haringen of pennen in de grond vast.","robots":{"index":"index","follow":"follow","max-snippet":"max-snippet:-1","max-image-preview":"max-image-preview:large","max-video-preview":"max-video-preview:-1"},"canonical":"https:\/\/animalproducts.nl\/de\/produkt\/tunnelzug\/","og_locale":"de_DE","og_type":"article","og_title":"Tunnelzug - Animal Products","og_description":"Deze tunnelbevestiging is een fijne oplossing voor het fixeren van tunnels zonder zware gewichten te hoeven tillen. Je zet hem met haringen of pennen in de grond vast.","og_url":"https:\/\/animalproducts.nl\/de\/produkt\/tunnelzug\/","og_site_name":"Animal Products","og_image":[{"width":500,"height":500,"url":"https:\/\/animalproducts.nl\/wp-content\/uploads\/2023\/09\/4535-ficha_btt.jpeg","type":"image\/jpeg"}],"twitter_card":"summary_large_image","schema":{"@context":"https:\/\/schema.org","@graph":[{"@type":"WebPage","@id":"https:\/\/animalproducts.nl\/de\/produkt\/tunnelzug\/","url":"https:\/\/animalproducts.nl\/de\/produkt\/tunnelzug\/","name":"Tunnelzug - Animal Products","isPartOf":{"@id":"https:\/\/animalproducts.nl\/de\/#website"},"primaryImageOfPage":{"@id":"https:\/\/animalproducts.nl\/de\/produkt\/tunnelzug\/#primaryimage"},"image":{"@id":"https:\/\/animalproducts.nl\/de\/produkt\/tunnelzug\/#primaryimage"},"thumbnailUrl":"https:\/\/animalproducts.nl\/wp-content\/uploads\/2023\/09\/4535-ficha_btt.jpeg","datePublished":"2023-09-01T13:12:59+00:00","description":"Deze tunnelbevestiging is een fijne oplossing voor het fixeren van tunnels zonder zware gewichten te hoeven tillen. Je zet hem met haringen of pennen in de grond vast.","breadcrumb":{"@id":"https:\/\/animalproducts.nl\/de\/produkt\/tunnelzug\/#breadcrumb"},"inLanguage":"de","potentialAction":[{"@type":"ReadAction","target":["https:\/\/animalproducts.nl\/de\/produkt\/tunnelzug\/"]}]},{"@type":"ImageObject","inLanguage":"de","@id":"https:\/\/animalproducts.nl\/de\/produkt\/tunnelzug\/#primaryimage","url":"https:\/\/animalproducts.nl\/wp-content\/uploads\/2023\/09\/4535-ficha_btt.jpeg","contentUrl":"https:\/\/animalproducts.nl\/wp-content\/uploads\/2023\/09\/4535-ficha_btt.jpeg","width":500,"height":500,"caption":"galican tunnel hondentunnel"},{"@type":"BreadcrumbList","@id":"https:\/\/animalproducts.nl\/de\/produkt\/tunnelzug\/#breadcrumb","itemListElement":[{"@type":"ListItem","position":1,"name":"Shop","item":"https:\/\/animalproducts.nl\/de\/heim\/"},{"@type":"ListItem","position":2,"name":"Shop","item":"https:\/\/animalproducts.nl\/de\/shop\/"},{"@type":"ListItem","position":3,"name":"Tunnelzug"}]},{"@type":"WebSite","@id":"https:\/\/animalproducts.nl\/de\/#website","url":"https:\/\/animalproducts.nl\/de\/","name":"Animal Products","description":"","publisher":{"@id":"https:\/\/animalproducts.nl\/de\/#organization"},"potentialAction":[{"@type":"SearchAction","target":{"@type":"EntryPoint","urlTemplate":"https:\/\/animalproducts.nl\/de\/?s={search_term_string}"},"query-input":{"@type":"PropertyValueSpecification","valueRequired":true,"valueName":"search_term_string"}}],"inLanguage":"de"},{"@type":"Organization","@id":"https:\/\/animalproducts.nl\/de\/#organization","name":"Animal Products","url":"https:\/\/animalproducts.nl\/de\/","logo":{"@type":"ImageObject","inLanguage":"de","@id":"https:\/\/animalproducts.nl\/de\/#\/schema\/logo\/image\/","url":"https:\/\/animalproducts.nl\/wp-content\/uploads\/2025\/07\/AnimalProducts-logo-v2-liggend-def-scaled.png","contentUrl":"https:\/\/animalproducts.nl\/wp-content\/uploads\/2025\/07\/AnimalProducts-logo-v2-liggend-def-scaled.png","width":2560,"height":1266,"caption":"Animal Products"},"image":{"@id":"https:\/\/animalproducts.nl\/de\/#\/schema\/logo\/image\/"}}]}},"_links":{"self":[{"href":"https:\/\/animalproducts.nl\/de\/wp-json\/wp\/v2\/product\/30832","targetHints":{"allow":["GET"]}}],"collection":[{"href":"https:\/\/animalproducts.nl\/de\/wp-json\/wp\/v2\/product"}],"about":[{"href":"https:\/\/animalproducts.nl\/de\/wp-json\/wp\/v2\/types\/product"}],"replies":[{"embeddable":true,"href":"https:\/\/animalproducts.nl\/de\/wp-json\/wp\/v2\/comments?post=30832"}],"wp:featuredmedia":[{"embeddable":true,"href":"https:\/\/animalproducts.nl\/de\/wp-json\/wp\/v2\/media\/26342"}],"wp:attachment":[{"href":"https:\/\/animalproducts.nl\/de\/wp-json\/wp\/v2\/media?parent=30832"}],"wp:term":[{"taxonomy":"product_brand","embeddable":true,"href":"https:\/\/animalproducts.nl\/de\/wp-json\/wp\/v2\/product_brand?post=30832"},{"taxonomy":"product_cat","embeddable":true,"href":"https:\/\/animalproducts.nl\/de\/wp-json\/wp\/v2\/product_cat?post=30832"},{"taxonomy":"product_tag","embeddable":true,"href":"https:\/\/animalproducts.nl\/de\/wp-json\/wp\/v2\/product_tag?post=30832"}],"curies":[{"name":"wp","href":"https:\/\/api.w.org\/{rel}","templated":true}]}}