{"id":30773,"date":"2022-09-12T21:39:57","date_gmt":"2022-09-12T19:39:57","guid":{"rendered":"https:\/\/animalproducts.nl\/product\/haengebruecke-der-welpenschule\/"},"modified":"2022-09-12T21:39:57","modified_gmt":"2022-09-12T19:39:57","slug":"haengebruecke-der-welpenschule","status":"publish","type":"product","link":"https:\/\/animalproducts.nl\/de\/produkt\/haengebruecke-der-welpenschule\/","title":{"rendered":"H\u00e4ngebr\u00fccke der Welpenschule"},"content":{"rendered":"<div class=\"rte\">\n<p>Diese H\u00e4ngebr\u00fccke ist eine spannende Herausforderung f\u00fcr das Hundetraining, da sie darauf ausgelegt ist, das Gleichgewicht, die Koordination und den Aufbau von Selbstvertrauen f\u00fcr Hunde zu trainieren. Es besteht aus Rampen und Plattformen aus leichtem und langlebigem Aluminium, wobei eine rutschfeste Gummioberfl\u00e4che f\u00fcr Sicherheit auf jedem Schritt sorgt.    <\/p>\n<\/div>\n<p><strong>Design:<\/strong><\/p>\n<ul>\n<li>Plattformen: 70 cm x 70 cm<\/li>\n<li>Rampen: 70 cm x 50 cm<\/li>\n<li>H\u00f6he: 45 cm<\/li>\n<li>Gewicht: 38 kg<\/li>\n<li>Gesamtl\u00e4nge: 230 cm<\/li>\n<\/ul>\n","protected":false},"excerpt":{"rendered":"<div class=\"rte\">\n<div class=\"rte\">\n<p>Diese H\u00e4ngebr\u00fccke ist eine spannende Herausforderung f\u00fcr das Hundetraining, da sie darauf ausgelegt ist, das Gleichgewicht, die Koordination und den Aufbau von Selbstvertrauen f\u00fcr Hunde zu trainieren. Es besteht aus Rampen und Plattformen aus leichtem und langlebigem Aluminium, wobei eine rutschfeste Gummioberfl\u00e4che f\u00fcr Sicherheit auf jedem Schritt sorgt.    <\/p>\n<\/div>\n<\/div>\n","protected":false},"featured_media":30774,"comment_status":"closed","ping_status":"closed","template":"","meta":{"_acf_changed":false},"product_brand":[],"product_cat":[143,140,144,150,156],"product_tag":[],"class_list":{"0":"post-30773","1":"product","2":"type-product","3":"status-publish","4":"has-post-thumbnail","6":"product_cat-agility-zubehor","7":"product_cat-beweglichkeit","8":"product_cat-beweglichkeitstraining","9":"product_cat-galican","10":"product_cat-welpe-und-junior","12":"first","13":"onbackorder","14":"taxable","15":"shipping-taxable","16":"purchasable","17":"product-type-variable"},"acf":[],"yoast_head":"<!-- This site is optimized with the Yoast SEO plugin v27.6 - https:\/\/yoast.com\/product\/yoast-seo-wordpress\/ -->\n<title>H\u00e4ngebr\u00fccke der Welpenschule - Animal Products<\/title>\n<meta name=\"description\" content=\"Diese H\u00e4ngebr\u00fccke ist eine spannende Herausforderung f\u00fcr das Hundetraining, da sie darauf ausgelegt ist, das Gleichgewicht, die Koordination und den Aufbau von Selbstvertrauen f\u00fcr Hunde zu trainieren. Es besteht aus Rampen und Plattformen aus leichtem und langlebigem Aluminium, wobei eine rutschfeste Gummioberfl\u00e4che f\u00fcr Sicherheit auf jedem Schritt sorgt.\" \/>\n<meta name=\"robots\" content=\"index, follow, max-snippet:-1, max-image-preview:large, max-video-preview:-1\" \/>\n<link rel=\"canonical\" href=\"https:\/\/animalproducts.nl\/de\/produkt\/haengebruecke-der-welpenschule\/\" \/>\n<meta property=\"og:locale\" content=\"de_DE\" \/>\n<meta property=\"og:type\" content=\"article\" \/>\n<meta property=\"og:title\" content=\"H\u00e4ngebr\u00fccke der Welpenschule - Animal Products\" \/>\n<meta property=\"og:description\" content=\"Diese H\u00e4ngebr\u00fccke ist eine spannende Herausforderung f\u00fcr das Hundetraining, da sie darauf ausgelegt ist, das Gleichgewicht, die Koordination und den Aufbau von Selbstvertrauen f\u00fcr Hunde zu trainieren. Es besteht aus Rampen und Plattformen aus leichtem und langlebigem Aluminium, wobei eine rutschfeste Gummioberfl\u00e4che f\u00fcr Sicherheit auf jedem Schritt sorgt.\" \/>\n<meta property=\"og:url\" content=\"https:\/\/animalproducts.nl\/de\/produkt\/haengebruecke-der-welpenschule\/\" \/>\n<meta property=\"og:site_name\" content=\"Animal Products\" \/>\n<meta property=\"og:image\" content=\"https:\/\/animalproducts.nl\/wp-content\/uploads\/2022\/09\/4408-ficha_btt.png\" \/>\n\t<meta property=\"og:image:width\" content=\"500\" \/>\n\t<meta property=\"og:image:height\" content=\"500\" \/>\n\t<meta property=\"og:image:type\" content=\"image\/png\" \/>\n<meta name=\"twitter:card\" content=\"summary_large_image\" \/>\n<script type=\"application\/ld+json\" class=\"yoast-schema-graph\">{\"@context\":\"https:\\\/\\\/schema.org\",\"@graph\":[{\"@type\":\"WebPage\",\"@id\":\"https:\\\/\\\/animalproducts.nl\\\/de\\\/produkt\\\/haengebruecke-der-welpenschule\\\/\",\"url\":\"https:\\\/\\\/animalproducts.nl\\\/de\\\/produkt\\\/haengebruecke-der-welpenschule\\\/\",\"name\":\"H\u00e4ngebr\u00fccke der Welpenschule - Animal Products\",\"isPartOf\":{\"@id\":\"https:\\\/\\\/animalproducts.nl\\\/de\\\/#website\"},\"primaryImageOfPage\":{\"@id\":\"https:\\\/\\\/animalproducts.nl\\\/de\\\/produkt\\\/haengebruecke-der-welpenschule\\\/#primaryimage\"},\"image\":{\"@id\":\"https:\\\/\\\/animalproducts.nl\\\/de\\\/produkt\\\/haengebruecke-der-welpenschule\\\/#primaryimage\"},\"thumbnailUrl\":\"https:\\\/\\\/animalproducts.nl\\\/wp-content\\\/uploads\\\/2022\\\/09\\\/4408-ficha_btt.png\",\"datePublished\":\"2022-09-12T19:39:57+00:00\",\"description\":\"Diese H\u00e4ngebr\u00fccke ist eine spannende Herausforderung f\u00fcr das Hundetraining, da sie darauf ausgelegt ist, das Gleichgewicht, die Koordination und den Aufbau von Selbstvertrauen f\u00fcr Hunde zu trainieren. Es besteht aus Rampen und Plattformen aus leichtem und langlebigem Aluminium, wobei eine rutschfeste Gummioberfl\u00e4che f\u00fcr Sicherheit auf jedem Schritt sorgt.\",\"breadcrumb\":{\"@id\":\"https:\\\/\\\/animalproducts.nl\\\/de\\\/produkt\\\/haengebruecke-der-welpenschule\\\/#breadcrumb\"},\"inLanguage\":\"de\",\"potentialAction\":[{\"@type\":\"ReadAction\",\"target\":[\"https:\\\/\\\/animalproducts.nl\\\/de\\\/produkt\\\/haengebruecke-der-welpenschule\\\/\"]}]},{\"@type\":\"ImageObject\",\"inLanguage\":\"de\",\"@id\":\"https:\\\/\\\/animalproducts.nl\\\/de\\\/produkt\\\/haengebruecke-der-welpenschule\\\/#primaryimage\",\"url\":\"https:\\\/\\\/animalproducts.nl\\\/wp-content\\\/uploads\\\/2022\\\/09\\\/4408-ficha_btt.png\",\"contentUrl\":\"https:\\\/\\\/animalproducts.nl\\\/wp-content\\\/uploads\\\/2022\\\/09\\\/4408-ficha_btt.png\",\"width\":500,\"height\":500,\"caption\":\"H\u00e4ngebr\u00fccke der Welpenschule\"},{\"@type\":\"BreadcrumbList\",\"@id\":\"https:\\\/\\\/animalproducts.nl\\\/de\\\/produkt\\\/haengebruecke-der-welpenschule\\\/#breadcrumb\",\"itemListElement\":[{\"@type\":\"ListItem\",\"position\":1,\"name\":\"Shop\",\"item\":\"https:\\\/\\\/animalproducts.nl\\\/de\\\/heim\\\/\"},{\"@type\":\"ListItem\",\"position\":2,\"name\":\"Shop\",\"item\":\"https:\\\/\\\/animalproducts.nl\\\/de\\\/shop\\\/\"},{\"@type\":\"ListItem\",\"position\":3,\"name\":\"H\u00e4ngebr\u00fccke der Welpenschule\"}]},{\"@type\":\"WebSite\",\"@id\":\"https:\\\/\\\/animalproducts.nl\\\/de\\\/#website\",\"url\":\"https:\\\/\\\/animalproducts.nl\\\/de\\\/\",\"name\":\"Animal Products\",\"description\":\"\",\"publisher\":{\"@id\":\"https:\\\/\\\/animalproducts.nl\\\/de\\\/#organization\"},\"potentialAction\":[{\"@type\":\"SearchAction\",\"target\":{\"@type\":\"EntryPoint\",\"urlTemplate\":\"https:\\\/\\\/animalproducts.nl\\\/de\\\/?s={search_term_string}\"},\"query-input\":{\"@type\":\"PropertyValueSpecification\",\"valueRequired\":true,\"valueName\":\"search_term_string\"}}],\"inLanguage\":\"de\"},{\"@type\":\"Organization\",\"@id\":\"https:\\\/\\\/animalproducts.nl\\\/de\\\/#organization\",\"name\":\"Animal Products\",\"url\":\"https:\\\/\\\/animalproducts.nl\\\/de\\\/\",\"logo\":{\"@type\":\"ImageObject\",\"inLanguage\":\"de\",\"@id\":\"https:\\\/\\\/animalproducts.nl\\\/de\\\/#\\\/schema\\\/logo\\\/image\\\/\",\"url\":\"https:\\\/\\\/animalproducts.nl\\\/wp-content\\\/uploads\\\/2025\\\/07\\\/AnimalProducts-logo-v2-liggend-def-scaled.png\",\"contentUrl\":\"https:\\\/\\\/animalproducts.nl\\\/wp-content\\\/uploads\\\/2025\\\/07\\\/AnimalProducts-logo-v2-liggend-def-scaled.png\",\"width\":2560,\"height\":1266,\"caption\":\"Animal Products\"},\"image\":{\"@id\":\"https:\\\/\\\/animalproducts.nl\\\/de\\\/#\\\/schema\\\/logo\\\/image\\\/\"}}]}<\/script>\n<!-- \/ Yoast SEO plugin. -->","yoast_head_json":{"title":"H\u00e4ngebr\u00fccke der Welpenschule - Animal Products","description":"Diese H\u00e4ngebr\u00fccke ist eine spannende Herausforderung f\u00fcr das Hundetraining, da sie darauf ausgelegt ist, das Gleichgewicht, die Koordination und den Aufbau von Selbstvertrauen f\u00fcr Hunde zu trainieren. Es besteht aus Rampen und Plattformen aus leichtem und langlebigem Aluminium, wobei eine rutschfeste Gummioberfl\u00e4che f\u00fcr Sicherheit auf jedem Schritt sorgt.","robots":{"index":"index","follow":"follow","max-snippet":"max-snippet:-1","max-image-preview":"max-image-preview:large","max-video-preview":"max-video-preview:-1"},"canonical":"https:\/\/animalproducts.nl\/de\/produkt\/haengebruecke-der-welpenschule\/","og_locale":"de_DE","og_type":"article","og_title":"H\u00e4ngebr\u00fccke der Welpenschule - Animal Products","og_description":"Diese H\u00e4ngebr\u00fccke ist eine spannende Herausforderung f\u00fcr das Hundetraining, da sie darauf ausgelegt ist, das Gleichgewicht, die Koordination und den Aufbau von Selbstvertrauen f\u00fcr Hunde zu trainieren. Es besteht aus Rampen und Plattformen aus leichtem und langlebigem Aluminium, wobei eine rutschfeste Gummioberfl\u00e4che f\u00fcr Sicherheit auf jedem Schritt sorgt.","og_url":"https:\/\/animalproducts.nl\/de\/produkt\/haengebruecke-der-welpenschule\/","og_site_name":"Animal Products","og_image":[{"width":500,"height":500,"url":"https:\/\/animalproducts.nl\/wp-content\/uploads\/2022\/09\/4408-ficha_btt.png","type":"image\/png"}],"twitter_card":"summary_large_image","schema":{"@context":"https:\/\/schema.org","@graph":[{"@type":"WebPage","@id":"https:\/\/animalproducts.nl\/de\/produkt\/haengebruecke-der-welpenschule\/","url":"https:\/\/animalproducts.nl\/de\/produkt\/haengebruecke-der-welpenschule\/","name":"H\u00e4ngebr\u00fccke der Welpenschule - Animal Products","isPartOf":{"@id":"https:\/\/animalproducts.nl\/de\/#website"},"primaryImageOfPage":{"@id":"https:\/\/animalproducts.nl\/de\/produkt\/haengebruecke-der-welpenschule\/#primaryimage"},"image":{"@id":"https:\/\/animalproducts.nl\/de\/produkt\/haengebruecke-der-welpenschule\/#primaryimage"},"thumbnailUrl":"https:\/\/animalproducts.nl\/wp-content\/uploads\/2022\/09\/4408-ficha_btt.png","datePublished":"2022-09-12T19:39:57+00:00","description":"Diese H\u00e4ngebr\u00fccke ist eine spannende Herausforderung f\u00fcr das Hundetraining, da sie darauf ausgelegt ist, das Gleichgewicht, die Koordination und den Aufbau von Selbstvertrauen f\u00fcr Hunde zu trainieren. Es besteht aus Rampen und Plattformen aus leichtem und langlebigem Aluminium, wobei eine rutschfeste Gummioberfl\u00e4che f\u00fcr Sicherheit auf jedem Schritt sorgt.","breadcrumb":{"@id":"https:\/\/animalproducts.nl\/de\/produkt\/haengebruecke-der-welpenschule\/#breadcrumb"},"inLanguage":"de","potentialAction":[{"@type":"ReadAction","target":["https:\/\/animalproducts.nl\/de\/produkt\/haengebruecke-der-welpenschule\/"]}]},{"@type":"ImageObject","inLanguage":"de","@id":"https:\/\/animalproducts.nl\/de\/produkt\/haengebruecke-der-welpenschule\/#primaryimage","url":"https:\/\/animalproducts.nl\/wp-content\/uploads\/2022\/09\/4408-ficha_btt.png","contentUrl":"https:\/\/animalproducts.nl\/wp-content\/uploads\/2022\/09\/4408-ficha_btt.png","width":500,"height":500,"caption":"H\u00e4ngebr\u00fccke der Welpenschule"},{"@type":"BreadcrumbList","@id":"https:\/\/animalproducts.nl\/de\/produkt\/haengebruecke-der-welpenschule\/#breadcrumb","itemListElement":[{"@type":"ListItem","position":1,"name":"Shop","item":"https:\/\/animalproducts.nl\/de\/heim\/"},{"@type":"ListItem","position":2,"name":"Shop","item":"https:\/\/animalproducts.nl\/de\/shop\/"},{"@type":"ListItem","position":3,"name":"H\u00e4ngebr\u00fccke der Welpenschule"}]},{"@type":"WebSite","@id":"https:\/\/animalproducts.nl\/de\/#website","url":"https:\/\/animalproducts.nl\/de\/","name":"Animal Products","description":"","publisher":{"@id":"https:\/\/animalproducts.nl\/de\/#organization"},"potentialAction":[{"@type":"SearchAction","target":{"@type":"EntryPoint","urlTemplate":"https:\/\/animalproducts.nl\/de\/?s={search_term_string}"},"query-input":{"@type":"PropertyValueSpecification","valueRequired":true,"valueName":"search_term_string"}}],"inLanguage":"de"},{"@type":"Organization","@id":"https:\/\/animalproducts.nl\/de\/#organization","name":"Animal Products","url":"https:\/\/animalproducts.nl\/de\/","logo":{"@type":"ImageObject","inLanguage":"de","@id":"https:\/\/animalproducts.nl\/de\/#\/schema\/logo\/image\/","url":"https:\/\/animalproducts.nl\/wp-content\/uploads\/2025\/07\/AnimalProducts-logo-v2-liggend-def-scaled.png","contentUrl":"https:\/\/animalproducts.nl\/wp-content\/uploads\/2025\/07\/AnimalProducts-logo-v2-liggend-def-scaled.png","width":2560,"height":1266,"caption":"Animal Products"},"image":{"@id":"https:\/\/animalproducts.nl\/de\/#\/schema\/logo\/image\/"}}]}},"_links":{"self":[{"href":"https:\/\/animalproducts.nl\/de\/wp-json\/wp\/v2\/product\/30773","targetHints":{"allow":["GET"]}}],"collection":[{"href":"https:\/\/animalproducts.nl\/de\/wp-json\/wp\/v2\/product"}],"about":[{"href":"https:\/\/animalproducts.nl\/de\/wp-json\/wp\/v2\/types\/product"}],"replies":[{"embeddable":true,"href":"https:\/\/animalproducts.nl\/de\/wp-json\/wp\/v2\/comments?post=30773"}],"wp:featuredmedia":[{"embeddable":true,"href":"https:\/\/animalproducts.nl\/de\/wp-json\/wp\/v2\/media\/30774"}],"wp:attachment":[{"href":"https:\/\/animalproducts.nl\/de\/wp-json\/wp\/v2\/media?parent=30773"}],"wp:term":[{"taxonomy":"product_brand","embeddable":true,"href":"https:\/\/animalproducts.nl\/de\/wp-json\/wp\/v2\/product_brand?post=30773"},{"taxonomy":"product_cat","embeddable":true,"href":"https:\/\/animalproducts.nl\/de\/wp-json\/wp\/v2\/product_cat?post=30773"},{"taxonomy":"product_tag","embeddable":true,"href":"https:\/\/animalproducts.nl\/de\/wp-json\/wp\/v2\/product_tag?post=30773"}],"curies":[{"name":"wp","href":"https:\/\/api.w.org\/{rel}","templated":true}]}}