{"id":30700,"date":"2022-09-12T20:49:38","date_gmt":"2022-09-12T18:49:38","guid":{"rendered":"https:\/\/animalproducts.nl\/product\/junior-steg\/"},"modified":"2022-09-12T20:49:38","modified_gmt":"2022-09-12T18:49:38","slug":"junior-steg","status":"publish","type":"product","link":"https:\/\/animalproducts.nl\/de\/produkt\/junior-steg\/","title":{"rendered":"Junior Steg"},"content":{"rendered":"<div class=\"rte\">\n<p>Junior Steg zur Einf\u00fchrung in die Beweglichkeit mit proportionaler Gr\u00f6\u00dfe zur Konkurrenz. Aus Aluminium mit rutschfester Gummioberfl\u00e4che. Leicht und einfach zu montieren.    <\/p>\n<\/div>\n<p><strong>Funktionales Design:<\/strong><\/p>\n<ul>\n<li>Abschnitte: 200 cm lang und 30 cm breit.<\/li>\n<li>Kontaktzone: farblich differenziert, 63,5 cm lang.<\/li>\n<li>H\u00f6he: Der Hundespaziergang erreicht 70 cm.<\/li>\n<li>Leicht und tragbar: Mit einem Gesamtgewicht von 28 kg<\/li>\n<\/ul>\n","protected":false},"excerpt":{"rendered":"<div class=\"rte\">\n<p>Junior Steg zur Einf\u00fchrung in die Beweglichkeit mit proportionaler Gr\u00f6\u00dfe zur Konkurrenz. Aus Aluminium mit rutschfester Gummioberfl\u00e4che. Leicht und einfach zu montieren.    <\/p>\n<\/div>\n<p><strong>Funktionales Design:<\/strong><\/p>\n<ul>\n<li>Abschnitte: 200 cm lang und 30 cm breit.<\/li>\n<li>Kontaktzone: farblich differenziert, 63,5 cm lang.<\/li>\n<li>H\u00f6he: Der Hundespaziergang erreicht 70 cm.<\/li>\n<li>Leicht und tragbar: Mit einem Gesamtgewicht von 28 kg<\/li>\n<\/ul>\n","protected":false},"featured_media":30705,"comment_status":"closed","ping_status":"closed","template":"","meta":{"_acf_changed":false},"product_brand":[],"product_cat":[140,144,150,156],"product_tag":[],"class_list":{"0":"post-30700","1":"product","2":"type-product","3":"status-publish","4":"has-post-thumbnail","6":"product_cat-beweglichkeit","7":"product_cat-beweglichkeitstraining","8":"product_cat-galican","9":"product_cat-welpe-und-junior","11":"first","12":"onbackorder","13":"taxable","14":"shipping-taxable","15":"purchasable","16":"product-type-variable"},"acf":[],"yoast_head":"<!-- This site is optimized with the Yoast SEO plugin v27.6 - https:\/\/yoast.com\/product\/yoast-seo-wordpress\/ -->\n<title>Junior Steg - Animal Products<\/title>\n<meta name=\"description\" content=\"Junior Steg zur Einf\u00fchrung in die Beweglichkeit mit proportionaler Gr\u00f6\u00dfe zur Konkurrenz. Aus Aluminium mit rutschfester Gummioberfl\u00e4che. Leicht und einfach zu montieren.\" \/>\n<meta name=\"robots\" content=\"index, follow, max-snippet:-1, max-image-preview:large, max-video-preview:-1\" \/>\n<link rel=\"canonical\" href=\"https:\/\/animalproducts.nl\/de\/produkt\/junior-steg\/\" \/>\n<meta property=\"og:locale\" content=\"de_DE\" \/>\n<meta property=\"og:type\" content=\"article\" \/>\n<meta property=\"og:title\" content=\"Junior Steg - Animal Products\" \/>\n<meta property=\"og:description\" content=\"Junior Steg zur Einf\u00fchrung in die Beweglichkeit mit proportionaler Gr\u00f6\u00dfe zur Konkurrenz. Aus Aluminium mit rutschfester Gummioberfl\u00e4che. Leicht und einfach zu montieren.\" \/>\n<meta property=\"og:url\" content=\"https:\/\/animalproducts.nl\/de\/produkt\/junior-steg\/\" \/>\n<meta property=\"og:site_name\" content=\"Animal Products\" \/>\n<meta property=\"og:image\" content=\"https:\/\/animalproducts.nl\/wp-content\/uploads\/2022\/09\/1804-ficha_btt.png\" \/>\n\t<meta property=\"og:image:width\" content=\"500\" \/>\n\t<meta property=\"og:image:height\" content=\"500\" \/>\n\t<meta property=\"og:image:type\" content=\"image\/png\" \/>\n<meta name=\"twitter:card\" content=\"summary_large_image\" \/>\n<script type=\"application\/ld+json\" class=\"yoast-schema-graph\">{\"@context\":\"https:\\\/\\\/schema.org\",\"@graph\":[{\"@type\":\"WebPage\",\"@id\":\"https:\\\/\\\/animalproducts.nl\\\/de\\\/produkt\\\/junior-steg\\\/\",\"url\":\"https:\\\/\\\/animalproducts.nl\\\/de\\\/produkt\\\/junior-steg\\\/\",\"name\":\"Junior Steg - Animal Products\",\"isPartOf\":{\"@id\":\"https:\\\/\\\/animalproducts.nl\\\/de\\\/#website\"},\"primaryImageOfPage\":{\"@id\":\"https:\\\/\\\/animalproducts.nl\\\/de\\\/produkt\\\/junior-steg\\\/#primaryimage\"},\"image\":{\"@id\":\"https:\\\/\\\/animalproducts.nl\\\/de\\\/produkt\\\/junior-steg\\\/#primaryimage\"},\"thumbnailUrl\":\"https:\\\/\\\/animalproducts.nl\\\/wp-content\\\/uploads\\\/2022\\\/09\\\/1804-ficha_btt.png\",\"datePublished\":\"2022-09-12T18:49:38+00:00\",\"description\":\"Junior Steg zur Einf\u00fchrung in die Beweglichkeit mit proportionaler Gr\u00f6\u00dfe zur Konkurrenz. Aus Aluminium mit rutschfester Gummioberfl\u00e4che. Leicht und einfach zu montieren.\",\"breadcrumb\":{\"@id\":\"https:\\\/\\\/animalproducts.nl\\\/de\\\/produkt\\\/junior-steg\\\/#breadcrumb\"},\"inLanguage\":\"de\",\"potentialAction\":[{\"@type\":\"ReadAction\",\"target\":[\"https:\\\/\\\/animalproducts.nl\\\/de\\\/produkt\\\/junior-steg\\\/\"]}]},{\"@type\":\"ImageObject\",\"inLanguage\":\"de\",\"@id\":\"https:\\\/\\\/animalproducts.nl\\\/de\\\/produkt\\\/junior-steg\\\/#primaryimage\",\"url\":\"https:\\\/\\\/animalproducts.nl\\\/wp-content\\\/uploads\\\/2022\\\/09\\\/1804-ficha_btt.png\",\"contentUrl\":\"https:\\\/\\\/animalproducts.nl\\\/wp-content\\\/uploads\\\/2022\\\/09\\\/1804-ficha_btt.png\",\"width\":500,\"height\":500,\"caption\":\"Galican Junior Steg\"},{\"@type\":\"BreadcrumbList\",\"@id\":\"https:\\\/\\\/animalproducts.nl\\\/de\\\/produkt\\\/junior-steg\\\/#breadcrumb\",\"itemListElement\":[{\"@type\":\"ListItem\",\"position\":1,\"name\":\"Shop\",\"item\":\"https:\\\/\\\/animalproducts.nl\\\/de\\\/heim\\\/\"},{\"@type\":\"ListItem\",\"position\":2,\"name\":\"Shop\",\"item\":\"https:\\\/\\\/animalproducts.nl\\\/de\\\/shop\\\/\"},{\"@type\":\"ListItem\",\"position\":3,\"name\":\"Junior Steg\"}]},{\"@type\":\"WebSite\",\"@id\":\"https:\\\/\\\/animalproducts.nl\\\/de\\\/#website\",\"url\":\"https:\\\/\\\/animalproducts.nl\\\/de\\\/\",\"name\":\"Animal Products\",\"description\":\"\",\"publisher\":{\"@id\":\"https:\\\/\\\/animalproducts.nl\\\/de\\\/#organization\"},\"potentialAction\":[{\"@type\":\"SearchAction\",\"target\":{\"@type\":\"EntryPoint\",\"urlTemplate\":\"https:\\\/\\\/animalproducts.nl\\\/de\\\/?s={search_term_string}\"},\"query-input\":{\"@type\":\"PropertyValueSpecification\",\"valueRequired\":true,\"valueName\":\"search_term_string\"}}],\"inLanguage\":\"de\"},{\"@type\":\"Organization\",\"@id\":\"https:\\\/\\\/animalproducts.nl\\\/de\\\/#organization\",\"name\":\"Animal Products\",\"url\":\"https:\\\/\\\/animalproducts.nl\\\/de\\\/\",\"logo\":{\"@type\":\"ImageObject\",\"inLanguage\":\"de\",\"@id\":\"https:\\\/\\\/animalproducts.nl\\\/de\\\/#\\\/schema\\\/logo\\\/image\\\/\",\"url\":\"https:\\\/\\\/animalproducts.nl\\\/wp-content\\\/uploads\\\/2025\\\/07\\\/AnimalProducts-logo-v2-liggend-def-scaled.png\",\"contentUrl\":\"https:\\\/\\\/animalproducts.nl\\\/wp-content\\\/uploads\\\/2025\\\/07\\\/AnimalProducts-logo-v2-liggend-def-scaled.png\",\"width\":2560,\"height\":1266,\"caption\":\"Animal Products\"},\"image\":{\"@id\":\"https:\\\/\\\/animalproducts.nl\\\/de\\\/#\\\/schema\\\/logo\\\/image\\\/\"}}]}<\/script>\n<!-- \/ Yoast SEO plugin. -->","yoast_head_json":{"title":"Junior Steg - Animal Products","description":"Junior Steg zur Einf\u00fchrung in die Beweglichkeit mit proportionaler Gr\u00f6\u00dfe zur Konkurrenz. Aus Aluminium mit rutschfester Gummioberfl\u00e4che. Leicht und einfach zu montieren.","robots":{"index":"index","follow":"follow","max-snippet":"max-snippet:-1","max-image-preview":"max-image-preview:large","max-video-preview":"max-video-preview:-1"},"canonical":"https:\/\/animalproducts.nl\/de\/produkt\/junior-steg\/","og_locale":"de_DE","og_type":"article","og_title":"Junior Steg - Animal Products","og_description":"Junior Steg zur Einf\u00fchrung in die Beweglichkeit mit proportionaler Gr\u00f6\u00dfe zur Konkurrenz. Aus Aluminium mit rutschfester Gummioberfl\u00e4che. Leicht und einfach zu montieren.","og_url":"https:\/\/animalproducts.nl\/de\/produkt\/junior-steg\/","og_site_name":"Animal Products","og_image":[{"width":500,"height":500,"url":"https:\/\/animalproducts.nl\/wp-content\/uploads\/2022\/09\/1804-ficha_btt.png","type":"image\/png"}],"twitter_card":"summary_large_image","schema":{"@context":"https:\/\/schema.org","@graph":[{"@type":"WebPage","@id":"https:\/\/animalproducts.nl\/de\/produkt\/junior-steg\/","url":"https:\/\/animalproducts.nl\/de\/produkt\/junior-steg\/","name":"Junior Steg - Animal Products","isPartOf":{"@id":"https:\/\/animalproducts.nl\/de\/#website"},"primaryImageOfPage":{"@id":"https:\/\/animalproducts.nl\/de\/produkt\/junior-steg\/#primaryimage"},"image":{"@id":"https:\/\/animalproducts.nl\/de\/produkt\/junior-steg\/#primaryimage"},"thumbnailUrl":"https:\/\/animalproducts.nl\/wp-content\/uploads\/2022\/09\/1804-ficha_btt.png","datePublished":"2022-09-12T18:49:38+00:00","description":"Junior Steg zur Einf\u00fchrung in die Beweglichkeit mit proportionaler Gr\u00f6\u00dfe zur Konkurrenz. Aus Aluminium mit rutschfester Gummioberfl\u00e4che. Leicht und einfach zu montieren.","breadcrumb":{"@id":"https:\/\/animalproducts.nl\/de\/produkt\/junior-steg\/#breadcrumb"},"inLanguage":"de","potentialAction":[{"@type":"ReadAction","target":["https:\/\/animalproducts.nl\/de\/produkt\/junior-steg\/"]}]},{"@type":"ImageObject","inLanguage":"de","@id":"https:\/\/animalproducts.nl\/de\/produkt\/junior-steg\/#primaryimage","url":"https:\/\/animalproducts.nl\/wp-content\/uploads\/2022\/09\/1804-ficha_btt.png","contentUrl":"https:\/\/animalproducts.nl\/wp-content\/uploads\/2022\/09\/1804-ficha_btt.png","width":500,"height":500,"caption":"Galican Junior Steg"},{"@type":"BreadcrumbList","@id":"https:\/\/animalproducts.nl\/de\/produkt\/junior-steg\/#breadcrumb","itemListElement":[{"@type":"ListItem","position":1,"name":"Shop","item":"https:\/\/animalproducts.nl\/de\/heim\/"},{"@type":"ListItem","position":2,"name":"Shop","item":"https:\/\/animalproducts.nl\/de\/shop\/"},{"@type":"ListItem","position":3,"name":"Junior Steg"}]},{"@type":"WebSite","@id":"https:\/\/animalproducts.nl\/de\/#website","url":"https:\/\/animalproducts.nl\/de\/","name":"Animal Products","description":"","publisher":{"@id":"https:\/\/animalproducts.nl\/de\/#organization"},"potentialAction":[{"@type":"SearchAction","target":{"@type":"EntryPoint","urlTemplate":"https:\/\/animalproducts.nl\/de\/?s={search_term_string}"},"query-input":{"@type":"PropertyValueSpecification","valueRequired":true,"valueName":"search_term_string"}}],"inLanguage":"de"},{"@type":"Organization","@id":"https:\/\/animalproducts.nl\/de\/#organization","name":"Animal Products","url":"https:\/\/animalproducts.nl\/de\/","logo":{"@type":"ImageObject","inLanguage":"de","@id":"https:\/\/animalproducts.nl\/de\/#\/schema\/logo\/image\/","url":"https:\/\/animalproducts.nl\/wp-content\/uploads\/2025\/07\/AnimalProducts-logo-v2-liggend-def-scaled.png","contentUrl":"https:\/\/animalproducts.nl\/wp-content\/uploads\/2025\/07\/AnimalProducts-logo-v2-liggend-def-scaled.png","width":2560,"height":1266,"caption":"Animal Products"},"image":{"@id":"https:\/\/animalproducts.nl\/de\/#\/schema\/logo\/image\/"}}]}},"_links":{"self":[{"href":"https:\/\/animalproducts.nl\/de\/wp-json\/wp\/v2\/product\/30700","targetHints":{"allow":["GET"]}}],"collection":[{"href":"https:\/\/animalproducts.nl\/de\/wp-json\/wp\/v2\/product"}],"about":[{"href":"https:\/\/animalproducts.nl\/de\/wp-json\/wp\/v2\/types\/product"}],"replies":[{"embeddable":true,"href":"https:\/\/animalproducts.nl\/de\/wp-json\/wp\/v2\/comments?post=30700"}],"wp:featuredmedia":[{"embeddable":true,"href":"https:\/\/animalproducts.nl\/de\/wp-json\/wp\/v2\/media\/30705"}],"wp:attachment":[{"href":"https:\/\/animalproducts.nl\/de\/wp-json\/wp\/v2\/media?parent=30700"}],"wp:term":[{"taxonomy":"product_brand","embeddable":true,"href":"https:\/\/animalproducts.nl\/de\/wp-json\/wp\/v2\/product_brand?post=30700"},{"taxonomy":"product_cat","embeddable":true,"href":"https:\/\/animalproducts.nl\/de\/wp-json\/wp\/v2\/product_cat?post=30700"},{"taxonomy":"product_tag","embeddable":true,"href":"https:\/\/animalproducts.nl\/de\/wp-json\/wp\/v2\/product_tag?post=30700"}],"curies":[{"name":"wp","href":"https:\/\/api.w.org\/{rel}","templated":true}]}}