{"id":30490,"date":"2022-09-12T14:07:54","date_gmt":"2022-09-12T12:07:54","guid":{"rendered":"https:\/\/animalproducts.nl\/product\/3-x-faltbare-spruenge-tasche\/"},"modified":"2022-09-12T14:07:54","modified_gmt":"2022-09-12T12:07:54","slug":"3-x-faltbare-spruenge-tasche","status":"publish","type":"product","link":"https:\/\/animalproducts.nl\/de\/produkt\/3-x-faltbare-spruenge-tasche\/","title":{"rendered":"3 x faltbare Spr\u00fcnge + Tasche"},"content":{"rendered":"<p>Dieses praktische und vielseitige Set enth\u00e4lt drei faltbare Spr\u00fcnge, die f\u00fcr maximalen Komfort und Funktionalit\u00e4t entwickelt wurden \u2013 auch f\u00fcr unterwegs. Sie sind schnell und einfach aufzubauen und lassen sich in der H\u00f6he zwischen 15 und 65 cm verstellen, so dass sie sich an die unterschiedlichen Anforderungen von Training anpassen lassen. Sie sind aus robustem, lackiertem Aluminium gefertigt und sind sehr leicht.<br \/>Dank ihres faltbaren Designs und der mitgelieferten Tragetasche k\u00f6nnen sie \u00fcberallhin mitgenommen werden: zu Wettk\u00e4mpfen, zum Aufw\u00e4rmen, zum Training im Freien oder auf Reisen \u2013 die perfekte L\u00f6sung f\u00fcr Agility unterwegs!   <\/p>\n<p><strong>Produktmerkmale:<\/strong><\/p>\n<ul>\n<li>Verstellbare H\u00f6he: von 15 cm bis 65 cm, alle 5 cm, geeignet f\u00fcr verschiedene Trainingsstufen.<\/li>\n<li>Kompaktes Design: Die H\u00fcrden lassen sich bei Nichtgebrauch platzsparend zusammenklappen und verstauen.<\/li>\n<li>Tragetasche: hergestellt aus wasserdichtem Nylon mit verst\u00e4rkten Griffen.<\/li>\n<li>\n<div class=\"container contentheight\">\n<div class=\"row\">\n<div class=\"col-xs-12 col-sm-9 col-md-9 main-content\">\n<form id=\"oBIZForm_0\" action=\"https:\/\/www.sweet-surprise.nl\/default.asp?pageid=44&amp;lijn=Soft&amp;webgroupfilter=&amp;artdetail=GSLT18\" method=\"post\" name=\"oBIZForm_0\">\n<div class=\"row\">\n<div class=\"col-xxs-12 col-xs-6\">\n<div class=\"artdetaildesc\">Haltbarkeit: verschlei\u00dffeste Materialien, ideal f\u00fcr intensive Nutzung.<\/div>\n<\/div>\n<div><\/div>\n<\/div>\n<\/form>\n<\/div>\n<\/div>\n<\/div>\n<div class=\"footerarea\">\n<div class=\"container\">\n<div class=\"row\">\n<div class=\"col-xxs-6 col-xs-4 \">\n<div class=\"footerlinks\"><\/div>\n<\/div>\n<\/div>\n<\/div>\n<\/div>\n<div class=\"container contentheight\">\n<div class=\"row\">\n<div class=\"col-xs-12 col-sm-9 col-md-9 main-content\">\n<form id=\"oBIZForm_0\" action=\"https:\/\/www.sweet-surprise.nl\/default.asp?pageid=44&amp;lijn=Lite&amp;webgroupfilter=&amp;artdetail=GSLT25\" method=\"post\" name=\"oBIZForm_0\">\n<div class=\"row\">\n<p><iframe title=\"New folding jump 2023\" width=\"800\" height=\"450\" src=\"https:\/\/www.youtube.com\/embed\/cqMxQfL-Jl4?feature=oembed\" frameborder=\"0\" allow=\"accelerometer; autoplay; clipboard-write; encrypted-media; gyroscope; picture-in-picture; web-share\" referrerpolicy=\"strict-origin-when-cross-origin\" allowfullscreen><\/iframe><\/p>\n<\/div>\n<\/form>\n<\/div>\n<\/div>\n<\/div>\n<div class=\"footerarea\"><\/div>\n<div class=\"row\">\n<div class=\"col-xs-12 col-sm-9 col-md-9 main-content\"><\/div>\n<\/div>\n<\/li>\n<\/ul>\n<div class=\"footerarea\"><\/div>\n","protected":false},"excerpt":{"rendered":"<p>Dieses praktische und vielseitige Set enth\u00e4lt drei faltbare Spr\u00fcnge, die f\u00fcr maximalen Komfort und Funktionalit\u00e4t entwickelt wurden \u2013 auch f\u00fcr unterwegs. Sie sind schnell und einfach aufzubauen und lassen sich in der H\u00f6he zwischen 15 und 65 cm verstellen, so dass sie sich an die unterschiedlichen Anforderungen von Training anpassen lassen. Sie sind aus robustem, lackiertem Aluminium gefertigt und sind sehr leicht.<br \/>Dank ihres faltbaren Designs und der mitgelieferten Tragetasche k\u00f6nnen sie \u00fcberallhin mitgenommen werden: zu Wettk\u00e4mpfen, zum Aufw\u00e4rmen, zum Training im Freien oder auf Reisen \u2013 die perfekte L\u00f6sung f\u00fcr Agility unterwegs!   <\/p>\n<p>Bestellabwicklung und Herstellung:<br \/>\nAlle Bestellungen werden entsprechend der Komplexit\u00e4t des Produkts, der Nachfrage und des verf\u00fcgbaren Lagerbestands bearbeitet und gefertigt. Nach Ihrer Bestellung erhalten Sie eine E-Mail mit den Bestelldetails und den gesch\u00e4tzten Lieferzeiten. <\/p>\n","protected":false},"featured_media":25805,"comment_status":"closed","ping_status":"closed","template":"","meta":{"_acf_changed":false},"product_brand":[],"product_cat":[160,140,144,150,151,158],"product_tag":[],"class_list":{"0":"post-30490","1":"product","2":"type-product","3":"status-publish","4":"has-post-thumbnail","6":"product_cat-ausbildung","7":"product_cat-beweglichkeit","8":"product_cat-beweglichkeitstraining","9":"product_cat-galican","10":"product_cat-hohensprunge","11":"product_cat-weich","13":"first","14":"onbackorder","15":"taxable","16":"shipping-taxable","17":"purchasable","18":"product-type-simple"},"acf":[],"yoast_head":"<!-- This site is optimized with the Yoast SEO plugin v27.6 - https:\/\/yoast.com\/product\/yoast-seo-wordpress\/ -->\n<title>3 x faltbare Spr\u00fcnge + Tasche - Animal Products<\/title>\n<meta name=\"description\" content=\"Dieses praktische und vielseitige Set enth\u00e4lt drei faltbare Spr\u00fcnge, die f\u00fcr maximalen Komfort und Funktionalit\u00e4t entwickelt wurden \u2013 auch f\u00fcr unterwegs. Sie sind schnell und einfach aufzubauen und lassen sich in der H\u00f6he zwischen 15 und 65 cm verstellen, so dass sie sich an die unterschiedlichen Anforderungen von Training anpassen lassen. Sie sind aus robustem, lackiertem Aluminium gefertigt und sind sehr leicht.Dank ihres faltbaren Designs und der mitgelieferten Tragetasche k\u00f6nnen sie \u00fcberallhin mitgenommen werden: zu Wettk\u00e4mpfen, zum Aufw\u00e4rmen, zum Training im Freien oder auf Reisen \u2013 die perfekte L\u00f6sung f\u00fcr Agility unterwegs!\" \/>\n<meta name=\"robots\" content=\"index, follow, max-snippet:-1, max-image-preview:large, max-video-preview:-1\" \/>\n<link rel=\"canonical\" href=\"https:\/\/animalproducts.nl\/de\/produkt\/3-x-faltbare-spruenge-tasche\/\" \/>\n<meta property=\"og:locale\" content=\"de_DE\" \/>\n<meta property=\"og:type\" content=\"article\" \/>\n<meta property=\"og:title\" content=\"3 x faltbare Spr\u00fcnge + Tasche - Animal Products\" \/>\n<meta property=\"og:description\" content=\"Dieses praktische und vielseitige Set enth\u00e4lt drei faltbare Spr\u00fcnge, die f\u00fcr maximalen Komfort und Funktionalit\u00e4t entwickelt wurden \u2013 auch f\u00fcr unterwegs. Sie sind schnell und einfach aufzubauen und lassen sich in der H\u00f6he zwischen 15 und 65 cm verstellen, so dass sie sich an die unterschiedlichen Anforderungen von Training anpassen lassen. Sie sind aus robustem, lackiertem Aluminium gefertigt und sind sehr leicht.Dank ihres faltbaren Designs und der mitgelieferten Tragetasche k\u00f6nnen sie \u00fcberallhin mitgenommen werden: zu Wettk\u00e4mpfen, zum Aufw\u00e4rmen, zum Training im Freien oder auf Reisen \u2013 die perfekte L\u00f6sung f\u00fcr Agility unterwegs!\" \/>\n<meta property=\"og:url\" content=\"https:\/\/animalproducts.nl\/de\/produkt\/3-x-faltbare-spruenge-tasche\/\" \/>\n<meta property=\"og:site_name\" content=\"Animal Products\" \/>\n<meta property=\"og:image\" content=\"https:\/\/animalproducts.nl\/wp-content\/uploads\/2022\/09\/4526-ficha_btt.png\" \/>\n\t<meta property=\"og:image:width\" content=\"500\" \/>\n\t<meta property=\"og:image:height\" content=\"500\" \/>\n\t<meta property=\"og:image:type\" content=\"image\/png\" \/>\n<meta name=\"twitter:card\" content=\"summary_large_image\" \/>\n<meta name=\"twitter:label1\" content=\"Gesch\u00e4tzte Lesezeit\" \/>\n\t<meta name=\"twitter:data1\" content=\"1\u00a0Minute\" \/>\n<script type=\"application\/ld+json\" class=\"yoast-schema-graph\">{\"@context\":\"https:\\\/\\\/schema.org\",\"@graph\":[{\"@type\":\"WebPage\",\"@id\":\"https:\\\/\\\/animalproducts.nl\\\/de\\\/produkt\\\/3-x-faltbare-spruenge-tasche\\\/\",\"url\":\"https:\\\/\\\/animalproducts.nl\\\/de\\\/produkt\\\/3-x-faltbare-spruenge-tasche\\\/\",\"name\":\"3 x faltbare Spr\u00fcnge + Tasche - Animal Products\",\"isPartOf\":{\"@id\":\"https:\\\/\\\/animalproducts.nl\\\/de\\\/#website\"},\"primaryImageOfPage\":{\"@id\":\"https:\\\/\\\/animalproducts.nl\\\/de\\\/produkt\\\/3-x-faltbare-spruenge-tasche\\\/#primaryimage\"},\"image\":{\"@id\":\"https:\\\/\\\/animalproducts.nl\\\/de\\\/produkt\\\/3-x-faltbare-spruenge-tasche\\\/#primaryimage\"},\"thumbnailUrl\":\"https:\\\/\\\/animalproducts.nl\\\/wp-content\\\/uploads\\\/2022\\\/09\\\/4526-ficha_btt.png\",\"datePublished\":\"2022-09-12T12:07:54+00:00\",\"description\":\"Dieses praktische und vielseitige Set enth\u00e4lt drei faltbare Spr\u00fcnge, die f\u00fcr maximalen Komfort und Funktionalit\u00e4t entwickelt wurden \u2013 auch f\u00fcr unterwegs. Sie sind schnell und einfach aufzubauen und lassen sich in der H\u00f6he zwischen 15 und 65 cm verstellen, so dass sie sich an die unterschiedlichen Anforderungen von Training anpassen lassen. Sie sind aus robustem, lackiertem Aluminium gefertigt und sind sehr leicht.Dank ihres faltbaren Designs und der mitgelieferten Tragetasche k\u00f6nnen sie \u00fcberallhin mitgenommen werden: zu Wettk\u00e4mpfen, zum Aufw\u00e4rmen, zum Training im Freien oder auf Reisen \u2013 die perfekte L\u00f6sung f\u00fcr Agility unterwegs!\",\"breadcrumb\":{\"@id\":\"https:\\\/\\\/animalproducts.nl\\\/de\\\/produkt\\\/3-x-faltbare-spruenge-tasche\\\/#breadcrumb\"},\"inLanguage\":\"de\",\"potentialAction\":[{\"@type\":\"ReadAction\",\"target\":[\"https:\\\/\\\/animalproducts.nl\\\/de\\\/produkt\\\/3-x-faltbare-spruenge-tasche\\\/\"]}]},{\"@type\":\"ImageObject\",\"inLanguage\":\"de\",\"@id\":\"https:\\\/\\\/animalproducts.nl\\\/de\\\/produkt\\\/3-x-faltbare-spruenge-tasche\\\/#primaryimage\",\"url\":\"https:\\\/\\\/animalproducts.nl\\\/wp-content\\\/uploads\\\/2022\\\/09\\\/4526-ficha_btt.png\",\"contentUrl\":\"https:\\\/\\\/animalproducts.nl\\\/wp-content\\\/uploads\\\/2022\\\/09\\\/4526-ficha_btt.png\",\"width\":500,\"height\":500,\"caption\":\"Canometer en Opvouwbare sprong Agility toestellen\"},{\"@type\":\"BreadcrumbList\",\"@id\":\"https:\\\/\\\/animalproducts.nl\\\/de\\\/produkt\\\/3-x-faltbare-spruenge-tasche\\\/#breadcrumb\",\"itemListElement\":[{\"@type\":\"ListItem\",\"position\":1,\"name\":\"Shop\",\"item\":\"https:\\\/\\\/animalproducts.nl\\\/de\\\/heim\\\/\"},{\"@type\":\"ListItem\",\"position\":2,\"name\":\"Shop\",\"item\":\"https:\\\/\\\/animalproducts.nl\\\/de\\\/shop\\\/\"},{\"@type\":\"ListItem\",\"position\":3,\"name\":\"3 x faltbare Spr\u00fcnge + Tasche\"}]},{\"@type\":\"WebSite\",\"@id\":\"https:\\\/\\\/animalproducts.nl\\\/de\\\/#website\",\"url\":\"https:\\\/\\\/animalproducts.nl\\\/de\\\/\",\"name\":\"Animal Products\",\"description\":\"\",\"publisher\":{\"@id\":\"https:\\\/\\\/animalproducts.nl\\\/de\\\/#organization\"},\"potentialAction\":[{\"@type\":\"SearchAction\",\"target\":{\"@type\":\"EntryPoint\",\"urlTemplate\":\"https:\\\/\\\/animalproducts.nl\\\/de\\\/?s={search_term_string}\"},\"query-input\":{\"@type\":\"PropertyValueSpecification\",\"valueRequired\":true,\"valueName\":\"search_term_string\"}}],\"inLanguage\":\"de\"},{\"@type\":\"Organization\",\"@id\":\"https:\\\/\\\/animalproducts.nl\\\/de\\\/#organization\",\"name\":\"Animal Products\",\"url\":\"https:\\\/\\\/animalproducts.nl\\\/de\\\/\",\"logo\":{\"@type\":\"ImageObject\",\"inLanguage\":\"de\",\"@id\":\"https:\\\/\\\/animalproducts.nl\\\/de\\\/#\\\/schema\\\/logo\\\/image\\\/\",\"url\":\"https:\\\/\\\/animalproducts.nl\\\/wp-content\\\/uploads\\\/2025\\\/07\\\/AnimalProducts-logo-v2-liggend-def-scaled.png\",\"contentUrl\":\"https:\\\/\\\/animalproducts.nl\\\/wp-content\\\/uploads\\\/2025\\\/07\\\/AnimalProducts-logo-v2-liggend-def-scaled.png\",\"width\":2560,\"height\":1266,\"caption\":\"Animal Products\"},\"image\":{\"@id\":\"https:\\\/\\\/animalproducts.nl\\\/de\\\/#\\\/schema\\\/logo\\\/image\\\/\"}}]}<\/script>\n<!-- \/ Yoast SEO plugin. -->","yoast_head_json":{"title":"3 x faltbare Spr\u00fcnge + Tasche - Animal Products","description":"Dieses praktische und vielseitige Set enth\u00e4lt drei faltbare Spr\u00fcnge, die f\u00fcr maximalen Komfort und Funktionalit\u00e4t entwickelt wurden \u2013 auch f\u00fcr unterwegs. Sie sind schnell und einfach aufzubauen und lassen sich in der H\u00f6he zwischen 15 und 65 cm verstellen, so dass sie sich an die unterschiedlichen Anforderungen von Training anpassen lassen. Sie sind aus robustem, lackiertem Aluminium gefertigt und sind sehr leicht.Dank ihres faltbaren Designs und der mitgelieferten Tragetasche k\u00f6nnen sie \u00fcberallhin mitgenommen werden: zu Wettk\u00e4mpfen, zum Aufw\u00e4rmen, zum Training im Freien oder auf Reisen \u2013 die perfekte L\u00f6sung f\u00fcr Agility unterwegs!","robots":{"index":"index","follow":"follow","max-snippet":"max-snippet:-1","max-image-preview":"max-image-preview:large","max-video-preview":"max-video-preview:-1"},"canonical":"https:\/\/animalproducts.nl\/de\/produkt\/3-x-faltbare-spruenge-tasche\/","og_locale":"de_DE","og_type":"article","og_title":"3 x faltbare Spr\u00fcnge + Tasche - Animal Products","og_description":"Dieses praktische und vielseitige Set enth\u00e4lt drei faltbare Spr\u00fcnge, die f\u00fcr maximalen Komfort und Funktionalit\u00e4t entwickelt wurden \u2013 auch f\u00fcr unterwegs. Sie sind schnell und einfach aufzubauen und lassen sich in der H\u00f6he zwischen 15 und 65 cm verstellen, so dass sie sich an die unterschiedlichen Anforderungen von Training anpassen lassen. Sie sind aus robustem, lackiertem Aluminium gefertigt und sind sehr leicht.Dank ihres faltbaren Designs und der mitgelieferten Tragetasche k\u00f6nnen sie \u00fcberallhin mitgenommen werden: zu Wettk\u00e4mpfen, zum Aufw\u00e4rmen, zum Training im Freien oder auf Reisen \u2013 die perfekte L\u00f6sung f\u00fcr Agility unterwegs!","og_url":"https:\/\/animalproducts.nl\/de\/produkt\/3-x-faltbare-spruenge-tasche\/","og_site_name":"Animal Products","og_image":[{"width":500,"height":500,"url":"https:\/\/animalproducts.nl\/wp-content\/uploads\/2022\/09\/4526-ficha_btt.png","type":"image\/png"}],"twitter_card":"summary_large_image","twitter_misc":{"Gesch\u00e4tzte Lesezeit":"1\u00a0Minute"},"schema":{"@context":"https:\/\/schema.org","@graph":[{"@type":"WebPage","@id":"https:\/\/animalproducts.nl\/de\/produkt\/3-x-faltbare-spruenge-tasche\/","url":"https:\/\/animalproducts.nl\/de\/produkt\/3-x-faltbare-spruenge-tasche\/","name":"3 x faltbare Spr\u00fcnge + Tasche - Animal Products","isPartOf":{"@id":"https:\/\/animalproducts.nl\/de\/#website"},"primaryImageOfPage":{"@id":"https:\/\/animalproducts.nl\/de\/produkt\/3-x-faltbare-spruenge-tasche\/#primaryimage"},"image":{"@id":"https:\/\/animalproducts.nl\/de\/produkt\/3-x-faltbare-spruenge-tasche\/#primaryimage"},"thumbnailUrl":"https:\/\/animalproducts.nl\/wp-content\/uploads\/2022\/09\/4526-ficha_btt.png","datePublished":"2022-09-12T12:07:54+00:00","description":"Dieses praktische und vielseitige Set enth\u00e4lt drei faltbare Spr\u00fcnge, die f\u00fcr maximalen Komfort und Funktionalit\u00e4t entwickelt wurden \u2013 auch f\u00fcr unterwegs. Sie sind schnell und einfach aufzubauen und lassen sich in der H\u00f6he zwischen 15 und 65 cm verstellen, so dass sie sich an die unterschiedlichen Anforderungen von Training anpassen lassen. Sie sind aus robustem, lackiertem Aluminium gefertigt und sind sehr leicht.Dank ihres faltbaren Designs und der mitgelieferten Tragetasche k\u00f6nnen sie \u00fcberallhin mitgenommen werden: zu Wettk\u00e4mpfen, zum Aufw\u00e4rmen, zum Training im Freien oder auf Reisen \u2013 die perfekte L\u00f6sung f\u00fcr Agility unterwegs!","breadcrumb":{"@id":"https:\/\/animalproducts.nl\/de\/produkt\/3-x-faltbare-spruenge-tasche\/#breadcrumb"},"inLanguage":"de","potentialAction":[{"@type":"ReadAction","target":["https:\/\/animalproducts.nl\/de\/produkt\/3-x-faltbare-spruenge-tasche\/"]}]},{"@type":"ImageObject","inLanguage":"de","@id":"https:\/\/animalproducts.nl\/de\/produkt\/3-x-faltbare-spruenge-tasche\/#primaryimage","url":"https:\/\/animalproducts.nl\/wp-content\/uploads\/2022\/09\/4526-ficha_btt.png","contentUrl":"https:\/\/animalproducts.nl\/wp-content\/uploads\/2022\/09\/4526-ficha_btt.png","width":500,"height":500,"caption":"Canometer en Opvouwbare sprong Agility toestellen"},{"@type":"BreadcrumbList","@id":"https:\/\/animalproducts.nl\/de\/produkt\/3-x-faltbare-spruenge-tasche\/#breadcrumb","itemListElement":[{"@type":"ListItem","position":1,"name":"Shop","item":"https:\/\/animalproducts.nl\/de\/heim\/"},{"@type":"ListItem","position":2,"name":"Shop","item":"https:\/\/animalproducts.nl\/de\/shop\/"},{"@type":"ListItem","position":3,"name":"3 x faltbare Spr\u00fcnge + Tasche"}]},{"@type":"WebSite","@id":"https:\/\/animalproducts.nl\/de\/#website","url":"https:\/\/animalproducts.nl\/de\/","name":"Animal Products","description":"","publisher":{"@id":"https:\/\/animalproducts.nl\/de\/#organization"},"potentialAction":[{"@type":"SearchAction","target":{"@type":"EntryPoint","urlTemplate":"https:\/\/animalproducts.nl\/de\/?s={search_term_string}"},"query-input":{"@type":"PropertyValueSpecification","valueRequired":true,"valueName":"search_term_string"}}],"inLanguage":"de"},{"@type":"Organization","@id":"https:\/\/animalproducts.nl\/de\/#organization","name":"Animal Products","url":"https:\/\/animalproducts.nl\/de\/","logo":{"@type":"ImageObject","inLanguage":"de","@id":"https:\/\/animalproducts.nl\/de\/#\/schema\/logo\/image\/","url":"https:\/\/animalproducts.nl\/wp-content\/uploads\/2025\/07\/AnimalProducts-logo-v2-liggend-def-scaled.png","contentUrl":"https:\/\/animalproducts.nl\/wp-content\/uploads\/2025\/07\/AnimalProducts-logo-v2-liggend-def-scaled.png","width":2560,"height":1266,"caption":"Animal Products"},"image":{"@id":"https:\/\/animalproducts.nl\/de\/#\/schema\/logo\/image\/"}}]}},"_links":{"self":[{"href":"https:\/\/animalproducts.nl\/de\/wp-json\/wp\/v2\/product\/30490","targetHints":{"allow":["GET"]}}],"collection":[{"href":"https:\/\/animalproducts.nl\/de\/wp-json\/wp\/v2\/product"}],"about":[{"href":"https:\/\/animalproducts.nl\/de\/wp-json\/wp\/v2\/types\/product"}],"replies":[{"embeddable":true,"href":"https:\/\/animalproducts.nl\/de\/wp-json\/wp\/v2\/comments?post=30490"}],"wp:featuredmedia":[{"embeddable":true,"href":"https:\/\/animalproducts.nl\/de\/wp-json\/wp\/v2\/media\/25805"}],"wp:attachment":[{"href":"https:\/\/animalproducts.nl\/de\/wp-json\/wp\/v2\/media?parent=30490"}],"wp:term":[{"taxonomy":"product_brand","embeddable":true,"href":"https:\/\/animalproducts.nl\/de\/wp-json\/wp\/v2\/product_brand?post=30490"},{"taxonomy":"product_cat","embeddable":true,"href":"https:\/\/animalproducts.nl\/de\/wp-json\/wp\/v2\/product_cat?post=30490"},{"taxonomy":"product_tag","embeddable":true,"href":"https:\/\/animalproducts.nl\/de\/wp-json\/wp\/v2\/product_tag?post=30490"}],"curies":[{"name":"wp","href":"https:\/\/api.w.org\/{rel}","templated":true}]}}