{"id":30454,"date":"2022-09-08T10:54:49","date_gmt":"2022-09-08T08:54:49","guid":{"rendered":"https:\/\/animalproducts.nl\/product\/steg-regulator-zum-festklemmen\/"},"modified":"2022-09-08T10:54:49","modified_gmt":"2022-09-08T08:54:49","slug":"steg-regulator-zum-festklemmen","status":"publish","type":"product","link":"https:\/\/animalproducts.nl\/de\/produkt\/steg-regulator-zum-festklemmen\/","title":{"rendered":"Steg-Regulator zum Festklemmen"},"content":{"rendered":"<p>Steg-Regulator zum Festklemmen, um die Running Contacts zu trainieren. Erh\u00e4ltlich in der Ausf\u00fchrung small und large sowie im Kombipaket.<br \/>Modell small: F\u00fcr die d\u00fcnneren Teile des Laufstegs, wie die mittleren Abschnitte der SOFT- und INTERCAN-Laufstege sowie f\u00fcr die Abschnitte des LITE-Laufstegs.<br \/>Modell large: F\u00fcr den verst\u00e4rkten Bereich der Abg\u00e4nge bei den SOFT- und INTERCAN-Laufstegen.   <\/p>\n<p>&nbsp;<\/p>\n<p>&nbsp;<\/p>\n","protected":false},"excerpt":{"rendered":"<p>Steg-Regulator zum Festklemmen, um die Running Contacts zu trainieren. Erh\u00e4ltlich in der Ausf\u00fchrung small und large sowie im Kombipaket.<br \/>Modell small: F\u00fcr die d\u00fcnneren Teile des Laufstegs, wie die mittleren Abschnitte der SOFT- und INTERCAN-Laufstege sowie f\u00fcr die Abschnitte des LITE-Laufstegs.<br \/>Modell large: F\u00fcr den verst\u00e4rkten Bereich der Abg\u00e4nge bei den SOFT- und INTERCAN-Laufstegen.   <\/p>\n<p>Bestellabwicklung und Herstellung:<br \/>\nAlle Bestellungen werden entsprechend der Komplexit\u00e4t des Produkts, der Nachfrage und des verf\u00fcgbaren Lagerbestands bearbeitet und gefertigt. Nach Ihrer Bestellung erhalten Sie eine E-Mail mit den Bestelldetails und den gesch\u00e4tzten Lieferzeiten. <\/p>\n","protected":false},"featured_media":26716,"comment_status":"closed","ping_status":"closed","template":"","meta":{"_acf_changed":false},"product_brand":[],"product_cat":[143,160,140,144,150,153,142],"product_tag":[],"class_list":{"0":"post-30454","1":"product","2":"type-product","3":"status-publish","4":"has-post-thumbnail","6":"product_cat-agility-zubehor","7":"product_cat-ausbildung","8":"product_cat-beweglichkeit","9":"product_cat-beweglichkeitstraining","10":"product_cat-galican","11":"product_cat-katze-lauft","12":"product_cat-zubehor","14":"first","15":"onbackorder","16":"taxable","17":"shipping-taxable","18":"purchasable","19":"product-type-variable"},"acf":[],"yoast_head":"<!-- This site is optimized with the Yoast SEO plugin v27.6 - https:\/\/yoast.com\/product\/yoast-seo-wordpress\/ -->\n<title>Steg-Regulator zum Festklemmen - Animal Products<\/title>\n<meta name=\"description\" content=\"Steg-Regulator zum Festklemmen, um die Running Contacts zu trainieren. Erh\u00e4ltlich in der Ausf\u00fchrung small und large sowie im Kombipaket.Modell small: F\u00fcr die d\u00fcnneren Teile des Laufstegs, wie die mittleren Abschnitte der SOFT- und INTERCAN-Laufstege sowie f\u00fcr die Abschnitte des LITE-Laufstegs.Modell large: F\u00fcr den verst\u00e4rkten Bereich der Abg\u00e4nge bei den SOFT- und INTERCAN-Laufstegen.\" \/>\n<meta name=\"robots\" content=\"index, follow, max-snippet:-1, max-image-preview:large, max-video-preview:-1\" \/>\n<link rel=\"canonical\" href=\"https:\/\/animalproducts.nl\/de\/produkt\/steg-regulator-zum-festklemmen\/\" \/>\n<meta property=\"og:locale\" content=\"de_DE\" \/>\n<meta property=\"og:type\" content=\"article\" \/>\n<meta property=\"og:title\" content=\"Steg-Regulator zum Festklemmen - Animal Products\" \/>\n<meta property=\"og:description\" content=\"Steg-Regulator zum Festklemmen, um die Running Contacts zu trainieren. Erh\u00e4ltlich in der Ausf\u00fchrung small und large sowie im Kombipaket.Modell small: F\u00fcr die d\u00fcnneren Teile des Laufstegs, wie die mittleren Abschnitte der SOFT- und INTERCAN-Laufstege sowie f\u00fcr die Abschnitte des LITE-Laufstegs.Modell large: F\u00fcr den verst\u00e4rkten Bereich der Abg\u00e4nge bei den SOFT- und INTERCAN-Laufstegen.\" \/>\n<meta property=\"og:url\" content=\"https:\/\/animalproducts.nl\/de\/produkt\/steg-regulator-zum-festklemmen\/\" \/>\n<meta property=\"og:site_name\" content=\"Animal Products\" \/>\n<meta property=\"og:image\" content=\"https:\/\/animalproducts.nl\/wp-content\/uploads\/2022\/09\/stride-regulator-big-3.png\" \/>\n\t<meta property=\"og:image:width\" content=\"500\" \/>\n\t<meta property=\"og:image:height\" content=\"500\" \/>\n\t<meta property=\"og:image:type\" content=\"image\/png\" \/>\n<meta name=\"twitter:card\" content=\"summary_large_image\" \/>\n<script type=\"application\/ld+json\" class=\"yoast-schema-graph\">{\"@context\":\"https:\\\/\\\/schema.org\",\"@graph\":[{\"@type\":\"WebPage\",\"@id\":\"https:\\\/\\\/animalproducts.nl\\\/de\\\/produkt\\\/steg-regulator-zum-festklemmen\\\/\",\"url\":\"https:\\\/\\\/animalproducts.nl\\\/de\\\/produkt\\\/steg-regulator-zum-festklemmen\\\/\",\"name\":\"Steg-Regulator zum Festklemmen - Animal Products\",\"isPartOf\":{\"@id\":\"https:\\\/\\\/animalproducts.nl\\\/de\\\/#website\"},\"primaryImageOfPage\":{\"@id\":\"https:\\\/\\\/animalproducts.nl\\\/de\\\/produkt\\\/steg-regulator-zum-festklemmen\\\/#primaryimage\"},\"image\":{\"@id\":\"https:\\\/\\\/animalproducts.nl\\\/de\\\/produkt\\\/steg-regulator-zum-festklemmen\\\/#primaryimage\"},\"thumbnailUrl\":\"https:\\\/\\\/animalproducts.nl\\\/wp-content\\\/uploads\\\/2022\\\/09\\\/stride-regulator-big-3.png\",\"datePublished\":\"2022-09-08T08:54:49+00:00\",\"description\":\"Steg-Regulator zum Festklemmen, um die Running Contacts zu trainieren. Erh\u00e4ltlich in der Ausf\u00fchrung small und large sowie im Kombipaket.Modell small: F\u00fcr die d\u00fcnneren Teile des Laufstegs, wie die mittleren Abschnitte der SOFT- und INTERCAN-Laufstege sowie f\u00fcr die Abschnitte des LITE-Laufstegs.Modell large: F\u00fcr den verst\u00e4rkten Bereich der Abg\u00e4nge bei den SOFT- und INTERCAN-Laufstegen.\",\"breadcrumb\":{\"@id\":\"https:\\\/\\\/animalproducts.nl\\\/de\\\/produkt\\\/steg-regulator-zum-festklemmen\\\/#breadcrumb\"},\"inLanguage\":\"de\",\"potentialAction\":[{\"@type\":\"ReadAction\",\"target\":[\"https:\\\/\\\/animalproducts.nl\\\/de\\\/produkt\\\/steg-regulator-zum-festklemmen\\\/\"]}]},{\"@type\":\"ImageObject\",\"inLanguage\":\"de\",\"@id\":\"https:\\\/\\\/animalproducts.nl\\\/de\\\/produkt\\\/steg-regulator-zum-festklemmen\\\/#primaryimage\",\"url\":\"https:\\\/\\\/animalproducts.nl\\\/wp-content\\\/uploads\\\/2022\\\/09\\\/stride-regulator-big-3.png\",\"contentUrl\":\"https:\\\/\\\/animalproducts.nl\\\/wp-content\\\/uploads\\\/2022\\\/09\\\/stride-regulator-big-3.png\",\"width\":500,\"height\":500,\"caption\":\"Stride regulator zacht materiaal kattenloop\"},{\"@type\":\"BreadcrumbList\",\"@id\":\"https:\\\/\\\/animalproducts.nl\\\/de\\\/produkt\\\/steg-regulator-zum-festklemmen\\\/#breadcrumb\",\"itemListElement\":[{\"@type\":\"ListItem\",\"position\":1,\"name\":\"Shop\",\"item\":\"https:\\\/\\\/animalproducts.nl\\\/de\\\/heim\\\/\"},{\"@type\":\"ListItem\",\"position\":2,\"name\":\"Shop\",\"item\":\"https:\\\/\\\/animalproducts.nl\\\/de\\\/shop\\\/\"},{\"@type\":\"ListItem\",\"position\":3,\"name\":\"Steg-Regulator zum Festklemmen\"}]},{\"@type\":\"WebSite\",\"@id\":\"https:\\\/\\\/animalproducts.nl\\\/de\\\/#website\",\"url\":\"https:\\\/\\\/animalproducts.nl\\\/de\\\/\",\"name\":\"Animal Products\",\"description\":\"\",\"publisher\":{\"@id\":\"https:\\\/\\\/animalproducts.nl\\\/de\\\/#organization\"},\"potentialAction\":[{\"@type\":\"SearchAction\",\"target\":{\"@type\":\"EntryPoint\",\"urlTemplate\":\"https:\\\/\\\/animalproducts.nl\\\/de\\\/?s={search_term_string}\"},\"query-input\":{\"@type\":\"PropertyValueSpecification\",\"valueRequired\":true,\"valueName\":\"search_term_string\"}}],\"inLanguage\":\"de\"},{\"@type\":\"Organization\",\"@id\":\"https:\\\/\\\/animalproducts.nl\\\/de\\\/#organization\",\"name\":\"Animal Products\",\"url\":\"https:\\\/\\\/animalproducts.nl\\\/de\\\/\",\"logo\":{\"@type\":\"ImageObject\",\"inLanguage\":\"de\",\"@id\":\"https:\\\/\\\/animalproducts.nl\\\/de\\\/#\\\/schema\\\/logo\\\/image\\\/\",\"url\":\"https:\\\/\\\/animalproducts.nl\\\/wp-content\\\/uploads\\\/2025\\\/07\\\/AnimalProducts-logo-v2-liggend-def-scaled.png\",\"contentUrl\":\"https:\\\/\\\/animalproducts.nl\\\/wp-content\\\/uploads\\\/2025\\\/07\\\/AnimalProducts-logo-v2-liggend-def-scaled.png\",\"width\":2560,\"height\":1266,\"caption\":\"Animal Products\"},\"image\":{\"@id\":\"https:\\\/\\\/animalproducts.nl\\\/de\\\/#\\\/schema\\\/logo\\\/image\\\/\"}}]}<\/script>\n<!-- \/ Yoast SEO plugin. -->","yoast_head_json":{"title":"Steg-Regulator zum Festklemmen - Animal Products","description":"Steg-Regulator zum Festklemmen, um die Running Contacts zu trainieren. Erh\u00e4ltlich in der Ausf\u00fchrung small und large sowie im Kombipaket.Modell small: F\u00fcr die d\u00fcnneren Teile des Laufstegs, wie die mittleren Abschnitte der SOFT- und INTERCAN-Laufstege sowie f\u00fcr die Abschnitte des LITE-Laufstegs.Modell large: F\u00fcr den verst\u00e4rkten Bereich der Abg\u00e4nge bei den SOFT- und INTERCAN-Laufstegen.","robots":{"index":"index","follow":"follow","max-snippet":"max-snippet:-1","max-image-preview":"max-image-preview:large","max-video-preview":"max-video-preview:-1"},"canonical":"https:\/\/animalproducts.nl\/de\/produkt\/steg-regulator-zum-festklemmen\/","og_locale":"de_DE","og_type":"article","og_title":"Steg-Regulator zum Festklemmen - Animal Products","og_description":"Steg-Regulator zum Festklemmen, um die Running Contacts zu trainieren. Erh\u00e4ltlich in der Ausf\u00fchrung small und large sowie im Kombipaket.Modell small: F\u00fcr die d\u00fcnneren Teile des Laufstegs, wie die mittleren Abschnitte der SOFT- und INTERCAN-Laufstege sowie f\u00fcr die Abschnitte des LITE-Laufstegs.Modell large: F\u00fcr den verst\u00e4rkten Bereich der Abg\u00e4nge bei den SOFT- und INTERCAN-Laufstegen.","og_url":"https:\/\/animalproducts.nl\/de\/produkt\/steg-regulator-zum-festklemmen\/","og_site_name":"Animal Products","og_image":[{"width":500,"height":500,"url":"https:\/\/animalproducts.nl\/wp-content\/uploads\/2022\/09\/stride-regulator-big-3.png","type":"image\/png"}],"twitter_card":"summary_large_image","schema":{"@context":"https:\/\/schema.org","@graph":[{"@type":"WebPage","@id":"https:\/\/animalproducts.nl\/de\/produkt\/steg-regulator-zum-festklemmen\/","url":"https:\/\/animalproducts.nl\/de\/produkt\/steg-regulator-zum-festklemmen\/","name":"Steg-Regulator zum Festklemmen - Animal Products","isPartOf":{"@id":"https:\/\/animalproducts.nl\/de\/#website"},"primaryImageOfPage":{"@id":"https:\/\/animalproducts.nl\/de\/produkt\/steg-regulator-zum-festklemmen\/#primaryimage"},"image":{"@id":"https:\/\/animalproducts.nl\/de\/produkt\/steg-regulator-zum-festklemmen\/#primaryimage"},"thumbnailUrl":"https:\/\/animalproducts.nl\/wp-content\/uploads\/2022\/09\/stride-regulator-big-3.png","datePublished":"2022-09-08T08:54:49+00:00","description":"Steg-Regulator zum Festklemmen, um die Running Contacts zu trainieren. Erh\u00e4ltlich in der Ausf\u00fchrung small und large sowie im Kombipaket.Modell small: F\u00fcr die d\u00fcnneren Teile des Laufstegs, wie die mittleren Abschnitte der SOFT- und INTERCAN-Laufstege sowie f\u00fcr die Abschnitte des LITE-Laufstegs.Modell large: F\u00fcr den verst\u00e4rkten Bereich der Abg\u00e4nge bei den SOFT- und INTERCAN-Laufstegen.","breadcrumb":{"@id":"https:\/\/animalproducts.nl\/de\/produkt\/steg-regulator-zum-festklemmen\/#breadcrumb"},"inLanguage":"de","potentialAction":[{"@type":"ReadAction","target":["https:\/\/animalproducts.nl\/de\/produkt\/steg-regulator-zum-festklemmen\/"]}]},{"@type":"ImageObject","inLanguage":"de","@id":"https:\/\/animalproducts.nl\/de\/produkt\/steg-regulator-zum-festklemmen\/#primaryimage","url":"https:\/\/animalproducts.nl\/wp-content\/uploads\/2022\/09\/stride-regulator-big-3.png","contentUrl":"https:\/\/animalproducts.nl\/wp-content\/uploads\/2022\/09\/stride-regulator-big-3.png","width":500,"height":500,"caption":"Stride regulator zacht materiaal kattenloop"},{"@type":"BreadcrumbList","@id":"https:\/\/animalproducts.nl\/de\/produkt\/steg-regulator-zum-festklemmen\/#breadcrumb","itemListElement":[{"@type":"ListItem","position":1,"name":"Shop","item":"https:\/\/animalproducts.nl\/de\/heim\/"},{"@type":"ListItem","position":2,"name":"Shop","item":"https:\/\/animalproducts.nl\/de\/shop\/"},{"@type":"ListItem","position":3,"name":"Steg-Regulator zum Festklemmen"}]},{"@type":"WebSite","@id":"https:\/\/animalproducts.nl\/de\/#website","url":"https:\/\/animalproducts.nl\/de\/","name":"Animal Products","description":"","publisher":{"@id":"https:\/\/animalproducts.nl\/de\/#organization"},"potentialAction":[{"@type":"SearchAction","target":{"@type":"EntryPoint","urlTemplate":"https:\/\/animalproducts.nl\/de\/?s={search_term_string}"},"query-input":{"@type":"PropertyValueSpecification","valueRequired":true,"valueName":"search_term_string"}}],"inLanguage":"de"},{"@type":"Organization","@id":"https:\/\/animalproducts.nl\/de\/#organization","name":"Animal Products","url":"https:\/\/animalproducts.nl\/de\/","logo":{"@type":"ImageObject","inLanguage":"de","@id":"https:\/\/animalproducts.nl\/de\/#\/schema\/logo\/image\/","url":"https:\/\/animalproducts.nl\/wp-content\/uploads\/2025\/07\/AnimalProducts-logo-v2-liggend-def-scaled.png","contentUrl":"https:\/\/animalproducts.nl\/wp-content\/uploads\/2025\/07\/AnimalProducts-logo-v2-liggend-def-scaled.png","width":2560,"height":1266,"caption":"Animal Products"},"image":{"@id":"https:\/\/animalproducts.nl\/de\/#\/schema\/logo\/image\/"}}]}},"_links":{"self":[{"href":"https:\/\/animalproducts.nl\/de\/wp-json\/wp\/v2\/product\/30454","targetHints":{"allow":["GET"]}}],"collection":[{"href":"https:\/\/animalproducts.nl\/de\/wp-json\/wp\/v2\/product"}],"about":[{"href":"https:\/\/animalproducts.nl\/de\/wp-json\/wp\/v2\/types\/product"}],"replies":[{"embeddable":true,"href":"https:\/\/animalproducts.nl\/de\/wp-json\/wp\/v2\/comments?post=30454"}],"wp:featuredmedia":[{"embeddable":true,"href":"https:\/\/animalproducts.nl\/de\/wp-json\/wp\/v2\/media\/26716"}],"wp:attachment":[{"href":"https:\/\/animalproducts.nl\/de\/wp-json\/wp\/v2\/media?parent=30454"}],"wp:term":[{"taxonomy":"product_brand","embeddable":true,"href":"https:\/\/animalproducts.nl\/de\/wp-json\/wp\/v2\/product_brand?post=30454"},{"taxonomy":"product_cat","embeddable":true,"href":"https:\/\/animalproducts.nl\/de\/wp-json\/wp\/v2\/product_cat?post=30454"},{"taxonomy":"product_tag","embeddable":true,"href":"https:\/\/animalproducts.nl\/de\/wp-json\/wp\/v2\/product_tag?post=30454"}],"curies":[{"name":"wp","href":"https:\/\/api.w.org\/{rel}","templated":true}]}}