{"id":30400,"date":"2022-09-08T10:25:35","date_gmt":"2022-09-08T08:25:35","guid":{"rendered":"https:\/\/animalproducts.nl\/product\/kontaktzonenbogen\/"},"modified":"2022-09-08T10:25:35","modified_gmt":"2022-09-08T08:25:35","slug":"kontaktzonenbogen","status":"publish","type":"product","link":"https:\/\/animalproducts.nl\/de\/produkt\/kontaktzonenbogen\/","title":{"rendered":"Kontaktzonenbogen"},"content":{"rendered":"<p>Kontaktzonenbogen f\u00fcr Agility-Training \u2013 Pr\u00e4zision und Geschwindigkeit bei den Kontaktzonen<br \/>Der Kontaktzonenbogen ist ein super Hilfsmittel f\u00fcr jedes Zonen-Training. Er erm\u00f6glicht es,, die Kontaktzonen mit Pr\u00e4zision und Geschwindigkeit zu trainieren \u2013 wichtige Eigenschaften, die im Agility-Sport eine gro\u00dfe Rolle spielen. Hergestellt aus halbsteifem PVC, bleibt der Bogen stabil und sicher in der gew\u00fcnschten Position, bleibt aber ungef\u00e4hrlich f\u00fcr den Hund.  <\/p>\n<p>Kontaktzonenbogen zum Trainieren von Kontaktzonen. Hergestellt aus halbsteifen PVC, stabil und sicher. Erh\u00e4ltlich in H\u00f6hen von 47, 57 und 67 cm. <\/p>\n","protected":false},"excerpt":{"rendered":"<p>Kontaktzonenbogen f\u00fcr Agility-Training \u2013 Pr\u00e4zision und Geschwindigkeit bei den Kontaktzonen<br \/>Der Kontaktzonenbogen ist ein super Hilfsmittel f\u00fcr jedes Zonen-Training. Er erm\u00f6glicht es,, die Kontaktzonen mit Pr\u00e4zision und Geschwindigkeit zu trainieren \u2013 wichtige Eigenschaften, die im Agility-Sport eine gro\u00dfe Rolle spielen. Hergestellt aus halbsteifem PVC, bleibt der Bogen stabil und sicher in der gew\u00fcnschten Position, bleibt aber ungef\u00e4hrlich f\u00fcr den Hund.  <\/p>\n<p>Kontaktzonenbogen zum Trainieren von Kontaktzonen. Hergestellt aus halbsteifen PVC, stabil und sicher. Erh\u00e4ltlich in H\u00f6hen von 47, 57 und 67 cm. <\/p>\n","protected":false},"featured_media":24848,"comment_status":"closed","ping_status":"closed","template":"","meta":{"_acf_changed":false},"product_brand":[],"product_cat":[143,160,140,144,150,153,142],"product_tag":[],"class_list":{"0":"post-30400","1":"product","2":"type-product","3":"status-publish","4":"has-post-thumbnail","6":"product_cat-agility-zubehor","7":"product_cat-ausbildung","8":"product_cat-beweglichkeit","9":"product_cat-beweglichkeitstraining","10":"product_cat-galican","11":"product_cat-katze-lauft","12":"product_cat-zubehor","14":"first","15":"onbackorder","16":"taxable","17":"shipping-taxable","18":"purchasable","19":"product-type-variable"},"acf":[],"yoast_head":"<!-- This site is optimized with the Yoast SEO plugin v27.6 - https:\/\/yoast.com\/product\/yoast-seo-wordpress\/ -->\n<title>Kontaktzonenbogen - Animal Products<\/title>\n<meta name=\"description\" content=\"Kontaktzonenbogen f\u00fcr Agility-Training \u2013 Pr\u00e4zision und Geschwindigkeit bei den KontaktzonenDer Kontaktzonenbogen ist ein super Hilfsmittel f\u00fcr jedes Zonen-Training. Er erm\u00f6glicht es,, die Kontaktzonen mit Pr\u00e4zision und Geschwindigkeit zu trainieren \u2013 wichtige Eigenschaften, die im Agility-Sport eine gro\u00dfe Rolle spielen. Hergestellt aus halbsteifem PVC, bleibt der Bogen stabil und sicher in der gew\u00fcnschten Position, bleibt aber ungef\u00e4hrlich f\u00fcr den Hund.\" \/>\n<meta name=\"robots\" content=\"index, follow, max-snippet:-1, max-image-preview:large, max-video-preview:-1\" \/>\n<link rel=\"canonical\" href=\"https:\/\/animalproducts.nl\/de\/produkt\/kontaktzonenbogen\/\" \/>\n<meta property=\"og:locale\" content=\"de_DE\" \/>\n<meta property=\"og:type\" content=\"article\" \/>\n<meta property=\"og:title\" content=\"Kontaktzonenbogen - Animal Products\" \/>\n<meta property=\"og:description\" content=\"Kontaktzonenbogen f\u00fcr Agility-Training \u2013 Pr\u00e4zision und Geschwindigkeit bei den KontaktzonenDer Kontaktzonenbogen ist ein super Hilfsmittel f\u00fcr jedes Zonen-Training. Er erm\u00f6glicht es,, die Kontaktzonen mit Pr\u00e4zision und Geschwindigkeit zu trainieren \u2013 wichtige Eigenschaften, die im Agility-Sport eine gro\u00dfe Rolle spielen. Hergestellt aus halbsteifem PVC, bleibt der Bogen stabil und sicher in der gew\u00fcnschten Position, bleibt aber ungef\u00e4hrlich f\u00fcr den Hund.\" \/>\n<meta property=\"og:url\" content=\"https:\/\/animalproducts.nl\/de\/produkt\/kontaktzonenbogen\/\" \/>\n<meta property=\"og:site_name\" content=\"Animal Products\" \/>\n<meta property=\"og:image\" content=\"https:\/\/animalproducts.nl\/wp-content\/uploads\/2022\/09\/4361-ficha_btt.png\" \/>\n\t<meta property=\"og:image:width\" content=\"500\" \/>\n\t<meta property=\"og:image:height\" content=\"500\" \/>\n\t<meta property=\"og:image:type\" content=\"image\/png\" \/>\n<meta name=\"twitter:card\" content=\"summary_large_image\" \/>\n<script type=\"application\/ld+json\" class=\"yoast-schema-graph\">{\"@context\":\"https:\\\/\\\/schema.org\",\"@graph\":[{\"@type\":\"WebPage\",\"@id\":\"https:\\\/\\\/animalproducts.nl\\\/de\\\/produkt\\\/kontaktzonenbogen\\\/\",\"url\":\"https:\\\/\\\/animalproducts.nl\\\/de\\\/produkt\\\/kontaktzonenbogen\\\/\",\"name\":\"Kontaktzonenbogen - Animal Products\",\"isPartOf\":{\"@id\":\"https:\\\/\\\/animalproducts.nl\\\/de\\\/#website\"},\"primaryImageOfPage\":{\"@id\":\"https:\\\/\\\/animalproducts.nl\\\/de\\\/produkt\\\/kontaktzonenbogen\\\/#primaryimage\"},\"image\":{\"@id\":\"https:\\\/\\\/animalproducts.nl\\\/de\\\/produkt\\\/kontaktzonenbogen\\\/#primaryimage\"},\"thumbnailUrl\":\"https:\\\/\\\/animalproducts.nl\\\/wp-content\\\/uploads\\\/2022\\\/09\\\/4361-ficha_btt.png\",\"datePublished\":\"2022-09-08T08:25:35+00:00\",\"description\":\"Kontaktzonenbogen f\u00fcr Agility-Training \u2013 Pr\u00e4zision und Geschwindigkeit bei den KontaktzonenDer Kontaktzonenbogen ist ein super Hilfsmittel f\u00fcr jedes Zonen-Training. Er erm\u00f6glicht es,, die Kontaktzonen mit Pr\u00e4zision und Geschwindigkeit zu trainieren \u2013 wichtige Eigenschaften, die im Agility-Sport eine gro\u00dfe Rolle spielen. Hergestellt aus halbsteifem PVC, bleibt der Bogen stabil und sicher in der gew\u00fcnschten Position, bleibt aber ungef\u00e4hrlich f\u00fcr den Hund.\",\"breadcrumb\":{\"@id\":\"https:\\\/\\\/animalproducts.nl\\\/de\\\/produkt\\\/kontaktzonenbogen\\\/#breadcrumb\"},\"inLanguage\":\"de\",\"potentialAction\":[{\"@type\":\"ReadAction\",\"target\":[\"https:\\\/\\\/animalproducts.nl\\\/de\\\/produkt\\\/kontaktzonenbogen\\\/\"]}]},{\"@type\":\"ImageObject\",\"inLanguage\":\"de\",\"@id\":\"https:\\\/\\\/animalproducts.nl\\\/de\\\/produkt\\\/kontaktzonenbogen\\\/#primaryimage\",\"url\":\"https:\\\/\\\/animalproducts.nl\\\/wp-content\\\/uploads\\\/2022\\\/09\\\/4361-ficha_btt.png\",\"contentUrl\":\"https:\\\/\\\/animalproducts.nl\\\/wp-content\\\/uploads\\\/2022\\\/09\\\/4361-ficha_btt.png\",\"width\":500,\"height\":500,\"caption\":\"Raakvlak boog Agilitytraining\"},{\"@type\":\"BreadcrumbList\",\"@id\":\"https:\\\/\\\/animalproducts.nl\\\/de\\\/produkt\\\/kontaktzonenbogen\\\/#breadcrumb\",\"itemListElement\":[{\"@type\":\"ListItem\",\"position\":1,\"name\":\"Shop\",\"item\":\"https:\\\/\\\/animalproducts.nl\\\/de\\\/heim\\\/\"},{\"@type\":\"ListItem\",\"position\":2,\"name\":\"Shop\",\"item\":\"https:\\\/\\\/animalproducts.nl\\\/de\\\/shop\\\/\"},{\"@type\":\"ListItem\",\"position\":3,\"name\":\"Kontaktzonenbogen\"}]},{\"@type\":\"WebSite\",\"@id\":\"https:\\\/\\\/animalproducts.nl\\\/de\\\/#website\",\"url\":\"https:\\\/\\\/animalproducts.nl\\\/de\\\/\",\"name\":\"Animal Products\",\"description\":\"\",\"publisher\":{\"@id\":\"https:\\\/\\\/animalproducts.nl\\\/de\\\/#organization\"},\"potentialAction\":[{\"@type\":\"SearchAction\",\"target\":{\"@type\":\"EntryPoint\",\"urlTemplate\":\"https:\\\/\\\/animalproducts.nl\\\/de\\\/?s={search_term_string}\"},\"query-input\":{\"@type\":\"PropertyValueSpecification\",\"valueRequired\":true,\"valueName\":\"search_term_string\"}}],\"inLanguage\":\"de\"},{\"@type\":\"Organization\",\"@id\":\"https:\\\/\\\/animalproducts.nl\\\/de\\\/#organization\",\"name\":\"Animal Products\",\"url\":\"https:\\\/\\\/animalproducts.nl\\\/de\\\/\",\"logo\":{\"@type\":\"ImageObject\",\"inLanguage\":\"de\",\"@id\":\"https:\\\/\\\/animalproducts.nl\\\/de\\\/#\\\/schema\\\/logo\\\/image\\\/\",\"url\":\"https:\\\/\\\/animalproducts.nl\\\/wp-content\\\/uploads\\\/2025\\\/07\\\/AnimalProducts-logo-v2-liggend-def-scaled.png\",\"contentUrl\":\"https:\\\/\\\/animalproducts.nl\\\/wp-content\\\/uploads\\\/2025\\\/07\\\/AnimalProducts-logo-v2-liggend-def-scaled.png\",\"width\":2560,\"height\":1266,\"caption\":\"Animal Products\"},\"image\":{\"@id\":\"https:\\\/\\\/animalproducts.nl\\\/de\\\/#\\\/schema\\\/logo\\\/image\\\/\"}}]}<\/script>\n<!-- \/ Yoast SEO plugin. -->","yoast_head_json":{"title":"Kontaktzonenbogen - Animal Products","description":"Kontaktzonenbogen f\u00fcr Agility-Training \u2013 Pr\u00e4zision und Geschwindigkeit bei den KontaktzonenDer Kontaktzonenbogen ist ein super Hilfsmittel f\u00fcr jedes Zonen-Training. Er erm\u00f6glicht es,, die Kontaktzonen mit Pr\u00e4zision und Geschwindigkeit zu trainieren \u2013 wichtige Eigenschaften, die im Agility-Sport eine gro\u00dfe Rolle spielen. Hergestellt aus halbsteifem PVC, bleibt der Bogen stabil und sicher in der gew\u00fcnschten Position, bleibt aber ungef\u00e4hrlich f\u00fcr den Hund.","robots":{"index":"index","follow":"follow","max-snippet":"max-snippet:-1","max-image-preview":"max-image-preview:large","max-video-preview":"max-video-preview:-1"},"canonical":"https:\/\/animalproducts.nl\/de\/produkt\/kontaktzonenbogen\/","og_locale":"de_DE","og_type":"article","og_title":"Kontaktzonenbogen - Animal Products","og_description":"Kontaktzonenbogen f\u00fcr Agility-Training \u2013 Pr\u00e4zision und Geschwindigkeit bei den KontaktzonenDer Kontaktzonenbogen ist ein super Hilfsmittel f\u00fcr jedes Zonen-Training. Er erm\u00f6glicht es,, die Kontaktzonen mit Pr\u00e4zision und Geschwindigkeit zu trainieren \u2013 wichtige Eigenschaften, die im Agility-Sport eine gro\u00dfe Rolle spielen. Hergestellt aus halbsteifem PVC, bleibt der Bogen stabil und sicher in der gew\u00fcnschten Position, bleibt aber ungef\u00e4hrlich f\u00fcr den Hund.","og_url":"https:\/\/animalproducts.nl\/de\/produkt\/kontaktzonenbogen\/","og_site_name":"Animal Products","og_image":[{"width":500,"height":500,"url":"https:\/\/animalproducts.nl\/wp-content\/uploads\/2022\/09\/4361-ficha_btt.png","type":"image\/png"}],"twitter_card":"summary_large_image","schema":{"@context":"https:\/\/schema.org","@graph":[{"@type":"WebPage","@id":"https:\/\/animalproducts.nl\/de\/produkt\/kontaktzonenbogen\/","url":"https:\/\/animalproducts.nl\/de\/produkt\/kontaktzonenbogen\/","name":"Kontaktzonenbogen - Animal Products","isPartOf":{"@id":"https:\/\/animalproducts.nl\/de\/#website"},"primaryImageOfPage":{"@id":"https:\/\/animalproducts.nl\/de\/produkt\/kontaktzonenbogen\/#primaryimage"},"image":{"@id":"https:\/\/animalproducts.nl\/de\/produkt\/kontaktzonenbogen\/#primaryimage"},"thumbnailUrl":"https:\/\/animalproducts.nl\/wp-content\/uploads\/2022\/09\/4361-ficha_btt.png","datePublished":"2022-09-08T08:25:35+00:00","description":"Kontaktzonenbogen f\u00fcr Agility-Training \u2013 Pr\u00e4zision und Geschwindigkeit bei den KontaktzonenDer Kontaktzonenbogen ist ein super Hilfsmittel f\u00fcr jedes Zonen-Training. Er erm\u00f6glicht es,, die Kontaktzonen mit Pr\u00e4zision und Geschwindigkeit zu trainieren \u2013 wichtige Eigenschaften, die im Agility-Sport eine gro\u00dfe Rolle spielen. Hergestellt aus halbsteifem PVC, bleibt der Bogen stabil und sicher in der gew\u00fcnschten Position, bleibt aber ungef\u00e4hrlich f\u00fcr den Hund.","breadcrumb":{"@id":"https:\/\/animalproducts.nl\/de\/produkt\/kontaktzonenbogen\/#breadcrumb"},"inLanguage":"de","potentialAction":[{"@type":"ReadAction","target":["https:\/\/animalproducts.nl\/de\/produkt\/kontaktzonenbogen\/"]}]},{"@type":"ImageObject","inLanguage":"de","@id":"https:\/\/animalproducts.nl\/de\/produkt\/kontaktzonenbogen\/#primaryimage","url":"https:\/\/animalproducts.nl\/wp-content\/uploads\/2022\/09\/4361-ficha_btt.png","contentUrl":"https:\/\/animalproducts.nl\/wp-content\/uploads\/2022\/09\/4361-ficha_btt.png","width":500,"height":500,"caption":"Raakvlak boog Agilitytraining"},{"@type":"BreadcrumbList","@id":"https:\/\/animalproducts.nl\/de\/produkt\/kontaktzonenbogen\/#breadcrumb","itemListElement":[{"@type":"ListItem","position":1,"name":"Shop","item":"https:\/\/animalproducts.nl\/de\/heim\/"},{"@type":"ListItem","position":2,"name":"Shop","item":"https:\/\/animalproducts.nl\/de\/shop\/"},{"@type":"ListItem","position":3,"name":"Kontaktzonenbogen"}]},{"@type":"WebSite","@id":"https:\/\/animalproducts.nl\/de\/#website","url":"https:\/\/animalproducts.nl\/de\/","name":"Animal Products","description":"","publisher":{"@id":"https:\/\/animalproducts.nl\/de\/#organization"},"potentialAction":[{"@type":"SearchAction","target":{"@type":"EntryPoint","urlTemplate":"https:\/\/animalproducts.nl\/de\/?s={search_term_string}"},"query-input":{"@type":"PropertyValueSpecification","valueRequired":true,"valueName":"search_term_string"}}],"inLanguage":"de"},{"@type":"Organization","@id":"https:\/\/animalproducts.nl\/de\/#organization","name":"Animal Products","url":"https:\/\/animalproducts.nl\/de\/","logo":{"@type":"ImageObject","inLanguage":"de","@id":"https:\/\/animalproducts.nl\/de\/#\/schema\/logo\/image\/","url":"https:\/\/animalproducts.nl\/wp-content\/uploads\/2025\/07\/AnimalProducts-logo-v2-liggend-def-scaled.png","contentUrl":"https:\/\/animalproducts.nl\/wp-content\/uploads\/2025\/07\/AnimalProducts-logo-v2-liggend-def-scaled.png","width":2560,"height":1266,"caption":"Animal Products"},"image":{"@id":"https:\/\/animalproducts.nl\/de\/#\/schema\/logo\/image\/"}}]}},"_links":{"self":[{"href":"https:\/\/animalproducts.nl\/de\/wp-json\/wp\/v2\/product\/30400","targetHints":{"allow":["GET"]}}],"collection":[{"href":"https:\/\/animalproducts.nl\/de\/wp-json\/wp\/v2\/product"}],"about":[{"href":"https:\/\/animalproducts.nl\/de\/wp-json\/wp\/v2\/types\/product"}],"replies":[{"embeddable":true,"href":"https:\/\/animalproducts.nl\/de\/wp-json\/wp\/v2\/comments?post=30400"}],"wp:featuredmedia":[{"embeddable":true,"href":"https:\/\/animalproducts.nl\/de\/wp-json\/wp\/v2\/media\/24848"}],"wp:attachment":[{"href":"https:\/\/animalproducts.nl\/de\/wp-json\/wp\/v2\/media?parent=30400"}],"wp:term":[{"taxonomy":"product_brand","embeddable":true,"href":"https:\/\/animalproducts.nl\/de\/wp-json\/wp\/v2\/product_brand?post=30400"},{"taxonomy":"product_cat","embeddable":true,"href":"https:\/\/animalproducts.nl\/de\/wp-json\/wp\/v2\/product_cat?post=30400"},{"taxonomy":"product_tag","embeddable":true,"href":"https:\/\/animalproducts.nl\/de\/wp-json\/wp\/v2\/product_tag?post=30400"}],"curies":[{"name":"wp","href":"https:\/\/api.w.org\/{rel}","templated":true}]}}