{"id":30301,"date":"2022-09-07T17:00:57","date_gmt":"2022-09-07T15:00:57","guid":{"rendered":"https:\/\/animalproducts.nl\/product\/back-bump\/"},"modified":"2022-09-07T17:00:57","modified_gmt":"2022-09-07T15:00:57","slug":"back-bump","status":"publish","type":"product","link":"https:\/\/animalproducts.nl\/de\/produkt\/back-bump\/","title":{"rendered":"Back Bump"},"content":{"rendered":"<p>Der Back Bump von Galican wurde entwickelt, um die Technik des \u201eOutside Jumps\u201c im Agility zu verbessern. Er ist aus hochwertigem Schaumstoff hergestelltund mit einer widerstandsf\u00e4higen PVC Plane \u00fcberzogen, ideal f\u00fcr das Training im Freien. <\/p>\n<p><strong>Produktmerkmale:<\/strong><\/p>\n<ul>\n<li>Sichere und langlebige Materialien: Hergestellt aus hochwertigem Schaumstoff und mit strapazierf\u00e4higem PVC Planen\u00fcberzug.<\/li>\n<li>F\u00fcr den Au\u00dfenbereich geeignet: Entwickelt, um widrigen Wetterbedingungen standzuhalten, ideal f\u00fcr Trainingseinheiten im Freien.<\/li>\n<li>Leichtgewicht: Mit einem Gewicht von nur 2 kg ist er einfach zu bewegen und kann \u00fcberall im Training aufgestellt werden.<\/li>\n<\/ul>\n<p>&nbsp;<\/p>\n<p><iframe title=\"BACK BUMP \u2010 Galican\" width=\"800\" height=\"450\" src=\"https:\/\/www.youtube.com\/embed\/cuX5vBErsGM?feature=oembed\" frameborder=\"0\" allow=\"accelerometer; autoplay; clipboard-write; encrypted-media; gyroscope; picture-in-picture; web-share\" referrerpolicy=\"strict-origin-when-cross-origin\" allowfullscreen><\/iframe><\/p>\n","protected":false},"excerpt":{"rendered":"<p>Der Back Bump von Galican wurde entwickelt, um die Technik des \u201eOutside Jumps\u201c im Agility zu verbessern. Er ist aus hochwertigem Schaumstoff hergestelltund mit einer widerstandsf\u00e4higen PVC Plane \u00fcberzogen, ideal f\u00fcr das Training im Freien. <\/p>\n","protected":false},"featured_media":24800,"comment_status":"closed","ping_status":"closed","template":"","meta":{"_acf_changed":false},"product_brand":[],"product_cat":[143,140,144,150],"product_tag":[],"class_list":{"0":"post-30301","1":"product","2":"type-product","3":"status-publish","4":"has-post-thumbnail","6":"product_cat-agility-zubehor","7":"product_cat-beweglichkeit","8":"product_cat-beweglichkeitstraining","9":"product_cat-galican","11":"first","12":"onbackorder","13":"taxable","14":"shipping-taxable","15":"purchasable","16":"product-type-variable"},"acf":[],"yoast_head":"<!-- This site is optimized with the Yoast SEO plugin v27.6 - https:\/\/yoast.com\/product\/yoast-seo-wordpress\/ -->\n<title>Back Bump - Animal Products<\/title>\n<meta name=\"description\" content=\"Der Back Bump von Galican wurde entwickelt, um die Technik des \u201eOutside Jumps\u201c im Agility zu verbessern. Er ist aus hochwertigem Schaumstoff hergestelltund mit einer widerstandsf\u00e4higen PVC Plane \u00fcberzogen, ideal f\u00fcr das Training im Freien.\" \/>\n<meta name=\"robots\" content=\"index, follow, max-snippet:-1, max-image-preview:large, max-video-preview:-1\" \/>\n<link rel=\"canonical\" href=\"https:\/\/animalproducts.nl\/de\/produkt\/back-bump\/\" \/>\n<meta property=\"og:locale\" content=\"de_DE\" \/>\n<meta property=\"og:type\" content=\"article\" \/>\n<meta property=\"og:title\" content=\"Back Bump - Animal Products\" \/>\n<meta property=\"og:description\" content=\"Der Back Bump von Galican wurde entwickelt, um die Technik des \u201eOutside Jumps\u201c im Agility zu verbessern. Er ist aus hochwertigem Schaumstoff hergestelltund mit einer widerstandsf\u00e4higen PVC Plane \u00fcberzogen, ideal f\u00fcr das Training im Freien.\" \/>\n<meta property=\"og:url\" content=\"https:\/\/animalproducts.nl\/de\/produkt\/back-bump\/\" \/>\n<meta property=\"og:site_name\" content=\"Animal Products\" \/>\n<meta property=\"og:image\" content=\"https:\/\/animalproducts.nl\/wp-content\/uploads\/2022\/09\/4121-ficha_btt.png\" \/>\n\t<meta property=\"og:image:width\" content=\"500\" \/>\n\t<meta property=\"og:image:height\" content=\"500\" \/>\n\t<meta property=\"og:image:type\" content=\"image\/png\" \/>\n<meta name=\"twitter:card\" content=\"summary_large_image\" \/>\n<meta name=\"twitter:label1\" content=\"Gesch\u00e4tzte Lesezeit\" \/>\n\t<meta name=\"twitter:data1\" content=\"1\u00a0Minute\" \/>\n<script type=\"application\/ld+json\" class=\"yoast-schema-graph\">{\"@context\":\"https:\\\/\\\/schema.org\",\"@graph\":[{\"@type\":\"WebPage\",\"@id\":\"https:\\\/\\\/animalproducts.nl\\\/de\\\/produkt\\\/back-bump\\\/\",\"url\":\"https:\\\/\\\/animalproducts.nl\\\/de\\\/produkt\\\/back-bump\\\/\",\"name\":\"Back Bump - Animal Products\",\"isPartOf\":{\"@id\":\"https:\\\/\\\/animalproducts.nl\\\/de\\\/#website\"},\"primaryImageOfPage\":{\"@id\":\"https:\\\/\\\/animalproducts.nl\\\/de\\\/produkt\\\/back-bump\\\/#primaryimage\"},\"image\":{\"@id\":\"https:\\\/\\\/animalproducts.nl\\\/de\\\/produkt\\\/back-bump\\\/#primaryimage\"},\"thumbnailUrl\":\"https:\\\/\\\/animalproducts.nl\\\/wp-content\\\/uploads\\\/2022\\\/09\\\/4121-ficha_btt.png\",\"datePublished\":\"2022-09-07T15:00:57+00:00\",\"description\":\"Der Back Bump von Galican wurde entwickelt, um die Technik des \u201eOutside Jumps\u201c im Agility zu verbessern. Er ist aus hochwertigem Schaumstoff hergestelltund mit einer widerstandsf\u00e4higen PVC Plane \u00fcberzogen, ideal f\u00fcr das Training im Freien.\",\"breadcrumb\":{\"@id\":\"https:\\\/\\\/animalproducts.nl\\\/de\\\/produkt\\\/back-bump\\\/#breadcrumb\"},\"inLanguage\":\"de\",\"potentialAction\":[{\"@type\":\"ReadAction\",\"target\":[\"https:\\\/\\\/animalproducts.nl\\\/de\\\/produkt\\\/back-bump\\\/\"]}]},{\"@type\":\"ImageObject\",\"inLanguage\":\"de\",\"@id\":\"https:\\\/\\\/animalproducts.nl\\\/de\\\/produkt\\\/back-bump\\\/#primaryimage\",\"url\":\"https:\\\/\\\/animalproducts.nl\\\/wp-content\\\/uploads\\\/2022\\\/09\\\/4121-ficha_btt.png\",\"contentUrl\":\"https:\\\/\\\/animalproducts.nl\\\/wp-content\\\/uploads\\\/2022\\\/09\\\/4121-ficha_btt.png\",\"width\":500,\"height\":500,\"caption\":\"Roze back bump Agilitytraining\"},{\"@type\":\"BreadcrumbList\",\"@id\":\"https:\\\/\\\/animalproducts.nl\\\/de\\\/produkt\\\/back-bump\\\/#breadcrumb\",\"itemListElement\":[{\"@type\":\"ListItem\",\"position\":1,\"name\":\"Shop\",\"item\":\"https:\\\/\\\/animalproducts.nl\\\/de\\\/heim\\\/\"},{\"@type\":\"ListItem\",\"position\":2,\"name\":\"Shop\",\"item\":\"https:\\\/\\\/animalproducts.nl\\\/de\\\/shop\\\/\"},{\"@type\":\"ListItem\",\"position\":3,\"name\":\"Back Bump\"}]},{\"@type\":\"WebSite\",\"@id\":\"https:\\\/\\\/animalproducts.nl\\\/de\\\/#website\",\"url\":\"https:\\\/\\\/animalproducts.nl\\\/de\\\/\",\"name\":\"Animal Products\",\"description\":\"\",\"publisher\":{\"@id\":\"https:\\\/\\\/animalproducts.nl\\\/de\\\/#organization\"},\"potentialAction\":[{\"@type\":\"SearchAction\",\"target\":{\"@type\":\"EntryPoint\",\"urlTemplate\":\"https:\\\/\\\/animalproducts.nl\\\/de\\\/?s={search_term_string}\"},\"query-input\":{\"@type\":\"PropertyValueSpecification\",\"valueRequired\":true,\"valueName\":\"search_term_string\"}}],\"inLanguage\":\"de\"},{\"@type\":\"Organization\",\"@id\":\"https:\\\/\\\/animalproducts.nl\\\/de\\\/#organization\",\"name\":\"Animal Products\",\"url\":\"https:\\\/\\\/animalproducts.nl\\\/de\\\/\",\"logo\":{\"@type\":\"ImageObject\",\"inLanguage\":\"de\",\"@id\":\"https:\\\/\\\/animalproducts.nl\\\/de\\\/#\\\/schema\\\/logo\\\/image\\\/\",\"url\":\"https:\\\/\\\/animalproducts.nl\\\/wp-content\\\/uploads\\\/2025\\\/07\\\/AnimalProducts-logo-v2-liggend-def-scaled.png\",\"contentUrl\":\"https:\\\/\\\/animalproducts.nl\\\/wp-content\\\/uploads\\\/2025\\\/07\\\/AnimalProducts-logo-v2-liggend-def-scaled.png\",\"width\":2560,\"height\":1266,\"caption\":\"Animal Products\"},\"image\":{\"@id\":\"https:\\\/\\\/animalproducts.nl\\\/de\\\/#\\\/schema\\\/logo\\\/image\\\/\"}}]}<\/script>\n<!-- \/ Yoast SEO plugin. -->","yoast_head_json":{"title":"Back Bump - Animal Products","description":"Der Back Bump von Galican wurde entwickelt, um die Technik des \u201eOutside Jumps\u201c im Agility zu verbessern. Er ist aus hochwertigem Schaumstoff hergestelltund mit einer widerstandsf\u00e4higen PVC Plane \u00fcberzogen, ideal f\u00fcr das Training im Freien.","robots":{"index":"index","follow":"follow","max-snippet":"max-snippet:-1","max-image-preview":"max-image-preview:large","max-video-preview":"max-video-preview:-1"},"canonical":"https:\/\/animalproducts.nl\/de\/produkt\/back-bump\/","og_locale":"de_DE","og_type":"article","og_title":"Back Bump - Animal Products","og_description":"Der Back Bump von Galican wurde entwickelt, um die Technik des \u201eOutside Jumps\u201c im Agility zu verbessern. Er ist aus hochwertigem Schaumstoff hergestelltund mit einer widerstandsf\u00e4higen PVC Plane \u00fcberzogen, ideal f\u00fcr das Training im Freien.","og_url":"https:\/\/animalproducts.nl\/de\/produkt\/back-bump\/","og_site_name":"Animal Products","og_image":[{"width":500,"height":500,"url":"https:\/\/animalproducts.nl\/wp-content\/uploads\/2022\/09\/4121-ficha_btt.png","type":"image\/png"}],"twitter_card":"summary_large_image","twitter_misc":{"Gesch\u00e4tzte Lesezeit":"1\u00a0Minute"},"schema":{"@context":"https:\/\/schema.org","@graph":[{"@type":"WebPage","@id":"https:\/\/animalproducts.nl\/de\/produkt\/back-bump\/","url":"https:\/\/animalproducts.nl\/de\/produkt\/back-bump\/","name":"Back Bump - Animal Products","isPartOf":{"@id":"https:\/\/animalproducts.nl\/de\/#website"},"primaryImageOfPage":{"@id":"https:\/\/animalproducts.nl\/de\/produkt\/back-bump\/#primaryimage"},"image":{"@id":"https:\/\/animalproducts.nl\/de\/produkt\/back-bump\/#primaryimage"},"thumbnailUrl":"https:\/\/animalproducts.nl\/wp-content\/uploads\/2022\/09\/4121-ficha_btt.png","datePublished":"2022-09-07T15:00:57+00:00","description":"Der Back Bump von Galican wurde entwickelt, um die Technik des \u201eOutside Jumps\u201c im Agility zu verbessern. Er ist aus hochwertigem Schaumstoff hergestelltund mit einer widerstandsf\u00e4higen PVC Plane \u00fcberzogen, ideal f\u00fcr das Training im Freien.","breadcrumb":{"@id":"https:\/\/animalproducts.nl\/de\/produkt\/back-bump\/#breadcrumb"},"inLanguage":"de","potentialAction":[{"@type":"ReadAction","target":["https:\/\/animalproducts.nl\/de\/produkt\/back-bump\/"]}]},{"@type":"ImageObject","inLanguage":"de","@id":"https:\/\/animalproducts.nl\/de\/produkt\/back-bump\/#primaryimage","url":"https:\/\/animalproducts.nl\/wp-content\/uploads\/2022\/09\/4121-ficha_btt.png","contentUrl":"https:\/\/animalproducts.nl\/wp-content\/uploads\/2022\/09\/4121-ficha_btt.png","width":500,"height":500,"caption":"Roze back bump Agilitytraining"},{"@type":"BreadcrumbList","@id":"https:\/\/animalproducts.nl\/de\/produkt\/back-bump\/#breadcrumb","itemListElement":[{"@type":"ListItem","position":1,"name":"Shop","item":"https:\/\/animalproducts.nl\/de\/heim\/"},{"@type":"ListItem","position":2,"name":"Shop","item":"https:\/\/animalproducts.nl\/de\/shop\/"},{"@type":"ListItem","position":3,"name":"Back Bump"}]},{"@type":"WebSite","@id":"https:\/\/animalproducts.nl\/de\/#website","url":"https:\/\/animalproducts.nl\/de\/","name":"Animal Products","description":"","publisher":{"@id":"https:\/\/animalproducts.nl\/de\/#organization"},"potentialAction":[{"@type":"SearchAction","target":{"@type":"EntryPoint","urlTemplate":"https:\/\/animalproducts.nl\/de\/?s={search_term_string}"},"query-input":{"@type":"PropertyValueSpecification","valueRequired":true,"valueName":"search_term_string"}}],"inLanguage":"de"},{"@type":"Organization","@id":"https:\/\/animalproducts.nl\/de\/#organization","name":"Animal Products","url":"https:\/\/animalproducts.nl\/de\/","logo":{"@type":"ImageObject","inLanguage":"de","@id":"https:\/\/animalproducts.nl\/de\/#\/schema\/logo\/image\/","url":"https:\/\/animalproducts.nl\/wp-content\/uploads\/2025\/07\/AnimalProducts-logo-v2-liggend-def-scaled.png","contentUrl":"https:\/\/animalproducts.nl\/wp-content\/uploads\/2025\/07\/AnimalProducts-logo-v2-liggend-def-scaled.png","width":2560,"height":1266,"caption":"Animal Products"},"image":{"@id":"https:\/\/animalproducts.nl\/de\/#\/schema\/logo\/image\/"}}]}},"_links":{"self":[{"href":"https:\/\/animalproducts.nl\/de\/wp-json\/wp\/v2\/product\/30301","targetHints":{"allow":["GET"]}}],"collection":[{"href":"https:\/\/animalproducts.nl\/de\/wp-json\/wp\/v2\/product"}],"about":[{"href":"https:\/\/animalproducts.nl\/de\/wp-json\/wp\/v2\/types\/product"}],"replies":[{"embeddable":true,"href":"https:\/\/animalproducts.nl\/de\/wp-json\/wp\/v2\/comments?post=30301"}],"wp:featuredmedia":[{"embeddable":true,"href":"https:\/\/animalproducts.nl\/de\/wp-json\/wp\/v2\/media\/24800"}],"wp:attachment":[{"href":"https:\/\/animalproducts.nl\/de\/wp-json\/wp\/v2\/media?parent=30301"}],"wp:term":[{"taxonomy":"product_brand","embeddable":true,"href":"https:\/\/animalproducts.nl\/de\/wp-json\/wp\/v2\/product_brand?post=30301"},{"taxonomy":"product_cat","embeddable":true,"href":"https:\/\/animalproducts.nl\/de\/wp-json\/wp\/v2\/product_cat?post=30301"},{"taxonomy":"product_tag","embeddable":true,"href":"https:\/\/animalproducts.nl\/de\/wp-json\/wp\/v2\/product_tag?post=30301"}],"curies":[{"name":"wp","href":"https:\/\/api.w.org\/{rel}","templated":true}]}}