{"id":29984,"date":"2022-09-07T15:38:13","date_gmt":"2022-09-07T13:38:13","guid":{"rendered":"https:\/\/animalproducts.nl\/product\/gewichtssandsack-fuer-wippe\/"},"modified":"2022-09-07T15:38:13","modified_gmt":"2022-09-07T13:38:13","slug":"gewichtssandsack-fuer-wippe","status":"publish","type":"product","link":"https:\/\/animalproducts.nl\/de\/produkt\/gewichtssandsack-fuer-wippe\/","title":{"rendered":"Gewichtssandsack f\u00fcr Wippe"},"content":{"rendered":"<p>Ideal zur Verbesserung der Stabilit\u00e4t und Sicherheit beim Agility-Training. Hergestellt aus strapazierf\u00e4higem Material und einfach zu verwenden. Perfekt f\u00fcr einen sicheren Aufbau in jedem Gel\u00e4nde. <\/p>\n<p><strong>Hauptmerkmale:<\/strong><\/p>\n<ul>\n<li>Erh\u00f6hte Stabilit\u00e4t: Bietet das n\u00f6tige Gewicht, um die Wippe stabil zu halten und unerw\u00fcnschte Bewegungen zu verhindern.<\/li>\n<li>Langlebiges Material: Hergestellt aus hochbest\u00e4ndigen Materialien f\u00fcr langanhaltende Leistung, auch bei intensiver Nutzung.<\/li>\n<\/ul>\n","protected":false},"excerpt":{"rendered":"<p>Ideal zur Verbesserung der Stabilit\u00e4t und Sicherheit beim Agility-Training. Hergestellt aus strapazierf\u00e4higem Material und einfach zu verwenden. Perfekt f\u00fcr einen sicheren Aufbau in jedem Gel\u00e4nde. <\/p>\n","protected":false},"featured_media":24759,"comment_status":"closed","ping_status":"closed","template":"","meta":{"_acf_changed":false},"product_brand":[],"product_cat":[146,143,140,150,142],"product_tag":[],"class_list":{"0":"post-29984","1":"product","2":"type-product","3":"status-publish","4":"has-post-thumbnail","6":"product_cat-wippe","7":"product_cat-agility-zubehor","8":"product_cat-beweglichkeit","9":"product_cat-galican","10":"product_cat-zubehor","12":"first","13":"onbackorder","14":"taxable","15":"shipping-taxable","16":"purchasable","17":"product-type-variable"},"acf":[],"yoast_head":"<!-- This site is optimized with the Yoast SEO plugin v27.6 - https:\/\/yoast.com\/product\/yoast-seo-wordpress\/ -->\n<title>Gewichtssandsack f\u00fcr Wippe - Animal Products<\/title>\n<meta name=\"description\" content=\"Ideal zur Verbesserung der Stabilit\u00e4t und Sicherheit beim Agility-Training. Hergestellt aus strapazierf\u00e4higem Material und einfach zu verwenden. Perfekt f\u00fcr einen sicheren Aufbau in jedem Gel\u00e4nde.\" \/>\n<meta name=\"robots\" content=\"index, follow, max-snippet:-1, max-image-preview:large, max-video-preview:-1\" \/>\n<link rel=\"canonical\" href=\"https:\/\/animalproducts.nl\/de\/produkt\/gewichtssandsack-fuer-wippe\/\" \/>\n<meta property=\"og:locale\" content=\"de_DE\" \/>\n<meta property=\"og:type\" content=\"article\" \/>\n<meta property=\"og:title\" content=\"Gewichtssandsack f\u00fcr Wippe - Animal Products\" \/>\n<meta property=\"og:description\" content=\"Ideal zur Verbesserung der Stabilit\u00e4t und Sicherheit beim Agility-Training. Hergestellt aus strapazierf\u00e4higem Material und einfach zu verwenden. Perfekt f\u00fcr einen sicheren Aufbau in jedem Gel\u00e4nde.\" \/>\n<meta property=\"og:url\" content=\"https:\/\/animalproducts.nl\/de\/produkt\/gewichtssandsack-fuer-wippe\/\" \/>\n<meta property=\"og:site_name\" content=\"Animal Products\" \/>\n<meta property=\"og:image\" content=\"https:\/\/animalproducts.nl\/wp-content\/uploads\/2022\/09\/3688-ficha_btt.png\" \/>\n\t<meta property=\"og:image:width\" content=\"500\" \/>\n\t<meta property=\"og:image:height\" content=\"500\" \/>\n\t<meta property=\"og:image:type\" content=\"image\/png\" \/>\n<meta name=\"twitter:card\" content=\"summary_large_image\" \/>\n<script type=\"application\/ld+json\" class=\"yoast-schema-graph\">{\"@context\":\"https:\\\/\\\/schema.org\",\"@graph\":[{\"@type\":\"WebPage\",\"@id\":\"https:\\\/\\\/animalproducts.nl\\\/de\\\/produkt\\\/gewichtssandsack-fuer-wippe\\\/\",\"url\":\"https:\\\/\\\/animalproducts.nl\\\/de\\\/produkt\\\/gewichtssandsack-fuer-wippe\\\/\",\"name\":\"Gewichtssandsack f\u00fcr Wippe - Animal Products\",\"isPartOf\":{\"@id\":\"https:\\\/\\\/animalproducts.nl\\\/de\\\/#website\"},\"primaryImageOfPage\":{\"@id\":\"https:\\\/\\\/animalproducts.nl\\\/de\\\/produkt\\\/gewichtssandsack-fuer-wippe\\\/#primaryimage\"},\"image\":{\"@id\":\"https:\\\/\\\/animalproducts.nl\\\/de\\\/produkt\\\/gewichtssandsack-fuer-wippe\\\/#primaryimage\"},\"thumbnailUrl\":\"https:\\\/\\\/animalproducts.nl\\\/wp-content\\\/uploads\\\/2022\\\/09\\\/3688-ficha_btt.png\",\"datePublished\":\"2022-09-07T13:38:13+00:00\",\"description\":\"Ideal zur Verbesserung der Stabilit\u00e4t und Sicherheit beim Agility-Training. Hergestellt aus strapazierf\u00e4higem Material und einfach zu verwenden. Perfekt f\u00fcr einen sicheren Aufbau in jedem Gel\u00e4nde.\",\"breadcrumb\":{\"@id\":\"https:\\\/\\\/animalproducts.nl\\\/de\\\/produkt\\\/gewichtssandsack-fuer-wippe\\\/#breadcrumb\"},\"inLanguage\":\"de\",\"potentialAction\":[{\"@type\":\"ReadAction\",\"target\":[\"https:\\\/\\\/animalproducts.nl\\\/de\\\/produkt\\\/gewichtssandsack-fuer-wippe\\\/\"]}]},{\"@type\":\"ImageObject\",\"inLanguage\":\"de\",\"@id\":\"https:\\\/\\\/animalproducts.nl\\\/de\\\/produkt\\\/gewichtssandsack-fuer-wippe\\\/#primaryimage\",\"url\":\"https:\\\/\\\/animalproducts.nl\\\/wp-content\\\/uploads\\\/2022\\\/09\\\/3688-ficha_btt.png\",\"contentUrl\":\"https:\\\/\\\/animalproducts.nl\\\/wp-content\\\/uploads\\\/2022\\\/09\\\/3688-ficha_btt.png\",\"width\":500,\"height\":500,\"caption\":\"verzwaringszak dicht Agility toestellen\"},{\"@type\":\"BreadcrumbList\",\"@id\":\"https:\\\/\\\/animalproducts.nl\\\/de\\\/produkt\\\/gewichtssandsack-fuer-wippe\\\/#breadcrumb\",\"itemListElement\":[{\"@type\":\"ListItem\",\"position\":1,\"name\":\"Shop\",\"item\":\"https:\\\/\\\/animalproducts.nl\\\/de\\\/heim\\\/\"},{\"@type\":\"ListItem\",\"position\":2,\"name\":\"Shop\",\"item\":\"https:\\\/\\\/animalproducts.nl\\\/de\\\/shop\\\/\"},{\"@type\":\"ListItem\",\"position\":3,\"name\":\"Gewichtssandsack f\u00fcr Wippe\"}]},{\"@type\":\"WebSite\",\"@id\":\"https:\\\/\\\/animalproducts.nl\\\/de\\\/#website\",\"url\":\"https:\\\/\\\/animalproducts.nl\\\/de\\\/\",\"name\":\"Animal Products\",\"description\":\"\",\"publisher\":{\"@id\":\"https:\\\/\\\/animalproducts.nl\\\/de\\\/#organization\"},\"potentialAction\":[{\"@type\":\"SearchAction\",\"target\":{\"@type\":\"EntryPoint\",\"urlTemplate\":\"https:\\\/\\\/animalproducts.nl\\\/de\\\/?s={search_term_string}\"},\"query-input\":{\"@type\":\"PropertyValueSpecification\",\"valueRequired\":true,\"valueName\":\"search_term_string\"}}],\"inLanguage\":\"de\"},{\"@type\":\"Organization\",\"@id\":\"https:\\\/\\\/animalproducts.nl\\\/de\\\/#organization\",\"name\":\"Animal Products\",\"url\":\"https:\\\/\\\/animalproducts.nl\\\/de\\\/\",\"logo\":{\"@type\":\"ImageObject\",\"inLanguage\":\"de\",\"@id\":\"https:\\\/\\\/animalproducts.nl\\\/de\\\/#\\\/schema\\\/logo\\\/image\\\/\",\"url\":\"https:\\\/\\\/animalproducts.nl\\\/wp-content\\\/uploads\\\/2025\\\/07\\\/AnimalProducts-logo-v2-liggend-def-scaled.png\",\"contentUrl\":\"https:\\\/\\\/animalproducts.nl\\\/wp-content\\\/uploads\\\/2025\\\/07\\\/AnimalProducts-logo-v2-liggend-def-scaled.png\",\"width\":2560,\"height\":1266,\"caption\":\"Animal Products\"},\"image\":{\"@id\":\"https:\\\/\\\/animalproducts.nl\\\/de\\\/#\\\/schema\\\/logo\\\/image\\\/\"}}]}<\/script>\n<!-- \/ Yoast SEO plugin. -->","yoast_head_json":{"title":"Gewichtssandsack f\u00fcr Wippe - Animal Products","description":"Ideal zur Verbesserung der Stabilit\u00e4t und Sicherheit beim Agility-Training. Hergestellt aus strapazierf\u00e4higem Material und einfach zu verwenden. Perfekt f\u00fcr einen sicheren Aufbau in jedem Gel\u00e4nde.","robots":{"index":"index","follow":"follow","max-snippet":"max-snippet:-1","max-image-preview":"max-image-preview:large","max-video-preview":"max-video-preview:-1"},"canonical":"https:\/\/animalproducts.nl\/de\/produkt\/gewichtssandsack-fuer-wippe\/","og_locale":"de_DE","og_type":"article","og_title":"Gewichtssandsack f\u00fcr Wippe - Animal Products","og_description":"Ideal zur Verbesserung der Stabilit\u00e4t und Sicherheit beim Agility-Training. Hergestellt aus strapazierf\u00e4higem Material und einfach zu verwenden. Perfekt f\u00fcr einen sicheren Aufbau in jedem Gel\u00e4nde.","og_url":"https:\/\/animalproducts.nl\/de\/produkt\/gewichtssandsack-fuer-wippe\/","og_site_name":"Animal Products","og_image":[{"width":500,"height":500,"url":"https:\/\/animalproducts.nl\/wp-content\/uploads\/2022\/09\/3688-ficha_btt.png","type":"image\/png"}],"twitter_card":"summary_large_image","schema":{"@context":"https:\/\/schema.org","@graph":[{"@type":"WebPage","@id":"https:\/\/animalproducts.nl\/de\/produkt\/gewichtssandsack-fuer-wippe\/","url":"https:\/\/animalproducts.nl\/de\/produkt\/gewichtssandsack-fuer-wippe\/","name":"Gewichtssandsack f\u00fcr Wippe - Animal Products","isPartOf":{"@id":"https:\/\/animalproducts.nl\/de\/#website"},"primaryImageOfPage":{"@id":"https:\/\/animalproducts.nl\/de\/produkt\/gewichtssandsack-fuer-wippe\/#primaryimage"},"image":{"@id":"https:\/\/animalproducts.nl\/de\/produkt\/gewichtssandsack-fuer-wippe\/#primaryimage"},"thumbnailUrl":"https:\/\/animalproducts.nl\/wp-content\/uploads\/2022\/09\/3688-ficha_btt.png","datePublished":"2022-09-07T13:38:13+00:00","description":"Ideal zur Verbesserung der Stabilit\u00e4t und Sicherheit beim Agility-Training. Hergestellt aus strapazierf\u00e4higem Material und einfach zu verwenden. Perfekt f\u00fcr einen sicheren Aufbau in jedem Gel\u00e4nde.","breadcrumb":{"@id":"https:\/\/animalproducts.nl\/de\/produkt\/gewichtssandsack-fuer-wippe\/#breadcrumb"},"inLanguage":"de","potentialAction":[{"@type":"ReadAction","target":["https:\/\/animalproducts.nl\/de\/produkt\/gewichtssandsack-fuer-wippe\/"]}]},{"@type":"ImageObject","inLanguage":"de","@id":"https:\/\/animalproducts.nl\/de\/produkt\/gewichtssandsack-fuer-wippe\/#primaryimage","url":"https:\/\/animalproducts.nl\/wp-content\/uploads\/2022\/09\/3688-ficha_btt.png","contentUrl":"https:\/\/animalproducts.nl\/wp-content\/uploads\/2022\/09\/3688-ficha_btt.png","width":500,"height":500,"caption":"verzwaringszak dicht Agility toestellen"},{"@type":"BreadcrumbList","@id":"https:\/\/animalproducts.nl\/de\/produkt\/gewichtssandsack-fuer-wippe\/#breadcrumb","itemListElement":[{"@type":"ListItem","position":1,"name":"Shop","item":"https:\/\/animalproducts.nl\/de\/heim\/"},{"@type":"ListItem","position":2,"name":"Shop","item":"https:\/\/animalproducts.nl\/de\/shop\/"},{"@type":"ListItem","position":3,"name":"Gewichtssandsack f\u00fcr Wippe"}]},{"@type":"WebSite","@id":"https:\/\/animalproducts.nl\/de\/#website","url":"https:\/\/animalproducts.nl\/de\/","name":"Animal Products","description":"","publisher":{"@id":"https:\/\/animalproducts.nl\/de\/#organization"},"potentialAction":[{"@type":"SearchAction","target":{"@type":"EntryPoint","urlTemplate":"https:\/\/animalproducts.nl\/de\/?s={search_term_string}"},"query-input":{"@type":"PropertyValueSpecification","valueRequired":true,"valueName":"search_term_string"}}],"inLanguage":"de"},{"@type":"Organization","@id":"https:\/\/animalproducts.nl\/de\/#organization","name":"Animal Products","url":"https:\/\/animalproducts.nl\/de\/","logo":{"@type":"ImageObject","inLanguage":"de","@id":"https:\/\/animalproducts.nl\/de\/#\/schema\/logo\/image\/","url":"https:\/\/animalproducts.nl\/wp-content\/uploads\/2025\/07\/AnimalProducts-logo-v2-liggend-def-scaled.png","contentUrl":"https:\/\/animalproducts.nl\/wp-content\/uploads\/2025\/07\/AnimalProducts-logo-v2-liggend-def-scaled.png","width":2560,"height":1266,"caption":"Animal Products"},"image":{"@id":"https:\/\/animalproducts.nl\/de\/#\/schema\/logo\/image\/"}}]}},"_links":{"self":[{"href":"https:\/\/animalproducts.nl\/de\/wp-json\/wp\/v2\/product\/29984","targetHints":{"allow":["GET"]}}],"collection":[{"href":"https:\/\/animalproducts.nl\/de\/wp-json\/wp\/v2\/product"}],"about":[{"href":"https:\/\/animalproducts.nl\/de\/wp-json\/wp\/v2\/types\/product"}],"replies":[{"embeddable":true,"href":"https:\/\/animalproducts.nl\/de\/wp-json\/wp\/v2\/comments?post=29984"}],"wp:featuredmedia":[{"embeddable":true,"href":"https:\/\/animalproducts.nl\/de\/wp-json\/wp\/v2\/media\/24759"}],"wp:attachment":[{"href":"https:\/\/animalproducts.nl\/de\/wp-json\/wp\/v2\/media?parent=29984"}],"wp:term":[{"taxonomy":"product_brand","embeddable":true,"href":"https:\/\/animalproducts.nl\/de\/wp-json\/wp\/v2\/product_brand?post=29984"},{"taxonomy":"product_cat","embeddable":true,"href":"https:\/\/animalproducts.nl\/de\/wp-json\/wp\/v2\/product_cat?post=29984"},{"taxonomy":"product_tag","embeddable":true,"href":"https:\/\/animalproducts.nl\/de\/wp-json\/wp\/v2\/product_tag?post=29984"}],"curies":[{"name":"wp","href":"https:\/\/api.w.org\/{rel}","templated":true}]}}