{"id":29798,"date":"2022-09-06T16:16:14","date_gmt":"2022-09-06T14:16:14","guid":{"rendered":"https:\/\/animalproducts.nl\/product\/dreieckige-rutschfeste-satteltaschen\/"},"modified":"2022-09-06T16:16:14","modified_gmt":"2022-09-06T14:16:14","slug":"dreieckige-rutschfeste-satteltaschen","status":"publish","type":"product","link":"https:\/\/animalproducts.nl\/de\/produkt\/dreieckige-rutschfeste-satteltaschen\/","title":{"rendered":"Dreieckige, rutschfeste Satteltaschen"},"content":{"rendered":"<p>Galican rutschfeste dreieckige Satteltaschen, ideal f\u00fcr Innentunnel. 2019-Design mit rutschfester Unterseite, 20 kg Tragf\u00e4higkeit pro Tasche und Klettverstellung.  <\/p>\n<p><strong>Hauptmerkmale:<\/strong><\/p>\n<ul>\n<li>Rutschfestes Design: Die rutschfeste Unterseite bietet extremen Halt auf Tunneln und dem Boden, ideal f\u00fcr den Innenbereich.<\/li>\n<li>Hochwertige Materialien: Hergestellt aus strapazierf\u00e4higem PVC-Canvas, jede dreieckige Tasche tr\u00e4gt bis zu 20 kg.<\/li>\n<li>Sicherer Sitz: Breiter Klettverschluss sorgt f\u00fcr perfekten Sitz an jedem Tunnel.<\/li>\n<li>Einfacher Transport: Interne Griffe an jeder Tasche f\u00fcr den individuellen Transport, sorgen f\u00fcr Komfort f\u00fcr den Hundef\u00fchrer und vermeiden Unannehmlichkeiten f\u00fcr den Hund.<\/li>\n<li>Empfohlene Verwendung: Es wird empfohlen, 1 Beutel pro 1 Meter Tunnel zu verwenden.<\/li>\n<li>Seine rutschfeste Unterseite sorgt f\u00fcr au\u00dfergew\u00f6hnlichen Halt sowohl im Tunnel als auch am Boden und sorgt f\u00fcr maximale Stabilit\u00e4t w\u00e4hrend des Gebrauchs.<\/li>\n<li>Die Tasche besteht aus zwei Teilen, die mit Klettverschluss aneinander befestigt werden k\u00f6nnen.<\/li>\n<li>Die Taschen werden leer geliefert.\n<div class=\"container contentheight\">\n<div class=\"row\">\n<div class=\"col-xs-12 col-sm-9 col-md-9 main-content\">\n<form id=\"oBIZForm_0\" action=\"https:\/\/www.sweet-surprise.nl\/default.asp?pageid=44&amp;lijn=Soft&amp;webgroupfilter=&amp;artdetail=GSLT18\" method=\"post\" name=\"oBIZForm_0\">\n<div class=\"row\">\n<div class=\"col-xxs-12 col-xs-6\">\n<div class=\"artdetaildesc\"><\/div>\n<div>\n<div class=\"container contentheight\">\n<div class=\"row\">\n<div class=\"col-xs-12 col-sm-9 col-md-9 main-content\">\n<div class=\"row\">\n<div class=\"col-xxs-12 col-xs-6\">\n<div class=\"artdetaildesc\">\n<p><iframe title=\"Galican Tunnel Bags\" width=\"800\" height=\"450\" src=\"https:\/\/www.youtube.com\/embed\/7nio6TWYBM4?feature=oembed\" frameborder=\"0\" allow=\"accelerometer; autoplay; clipboard-write; encrypted-media; gyroscope; picture-in-picture; web-share\" referrerpolicy=\"strict-origin-when-cross-origin\" allowfullscreen><\/iframe><\/p>\n<\/div>\n<\/div>\n<\/div>\n<\/div>\n<\/div>\n<\/div>\n<div class=\"footerarea\">\n<div class=\"container\">\n<div class=\"row\"><\/div>\n<\/div>\n<\/div>\n<\/div>\n<\/div>\n<\/div>\n<\/form>\n<\/div>\n<\/div>\n<\/div>\n<div class=\"footerarea\">\n<div class=\"container\">\n<div class=\"row\"><\/div>\n<\/div>\n<\/div>\n<div class=\"container contentheight\">\n<div class=\"row\">\n<div class=\"col-xs-12 col-sm-9 col-md-9 main-content\"><\/div>\n<\/div>\n<\/div>\n<div class=\"footerarea\"><\/div>\n<div class=\"row\">\n<div class=\"col-xs-12 col-sm-9 col-md-9 main-content\"><\/div>\n<\/div>\n<\/li>\n<\/ul>\n","protected":false},"excerpt":{"rendered":"<p>Galican rutschfeste dreieckige Satteltaschen, ideal f\u00fcr Innentunnel. 2019-Design mit rutschfester Unterseite, 20 kg Tragf\u00e4higkeit pro Tasche und Klettverstellung.  <\/p>\n","protected":false},"featured_media":24676,"comment_status":"closed","ping_status":"closed","template":"","meta":{"_acf_changed":false},"product_brand":[],"product_cat":[145,143,140,150,161],"product_tag":[],"class_list":{"0":"post-29798","1":"product","2":"type-product","3":"status-publish","4":"has-post-thumbnail","6":"product_cat-agility-tunnel","7":"product_cat-agility-zubehor","8":"product_cat-beweglichkeit","9":"product_cat-galican","10":"product_cat-tunnel","12":"first","13":"onbackorder","14":"taxable","15":"shipping-taxable","16":"purchasable","17":"product-type-variable"},"acf":[],"yoast_head":"<!-- This site is optimized with the Yoast SEO plugin v27.3 - https:\/\/yoast.com\/product\/yoast-seo-wordpress\/ -->\n<title>Dreieckige, rutschfeste Satteltaschen - Animal Products<\/title>\n<meta name=\"description\" content=\"Een Galican ontwerp getest op kunstgras, ideaal voor binnen. Het antislip bodemoppervlak zorgt voor een extreem goede grip op de tunnel en op de vloer. De zak bestaat uit twee delen die met klittenband aan elkaar te bevestigen zijn voor een optimale fixatie van pasmaat over de tunnel.\" \/>\n<meta name=\"robots\" content=\"index, follow, max-snippet:-1, max-image-preview:large, max-video-preview:-1\" \/>\n<link rel=\"canonical\" href=\"https:\/\/animalproducts.nl\/de\/produkt\/dreieckige-rutschfeste-satteltaschen\/\" \/>\n<meta property=\"og:locale\" content=\"de_DE\" \/>\n<meta property=\"og:type\" content=\"article\" \/>\n<meta property=\"og:title\" content=\"Dreieckige, rutschfeste Satteltaschen - Animal Products\" \/>\n<meta property=\"og:description\" content=\"Een Galican ontwerp getest op kunstgras, ideaal voor binnen. Het antislip bodemoppervlak zorgt voor een extreem goede grip op de tunnel en op de vloer. De zak bestaat uit twee delen die met klittenband aan elkaar te bevestigen zijn voor een optimale fixatie van pasmaat over de tunnel.\" \/>\n<meta property=\"og:url\" content=\"https:\/\/animalproducts.nl\/de\/produkt\/dreieckige-rutschfeste-satteltaschen\/\" \/>\n<meta property=\"og:site_name\" content=\"Animal Products\" \/>\n<meta property=\"og:image\" content=\"https:\/\/animalproducts.nl\/wp-content\/uploads\/2022\/09\/3603-ficha_btt.png\" \/>\n\t<meta property=\"og:image:width\" content=\"500\" \/>\n\t<meta property=\"og:image:height\" content=\"500\" \/>\n\t<meta property=\"og:image:type\" content=\"image\/png\" \/>\n<meta name=\"twitter:card\" content=\"summary_large_image\" \/>\n<meta name=\"twitter:label1\" content=\"Gesch\u00e4tzte Lesezeit\" \/>\n\t<meta name=\"twitter:data1\" content=\"1\u00a0Minute\" \/>\n<script type=\"application\/ld+json\" class=\"yoast-schema-graph\">{\"@context\":\"https:\\\/\\\/schema.org\",\"@graph\":[{\"@type\":\"WebPage\",\"@id\":\"https:\\\/\\\/animalproducts.nl\\\/de\\\/produkt\\\/dreieckige-rutschfeste-satteltaschen\\\/\",\"url\":\"https:\\\/\\\/animalproducts.nl\\\/de\\\/produkt\\\/dreieckige-rutschfeste-satteltaschen\\\/\",\"name\":\"Dreieckige, rutschfeste Satteltaschen - Animal Products\",\"isPartOf\":{\"@id\":\"https:\\\/\\\/animalproducts.nl\\\/de\\\/#website\"},\"primaryImageOfPage\":{\"@id\":\"https:\\\/\\\/animalproducts.nl\\\/de\\\/produkt\\\/dreieckige-rutschfeste-satteltaschen\\\/#primaryimage\"},\"image\":{\"@id\":\"https:\\\/\\\/animalproducts.nl\\\/de\\\/produkt\\\/dreieckige-rutschfeste-satteltaschen\\\/#primaryimage\"},\"thumbnailUrl\":\"https:\\\/\\\/animalproducts.nl\\\/wp-content\\\/uploads\\\/2022\\\/09\\\/3603-ficha_btt.png\",\"datePublished\":\"2022-09-06T14:16:14+00:00\",\"description\":\"Een Galican ontwerp getest op kunstgras, ideaal voor binnen. Het antislip bodemoppervlak zorgt voor een extreem goede grip op de tunnel en op de vloer. De zak bestaat uit twee delen die met klittenband aan elkaar te bevestigen zijn voor een optimale fixatie van pasmaat over de tunnel.\",\"breadcrumb\":{\"@id\":\"https:\\\/\\\/animalproducts.nl\\\/de\\\/produkt\\\/dreieckige-rutschfeste-satteltaschen\\\/#breadcrumb\"},\"inLanguage\":\"de\",\"potentialAction\":[{\"@type\":\"ReadAction\",\"target\":[\"https:\\\/\\\/animalproducts.nl\\\/de\\\/produkt\\\/dreieckige-rutschfeste-satteltaschen\\\/\"]}]},{\"@type\":\"ImageObject\",\"inLanguage\":\"de\",\"@id\":\"https:\\\/\\\/animalproducts.nl\\\/de\\\/produkt\\\/dreieckige-rutschfeste-satteltaschen\\\/#primaryimage\",\"url\":\"https:\\\/\\\/animalproducts.nl\\\/wp-content\\\/uploads\\\/2022\\\/09\\\/3603-ficha_btt.png\",\"contentUrl\":\"https:\\\/\\\/animalproducts.nl\\\/wp-content\\\/uploads\\\/2022\\\/09\\\/3603-ficha_btt.png\",\"width\":500,\"height\":500,\"caption\":\"tunnelzak driehoek over hondentunnel\"},{\"@type\":\"BreadcrumbList\",\"@id\":\"https:\\\/\\\/animalproducts.nl\\\/de\\\/produkt\\\/dreieckige-rutschfeste-satteltaschen\\\/#breadcrumb\",\"itemListElement\":[{\"@type\":\"ListItem\",\"position\":1,\"name\":\"Shop\",\"item\":\"https:\\\/\\\/animalproducts.nl\\\/de\\\/heim\\\/\"},{\"@type\":\"ListItem\",\"position\":2,\"name\":\"Shop\",\"item\":\"https:\\\/\\\/animalproducts.nl\\\/de\\\/shop\\\/\"},{\"@type\":\"ListItem\",\"position\":3,\"name\":\"Dreieckige, rutschfeste Satteltaschen\"}]},{\"@type\":\"WebSite\",\"@id\":\"https:\\\/\\\/animalproducts.nl\\\/de\\\/#website\",\"url\":\"https:\\\/\\\/animalproducts.nl\\\/de\\\/\",\"name\":\"Animal Products\",\"description\":\"\",\"publisher\":{\"@id\":\"https:\\\/\\\/animalproducts.nl\\\/de\\\/#organization\"},\"potentialAction\":[{\"@type\":\"SearchAction\",\"target\":{\"@type\":\"EntryPoint\",\"urlTemplate\":\"https:\\\/\\\/animalproducts.nl\\\/de\\\/?s={search_term_string}\"},\"query-input\":{\"@type\":\"PropertyValueSpecification\",\"valueRequired\":true,\"valueName\":\"search_term_string\"}}],\"inLanguage\":\"de\"},{\"@type\":\"Organization\",\"@id\":\"https:\\\/\\\/animalproducts.nl\\\/de\\\/#organization\",\"name\":\"Animal Products\",\"url\":\"https:\\\/\\\/animalproducts.nl\\\/de\\\/\",\"logo\":{\"@type\":\"ImageObject\",\"inLanguage\":\"de\",\"@id\":\"https:\\\/\\\/animalproducts.nl\\\/de\\\/#\\\/schema\\\/logo\\\/image\\\/\",\"url\":\"https:\\\/\\\/animalproducts.nl\\\/wp-content\\\/uploads\\\/2025\\\/07\\\/AnimalProducts-logo-v2-liggend-def-scaled.png\",\"contentUrl\":\"https:\\\/\\\/animalproducts.nl\\\/wp-content\\\/uploads\\\/2025\\\/07\\\/AnimalProducts-logo-v2-liggend-def-scaled.png\",\"width\":2560,\"height\":1266,\"caption\":\"Animal Products\"},\"image\":{\"@id\":\"https:\\\/\\\/animalproducts.nl\\\/de\\\/#\\\/schema\\\/logo\\\/image\\\/\"}}]}<\/script>\n<!-- \/ Yoast SEO plugin. -->","yoast_head_json":{"title":"Dreieckige, rutschfeste Satteltaschen - Animal Products","description":"Een Galican ontwerp getest op kunstgras, ideaal voor binnen. Het antislip bodemoppervlak zorgt voor een extreem goede grip op de tunnel en op de vloer. De zak bestaat uit twee delen die met klittenband aan elkaar te bevestigen zijn voor een optimale fixatie van pasmaat over de tunnel.","robots":{"index":"index","follow":"follow","max-snippet":"max-snippet:-1","max-image-preview":"max-image-preview:large","max-video-preview":"max-video-preview:-1"},"canonical":"https:\/\/animalproducts.nl\/de\/produkt\/dreieckige-rutschfeste-satteltaschen\/","og_locale":"de_DE","og_type":"article","og_title":"Dreieckige, rutschfeste Satteltaschen - Animal Products","og_description":"Een Galican ontwerp getest op kunstgras, ideaal voor binnen. Het antislip bodemoppervlak zorgt voor een extreem goede grip op de tunnel en op de vloer. De zak bestaat uit twee delen die met klittenband aan elkaar te bevestigen zijn voor een optimale fixatie van pasmaat over de tunnel.","og_url":"https:\/\/animalproducts.nl\/de\/produkt\/dreieckige-rutschfeste-satteltaschen\/","og_site_name":"Animal Products","og_image":[{"width":500,"height":500,"url":"https:\/\/animalproducts.nl\/wp-content\/uploads\/2022\/09\/3603-ficha_btt.png","type":"image\/png"}],"twitter_card":"summary_large_image","twitter_misc":{"Gesch\u00e4tzte Lesezeit":"1\u00a0Minute"},"schema":{"@context":"https:\/\/schema.org","@graph":[{"@type":"WebPage","@id":"https:\/\/animalproducts.nl\/de\/produkt\/dreieckige-rutschfeste-satteltaschen\/","url":"https:\/\/animalproducts.nl\/de\/produkt\/dreieckige-rutschfeste-satteltaschen\/","name":"Dreieckige, rutschfeste Satteltaschen - Animal Products","isPartOf":{"@id":"https:\/\/animalproducts.nl\/de\/#website"},"primaryImageOfPage":{"@id":"https:\/\/animalproducts.nl\/de\/produkt\/dreieckige-rutschfeste-satteltaschen\/#primaryimage"},"image":{"@id":"https:\/\/animalproducts.nl\/de\/produkt\/dreieckige-rutschfeste-satteltaschen\/#primaryimage"},"thumbnailUrl":"https:\/\/animalproducts.nl\/wp-content\/uploads\/2022\/09\/3603-ficha_btt.png","datePublished":"2022-09-06T14:16:14+00:00","description":"Een Galican ontwerp getest op kunstgras, ideaal voor binnen. Het antislip bodemoppervlak zorgt voor een extreem goede grip op de tunnel en op de vloer. De zak bestaat uit twee delen die met klittenband aan elkaar te bevestigen zijn voor een optimale fixatie van pasmaat over de tunnel.","breadcrumb":{"@id":"https:\/\/animalproducts.nl\/de\/produkt\/dreieckige-rutschfeste-satteltaschen\/#breadcrumb"},"inLanguage":"de","potentialAction":[{"@type":"ReadAction","target":["https:\/\/animalproducts.nl\/de\/produkt\/dreieckige-rutschfeste-satteltaschen\/"]}]},{"@type":"ImageObject","inLanguage":"de","@id":"https:\/\/animalproducts.nl\/de\/produkt\/dreieckige-rutschfeste-satteltaschen\/#primaryimage","url":"https:\/\/animalproducts.nl\/wp-content\/uploads\/2022\/09\/3603-ficha_btt.png","contentUrl":"https:\/\/animalproducts.nl\/wp-content\/uploads\/2022\/09\/3603-ficha_btt.png","width":500,"height":500,"caption":"tunnelzak driehoek over hondentunnel"},{"@type":"BreadcrumbList","@id":"https:\/\/animalproducts.nl\/de\/produkt\/dreieckige-rutschfeste-satteltaschen\/#breadcrumb","itemListElement":[{"@type":"ListItem","position":1,"name":"Shop","item":"https:\/\/animalproducts.nl\/de\/heim\/"},{"@type":"ListItem","position":2,"name":"Shop","item":"https:\/\/animalproducts.nl\/de\/shop\/"},{"@type":"ListItem","position":3,"name":"Dreieckige, rutschfeste Satteltaschen"}]},{"@type":"WebSite","@id":"https:\/\/animalproducts.nl\/de\/#website","url":"https:\/\/animalproducts.nl\/de\/","name":"Animal Products","description":"","publisher":{"@id":"https:\/\/animalproducts.nl\/de\/#organization"},"potentialAction":[{"@type":"SearchAction","target":{"@type":"EntryPoint","urlTemplate":"https:\/\/animalproducts.nl\/de\/?s={search_term_string}"},"query-input":{"@type":"PropertyValueSpecification","valueRequired":true,"valueName":"search_term_string"}}],"inLanguage":"de"},{"@type":"Organization","@id":"https:\/\/animalproducts.nl\/de\/#organization","name":"Animal Products","url":"https:\/\/animalproducts.nl\/de\/","logo":{"@type":"ImageObject","inLanguage":"de","@id":"https:\/\/animalproducts.nl\/de\/#\/schema\/logo\/image\/","url":"https:\/\/animalproducts.nl\/wp-content\/uploads\/2025\/07\/AnimalProducts-logo-v2-liggend-def-scaled.png","contentUrl":"https:\/\/animalproducts.nl\/wp-content\/uploads\/2025\/07\/AnimalProducts-logo-v2-liggend-def-scaled.png","width":2560,"height":1266,"caption":"Animal Products"},"image":{"@id":"https:\/\/animalproducts.nl\/de\/#\/schema\/logo\/image\/"}}]}},"_links":{"self":[{"href":"https:\/\/animalproducts.nl\/de\/wp-json\/wp\/v2\/product\/29798","targetHints":{"allow":["GET"]}}],"collection":[{"href":"https:\/\/animalproducts.nl\/de\/wp-json\/wp\/v2\/product"}],"about":[{"href":"https:\/\/animalproducts.nl\/de\/wp-json\/wp\/v2\/types\/product"}],"replies":[{"embeddable":true,"href":"https:\/\/animalproducts.nl\/de\/wp-json\/wp\/v2\/comments?post=29798"}],"wp:featuredmedia":[{"embeddable":true,"href":"https:\/\/animalproducts.nl\/de\/wp-json\/wp\/v2\/media\/24676"}],"wp:attachment":[{"href":"https:\/\/animalproducts.nl\/de\/wp-json\/wp\/v2\/media?parent=29798"}],"wp:term":[{"taxonomy":"product_brand","embeddable":true,"href":"https:\/\/animalproducts.nl\/de\/wp-json\/wp\/v2\/product_brand?post=29798"},{"taxonomy":"product_cat","embeddable":true,"href":"https:\/\/animalproducts.nl\/de\/wp-json\/wp\/v2\/product_cat?post=29798"},{"taxonomy":"product_tag","embeddable":true,"href":"https:\/\/animalproducts.nl\/de\/wp-json\/wp\/v2\/product_tag?post=29798"}],"curies":[{"name":"wp","href":"https:\/\/api.w.org\/{rel}","templated":true}]}}