{"id":29770,"date":"2025-11-13T11:41:52","date_gmt":"2025-11-13T10:41:52","guid":{"rendered":"https:\/\/animalproducts.nl\/?post_type=product&#038;p=29770"},"modified":"2026-01-22T19:31:29","modified_gmt":"2026-01-22T18:31:29","slug":"lite-wippe-2-0-kopie","status":"publish","type":"product","link":"https:\/\/animalproducts.nl\/de\/produkt\/lite-wippe-2-0-kopie\/","title":{"rendered":"Lite Soft Wippe"},"content":{"rendered":"<p>Die Lite Soft Wippe vereint das bew\u00e4hrte, leichte Design mit stabiler Konstruktion und sorgt mit der neuen Soft Oberfl\u00e4chte f\u00fcr ein komfortables, gelenkschonendes Training f\u00fcr Hunde. Die neue Soft-Gummioberfl\u00e4che wird durch die clevere Schichtenkonfiguration aus 10 mm Zellpolycarbonat und 10 mm Schaumstoff unterst\u00fctzt und bietet exzellente D\u00e4mpfung und Sto\u00dfabsorption. <\/p>\n<p>Mit f\u00fcnf verstellbaren H\u00f6hen kann die Wippe individuell an jede Trainingseinheit angepasst werden, f\u00fcr abwechslungsreiche \u00dcbungen auf allen Leistungsstufen. Leicht, robust, wetterfest und einfach aufzubauen. <\/p>\n<p>Dank einer gro\u00dfen Farbvielfalt f\u00fcr Rahmen und Oberfl\u00e4che l\u00e4sst sich die Wippe optisch und funktional perfekt anpassen. Vollst\u00e4ndig FCI-konform und bei Bedarf an nationale Standards anpassbar. <\/p>\n<p><strong>Produktmerkmale:<\/strong><\/p>\n<ul>\n<li>Hochwertiges Material: Hergestellt aus Aluminium und Soft Cover Pro Gummioberfl\u00e4che f\u00fcr au\u00dfergew\u00f6hnlichen Grip, selbst bei nassen Bedingungen.<\/li>\n<li>Rutschfeste Oberfl\u00e4che f\u00fcr mehr Sicherheit bei jeder Nutzung<\/li>\n<li>Verstellbar: 5 H\u00f6hen f\u00fcr flexible Trainingsm\u00f6glichkeiten<\/li>\n<li>Wetterfest: Alle Materialien sind f\u00fcr den Au\u00dfeneinsatz geeignet.<\/li>\n<li>Die Wippe erf\u00fcllt alle von der FCI festgelegten Normen und Vorschriften.<\/li>\n<li>Gewicht: 30 kg<\/li>\n<\/ul>\n","protected":false},"excerpt":{"rendered":"<p>Die Lite Soft Wippe von Galican bietet eine weiche, ged\u00e4mpfte Gummioberfl\u00e4che mit 10 mm Zellpolycarbonat- und 10 mm Schaumstoff f\u00fcr gelenkschonende Landungen, optimale Sto\u00dfabsorption und sicheren Grip. Leicht, elastisch und ideal f\u00fcr sicheres, komfortables Training \u2013 die budgetfreundliche M\u00f6glichkeit, deinem Hund extra Komfort zu bieten, ohne Kompromisse bei Stabilit\u00e4t oder Sicherheit einzugehen. <\/p>\n","protected":false},"featured_media":29462,"comment_status":"closed","ping_status":"closed","template":"","meta":{"_acf_changed":false},"product_brand":[],"product_cat":[146,140,150,154,166,158],"product_tag":[],"class_list":{"0":"post-29770","1":"product","2":"type-product","3":"status-publish","4":"has-post-thumbnail","6":"product_cat-wippe","7":"product_cat-beweglichkeit","8":"product_cat-galican","9":"product_cat-lite","10":"product_cat-schnittstellen","11":"product_cat-weich","13":"first","14":"onbackorder","15":"taxable","16":"shipping-taxable","17":"purchasable","18":"product-type-variable"},"acf":[],"yoast_head":"<!-- This site is optimized with the Yoast SEO plugin v27.3 - https:\/\/yoast.com\/product\/yoast-seo-wordpress\/ -->\n<title>Lite Soft Wippe - Animal Products<\/title>\n<meta name=\"description\" content=\"Die LITE Wippe 2.0 bietet eine einfache, robuste L\u00f6sung f\u00fcr Agilitytraining. Mit 5 verstellbaren H\u00f6hen, rutschfester Oberfl\u00e4che und langlebigen Materialien ist sie ideal f\u00fcr h\u00e4ufige Nutzung. W\u00e4hle aus verschiedenen Farben und passe das Hindernis individuell an. Wetterfest und pflegeleicht, perfekt f\u00fcr den Au\u00dfeneinsatz.\" \/>\n<meta name=\"robots\" content=\"index, follow, max-snippet:-1, max-image-preview:large, max-video-preview:-1\" \/>\n<link rel=\"canonical\" href=\"https:\/\/animalproducts.nl\/de\/produkt\/lite-wippe-2-0-kopie\/\" \/>\n<meta property=\"og:locale\" content=\"de_DE\" \/>\n<meta property=\"og:type\" content=\"article\" \/>\n<meta property=\"og:title\" content=\"Lite Soft Wippe - Animal Products\" \/>\n<meta property=\"og:description\" content=\"Die LITE Wippe 2.0 bietet eine einfache, robuste L\u00f6sung f\u00fcr Agilitytraining. Mit 5 verstellbaren H\u00f6hen, rutschfester Oberfl\u00e4che und langlebigen Materialien ist sie ideal f\u00fcr h\u00e4ufige Nutzung. W\u00e4hle aus verschiedenen Farben und passe das Hindernis individuell an. Wetterfest und pflegeleicht, perfekt f\u00fcr den Au\u00dfeneinsatz.\" \/>\n<meta property=\"og:url\" content=\"https:\/\/animalproducts.nl\/de\/produkt\/lite-wippe-2-0-kopie\/\" \/>\n<meta property=\"og:site_name\" content=\"Animal Products\" \/>\n<meta property=\"article:modified_time\" content=\"2026-01-22T18:31:29+00:00\" \/>\n<meta property=\"og:image\" content=\"https:\/\/animalproducts.nl\/wp-content\/uploads\/2022\/08\/4318-ficha_btt.png\" \/>\n\t<meta property=\"og:image:width\" content=\"500\" \/>\n\t<meta property=\"og:image:height\" content=\"500\" \/>\n\t<meta property=\"og:image:type\" content=\"image\/png\" \/>\n<meta name=\"twitter:card\" content=\"summary_large_image\" \/>\n<meta name=\"twitter:label1\" content=\"Gesch\u00e4tzte Lesezeit\" \/>\n\t<meta name=\"twitter:data1\" content=\"1\u00a0Minute\" \/>\n<script type=\"application\/ld+json\" class=\"yoast-schema-graph\">{\"@context\":\"https:\\\/\\\/schema.org\",\"@graph\":[{\"@type\":\"WebPage\",\"@id\":\"https:\\\/\\\/animalproducts.nl\\\/de\\\/produkt\\\/lite-wippe-2-0-kopie\\\/\",\"url\":\"https:\\\/\\\/animalproducts.nl\\\/de\\\/produkt\\\/lite-wippe-2-0-kopie\\\/\",\"name\":\"Lite Soft Wippe - Animal Products\",\"isPartOf\":{\"@id\":\"https:\\\/\\\/animalproducts.nl\\\/de\\\/#website\"},\"primaryImageOfPage\":{\"@id\":\"https:\\\/\\\/animalproducts.nl\\\/de\\\/produkt\\\/lite-wippe-2-0-kopie\\\/#primaryimage\"},\"image\":{\"@id\":\"https:\\\/\\\/animalproducts.nl\\\/de\\\/produkt\\\/lite-wippe-2-0-kopie\\\/#primaryimage\"},\"thumbnailUrl\":\"https:\\\/\\\/animalproducts.nl\\\/wp-content\\\/uploads\\\/2022\\\/08\\\/4318-ficha_btt.png\",\"datePublished\":\"2025-11-13T10:41:52+00:00\",\"dateModified\":\"2026-01-22T18:31:29+00:00\",\"description\":\"Die LITE Wippe 2.0 bietet eine einfache, robuste L\u00f6sung f\u00fcr Agilitytraining. Mit 5 verstellbaren H\u00f6hen, rutschfester Oberfl\u00e4che und langlebigen Materialien ist sie ideal f\u00fcr h\u00e4ufige Nutzung. W\u00e4hle aus verschiedenen Farben und passe das Hindernis individuell an. Wetterfest und pflegeleicht, perfekt f\u00fcr den Au\u00dfeneinsatz.\",\"breadcrumb\":{\"@id\":\"https:\\\/\\\/animalproducts.nl\\\/de\\\/produkt\\\/lite-wippe-2-0-kopie\\\/#breadcrumb\"},\"inLanguage\":\"de\",\"potentialAction\":[{\"@type\":\"ReadAction\",\"target\":[\"https:\\\/\\\/animalproducts.nl\\\/de\\\/produkt\\\/lite-wippe-2-0-kopie\\\/\"]}]},{\"@type\":\"ImageObject\",\"inLanguage\":\"de\",\"@id\":\"https:\\\/\\\/animalproducts.nl\\\/de\\\/produkt\\\/lite-wippe-2-0-kopie\\\/#primaryimage\",\"url\":\"https:\\\/\\\/animalproducts.nl\\\/wp-content\\\/uploads\\\/2022\\\/08\\\/4318-ficha_btt.png\",\"contentUrl\":\"https:\\\/\\\/animalproducts.nl\\\/wp-content\\\/uploads\\\/2022\\\/08\\\/4318-ficha_btt.png\",\"width\":500,\"height\":500,\"caption\":\"LITE Wippe 2.0\"},{\"@type\":\"BreadcrumbList\",\"@id\":\"https:\\\/\\\/animalproducts.nl\\\/de\\\/produkt\\\/lite-wippe-2-0-kopie\\\/#breadcrumb\",\"itemListElement\":[{\"@type\":\"ListItem\",\"position\":1,\"name\":\"Shop\",\"item\":\"https:\\\/\\\/animalproducts.nl\\\/de\\\/heim\\\/\"},{\"@type\":\"ListItem\",\"position\":2,\"name\":\"Shop\",\"item\":\"https:\\\/\\\/animalproducts.nl\\\/de\\\/shop\\\/\"},{\"@type\":\"ListItem\",\"position\":3,\"name\":\"Schnittstellen\",\"item\":\"https:\\\/\\\/animalproducts.nl\\\/de\\\/product-categorie\\\/schnittstellen\\\/\"},{\"@type\":\"ListItem\",\"position\":4,\"name\":\"Lite Soft Wippe\"}]},{\"@type\":\"WebSite\",\"@id\":\"https:\\\/\\\/animalproducts.nl\\\/de\\\/#website\",\"url\":\"https:\\\/\\\/animalproducts.nl\\\/de\\\/\",\"name\":\"Animal Products\",\"description\":\"\",\"publisher\":{\"@id\":\"https:\\\/\\\/animalproducts.nl\\\/de\\\/#organization\"},\"potentialAction\":[{\"@type\":\"SearchAction\",\"target\":{\"@type\":\"EntryPoint\",\"urlTemplate\":\"https:\\\/\\\/animalproducts.nl\\\/de\\\/?s={search_term_string}\"},\"query-input\":{\"@type\":\"PropertyValueSpecification\",\"valueRequired\":true,\"valueName\":\"search_term_string\"}}],\"inLanguage\":\"de\"},{\"@type\":\"Organization\",\"@id\":\"https:\\\/\\\/animalproducts.nl\\\/de\\\/#organization\",\"name\":\"Animal Products\",\"url\":\"https:\\\/\\\/animalproducts.nl\\\/de\\\/\",\"logo\":{\"@type\":\"ImageObject\",\"inLanguage\":\"de\",\"@id\":\"https:\\\/\\\/animalproducts.nl\\\/de\\\/#\\\/schema\\\/logo\\\/image\\\/\",\"url\":\"https:\\\/\\\/animalproducts.nl\\\/wp-content\\\/uploads\\\/2025\\\/07\\\/AnimalProducts-logo-v2-liggend-def-scaled.png\",\"contentUrl\":\"https:\\\/\\\/animalproducts.nl\\\/wp-content\\\/uploads\\\/2025\\\/07\\\/AnimalProducts-logo-v2-liggend-def-scaled.png\",\"width\":2560,\"height\":1266,\"caption\":\"Animal Products\"},\"image\":{\"@id\":\"https:\\\/\\\/animalproducts.nl\\\/de\\\/#\\\/schema\\\/logo\\\/image\\\/\"}}]}<\/script>\n<!-- \/ Yoast SEO plugin. -->","yoast_head_json":{"title":"Lite Soft Wippe - Animal Products","description":"Die LITE Wippe 2.0 bietet eine einfache, robuste L\u00f6sung f\u00fcr Agilitytraining. Mit 5 verstellbaren H\u00f6hen, rutschfester Oberfl\u00e4che und langlebigen Materialien ist sie ideal f\u00fcr h\u00e4ufige Nutzung. W\u00e4hle aus verschiedenen Farben und passe das Hindernis individuell an. Wetterfest und pflegeleicht, perfekt f\u00fcr den Au\u00dfeneinsatz.","robots":{"index":"index","follow":"follow","max-snippet":"max-snippet:-1","max-image-preview":"max-image-preview:large","max-video-preview":"max-video-preview:-1"},"canonical":"https:\/\/animalproducts.nl\/de\/produkt\/lite-wippe-2-0-kopie\/","og_locale":"de_DE","og_type":"article","og_title":"Lite Soft Wippe - Animal Products","og_description":"Die LITE Wippe 2.0 bietet eine einfache, robuste L\u00f6sung f\u00fcr Agilitytraining. Mit 5 verstellbaren H\u00f6hen, rutschfester Oberfl\u00e4che und langlebigen Materialien ist sie ideal f\u00fcr h\u00e4ufige Nutzung. W\u00e4hle aus verschiedenen Farben und passe das Hindernis individuell an. Wetterfest und pflegeleicht, perfekt f\u00fcr den Au\u00dfeneinsatz.","og_url":"https:\/\/animalproducts.nl\/de\/produkt\/lite-wippe-2-0-kopie\/","og_site_name":"Animal Products","article_modified_time":"2026-01-22T18:31:29+00:00","og_image":[{"width":500,"height":500,"url":"https:\/\/animalproducts.nl\/wp-content\/uploads\/2022\/08\/4318-ficha_btt.png","type":"image\/png"}],"twitter_card":"summary_large_image","twitter_misc":{"Gesch\u00e4tzte Lesezeit":"1\u00a0Minute"},"schema":{"@context":"https:\/\/schema.org","@graph":[{"@type":"WebPage","@id":"https:\/\/animalproducts.nl\/de\/produkt\/lite-wippe-2-0-kopie\/","url":"https:\/\/animalproducts.nl\/de\/produkt\/lite-wippe-2-0-kopie\/","name":"Lite Soft Wippe - Animal Products","isPartOf":{"@id":"https:\/\/animalproducts.nl\/de\/#website"},"primaryImageOfPage":{"@id":"https:\/\/animalproducts.nl\/de\/produkt\/lite-wippe-2-0-kopie\/#primaryimage"},"image":{"@id":"https:\/\/animalproducts.nl\/de\/produkt\/lite-wippe-2-0-kopie\/#primaryimage"},"thumbnailUrl":"https:\/\/animalproducts.nl\/wp-content\/uploads\/2022\/08\/4318-ficha_btt.png","datePublished":"2025-11-13T10:41:52+00:00","dateModified":"2026-01-22T18:31:29+00:00","description":"Die LITE Wippe 2.0 bietet eine einfache, robuste L\u00f6sung f\u00fcr Agilitytraining. Mit 5 verstellbaren H\u00f6hen, rutschfester Oberfl\u00e4che und langlebigen Materialien ist sie ideal f\u00fcr h\u00e4ufige Nutzung. W\u00e4hle aus verschiedenen Farben und passe das Hindernis individuell an. Wetterfest und pflegeleicht, perfekt f\u00fcr den Au\u00dfeneinsatz.","breadcrumb":{"@id":"https:\/\/animalproducts.nl\/de\/produkt\/lite-wippe-2-0-kopie\/#breadcrumb"},"inLanguage":"de","potentialAction":[{"@type":"ReadAction","target":["https:\/\/animalproducts.nl\/de\/produkt\/lite-wippe-2-0-kopie\/"]}]},{"@type":"ImageObject","inLanguage":"de","@id":"https:\/\/animalproducts.nl\/de\/produkt\/lite-wippe-2-0-kopie\/#primaryimage","url":"https:\/\/animalproducts.nl\/wp-content\/uploads\/2022\/08\/4318-ficha_btt.png","contentUrl":"https:\/\/animalproducts.nl\/wp-content\/uploads\/2022\/08\/4318-ficha_btt.png","width":500,"height":500,"caption":"LITE Wippe 2.0"},{"@type":"BreadcrumbList","@id":"https:\/\/animalproducts.nl\/de\/produkt\/lite-wippe-2-0-kopie\/#breadcrumb","itemListElement":[{"@type":"ListItem","position":1,"name":"Shop","item":"https:\/\/animalproducts.nl\/de\/heim\/"},{"@type":"ListItem","position":2,"name":"Shop","item":"https:\/\/animalproducts.nl\/de\/shop\/"},{"@type":"ListItem","position":3,"name":"Schnittstellen","item":"https:\/\/animalproducts.nl\/de\/product-categorie\/schnittstellen\/"},{"@type":"ListItem","position":4,"name":"Lite Soft Wippe"}]},{"@type":"WebSite","@id":"https:\/\/animalproducts.nl\/de\/#website","url":"https:\/\/animalproducts.nl\/de\/","name":"Animal Products","description":"","publisher":{"@id":"https:\/\/animalproducts.nl\/de\/#organization"},"potentialAction":[{"@type":"SearchAction","target":{"@type":"EntryPoint","urlTemplate":"https:\/\/animalproducts.nl\/de\/?s={search_term_string}"},"query-input":{"@type":"PropertyValueSpecification","valueRequired":true,"valueName":"search_term_string"}}],"inLanguage":"de"},{"@type":"Organization","@id":"https:\/\/animalproducts.nl\/de\/#organization","name":"Animal Products","url":"https:\/\/animalproducts.nl\/de\/","logo":{"@type":"ImageObject","inLanguage":"de","@id":"https:\/\/animalproducts.nl\/de\/#\/schema\/logo\/image\/","url":"https:\/\/animalproducts.nl\/wp-content\/uploads\/2025\/07\/AnimalProducts-logo-v2-liggend-def-scaled.png","contentUrl":"https:\/\/animalproducts.nl\/wp-content\/uploads\/2025\/07\/AnimalProducts-logo-v2-liggend-def-scaled.png","width":2560,"height":1266,"caption":"Animal Products"},"image":{"@id":"https:\/\/animalproducts.nl\/de\/#\/schema\/logo\/image\/"}}]}},"_links":{"self":[{"href":"https:\/\/animalproducts.nl\/de\/wp-json\/wp\/v2\/product\/29770","targetHints":{"allow":["GET"]}}],"collection":[{"href":"https:\/\/animalproducts.nl\/de\/wp-json\/wp\/v2\/product"}],"about":[{"href":"https:\/\/animalproducts.nl\/de\/wp-json\/wp\/v2\/types\/product"}],"replies":[{"embeddable":true,"href":"https:\/\/animalproducts.nl\/de\/wp-json\/wp\/v2\/comments?post=29770"}],"wp:featuredmedia":[{"embeddable":true,"href":"https:\/\/animalproducts.nl\/de\/wp-json\/wp\/v2\/media\/29462"}],"wp:attachment":[{"href":"https:\/\/animalproducts.nl\/de\/wp-json\/wp\/v2\/media?parent=29770"}],"wp:term":[{"taxonomy":"product_brand","embeddable":true,"href":"https:\/\/animalproducts.nl\/de\/wp-json\/wp\/v2\/product_brand?post=29770"},{"taxonomy":"product_cat","embeddable":true,"href":"https:\/\/animalproducts.nl\/de\/wp-json\/wp\/v2\/product_cat?post=29770"},{"taxonomy":"product_tag","embeddable":true,"href":"https:\/\/animalproducts.nl\/de\/wp-json\/wp\/v2\/product_tag?post=29770"}],"curies":[{"name":"wp","href":"https:\/\/api.w.org\/{rel}","templated":true}]}}