{"id":29745,"date":"2025-11-13T10:50:36","date_gmt":"2025-11-13T09:50:36","guid":{"rendered":"https:\/\/animalproducts.nl\/?post_type=product&#038;p=29745"},"modified":"2026-01-22T19:39:32","modified_gmt":"2026-01-22T18:39:32","slug":"lite-a-wand-2-0-kopie","status":"publish","type":"product","link":"https:\/\/animalproducts.nl\/de\/produkt\/lite-a-wand-2-0-kopie\/","title":{"rendered":"Lite Soft A-Wall"},"content":{"rendered":"<p>The Lite Soft A-Wall by Galican is the smart choice for teams prioritizing safety, comfort, and flexibility. This softer version of the Lite A-Wall offers a cushioned rubber surface made of 10 mm cellular polycarbonate and 10 mm foam, ensuring joint-friendly landings, optimal shock absorption, and secure grip \u2013 even in wet conditions.  <\/p>\n<p>The Soft variant features fixed arms. Integrated hinges and a wide base ensure stable use, even during intensive training. Multiple color options allow for individual customization, making the A-Wall both functional and visually appealing. Fully FCI-compliant.   <\/p>\n<p><strong>Produktmerkmale:<\/strong><\/p>\n<ul>\n<li>Alle Materialien sind wetterfest und f\u00fcr den h\u00e4ufigen Gebrauch gedacht: Hergestellt aus Aluminium mit hochleistungsf\u00e4higer Gummiauflage, die au\u00dfergew\u00f6hnlichen Grip gew\u00e4hrleistet.<\/li>\n<li>Wetterfest: Alle Materialien sind f\u00fcr den Au\u00dfeneinsatz geeignet.<\/li>\n<li><span class=\"Y2IQFc\" lang=\"nl\">Material: Weather-resistant aluminum with soft rubber surface (10 mm cellular polycarbonate + 10 mm foam)<\/span><\/li>\n<li>Du kannst die Farben ganz nach deinem Geschmack anpassen!<\/li>\n<li>Die Wippe erf\u00fcllt alle von der FCI festgelegten Normen und Vorschriften.<\/li>\n<li>Gewicht: 70 kg<\/li>\n<\/ul>\n<p>&nbsp;<\/p>\n<p>R\u00e4der<\/p>\n<p><iframe title=\"WHEELS for A-frame \u2010 Galican\" width=\"800\" height=\"450\" src=\"https:\/\/www.youtube.com\/embed\/_d-DdBw1X_0?feature=oembed\" frameborder=\"0\" allow=\"accelerometer; autoplay; clipboard-write; encrypted-media; gyroscope; picture-in-picture; web-share\" referrerpolicy=\"strict-origin-when-cross-origin\" allowfullscreen><\/iframe><\/p>\n","protected":false},"excerpt":{"rendered":"<p>The Lite Soft A-Wall by Galican offers a soft, cushioned rubber surface made of 10 mm cellular polycarbonate and 10 mm foam, providing joint-friendly landings, optimal shock absorption, and secure grip. Ideal for safe, comfortable training \u2013 a budget-friendly way to give your dog extra comfort without compromising on safety or stability.  <\/p>\n","protected":false},"featured_media":29756,"comment_status":"closed","ping_status":"closed","template":"","meta":{"_acf_changed":false},"product_brand":[],"product_cat":[141,140,150,154,166,158],"product_tag":[],"class_list":{"0":"post-29745","1":"product","2":"type-product","3":"status-publish","4":"has-post-thumbnail","6":"product_cat-a-zaune","7":"product_cat-beweglichkeit","8":"product_cat-galican","9":"product_cat-lite","10":"product_cat-schnittstellen","11":"product_cat-weich","13":"first","14":"onbackorder","15":"taxable","16":"shipping-taxable","17":"purchasable","18":"product-type-variable"},"acf":[],"yoast_head":"<!-- This site is optimized with the Yoast SEO plugin v27.3 - https:\/\/yoast.com\/product\/yoast-seo-wordpress\/ -->\n<title>Lite Soft A-Wall - Animal Products<\/title>\n<meta name=\"description\" content=\"The Lite Soft A-Wall by Galican offers a soft, cushioned rubber surface made of 10 mm cellular polycarbonate and 10 mm foam, providing joint-friendly landings, optimal shock absorption, and secure grip. Ideal for safe, comfortable training \u2013 a budget-friendly way to give your dog extra comfort without compromising on safety or stability.\" \/>\n<meta name=\"robots\" content=\"index, follow, max-snippet:-1, max-image-preview:large, max-video-preview:-1\" \/>\n<link rel=\"canonical\" href=\"https:\/\/animalproducts.nl\/de\/produkt\/lite-a-wand-2-0-kopie\/\" \/>\n<meta property=\"og:locale\" content=\"de_DE\" \/>\n<meta property=\"og:type\" content=\"article\" \/>\n<meta property=\"og:title\" content=\"Lite Soft A-Wall - Animal Products\" \/>\n<meta property=\"og:description\" content=\"The Lite Soft A-Wall by Galican offers a soft, cushioned rubber surface made of 10 mm cellular polycarbonate and 10 mm foam, providing joint-friendly landings, optimal shock absorption, and secure grip. Ideal for safe, comfortable training \u2013 a budget-friendly way to give your dog extra comfort without compromising on safety or stability.\" \/>\n<meta property=\"og:url\" content=\"https:\/\/animalproducts.nl\/de\/produkt\/lite-a-wand-2-0-kopie\/\" \/>\n<meta property=\"og:site_name\" content=\"Animal Products\" \/>\n<meta property=\"article:modified_time\" content=\"2026-01-22T18:39:32+00:00\" \/>\n<meta property=\"og:image\" content=\"https:\/\/animalproducts.nl\/wp-content\/uploads\/2025\/11\/Lite-Soft-Empalizada-1-soft.webp\" \/>\n\t<meta property=\"og:image:width\" content=\"1100\" \/>\n\t<meta property=\"og:image:height\" content=\"1100\" \/>\n\t<meta property=\"og:image:type\" content=\"image\/webp\" \/>\n<meta name=\"twitter:card\" content=\"summary_large_image\" \/>\n<meta name=\"twitter:label1\" content=\"Gesch\u00e4tzte Lesezeit\" \/>\n\t<meta name=\"twitter:data1\" content=\"1\u00a0Minute\" \/>\n<script type=\"application\/ld+json\" class=\"yoast-schema-graph\">{\"@context\":\"https:\\\/\\\/schema.org\",\"@graph\":[{\"@type\":\"WebPage\",\"@id\":\"https:\\\/\\\/animalproducts.nl\\\/de\\\/produkt\\\/lite-a-wand-2-0-kopie\\\/\",\"url\":\"https:\\\/\\\/animalproducts.nl\\\/de\\\/produkt\\\/lite-a-wand-2-0-kopie\\\/\",\"name\":\"Lite Soft A-Wall - Animal Products\",\"isPartOf\":{\"@id\":\"https:\\\/\\\/animalproducts.nl\\\/de\\\/#website\"},\"primaryImageOfPage\":{\"@id\":\"https:\\\/\\\/animalproducts.nl\\\/de\\\/produkt\\\/lite-a-wand-2-0-kopie\\\/#primaryimage\"},\"image\":{\"@id\":\"https:\\\/\\\/animalproducts.nl\\\/de\\\/produkt\\\/lite-a-wand-2-0-kopie\\\/#primaryimage\"},\"thumbnailUrl\":\"https:\\\/\\\/animalproducts.nl\\\/wp-content\\\/uploads\\\/2025\\\/11\\\/Lite-Soft-Empalizada-1-soft.webp\",\"datePublished\":\"2025-11-13T09:50:36+00:00\",\"dateModified\":\"2026-01-22T18:39:32+00:00\",\"description\":\"The Lite Soft A-Wall by Galican offers a soft, cushioned rubber surface made of 10 mm cellular polycarbonate and 10 mm foam, providing joint-friendly landings, optimal shock absorption, and secure grip. Ideal for safe, comfortable training \u2013 a budget-friendly way to give your dog extra comfort without compromising on safety or stability.\",\"breadcrumb\":{\"@id\":\"https:\\\/\\\/animalproducts.nl\\\/de\\\/produkt\\\/lite-a-wand-2-0-kopie\\\/#breadcrumb\"},\"inLanguage\":\"de\",\"potentialAction\":[{\"@type\":\"ReadAction\",\"target\":[\"https:\\\/\\\/animalproducts.nl\\\/de\\\/produkt\\\/lite-a-wand-2-0-kopie\\\/\"]}]},{\"@type\":\"ImageObject\",\"inLanguage\":\"de\",\"@id\":\"https:\\\/\\\/animalproducts.nl\\\/de\\\/produkt\\\/lite-a-wand-2-0-kopie\\\/#primaryimage\",\"url\":\"https:\\\/\\\/animalproducts.nl\\\/wp-content\\\/uploads\\\/2025\\\/11\\\/Lite-Soft-Empalizada-1-soft.webp\",\"contentUrl\":\"https:\\\/\\\/animalproducts.nl\\\/wp-content\\\/uploads\\\/2025\\\/11\\\/Lite-Soft-Empalizada-1-soft.webp\",\"width\":1100,\"height\":1100},{\"@type\":\"BreadcrumbList\",\"@id\":\"https:\\\/\\\/animalproducts.nl\\\/de\\\/produkt\\\/lite-a-wand-2-0-kopie\\\/#breadcrumb\",\"itemListElement\":[{\"@type\":\"ListItem\",\"position\":1,\"name\":\"Shop\",\"item\":\"https:\\\/\\\/animalproducts.nl\\\/de\\\/heim\\\/\"},{\"@type\":\"ListItem\",\"position\":2,\"name\":\"Shop\",\"item\":\"https:\\\/\\\/animalproducts.nl\\\/de\\\/shop\\\/\"},{\"@type\":\"ListItem\",\"position\":3,\"name\":\"Schnittstellen\",\"item\":\"https:\\\/\\\/animalproducts.nl\\\/de\\\/product-categorie\\\/schnittstellen\\\/\"},{\"@type\":\"ListItem\",\"position\":4,\"name\":\"Lite Soft A-Wall\"}]},{\"@type\":\"WebSite\",\"@id\":\"https:\\\/\\\/animalproducts.nl\\\/de\\\/#website\",\"url\":\"https:\\\/\\\/animalproducts.nl\\\/de\\\/\",\"name\":\"Animal Products\",\"description\":\"\",\"publisher\":{\"@id\":\"https:\\\/\\\/animalproducts.nl\\\/de\\\/#organization\"},\"potentialAction\":[{\"@type\":\"SearchAction\",\"target\":{\"@type\":\"EntryPoint\",\"urlTemplate\":\"https:\\\/\\\/animalproducts.nl\\\/de\\\/?s={search_term_string}\"},\"query-input\":{\"@type\":\"PropertyValueSpecification\",\"valueRequired\":true,\"valueName\":\"search_term_string\"}}],\"inLanguage\":\"de\"},{\"@type\":\"Organization\",\"@id\":\"https:\\\/\\\/animalproducts.nl\\\/de\\\/#organization\",\"name\":\"Animal Products\",\"url\":\"https:\\\/\\\/animalproducts.nl\\\/de\\\/\",\"logo\":{\"@type\":\"ImageObject\",\"inLanguage\":\"de\",\"@id\":\"https:\\\/\\\/animalproducts.nl\\\/de\\\/#\\\/schema\\\/logo\\\/image\\\/\",\"url\":\"https:\\\/\\\/animalproducts.nl\\\/wp-content\\\/uploads\\\/2025\\\/07\\\/AnimalProducts-logo-v2-liggend-def-scaled.png\",\"contentUrl\":\"https:\\\/\\\/animalproducts.nl\\\/wp-content\\\/uploads\\\/2025\\\/07\\\/AnimalProducts-logo-v2-liggend-def-scaled.png\",\"width\":2560,\"height\":1266,\"caption\":\"Animal Products\"},\"image\":{\"@id\":\"https:\\\/\\\/animalproducts.nl\\\/de\\\/#\\\/schema\\\/logo\\\/image\\\/\"}}]}<\/script>\n<!-- \/ Yoast SEO plugin. -->","yoast_head_json":{"title":"Lite Soft A-Wall - Animal Products","description":"The Lite Soft A-Wall by Galican offers a soft, cushioned rubber surface made of 10 mm cellular polycarbonate and 10 mm foam, providing joint-friendly landings, optimal shock absorption, and secure grip. Ideal for safe, comfortable training \u2013 a budget-friendly way to give your dog extra comfort without compromising on safety or stability.","robots":{"index":"index","follow":"follow","max-snippet":"max-snippet:-1","max-image-preview":"max-image-preview:large","max-video-preview":"max-video-preview:-1"},"canonical":"https:\/\/animalproducts.nl\/de\/produkt\/lite-a-wand-2-0-kopie\/","og_locale":"de_DE","og_type":"article","og_title":"Lite Soft A-Wall - Animal Products","og_description":"The Lite Soft A-Wall by Galican offers a soft, cushioned rubber surface made of 10 mm cellular polycarbonate and 10 mm foam, providing joint-friendly landings, optimal shock absorption, and secure grip. Ideal for safe, comfortable training \u2013 a budget-friendly way to give your dog extra comfort without compromising on safety or stability.","og_url":"https:\/\/animalproducts.nl\/de\/produkt\/lite-a-wand-2-0-kopie\/","og_site_name":"Animal Products","article_modified_time":"2026-01-22T18:39:32+00:00","og_image":[{"width":1100,"height":1100,"url":"https:\/\/animalproducts.nl\/wp-content\/uploads\/2025\/11\/Lite-Soft-Empalizada-1-soft.webp","type":"image\/webp"}],"twitter_card":"summary_large_image","twitter_misc":{"Gesch\u00e4tzte Lesezeit":"1\u00a0Minute"},"schema":{"@context":"https:\/\/schema.org","@graph":[{"@type":"WebPage","@id":"https:\/\/animalproducts.nl\/de\/produkt\/lite-a-wand-2-0-kopie\/","url":"https:\/\/animalproducts.nl\/de\/produkt\/lite-a-wand-2-0-kopie\/","name":"Lite Soft A-Wall - Animal Products","isPartOf":{"@id":"https:\/\/animalproducts.nl\/de\/#website"},"primaryImageOfPage":{"@id":"https:\/\/animalproducts.nl\/de\/produkt\/lite-a-wand-2-0-kopie\/#primaryimage"},"image":{"@id":"https:\/\/animalproducts.nl\/de\/produkt\/lite-a-wand-2-0-kopie\/#primaryimage"},"thumbnailUrl":"https:\/\/animalproducts.nl\/wp-content\/uploads\/2025\/11\/Lite-Soft-Empalizada-1-soft.webp","datePublished":"2025-11-13T09:50:36+00:00","dateModified":"2026-01-22T18:39:32+00:00","description":"The Lite Soft A-Wall by Galican offers a soft, cushioned rubber surface made of 10 mm cellular polycarbonate and 10 mm foam, providing joint-friendly landings, optimal shock absorption, and secure grip. Ideal for safe, comfortable training \u2013 a budget-friendly way to give your dog extra comfort without compromising on safety or stability.","breadcrumb":{"@id":"https:\/\/animalproducts.nl\/de\/produkt\/lite-a-wand-2-0-kopie\/#breadcrumb"},"inLanguage":"de","potentialAction":[{"@type":"ReadAction","target":["https:\/\/animalproducts.nl\/de\/produkt\/lite-a-wand-2-0-kopie\/"]}]},{"@type":"ImageObject","inLanguage":"de","@id":"https:\/\/animalproducts.nl\/de\/produkt\/lite-a-wand-2-0-kopie\/#primaryimage","url":"https:\/\/animalproducts.nl\/wp-content\/uploads\/2025\/11\/Lite-Soft-Empalizada-1-soft.webp","contentUrl":"https:\/\/animalproducts.nl\/wp-content\/uploads\/2025\/11\/Lite-Soft-Empalizada-1-soft.webp","width":1100,"height":1100},{"@type":"BreadcrumbList","@id":"https:\/\/animalproducts.nl\/de\/produkt\/lite-a-wand-2-0-kopie\/#breadcrumb","itemListElement":[{"@type":"ListItem","position":1,"name":"Shop","item":"https:\/\/animalproducts.nl\/de\/heim\/"},{"@type":"ListItem","position":2,"name":"Shop","item":"https:\/\/animalproducts.nl\/de\/shop\/"},{"@type":"ListItem","position":3,"name":"Schnittstellen","item":"https:\/\/animalproducts.nl\/de\/product-categorie\/schnittstellen\/"},{"@type":"ListItem","position":4,"name":"Lite Soft A-Wall"}]},{"@type":"WebSite","@id":"https:\/\/animalproducts.nl\/de\/#website","url":"https:\/\/animalproducts.nl\/de\/","name":"Animal Products","description":"","publisher":{"@id":"https:\/\/animalproducts.nl\/de\/#organization"},"potentialAction":[{"@type":"SearchAction","target":{"@type":"EntryPoint","urlTemplate":"https:\/\/animalproducts.nl\/de\/?s={search_term_string}"},"query-input":{"@type":"PropertyValueSpecification","valueRequired":true,"valueName":"search_term_string"}}],"inLanguage":"de"},{"@type":"Organization","@id":"https:\/\/animalproducts.nl\/de\/#organization","name":"Animal Products","url":"https:\/\/animalproducts.nl\/de\/","logo":{"@type":"ImageObject","inLanguage":"de","@id":"https:\/\/animalproducts.nl\/de\/#\/schema\/logo\/image\/","url":"https:\/\/animalproducts.nl\/wp-content\/uploads\/2025\/07\/AnimalProducts-logo-v2-liggend-def-scaled.png","contentUrl":"https:\/\/animalproducts.nl\/wp-content\/uploads\/2025\/07\/AnimalProducts-logo-v2-liggend-def-scaled.png","width":2560,"height":1266,"caption":"Animal Products"},"image":{"@id":"https:\/\/animalproducts.nl\/de\/#\/schema\/logo\/image\/"}}]}},"_links":{"self":[{"href":"https:\/\/animalproducts.nl\/de\/wp-json\/wp\/v2\/product\/29745","targetHints":{"allow":["GET"]}}],"collection":[{"href":"https:\/\/animalproducts.nl\/de\/wp-json\/wp\/v2\/product"}],"about":[{"href":"https:\/\/animalproducts.nl\/de\/wp-json\/wp\/v2\/types\/product"}],"replies":[{"embeddable":true,"href":"https:\/\/animalproducts.nl\/de\/wp-json\/wp\/v2\/comments?post=29745"}],"wp:featuredmedia":[{"embeddable":true,"href":"https:\/\/animalproducts.nl\/de\/wp-json\/wp\/v2\/media\/29756"}],"wp:attachment":[{"href":"https:\/\/animalproducts.nl\/de\/wp-json\/wp\/v2\/media?parent=29745"}],"wp:term":[{"taxonomy":"product_brand","embeddable":true,"href":"https:\/\/animalproducts.nl\/de\/wp-json\/wp\/v2\/product_brand?post=29745"},{"taxonomy":"product_cat","embeddable":true,"href":"https:\/\/animalproducts.nl\/de\/wp-json\/wp\/v2\/product_cat?post=29745"},{"taxonomy":"product_tag","embeddable":true,"href":"https:\/\/animalproducts.nl\/de\/wp-json\/wp\/v2\/product_tag?post=29745"}],"curies":[{"name":"wp","href":"https:\/\/api.w.org\/{rel}","templated":true}]}}