{"id":29630,"date":"2022-08-29T21:39:27","date_gmt":"2022-08-29T19:39:27","guid":{"rendered":"https:\/\/animalproducts.nl\/product\/fullgrip-tunnel\/"},"modified":"2022-08-29T21:39:27","modified_gmt":"2022-08-29T19:39:27","slug":"fullgrip-tunnel","status":"publish","type":"product","link":"https:\/\/animalproducts.nl\/de\/produkt\/fullgrip-tunnel\/","title":{"rendered":"Fullgrip Tunnel"},"content":{"rendered":"<p>Fullgrip 150 Tunnel f\u00fcr Agilit\u00e4t, hergestellt aus rutschfestem Material f\u00fcr maximale Traktion. Best\u00e4ndig gegen Verformung und konform mit den FCI 2023-Standards.  <\/p>\n<p>Neu ist auch die M\u00f6glichkeit, die Farbe der Spirale zu bestimmen.<\/p>\n<p><strong>Hauptvorteile:<\/strong><\/p>\n<ul>\n<li>Garantierte Stabilit\u00e4t: Festes und stabiles Design.<\/li>\n<li>Extreme Haltbarkeit: hergestellt aus hochwertigen Materialien.<\/li>\n<li>Maximaler Grip: rutschfest f\u00fcr perfekte Traktion.<\/li>\n<li>Material: verst\u00e4rktes PVC mit rutschfester Textur, Stahldraht und Gummischutz.<\/li>\n<li>Abmessungen: Durchmesser von 60 cm und L\u00e4ngen von 1 m bis 6 m.<\/li>\n<li>\n<div class=\"container contentheight\">\n<div class=\"row\">\n<div class=\"col-xs-12 col-sm-9 col-md-9 main-content\">\n<form id=\"oBIZForm_0\" action=\"https:\/\/www.sweet-surprise.nl\/default.asp?pageid=44&amp;lijn=Soft&amp;webgroupfilter=&amp;artdetail=GSLT18\" method=\"post\" name=\"oBIZForm_0\">\n<div class=\"row\">\n<div class=\"col-xxs-12 col-xs-6\">\n<div class=\"artdetaildesc\">Gewicht: 6 m, 25 kg.<\/div>\n<div>\n<div class=\"container contentheight\">\n<div class=\"row\">\n<div class=\"col-xs-12 col-sm-9 col-md-9 main-content\">\n<div class=\"row\">\n<div class=\"col-xxs-12 col-xs-6\">\n<div class=\"artdetaildesc\">Grifftiefe: 500 \u00b5m.<\/div>\n<\/div>\n<\/div>\n<\/div>\n<\/div>\n<\/div>\n<div class=\"footerarea\">\n<div class=\"container\">\n<div class=\"row\"><\/div>\n<\/div>\n<\/div>\n<\/div>\n<\/div>\n<\/div>\n<\/form>\n<\/div>\n<\/div>\n<\/div>\n<div class=\"footerarea\">\n<div class=\"container\">\n<div class=\"row\"><\/div>\n<\/div>\n<\/div>\n<div class=\"container contentheight\">\n<div class=\"row\">\n<div class=\"col-xs-12 col-sm-9 col-md-9 main-content\"><\/div>\n<\/div>\n<\/div>\n<div class=\"footerarea\"><\/div>\n<div class=\"row\">\n<div class=\"col-xs-12 col-sm-9 col-md-9 main-content\"><\/div>\n<\/div>\n<\/li>\n<\/ul>\n","protected":false},"excerpt":{"rendered":"<p>Fullgrip 150 Tunnel f\u00fcr Agilit\u00e4t, hergestellt aus rutschfestem Material f\u00fcr maximale Traktion. Best\u00e4ndig gegen Verformung und konform mit den FCI 2023-Standards.  <\/p>\n","protected":false},"featured_media":24621,"comment_status":"closed","ping_status":"closed","template":"","meta":{"_acf_changed":false},"product_brand":[],"product_cat":[145,140,150,161],"product_tag":[],"class_list":{"0":"post-29630","1":"product","2":"type-product","3":"status-publish","4":"has-post-thumbnail","6":"product_cat-agility-tunnel","7":"product_cat-beweglichkeit","8":"product_cat-galican","9":"product_cat-tunnel","11":"first","12":"onbackorder","13":"taxable","14":"shipping-taxable","15":"purchasable","16":"product-type-variable"},"acf":[],"yoast_head":"<!-- This site is optimized with the Yoast SEO plugin v27.6 - https:\/\/yoast.com\/product\/yoast-seo-wordpress\/ -->\n<title>Fullgrip Tunnel - Animal Products<\/title>\n<meta name=\"description\" content=\"Fullgrip 150 Tunnel f\u00fcr Agilit\u00e4t, hergestellt aus rutschfestem Material f\u00fcr maximale Traktion. Best\u00e4ndig gegen Verformung und konform mit den FCI 2023-Standards.\" \/>\n<meta name=\"robots\" content=\"index, follow, max-snippet:-1, max-image-preview:large, max-video-preview:-1\" \/>\n<link rel=\"canonical\" href=\"https:\/\/animalproducts.nl\/de\/produkt\/fullgrip-tunnel\/\" \/>\n<meta property=\"og:locale\" content=\"de_DE\" \/>\n<meta property=\"og:type\" content=\"article\" \/>\n<meta property=\"og:title\" content=\"Fullgrip Tunnel - Animal Products\" \/>\n<meta property=\"og:description\" content=\"Fullgrip 150 Tunnel f\u00fcr Agilit\u00e4t, hergestellt aus rutschfestem Material f\u00fcr maximale Traktion. Best\u00e4ndig gegen Verformung und konform mit den FCI 2023-Standards.\" \/>\n<meta property=\"og:url\" content=\"https:\/\/animalproducts.nl\/de\/produkt\/fullgrip-tunnel\/\" \/>\n<meta property=\"og:site_name\" content=\"Animal Products\" \/>\n<meta property=\"og:image\" content=\"https:\/\/animalproducts.nl\/wp-content\/uploads\/2022\/08\/3621-ficha_btt.png\" \/>\n\t<meta property=\"og:image:width\" content=\"500\" \/>\n\t<meta property=\"og:image:height\" content=\"500\" \/>\n\t<meta property=\"og:image:type\" content=\"image\/png\" \/>\n<meta name=\"twitter:card\" content=\"summary_large_image\" \/>\n<script type=\"application\/ld+json\" class=\"yoast-schema-graph\">{\"@context\":\"https:\\\/\\\/schema.org\",\"@graph\":[{\"@type\":\"WebPage\",\"@id\":\"https:\\\/\\\/animalproducts.nl\\\/de\\\/produkt\\\/fullgrip-tunnel\\\/\",\"url\":\"https:\\\/\\\/animalproducts.nl\\\/de\\\/produkt\\\/fullgrip-tunnel\\\/\",\"name\":\"Fullgrip Tunnel - Animal Products\",\"isPartOf\":{\"@id\":\"https:\\\/\\\/animalproducts.nl\\\/de\\\/#website\"},\"primaryImageOfPage\":{\"@id\":\"https:\\\/\\\/animalproducts.nl\\\/de\\\/produkt\\\/fullgrip-tunnel\\\/#primaryimage\"},\"image\":{\"@id\":\"https:\\\/\\\/animalproducts.nl\\\/de\\\/produkt\\\/fullgrip-tunnel\\\/#primaryimage\"},\"thumbnailUrl\":\"https:\\\/\\\/animalproducts.nl\\\/wp-content\\\/uploads\\\/2022\\\/08\\\/3621-ficha_btt.png\",\"datePublished\":\"2022-08-29T19:39:27+00:00\",\"description\":\"Fullgrip 150 Tunnel f\u00fcr Agilit\u00e4t, hergestellt aus rutschfestem Material f\u00fcr maximale Traktion. Best\u00e4ndig gegen Verformung und konform mit den FCI 2023-Standards.\",\"breadcrumb\":{\"@id\":\"https:\\\/\\\/animalproducts.nl\\\/de\\\/produkt\\\/fullgrip-tunnel\\\/#breadcrumb\"},\"inLanguage\":\"de\",\"potentialAction\":[{\"@type\":\"ReadAction\",\"target\":[\"https:\\\/\\\/animalproducts.nl\\\/de\\\/produkt\\\/fullgrip-tunnel\\\/\"]}]},{\"@type\":\"ImageObject\",\"inLanguage\":\"de\",\"@id\":\"https:\\\/\\\/animalproducts.nl\\\/de\\\/produkt\\\/fullgrip-tunnel\\\/#primaryimage\",\"url\":\"https:\\\/\\\/animalproducts.nl\\\/wp-content\\\/uploads\\\/2022\\\/08\\\/3621-ficha_btt.png\",\"contentUrl\":\"https:\\\/\\\/animalproducts.nl\\\/wp-content\\\/uploads\\\/2022\\\/08\\\/3621-ficha_btt.png\",\"width\":500,\"height\":500,\"caption\":\"Fullgrip tunnel blauw Hondentunnel\"},{\"@type\":\"BreadcrumbList\",\"@id\":\"https:\\\/\\\/animalproducts.nl\\\/de\\\/produkt\\\/fullgrip-tunnel\\\/#breadcrumb\",\"itemListElement\":[{\"@type\":\"ListItem\",\"position\":1,\"name\":\"Shop\",\"item\":\"https:\\\/\\\/animalproducts.nl\\\/de\\\/heim\\\/\"},{\"@type\":\"ListItem\",\"position\":2,\"name\":\"Shop\",\"item\":\"https:\\\/\\\/animalproducts.nl\\\/de\\\/shop\\\/\"},{\"@type\":\"ListItem\",\"position\":3,\"name\":\"Fullgrip Tunnel\"}]},{\"@type\":\"WebSite\",\"@id\":\"https:\\\/\\\/animalproducts.nl\\\/de\\\/#website\",\"url\":\"https:\\\/\\\/animalproducts.nl\\\/de\\\/\",\"name\":\"Animal Products\",\"description\":\"\",\"publisher\":{\"@id\":\"https:\\\/\\\/animalproducts.nl\\\/de\\\/#organization\"},\"potentialAction\":[{\"@type\":\"SearchAction\",\"target\":{\"@type\":\"EntryPoint\",\"urlTemplate\":\"https:\\\/\\\/animalproducts.nl\\\/de\\\/?s={search_term_string}\"},\"query-input\":{\"@type\":\"PropertyValueSpecification\",\"valueRequired\":true,\"valueName\":\"search_term_string\"}}],\"inLanguage\":\"de\"},{\"@type\":\"Organization\",\"@id\":\"https:\\\/\\\/animalproducts.nl\\\/de\\\/#organization\",\"name\":\"Animal Products\",\"url\":\"https:\\\/\\\/animalproducts.nl\\\/de\\\/\",\"logo\":{\"@type\":\"ImageObject\",\"inLanguage\":\"de\",\"@id\":\"https:\\\/\\\/animalproducts.nl\\\/de\\\/#\\\/schema\\\/logo\\\/image\\\/\",\"url\":\"https:\\\/\\\/animalproducts.nl\\\/wp-content\\\/uploads\\\/2025\\\/07\\\/AnimalProducts-logo-v2-liggend-def-scaled.png\",\"contentUrl\":\"https:\\\/\\\/animalproducts.nl\\\/wp-content\\\/uploads\\\/2025\\\/07\\\/AnimalProducts-logo-v2-liggend-def-scaled.png\",\"width\":2560,\"height\":1266,\"caption\":\"Animal Products\"},\"image\":{\"@id\":\"https:\\\/\\\/animalproducts.nl\\\/de\\\/#\\\/schema\\\/logo\\\/image\\\/\"}}]}<\/script>\n<!-- \/ Yoast SEO plugin. -->","yoast_head_json":{"title":"Fullgrip Tunnel - Animal Products","description":"Fullgrip 150 Tunnel f\u00fcr Agilit\u00e4t, hergestellt aus rutschfestem Material f\u00fcr maximale Traktion. Best\u00e4ndig gegen Verformung und konform mit den FCI 2023-Standards.","robots":{"index":"index","follow":"follow","max-snippet":"max-snippet:-1","max-image-preview":"max-image-preview:large","max-video-preview":"max-video-preview:-1"},"canonical":"https:\/\/animalproducts.nl\/de\/produkt\/fullgrip-tunnel\/","og_locale":"de_DE","og_type":"article","og_title":"Fullgrip Tunnel - Animal Products","og_description":"Fullgrip 150 Tunnel f\u00fcr Agilit\u00e4t, hergestellt aus rutschfestem Material f\u00fcr maximale Traktion. Best\u00e4ndig gegen Verformung und konform mit den FCI 2023-Standards.","og_url":"https:\/\/animalproducts.nl\/de\/produkt\/fullgrip-tunnel\/","og_site_name":"Animal Products","og_image":[{"width":500,"height":500,"url":"https:\/\/animalproducts.nl\/wp-content\/uploads\/2022\/08\/3621-ficha_btt.png","type":"image\/png"}],"twitter_card":"summary_large_image","schema":{"@context":"https:\/\/schema.org","@graph":[{"@type":"WebPage","@id":"https:\/\/animalproducts.nl\/de\/produkt\/fullgrip-tunnel\/","url":"https:\/\/animalproducts.nl\/de\/produkt\/fullgrip-tunnel\/","name":"Fullgrip Tunnel - Animal Products","isPartOf":{"@id":"https:\/\/animalproducts.nl\/de\/#website"},"primaryImageOfPage":{"@id":"https:\/\/animalproducts.nl\/de\/produkt\/fullgrip-tunnel\/#primaryimage"},"image":{"@id":"https:\/\/animalproducts.nl\/de\/produkt\/fullgrip-tunnel\/#primaryimage"},"thumbnailUrl":"https:\/\/animalproducts.nl\/wp-content\/uploads\/2022\/08\/3621-ficha_btt.png","datePublished":"2022-08-29T19:39:27+00:00","description":"Fullgrip 150 Tunnel f\u00fcr Agilit\u00e4t, hergestellt aus rutschfestem Material f\u00fcr maximale Traktion. Best\u00e4ndig gegen Verformung und konform mit den FCI 2023-Standards.","breadcrumb":{"@id":"https:\/\/animalproducts.nl\/de\/produkt\/fullgrip-tunnel\/#breadcrumb"},"inLanguage":"de","potentialAction":[{"@type":"ReadAction","target":["https:\/\/animalproducts.nl\/de\/produkt\/fullgrip-tunnel\/"]}]},{"@type":"ImageObject","inLanguage":"de","@id":"https:\/\/animalproducts.nl\/de\/produkt\/fullgrip-tunnel\/#primaryimage","url":"https:\/\/animalproducts.nl\/wp-content\/uploads\/2022\/08\/3621-ficha_btt.png","contentUrl":"https:\/\/animalproducts.nl\/wp-content\/uploads\/2022\/08\/3621-ficha_btt.png","width":500,"height":500,"caption":"Fullgrip tunnel blauw Hondentunnel"},{"@type":"BreadcrumbList","@id":"https:\/\/animalproducts.nl\/de\/produkt\/fullgrip-tunnel\/#breadcrumb","itemListElement":[{"@type":"ListItem","position":1,"name":"Shop","item":"https:\/\/animalproducts.nl\/de\/heim\/"},{"@type":"ListItem","position":2,"name":"Shop","item":"https:\/\/animalproducts.nl\/de\/shop\/"},{"@type":"ListItem","position":3,"name":"Fullgrip Tunnel"}]},{"@type":"WebSite","@id":"https:\/\/animalproducts.nl\/de\/#website","url":"https:\/\/animalproducts.nl\/de\/","name":"Animal Products","description":"","publisher":{"@id":"https:\/\/animalproducts.nl\/de\/#organization"},"potentialAction":[{"@type":"SearchAction","target":{"@type":"EntryPoint","urlTemplate":"https:\/\/animalproducts.nl\/de\/?s={search_term_string}"},"query-input":{"@type":"PropertyValueSpecification","valueRequired":true,"valueName":"search_term_string"}}],"inLanguage":"de"},{"@type":"Organization","@id":"https:\/\/animalproducts.nl\/de\/#organization","name":"Animal Products","url":"https:\/\/animalproducts.nl\/de\/","logo":{"@type":"ImageObject","inLanguage":"de","@id":"https:\/\/animalproducts.nl\/de\/#\/schema\/logo\/image\/","url":"https:\/\/animalproducts.nl\/wp-content\/uploads\/2025\/07\/AnimalProducts-logo-v2-liggend-def-scaled.png","contentUrl":"https:\/\/animalproducts.nl\/wp-content\/uploads\/2025\/07\/AnimalProducts-logo-v2-liggend-def-scaled.png","width":2560,"height":1266,"caption":"Animal Products"},"image":{"@id":"https:\/\/animalproducts.nl\/de\/#\/schema\/logo\/image\/"}}]}},"_links":{"self":[{"href":"https:\/\/animalproducts.nl\/de\/wp-json\/wp\/v2\/product\/29630","targetHints":{"allow":["GET"]}}],"collection":[{"href":"https:\/\/animalproducts.nl\/de\/wp-json\/wp\/v2\/product"}],"about":[{"href":"https:\/\/animalproducts.nl\/de\/wp-json\/wp\/v2\/types\/product"}],"replies":[{"embeddable":true,"href":"https:\/\/animalproducts.nl\/de\/wp-json\/wp\/v2\/comments?post=29630"}],"wp:featuredmedia":[{"embeddable":true,"href":"https:\/\/animalproducts.nl\/de\/wp-json\/wp\/v2\/media\/24621"}],"wp:attachment":[{"href":"https:\/\/animalproducts.nl\/de\/wp-json\/wp\/v2\/media?parent=29630"}],"wp:term":[{"taxonomy":"product_brand","embeddable":true,"href":"https:\/\/animalproducts.nl\/de\/wp-json\/wp\/v2\/product_brand?post=29630"},{"taxonomy":"product_cat","embeddable":true,"href":"https:\/\/animalproducts.nl\/de\/wp-json\/wp\/v2\/product_cat?post=29630"},{"taxonomy":"product_tag","embeddable":true,"href":"https:\/\/animalproducts.nl\/de\/wp-json\/wp\/v2\/product_tag?post=29630"}],"curies":[{"name":"wp","href":"https:\/\/api.w.org\/{rel}","templated":true}]}}