{"id":29550,"date":"2022-08-29T20:02:49","date_gmt":"2022-08-29T18:02:49","guid":{"rendered":"https:\/\/animalproducts.nl\/product\/mauern-soft\/"},"modified":"2022-08-29T20:02:49","modified_gmt":"2022-08-29T18:02:49","slug":"mauern-soft","status":"publish","type":"product","link":"https:\/\/animalproducts.nl\/de\/produkt\/mauern-soft\/","title":{"rendered":"Mauern SOFT"},"content":{"rendered":"<p>Die SOFT Wall von Galican ist das Original und wurde mit Blick auf maximale Sicherheit f\u00fcr Hunde entwickelt. Komplett aus Schaumstoff gefertigt und mit Segeltuch \u00fcberzogen f\u00fcr gute Wetterbest\u00e4ndigkeit und Abriebschutz.  <\/p>\n<p><strong>Hauptvorteile:<\/strong><\/p>\n<ul>\n<li>Schutzpolsterung: Reduziert St\u00f6\u00dfe bei versehentlichem Kontakt.<\/li>\n<li>Modular und anpassbar: erm\u00f6glicht verschiedene Setups.<\/li>\n<li>Langlebig: Hergestellt aus widerstandsf\u00e4higen Materialien.<\/li>\n<li>\n<div class=\"container contentheight\">\n<div class=\"row\">\n<div class=\"col-xs-12 col-sm-9 col-md-9 main-content\">\n<form id=\"oBIZForm_0\" action=\"https:\/\/www.sweet-surprise.nl\/default.asp?pageid=44&amp;lijn=Soft&amp;webgroupfilter=&amp;artdetail=GSLT13\" method=\"post\" name=\"oBIZForm_0\">\n<div class=\"row\">\n<div class=\"col-xxs-12 col-xs-6\">\n<div class=\"artdetaildesc\">Leicht zu reinigen: abwaschbare Oberfl\u00e4che f\u00fcr einfache Wartung.<\/div>\n<\/div>\n<\/div>\n<\/form>\n<\/div>\n<\/div>\n<\/div>\n<\/li>\n<li>\n<div class=\"container contentheight\">\n<div class=\"row\">\n<div class=\"col-xs-12 col-sm-9 col-md-9 main-content\">\n<form id=\"oBIZForm_0\" action=\"https:\/\/www.sweet-surprise.nl\/default.asp?pageid=44&amp;lijn=Base&amp;webgroupfilter=&amp;artdetail=GSLT06\" method=\"post\" name=\"oBIZForm_0\">\n<div class=\"row\">\n<div class=\"col-xxs-12 col-xs-6\">\n<div class=\"artdetaildesc\">\n<p>Material: Schaumstoff \u00fcberzogen mit verst\u00e4rktem PVC.<\/p>\n<\/div>\n<\/div>\n<\/div>\n<div>\n<p><iframe title=\"Agility soft Wall\" width=\"800\" height=\"450\" src=\"https:\/\/www.youtube.com\/embed\/xz4Pppv4Acc?feature=oembed\" frameborder=\"0\" allow=\"accelerometer; autoplay; clipboard-write; encrypted-media; gyroscope; picture-in-picture; web-share\" referrerpolicy=\"strict-origin-when-cross-origin\" allowfullscreen><\/iframe><\/p>\n<\/div>\n<div>Abmessungen: 10-20-30-40-50-60 cm hoch.<\/div>\n<div><\/div>\n<div>\n<p><iframe title=\"NEW Colored Soft Wall by Galican\" width=\"800\" height=\"450\" src=\"https:\/\/www.youtube.com\/embed\/Hq9BqDJ-UDc?start=38&#038;feature=oembed\" frameborder=\"0\" allow=\"accelerometer; autoplay; clipboard-write; encrypted-media; gyroscope; picture-in-picture; web-share\" referrerpolicy=\"strict-origin-when-cross-origin\" allowfullscreen><\/iframe><\/p>\n<\/div>\n<div>Gewicht: 30 kg<\/div>\n<div><\/div>\n<div><\/div>\n<\/form>\n<\/div>\n<\/div>\n<\/div>\n<div class=\"footerarea\"><\/div>\n<div class=\"container contentheight\">\n<div class=\"row\">\n<div class=\"col-xs-12 col-sm-9 col-md-9 main-content\"><\/div>\n<\/div>\n<\/div>\n<div class=\"footerarea\"><\/div>\n<\/li>\n<\/ul>\n","protected":false},"excerpt":{"rendered":"<p>Die SOFT Wall von Galican ist das Original und wurde mit Blick auf maximale Sicherheit f\u00fcr Hunde entwickelt. Komplett aus Schaumstoff gefertigt und mit Segeltuch \u00fcberzogen f\u00fcr gute Wetterbest\u00e4ndigkeit und Abriebschutz.  <\/p>\n","protected":false},"featured_media":29551,"comment_status":"closed","ping_status":"closed","template":"","meta":{"_acf_changed":false},"product_brand":[],"product_cat":[140,150,151,155,158],"product_tag":[],"class_list":{"0":"post-29550","1":"product","2":"type-product","3":"status-publish","4":"has-post-thumbnail","6":"product_cat-beweglichkeit","7":"product_cat-galican","8":"product_cat-hohensprunge","9":"product_cat-wande","10":"product_cat-weich","12":"first","13":"onbackorder","14":"taxable","15":"shipping-taxable","16":"purchasable","17":"product-type-variable"},"acf":[],"yoast_head":"<!-- This site is optimized with the Yoast SEO plugin v27.6 - https:\/\/yoast.com\/product\/yoast-seo-wordpress\/ -->\n<title>Mauern SOFT - Animal Products<\/title>\n<meta name=\"description\" content=\"Die SOFT Wall von Galican ist das Original und wurde mit Blick auf maximale Sicherheit f\u00fcr Hunde entwickelt. Komplett aus Schaumstoff gefertigt und mit Segeltuch \u00fcberzogen f\u00fcr gute Wetterbest\u00e4ndigkeit und Abriebschutz.\" \/>\n<meta name=\"robots\" content=\"index, follow, max-snippet:-1, max-image-preview:large, max-video-preview:-1\" \/>\n<link rel=\"canonical\" href=\"https:\/\/animalproducts.nl\/de\/produkt\/mauern-soft\/\" \/>\n<meta property=\"og:locale\" content=\"de_DE\" \/>\n<meta property=\"og:type\" content=\"article\" \/>\n<meta property=\"og:title\" content=\"Mauern SOFT - Animal Products\" \/>\n<meta property=\"og:description\" content=\"Die SOFT Wall von Galican ist das Original und wurde mit Blick auf maximale Sicherheit f\u00fcr Hunde entwickelt. Komplett aus Schaumstoff gefertigt und mit Segeltuch \u00fcberzogen f\u00fcr gute Wetterbest\u00e4ndigkeit und Abriebschutz.\" \/>\n<meta property=\"og:url\" content=\"https:\/\/animalproducts.nl\/de\/produkt\/mauern-soft\/\" \/>\n<meta property=\"og:site_name\" content=\"Animal Products\" \/>\n<meta property=\"og:image\" content=\"https:\/\/animalproducts.nl\/wp-content\/uploads\/2022\/08\/4401-ficha_btt.png\" \/>\n\t<meta property=\"og:image:width\" content=\"500\" \/>\n\t<meta property=\"og:image:height\" content=\"500\" \/>\n\t<meta property=\"og:image:type\" content=\"image\/png\" \/>\n<meta name=\"twitter:card\" content=\"summary_large_image\" \/>\n<meta name=\"twitter:label1\" content=\"Gesch\u00e4tzte Lesezeit\" \/>\n\t<meta name=\"twitter:data1\" content=\"1\u00a0Minute\" \/>\n<script type=\"application\/ld+json\" class=\"yoast-schema-graph\">{\"@context\":\"https:\\\/\\\/schema.org\",\"@graph\":[{\"@type\":\"WebPage\",\"@id\":\"https:\\\/\\\/animalproducts.nl\\\/de\\\/produkt\\\/mauern-soft\\\/\",\"url\":\"https:\\\/\\\/animalproducts.nl\\\/de\\\/produkt\\\/mauern-soft\\\/\",\"name\":\"Mauern SOFT - Animal Products\",\"isPartOf\":{\"@id\":\"https:\\\/\\\/animalproducts.nl\\\/de\\\/#website\"},\"primaryImageOfPage\":{\"@id\":\"https:\\\/\\\/animalproducts.nl\\\/de\\\/produkt\\\/mauern-soft\\\/#primaryimage\"},\"image\":{\"@id\":\"https:\\\/\\\/animalproducts.nl\\\/de\\\/produkt\\\/mauern-soft\\\/#primaryimage\"},\"thumbnailUrl\":\"https:\\\/\\\/animalproducts.nl\\\/wp-content\\\/uploads\\\/2022\\\/08\\\/4401-ficha_btt.png\",\"datePublished\":\"2022-08-29T18:02:49+00:00\",\"description\":\"Die SOFT Wall von Galican ist das Original und wurde mit Blick auf maximale Sicherheit f\u00fcr Hunde entwickelt. Komplett aus Schaumstoff gefertigt und mit Segeltuch \u00fcberzogen f\u00fcr gute Wetterbest\u00e4ndigkeit und Abriebschutz.\",\"breadcrumb\":{\"@id\":\"https:\\\/\\\/animalproducts.nl\\\/de\\\/produkt\\\/mauern-soft\\\/#breadcrumb\"},\"inLanguage\":\"de\",\"potentialAction\":[{\"@type\":\"ReadAction\",\"target\":[\"https:\\\/\\\/animalproducts.nl\\\/de\\\/produkt\\\/mauern-soft\\\/\"]}]},{\"@type\":\"ImageObject\",\"inLanguage\":\"de\",\"@id\":\"https:\\\/\\\/animalproducts.nl\\\/de\\\/produkt\\\/mauern-soft\\\/#primaryimage\",\"url\":\"https:\\\/\\\/animalproducts.nl\\\/wp-content\\\/uploads\\\/2022\\\/08\\\/4401-ficha_btt.png\",\"contentUrl\":\"https:\\\/\\\/animalproducts.nl\\\/wp-content\\\/uploads\\\/2022\\\/08\\\/4401-ficha_btt.png\",\"width\":500,\"height\":500,\"caption\":\"Mauern SOFT\"},{\"@type\":\"BreadcrumbList\",\"@id\":\"https:\\\/\\\/animalproducts.nl\\\/de\\\/produkt\\\/mauern-soft\\\/#breadcrumb\",\"itemListElement\":[{\"@type\":\"ListItem\",\"position\":1,\"name\":\"Shop\",\"item\":\"https:\\\/\\\/animalproducts.nl\\\/de\\\/heim\\\/\"},{\"@type\":\"ListItem\",\"position\":2,\"name\":\"Shop\",\"item\":\"https:\\\/\\\/animalproducts.nl\\\/de\\\/shop\\\/\"},{\"@type\":\"ListItem\",\"position\":3,\"name\":\"Mauern SOFT\"}]},{\"@type\":\"WebSite\",\"@id\":\"https:\\\/\\\/animalproducts.nl\\\/de\\\/#website\",\"url\":\"https:\\\/\\\/animalproducts.nl\\\/de\\\/\",\"name\":\"Animal Products\",\"description\":\"\",\"publisher\":{\"@id\":\"https:\\\/\\\/animalproducts.nl\\\/de\\\/#organization\"},\"potentialAction\":[{\"@type\":\"SearchAction\",\"target\":{\"@type\":\"EntryPoint\",\"urlTemplate\":\"https:\\\/\\\/animalproducts.nl\\\/de\\\/?s={search_term_string}\"},\"query-input\":{\"@type\":\"PropertyValueSpecification\",\"valueRequired\":true,\"valueName\":\"search_term_string\"}}],\"inLanguage\":\"de\"},{\"@type\":\"Organization\",\"@id\":\"https:\\\/\\\/animalproducts.nl\\\/de\\\/#organization\",\"name\":\"Animal Products\",\"url\":\"https:\\\/\\\/animalproducts.nl\\\/de\\\/\",\"logo\":{\"@type\":\"ImageObject\",\"inLanguage\":\"de\",\"@id\":\"https:\\\/\\\/animalproducts.nl\\\/de\\\/#\\\/schema\\\/logo\\\/image\\\/\",\"url\":\"https:\\\/\\\/animalproducts.nl\\\/wp-content\\\/uploads\\\/2025\\\/07\\\/AnimalProducts-logo-v2-liggend-def-scaled.png\",\"contentUrl\":\"https:\\\/\\\/animalproducts.nl\\\/wp-content\\\/uploads\\\/2025\\\/07\\\/AnimalProducts-logo-v2-liggend-def-scaled.png\",\"width\":2560,\"height\":1266,\"caption\":\"Animal Products\"},\"image\":{\"@id\":\"https:\\\/\\\/animalproducts.nl\\\/de\\\/#\\\/schema\\\/logo\\\/image\\\/\"}}]}<\/script>\n<!-- \/ Yoast SEO plugin. -->","yoast_head_json":{"title":"Mauern SOFT - Animal Products","description":"Die SOFT Wall von Galican ist das Original und wurde mit Blick auf maximale Sicherheit f\u00fcr Hunde entwickelt. Komplett aus Schaumstoff gefertigt und mit Segeltuch \u00fcberzogen f\u00fcr gute Wetterbest\u00e4ndigkeit und Abriebschutz.","robots":{"index":"index","follow":"follow","max-snippet":"max-snippet:-1","max-image-preview":"max-image-preview:large","max-video-preview":"max-video-preview:-1"},"canonical":"https:\/\/animalproducts.nl\/de\/produkt\/mauern-soft\/","og_locale":"de_DE","og_type":"article","og_title":"Mauern SOFT - Animal Products","og_description":"Die SOFT Wall von Galican ist das Original und wurde mit Blick auf maximale Sicherheit f\u00fcr Hunde entwickelt. Komplett aus Schaumstoff gefertigt und mit Segeltuch \u00fcberzogen f\u00fcr gute Wetterbest\u00e4ndigkeit und Abriebschutz.","og_url":"https:\/\/animalproducts.nl\/de\/produkt\/mauern-soft\/","og_site_name":"Animal Products","og_image":[{"width":500,"height":500,"url":"https:\/\/animalproducts.nl\/wp-content\/uploads\/2022\/08\/4401-ficha_btt.png","type":"image\/png"}],"twitter_card":"summary_large_image","twitter_misc":{"Gesch\u00e4tzte Lesezeit":"1\u00a0Minute"},"schema":{"@context":"https:\/\/schema.org","@graph":[{"@type":"WebPage","@id":"https:\/\/animalproducts.nl\/de\/produkt\/mauern-soft\/","url":"https:\/\/animalproducts.nl\/de\/produkt\/mauern-soft\/","name":"Mauern SOFT - Animal Products","isPartOf":{"@id":"https:\/\/animalproducts.nl\/de\/#website"},"primaryImageOfPage":{"@id":"https:\/\/animalproducts.nl\/de\/produkt\/mauern-soft\/#primaryimage"},"image":{"@id":"https:\/\/animalproducts.nl\/de\/produkt\/mauern-soft\/#primaryimage"},"thumbnailUrl":"https:\/\/animalproducts.nl\/wp-content\/uploads\/2022\/08\/4401-ficha_btt.png","datePublished":"2022-08-29T18:02:49+00:00","description":"Die SOFT Wall von Galican ist das Original und wurde mit Blick auf maximale Sicherheit f\u00fcr Hunde entwickelt. Komplett aus Schaumstoff gefertigt und mit Segeltuch \u00fcberzogen f\u00fcr gute Wetterbest\u00e4ndigkeit und Abriebschutz.","breadcrumb":{"@id":"https:\/\/animalproducts.nl\/de\/produkt\/mauern-soft\/#breadcrumb"},"inLanguage":"de","potentialAction":[{"@type":"ReadAction","target":["https:\/\/animalproducts.nl\/de\/produkt\/mauern-soft\/"]}]},{"@type":"ImageObject","inLanguage":"de","@id":"https:\/\/animalproducts.nl\/de\/produkt\/mauern-soft\/#primaryimage","url":"https:\/\/animalproducts.nl\/wp-content\/uploads\/2022\/08\/4401-ficha_btt.png","contentUrl":"https:\/\/animalproducts.nl\/wp-content\/uploads\/2022\/08\/4401-ficha_btt.png","width":500,"height":500,"caption":"Mauern SOFT"},{"@type":"BreadcrumbList","@id":"https:\/\/animalproducts.nl\/de\/produkt\/mauern-soft\/#breadcrumb","itemListElement":[{"@type":"ListItem","position":1,"name":"Shop","item":"https:\/\/animalproducts.nl\/de\/heim\/"},{"@type":"ListItem","position":2,"name":"Shop","item":"https:\/\/animalproducts.nl\/de\/shop\/"},{"@type":"ListItem","position":3,"name":"Mauern SOFT"}]},{"@type":"WebSite","@id":"https:\/\/animalproducts.nl\/de\/#website","url":"https:\/\/animalproducts.nl\/de\/","name":"Animal Products","description":"","publisher":{"@id":"https:\/\/animalproducts.nl\/de\/#organization"},"potentialAction":[{"@type":"SearchAction","target":{"@type":"EntryPoint","urlTemplate":"https:\/\/animalproducts.nl\/de\/?s={search_term_string}"},"query-input":{"@type":"PropertyValueSpecification","valueRequired":true,"valueName":"search_term_string"}}],"inLanguage":"de"},{"@type":"Organization","@id":"https:\/\/animalproducts.nl\/de\/#organization","name":"Animal Products","url":"https:\/\/animalproducts.nl\/de\/","logo":{"@type":"ImageObject","inLanguage":"de","@id":"https:\/\/animalproducts.nl\/de\/#\/schema\/logo\/image\/","url":"https:\/\/animalproducts.nl\/wp-content\/uploads\/2025\/07\/AnimalProducts-logo-v2-liggend-def-scaled.png","contentUrl":"https:\/\/animalproducts.nl\/wp-content\/uploads\/2025\/07\/AnimalProducts-logo-v2-liggend-def-scaled.png","width":2560,"height":1266,"caption":"Animal Products"},"image":{"@id":"https:\/\/animalproducts.nl\/de\/#\/schema\/logo\/image\/"}}]}},"_links":{"self":[{"href":"https:\/\/animalproducts.nl\/de\/wp-json\/wp\/v2\/product\/29550","targetHints":{"allow":["GET"]}}],"collection":[{"href":"https:\/\/animalproducts.nl\/de\/wp-json\/wp\/v2\/product"}],"about":[{"href":"https:\/\/animalproducts.nl\/de\/wp-json\/wp\/v2\/types\/product"}],"replies":[{"embeddable":true,"href":"https:\/\/animalproducts.nl\/de\/wp-json\/wp\/v2\/comments?post=29550"}],"wp:featuredmedia":[{"embeddable":true,"href":"https:\/\/animalproducts.nl\/de\/wp-json\/wp\/v2\/media\/29551"}],"wp:attachment":[{"href":"https:\/\/animalproducts.nl\/de\/wp-json\/wp\/v2\/media?parent=29550"}],"wp:term":[{"taxonomy":"product_brand","embeddable":true,"href":"https:\/\/animalproducts.nl\/de\/wp-json\/wp\/v2\/product_brand?post=29550"},{"taxonomy":"product_cat","embeddable":true,"href":"https:\/\/animalproducts.nl\/de\/wp-json\/wp\/v2\/product_cat?post=29550"},{"taxonomy":"product_tag","embeddable":true,"href":"https:\/\/animalproducts.nl\/de\/wp-json\/wp\/v2\/product_tag?post=29550"}],"curies":[{"name":"wp","href":"https:\/\/api.w.org\/{rel}","templated":true}]}}