{"id":29461,"date":"2022-08-22T22:09:39","date_gmt":"2022-08-22T20:09:39","guid":{"rendered":"https:\/\/animalproducts.nl\/product\/lite-wippe-2-0\/"},"modified":"2022-08-22T22:09:39","modified_gmt":"2022-08-22T20:09:39","slug":"lite-wippe-2-0","status":"publish","type":"product","link":"https:\/\/animalproducts.nl\/de\/produkt\/lite-wippe-2-0\/","title":{"rendered":"LITE Wippe 2.0"},"content":{"rendered":"<p>Die LITE Wippe 2.0 bietet eine einfache, robuste L\u00f6sung f\u00fcr Agilitytraining. Mit 5 verstellbaren H\u00f6hen, rutschfester Oberfl\u00e4che und langlebigen Materialien ist sie ideal f\u00fcr h\u00e4ufige Nutzung. W\u00e4hle aus verschiedenen Farben und passe das Hindernis individuell an. Wetterfest und pflegeleicht, perfekt f\u00fcr den Au\u00dfeneinsatz. <\/p>\n<p><strong>Produktmerkmale:<\/strong><\/p>\n<ul>\n<li>Optimierte Stabilit\u00e4t dank neuem Standfu\u00df und zus\u00e4tzlicher Ablage f\u00fcr Gewichtss\u00e4cke<\/li>\n<li>Rutschfeste Oberfl\u00e4che f\u00fcr mehr Sicherheit bei jeder Nutzung<\/li>\n<li>Langlebige Materialien, die intensive Nutzung und Wettereinfl\u00fcsse problemlos \u00fcberstehen<\/li>\n<li>H\u00f6henverstellbar: 5 verschiedene H\u00f6hen<\/li>\n<li>Die LITEWippe 2.0 ist gem\u00e4\u00df den FCI-Normen<\/li>\n<li>Gewicht: 30 kg<\/li>\n<\/ul>\n","protected":false},"excerpt":{"rendered":"<p>Die LITE Wippe 2.0 bietet eine einfache, robuste L\u00f6sung f\u00fcr Agilitytraining. Mit 5 verstellbaren H\u00f6hen, rutschfester Oberfl\u00e4che und langlebigen Materialien ist sie ideal f\u00fcr h\u00e4ufige Nutzung. W\u00e4hle aus verschiedenen Farben und passe das Hindernis individuell an. Wetterfest und pflegeleicht, perfekt f\u00fcr den Au\u00dfeneinsatz. <\/p>\n","protected":false},"featured_media":29462,"comment_status":"closed","ping_status":"closed","template":"","meta":{"_acf_changed":false},"product_brand":[],"product_cat":[146,140,150,154,166],"product_tag":[],"class_list":{"0":"post-29461","1":"product","2":"type-product","3":"status-publish","4":"has-post-thumbnail","6":"product_cat-wippe","7":"product_cat-beweglichkeit","8":"product_cat-galican","9":"product_cat-lite","10":"product_cat-schnittstellen","12":"first","13":"onbackorder","14":"taxable","15":"shipping-taxable","16":"purchasable","17":"product-type-variable"},"acf":[],"yoast_head":"<!-- This site is optimized with the Yoast SEO plugin v27.6 - https:\/\/yoast.com\/product\/yoast-seo-wordpress\/ -->\n<title>LITE Wippe 2.0 - Animal Products<\/title>\n<meta name=\"description\" content=\"Die LITE Wippe 2.0 bietet eine einfache, robuste L\u00f6sung f\u00fcr Agilitytraining. Mit 5 verstellbaren H\u00f6hen, rutschfester Oberfl\u00e4che und langlebigen Materialien ist sie ideal f\u00fcr h\u00e4ufige Nutzung. W\u00e4hle aus verschiedenen Farben und passe das Hindernis individuell an. Wetterfest und pflegeleicht, perfekt f\u00fcr den Au\u00dfeneinsatz.\" \/>\n<meta name=\"robots\" content=\"index, follow, max-snippet:-1, max-image-preview:large, max-video-preview:-1\" \/>\n<link rel=\"canonical\" href=\"https:\/\/animalproducts.nl\/de\/produkt\/lite-wippe-2-0\/\" \/>\n<meta property=\"og:locale\" content=\"de_DE\" \/>\n<meta property=\"og:type\" content=\"article\" \/>\n<meta property=\"og:title\" content=\"LITE Wippe 2.0 - Animal Products\" \/>\n<meta property=\"og:description\" content=\"Die LITE Wippe 2.0 bietet eine einfache, robuste L\u00f6sung f\u00fcr Agilitytraining. Mit 5 verstellbaren H\u00f6hen, rutschfester Oberfl\u00e4che und langlebigen Materialien ist sie ideal f\u00fcr h\u00e4ufige Nutzung. W\u00e4hle aus verschiedenen Farben und passe das Hindernis individuell an. Wetterfest und pflegeleicht, perfekt f\u00fcr den Au\u00dfeneinsatz.\" \/>\n<meta property=\"og:url\" content=\"https:\/\/animalproducts.nl\/de\/produkt\/lite-wippe-2-0\/\" \/>\n<meta property=\"og:site_name\" content=\"Animal Products\" \/>\n<meta property=\"og:image\" content=\"https:\/\/animalproducts.nl\/wp-content\/uploads\/2022\/08\/4318-ficha_btt.png\" \/>\n\t<meta property=\"og:image:width\" content=\"500\" \/>\n\t<meta property=\"og:image:height\" content=\"500\" \/>\n\t<meta property=\"og:image:type\" content=\"image\/png\" \/>\n<meta name=\"twitter:card\" content=\"summary_large_image\" \/>\n<script type=\"application\/ld+json\" class=\"yoast-schema-graph\">{\"@context\":\"https:\\\/\\\/schema.org\",\"@graph\":[{\"@type\":\"WebPage\",\"@id\":\"https:\\\/\\\/animalproducts.nl\\\/de\\\/produkt\\\/lite-wippe-2-0\\\/\",\"url\":\"https:\\\/\\\/animalproducts.nl\\\/de\\\/produkt\\\/lite-wippe-2-0\\\/\",\"name\":\"LITE Wippe 2.0 - Animal Products\",\"isPartOf\":{\"@id\":\"https:\\\/\\\/animalproducts.nl\\\/de\\\/#website\"},\"primaryImageOfPage\":{\"@id\":\"https:\\\/\\\/animalproducts.nl\\\/de\\\/produkt\\\/lite-wippe-2-0\\\/#primaryimage\"},\"image\":{\"@id\":\"https:\\\/\\\/animalproducts.nl\\\/de\\\/produkt\\\/lite-wippe-2-0\\\/#primaryimage\"},\"thumbnailUrl\":\"https:\\\/\\\/animalproducts.nl\\\/wp-content\\\/uploads\\\/2022\\\/08\\\/4318-ficha_btt.png\",\"datePublished\":\"2022-08-22T20:09:39+00:00\",\"description\":\"Die LITE Wippe 2.0 bietet eine einfache, robuste L\u00f6sung f\u00fcr Agilitytraining. Mit 5 verstellbaren H\u00f6hen, rutschfester Oberfl\u00e4che und langlebigen Materialien ist sie ideal f\u00fcr h\u00e4ufige Nutzung. W\u00e4hle aus verschiedenen Farben und passe das Hindernis individuell an. Wetterfest und pflegeleicht, perfekt f\u00fcr den Au\u00dfeneinsatz.\",\"breadcrumb\":{\"@id\":\"https:\\\/\\\/animalproducts.nl\\\/de\\\/produkt\\\/lite-wippe-2-0\\\/#breadcrumb\"},\"inLanguage\":\"de\",\"potentialAction\":[{\"@type\":\"ReadAction\",\"target\":[\"https:\\\/\\\/animalproducts.nl\\\/de\\\/produkt\\\/lite-wippe-2-0\\\/\"]}]},{\"@type\":\"ImageObject\",\"inLanguage\":\"de\",\"@id\":\"https:\\\/\\\/animalproducts.nl\\\/de\\\/produkt\\\/lite-wippe-2-0\\\/#primaryimage\",\"url\":\"https:\\\/\\\/animalproducts.nl\\\/wp-content\\\/uploads\\\/2022\\\/08\\\/4318-ficha_btt.png\",\"contentUrl\":\"https:\\\/\\\/animalproducts.nl\\\/wp-content\\\/uploads\\\/2022\\\/08\\\/4318-ficha_btt.png\",\"width\":500,\"height\":500,\"caption\":\"LITE Wippe 2.0\"},{\"@type\":\"BreadcrumbList\",\"@id\":\"https:\\\/\\\/animalproducts.nl\\\/de\\\/produkt\\\/lite-wippe-2-0\\\/#breadcrumb\",\"itemListElement\":[{\"@type\":\"ListItem\",\"position\":1,\"name\":\"Shop\",\"item\":\"https:\\\/\\\/animalproducts.nl\\\/de\\\/heim\\\/\"},{\"@type\":\"ListItem\",\"position\":2,\"name\":\"Shop\",\"item\":\"https:\\\/\\\/animalproducts.nl\\\/de\\\/shop\\\/\"},{\"@type\":\"ListItem\",\"position\":3,\"name\":\"LITE Wippe 2.0\"}]},{\"@type\":\"WebSite\",\"@id\":\"https:\\\/\\\/animalproducts.nl\\\/de\\\/#website\",\"url\":\"https:\\\/\\\/animalproducts.nl\\\/de\\\/\",\"name\":\"Animal Products\",\"description\":\"\",\"publisher\":{\"@id\":\"https:\\\/\\\/animalproducts.nl\\\/de\\\/#organization\"},\"potentialAction\":[{\"@type\":\"SearchAction\",\"target\":{\"@type\":\"EntryPoint\",\"urlTemplate\":\"https:\\\/\\\/animalproducts.nl\\\/de\\\/?s={search_term_string}\"},\"query-input\":{\"@type\":\"PropertyValueSpecification\",\"valueRequired\":true,\"valueName\":\"search_term_string\"}}],\"inLanguage\":\"de\"},{\"@type\":\"Organization\",\"@id\":\"https:\\\/\\\/animalproducts.nl\\\/de\\\/#organization\",\"name\":\"Animal Products\",\"url\":\"https:\\\/\\\/animalproducts.nl\\\/de\\\/\",\"logo\":{\"@type\":\"ImageObject\",\"inLanguage\":\"de\",\"@id\":\"https:\\\/\\\/animalproducts.nl\\\/de\\\/#\\\/schema\\\/logo\\\/image\\\/\",\"url\":\"https:\\\/\\\/animalproducts.nl\\\/wp-content\\\/uploads\\\/2025\\\/07\\\/AnimalProducts-logo-v2-liggend-def-scaled.png\",\"contentUrl\":\"https:\\\/\\\/animalproducts.nl\\\/wp-content\\\/uploads\\\/2025\\\/07\\\/AnimalProducts-logo-v2-liggend-def-scaled.png\",\"width\":2560,\"height\":1266,\"caption\":\"Animal Products\"},\"image\":{\"@id\":\"https:\\\/\\\/animalproducts.nl\\\/de\\\/#\\\/schema\\\/logo\\\/image\\\/\"}}]}<\/script>\n<!-- \/ Yoast SEO plugin. -->","yoast_head_json":{"title":"LITE Wippe 2.0 - Animal Products","description":"Die LITE Wippe 2.0 bietet eine einfache, robuste L\u00f6sung f\u00fcr Agilitytraining. Mit 5 verstellbaren H\u00f6hen, rutschfester Oberfl\u00e4che und langlebigen Materialien ist sie ideal f\u00fcr h\u00e4ufige Nutzung. W\u00e4hle aus verschiedenen Farben und passe das Hindernis individuell an. Wetterfest und pflegeleicht, perfekt f\u00fcr den Au\u00dfeneinsatz.","robots":{"index":"index","follow":"follow","max-snippet":"max-snippet:-1","max-image-preview":"max-image-preview:large","max-video-preview":"max-video-preview:-1"},"canonical":"https:\/\/animalproducts.nl\/de\/produkt\/lite-wippe-2-0\/","og_locale":"de_DE","og_type":"article","og_title":"LITE Wippe 2.0 - Animal Products","og_description":"Die LITE Wippe 2.0 bietet eine einfache, robuste L\u00f6sung f\u00fcr Agilitytraining. Mit 5 verstellbaren H\u00f6hen, rutschfester Oberfl\u00e4che und langlebigen Materialien ist sie ideal f\u00fcr h\u00e4ufige Nutzung. W\u00e4hle aus verschiedenen Farben und passe das Hindernis individuell an. Wetterfest und pflegeleicht, perfekt f\u00fcr den Au\u00dfeneinsatz.","og_url":"https:\/\/animalproducts.nl\/de\/produkt\/lite-wippe-2-0\/","og_site_name":"Animal Products","og_image":[{"width":500,"height":500,"url":"https:\/\/animalproducts.nl\/wp-content\/uploads\/2022\/08\/4318-ficha_btt.png","type":"image\/png"}],"twitter_card":"summary_large_image","schema":{"@context":"https:\/\/schema.org","@graph":[{"@type":"WebPage","@id":"https:\/\/animalproducts.nl\/de\/produkt\/lite-wippe-2-0\/","url":"https:\/\/animalproducts.nl\/de\/produkt\/lite-wippe-2-0\/","name":"LITE Wippe 2.0 - Animal Products","isPartOf":{"@id":"https:\/\/animalproducts.nl\/de\/#website"},"primaryImageOfPage":{"@id":"https:\/\/animalproducts.nl\/de\/produkt\/lite-wippe-2-0\/#primaryimage"},"image":{"@id":"https:\/\/animalproducts.nl\/de\/produkt\/lite-wippe-2-0\/#primaryimage"},"thumbnailUrl":"https:\/\/animalproducts.nl\/wp-content\/uploads\/2022\/08\/4318-ficha_btt.png","datePublished":"2022-08-22T20:09:39+00:00","description":"Die LITE Wippe 2.0 bietet eine einfache, robuste L\u00f6sung f\u00fcr Agilitytraining. Mit 5 verstellbaren H\u00f6hen, rutschfester Oberfl\u00e4che und langlebigen Materialien ist sie ideal f\u00fcr h\u00e4ufige Nutzung. W\u00e4hle aus verschiedenen Farben und passe das Hindernis individuell an. Wetterfest und pflegeleicht, perfekt f\u00fcr den Au\u00dfeneinsatz.","breadcrumb":{"@id":"https:\/\/animalproducts.nl\/de\/produkt\/lite-wippe-2-0\/#breadcrumb"},"inLanguage":"de","potentialAction":[{"@type":"ReadAction","target":["https:\/\/animalproducts.nl\/de\/produkt\/lite-wippe-2-0\/"]}]},{"@type":"ImageObject","inLanguage":"de","@id":"https:\/\/animalproducts.nl\/de\/produkt\/lite-wippe-2-0\/#primaryimage","url":"https:\/\/animalproducts.nl\/wp-content\/uploads\/2022\/08\/4318-ficha_btt.png","contentUrl":"https:\/\/animalproducts.nl\/wp-content\/uploads\/2022\/08\/4318-ficha_btt.png","width":500,"height":500,"caption":"LITE Wippe 2.0"},{"@type":"BreadcrumbList","@id":"https:\/\/animalproducts.nl\/de\/produkt\/lite-wippe-2-0\/#breadcrumb","itemListElement":[{"@type":"ListItem","position":1,"name":"Shop","item":"https:\/\/animalproducts.nl\/de\/heim\/"},{"@type":"ListItem","position":2,"name":"Shop","item":"https:\/\/animalproducts.nl\/de\/shop\/"},{"@type":"ListItem","position":3,"name":"LITE Wippe 2.0"}]},{"@type":"WebSite","@id":"https:\/\/animalproducts.nl\/de\/#website","url":"https:\/\/animalproducts.nl\/de\/","name":"Animal Products","description":"","publisher":{"@id":"https:\/\/animalproducts.nl\/de\/#organization"},"potentialAction":[{"@type":"SearchAction","target":{"@type":"EntryPoint","urlTemplate":"https:\/\/animalproducts.nl\/de\/?s={search_term_string}"},"query-input":{"@type":"PropertyValueSpecification","valueRequired":true,"valueName":"search_term_string"}}],"inLanguage":"de"},{"@type":"Organization","@id":"https:\/\/animalproducts.nl\/de\/#organization","name":"Animal Products","url":"https:\/\/animalproducts.nl\/de\/","logo":{"@type":"ImageObject","inLanguage":"de","@id":"https:\/\/animalproducts.nl\/de\/#\/schema\/logo\/image\/","url":"https:\/\/animalproducts.nl\/wp-content\/uploads\/2025\/07\/AnimalProducts-logo-v2-liggend-def-scaled.png","contentUrl":"https:\/\/animalproducts.nl\/wp-content\/uploads\/2025\/07\/AnimalProducts-logo-v2-liggend-def-scaled.png","width":2560,"height":1266,"caption":"Animal Products"},"image":{"@id":"https:\/\/animalproducts.nl\/de\/#\/schema\/logo\/image\/"}}]}},"_links":{"self":[{"href":"https:\/\/animalproducts.nl\/de\/wp-json\/wp\/v2\/product\/29461","targetHints":{"allow":["GET"]}}],"collection":[{"href":"https:\/\/animalproducts.nl\/de\/wp-json\/wp\/v2\/product"}],"about":[{"href":"https:\/\/animalproducts.nl\/de\/wp-json\/wp\/v2\/types\/product"}],"replies":[{"embeddable":true,"href":"https:\/\/animalproducts.nl\/de\/wp-json\/wp\/v2\/comments?post=29461"}],"wp:featuredmedia":[{"embeddable":true,"href":"https:\/\/animalproducts.nl\/de\/wp-json\/wp\/v2\/media\/29462"}],"wp:attachment":[{"href":"https:\/\/animalproducts.nl\/de\/wp-json\/wp\/v2\/media?parent=29461"}],"wp:term":[{"taxonomy":"product_brand","embeddable":true,"href":"https:\/\/animalproducts.nl\/de\/wp-json\/wp\/v2\/product_brand?post=29461"},{"taxonomy":"product_cat","embeddable":true,"href":"https:\/\/animalproducts.nl\/de\/wp-json\/wp\/v2\/product_cat?post=29461"},{"taxonomy":"product_tag","embeddable":true,"href":"https:\/\/animalproducts.nl\/de\/wp-json\/wp\/v2\/product_tag?post=29461"}],"curies":[{"name":"wp","href":"https:\/\/api.w.org\/{rel}","templated":true}]}}