{"id":29430,"date":"2022-08-22T21:20:31","date_gmt":"2022-08-22T19:20:31","guid":{"rendered":"https:\/\/animalproducts.nl\/product\/lite-steg-2-0\/"},"modified":"2022-08-22T21:20:31","modified_gmt":"2022-08-22T19:20:31","slug":"lite-steg-2-0","status":"publish","type":"product","link":"https:\/\/animalproducts.nl\/de\/produkt\/lite-steg-2-0\/","title":{"rendered":"LITE Steg 2.0"},"content":{"rendered":"<p>Der LITE Steg 2.0 von Galican bietet Stabilit\u00e4t, Sicherheit und eine rutschfeste Oberfl\u00e4che. H\u00f6henverstellbar und in verschiedenen Farben erh\u00e4ltlich, erf\u00fcllt er alle FCI-Vorgaben und ist ideal f\u00fcr Agility-Training und Wettk\u00e4mpfe.   <\/p>\n<p><strong>Hauptvorteile:<\/strong><\/p>\n<ul>\n<li>Rutschfeste Oberfl\u00e4che: Die neue Oberfl\u00e4che mit verbessertem Grip sorgt f\u00fcr sicheren Halt, auch bei N\u00e4sse.<\/li>\n<li>Material: Robustes Aluminium f\u00fcr lange Haltbarkeit.<\/li>\n<li>Stabilit\u00e4t: Bietet herausragende Standfestigkeit auf allen Untergr\u00fcnden.<\/li>\n<li>Einfacher Aufbau: Neue, sicherere Scharniere erm\u00f6glichen eine schnelle und unkomplizierte Montage.<\/li>\n<li>Schonend f\u00fcr Kunstrasen: Der Schutz an den F\u00fc\u00dfen der Basisstruktur sch\u00fctzt deinen Kunstrasenplatz.<\/li>\n<li>Die h\u00f6henverstellbare Konstruktion sorgt f\u00fcr vielseitige Einsatzm\u00f6glichkeiten<\/li>\n<li>Das Hindernis erf\u00fcllt alle FCI-Vorgaben.<\/li>\n<li>Abmessungen: Breite: 30 cm<\/li>\n<li>H\u00f6hen: 4 verstellbare H\u00f6hen (123 cm, 100 cm, 80 cm, 60 cm)<\/li>\n<li>Gewicht: 69 kg<\/li>\n<\/ul>\n","protected":false},"excerpt":{"rendered":"<p>Der LITE Steg 2.0 von Galican bietet Stabilit\u00e4t, Sicherheit und eine rutschfeste Oberfl\u00e4che. H\u00f6henverstellbar und in verschiedenen Farben erh\u00e4ltlich, erf\u00fcllt er alle FCI-Vorgaben und ist ideal f\u00fcr Agility-Training und Wettk\u00e4mpfe.   <\/p>\n","protected":false},"featured_media":29431,"comment_status":"closed","ping_status":"closed","template":"","meta":{"_acf_changed":false},"product_brand":[],"product_cat":[140,150,153,154,166],"product_tag":[],"class_list":{"0":"post-29430","1":"product","2":"type-product","3":"status-publish","4":"has-post-thumbnail","6":"product_cat-beweglichkeit","7":"product_cat-galican","8":"product_cat-katze-lauft","9":"product_cat-lite","10":"product_cat-schnittstellen","12":"first","13":"onbackorder","14":"taxable","15":"shipping-taxable","16":"purchasable","17":"product-type-variable"},"acf":[],"yoast_head":"<!-- This site is optimized with the Yoast SEO plugin v27.6 - https:\/\/yoast.com\/product\/yoast-seo-wordpress\/ -->\n<title>LITE Steg 2.0 - Animal Products<\/title>\n<meta name=\"description\" content=\"Der LITE Steg 2.0 von Galican bietet Stabilit\u00e4t, Sicherheit und eine rutschfeste Oberfl\u00e4che.\" \/>\n<meta name=\"robots\" content=\"index, follow, max-snippet:-1, max-image-preview:large, max-video-preview:-1\" \/>\n<link rel=\"canonical\" href=\"https:\/\/animalproducts.nl\/de\/produkt\/lite-steg-2-0\/\" \/>\n<meta property=\"og:locale\" content=\"de_DE\" \/>\n<meta property=\"og:type\" content=\"article\" \/>\n<meta property=\"og:title\" content=\"LITE Steg 2.0 - Animal Products\" \/>\n<meta property=\"og:description\" content=\"Der LITE Steg 2.0 von Galican bietet Stabilit\u00e4t, Sicherheit und eine rutschfeste Oberfl\u00e4che.\" \/>\n<meta property=\"og:url\" content=\"https:\/\/animalproducts.nl\/de\/produkt\/lite-steg-2-0\/\" \/>\n<meta property=\"og:site_name\" content=\"Animal Products\" \/>\n<meta property=\"og:image\" content=\"https:\/\/animalproducts.nl\/wp-content\/uploads\/2022\/08\/4312-ficha_btt.png\" \/>\n\t<meta property=\"og:image:width\" content=\"500\" \/>\n\t<meta property=\"og:image:height\" content=\"500\" \/>\n\t<meta property=\"og:image:type\" content=\"image\/png\" \/>\n<meta name=\"twitter:card\" content=\"summary_large_image\" \/>\n<meta name=\"twitter:label1\" content=\"Gesch\u00e4tzte Lesezeit\" \/>\n\t<meta name=\"twitter:data1\" content=\"1\u00a0Minute\" \/>\n<script type=\"application\/ld+json\" class=\"yoast-schema-graph\">{\"@context\":\"https:\\\/\\\/schema.org\",\"@graph\":[{\"@type\":\"WebPage\",\"@id\":\"https:\\\/\\\/animalproducts.nl\\\/de\\\/produkt\\\/lite-steg-2-0\\\/\",\"url\":\"https:\\\/\\\/animalproducts.nl\\\/de\\\/produkt\\\/lite-steg-2-0\\\/\",\"name\":\"LITE Steg 2.0 - Animal Products\",\"isPartOf\":{\"@id\":\"https:\\\/\\\/animalproducts.nl\\\/de\\\/#website\"},\"primaryImageOfPage\":{\"@id\":\"https:\\\/\\\/animalproducts.nl\\\/de\\\/produkt\\\/lite-steg-2-0\\\/#primaryimage\"},\"image\":{\"@id\":\"https:\\\/\\\/animalproducts.nl\\\/de\\\/produkt\\\/lite-steg-2-0\\\/#primaryimage\"},\"thumbnailUrl\":\"https:\\\/\\\/animalproducts.nl\\\/wp-content\\\/uploads\\\/2022\\\/08\\\/4312-ficha_btt.png\",\"datePublished\":\"2022-08-22T19:20:31+00:00\",\"description\":\"Der LITE Steg 2.0 von Galican bietet Stabilit\u00e4t, Sicherheit und eine rutschfeste Oberfl\u00e4che.\",\"breadcrumb\":{\"@id\":\"https:\\\/\\\/animalproducts.nl\\\/de\\\/produkt\\\/lite-steg-2-0\\\/#breadcrumb\"},\"inLanguage\":\"de\",\"potentialAction\":[{\"@type\":\"ReadAction\",\"target\":[\"https:\\\/\\\/animalproducts.nl\\\/de\\\/produkt\\\/lite-steg-2-0\\\/\"]}]},{\"@type\":\"ImageObject\",\"inLanguage\":\"de\",\"@id\":\"https:\\\/\\\/animalproducts.nl\\\/de\\\/produkt\\\/lite-steg-2-0\\\/#primaryimage\",\"url\":\"https:\\\/\\\/animalproducts.nl\\\/wp-content\\\/uploads\\\/2022\\\/08\\\/4312-ficha_btt.png\",\"contentUrl\":\"https:\\\/\\\/animalproducts.nl\\\/wp-content\\\/uploads\\\/2022\\\/08\\\/4312-ficha_btt.png\",\"width\":500,\"height\":500,\"caption\":\"LITE Steg 2.0\"},{\"@type\":\"BreadcrumbList\",\"@id\":\"https:\\\/\\\/animalproducts.nl\\\/de\\\/produkt\\\/lite-steg-2-0\\\/#breadcrumb\",\"itemListElement\":[{\"@type\":\"ListItem\",\"position\":1,\"name\":\"Shop\",\"item\":\"https:\\\/\\\/animalproducts.nl\\\/de\\\/heim\\\/\"},{\"@type\":\"ListItem\",\"position\":2,\"name\":\"Shop\",\"item\":\"https:\\\/\\\/animalproducts.nl\\\/de\\\/shop\\\/\"},{\"@type\":\"ListItem\",\"position\":3,\"name\":\"LITE Steg 2.0\"}]},{\"@type\":\"WebSite\",\"@id\":\"https:\\\/\\\/animalproducts.nl\\\/de\\\/#website\",\"url\":\"https:\\\/\\\/animalproducts.nl\\\/de\\\/\",\"name\":\"Animal Products\",\"description\":\"\",\"publisher\":{\"@id\":\"https:\\\/\\\/animalproducts.nl\\\/de\\\/#organization\"},\"potentialAction\":[{\"@type\":\"SearchAction\",\"target\":{\"@type\":\"EntryPoint\",\"urlTemplate\":\"https:\\\/\\\/animalproducts.nl\\\/de\\\/?s={search_term_string}\"},\"query-input\":{\"@type\":\"PropertyValueSpecification\",\"valueRequired\":true,\"valueName\":\"search_term_string\"}}],\"inLanguage\":\"de\"},{\"@type\":\"Organization\",\"@id\":\"https:\\\/\\\/animalproducts.nl\\\/de\\\/#organization\",\"name\":\"Animal Products\",\"url\":\"https:\\\/\\\/animalproducts.nl\\\/de\\\/\",\"logo\":{\"@type\":\"ImageObject\",\"inLanguage\":\"de\",\"@id\":\"https:\\\/\\\/animalproducts.nl\\\/de\\\/#\\\/schema\\\/logo\\\/image\\\/\",\"url\":\"https:\\\/\\\/animalproducts.nl\\\/wp-content\\\/uploads\\\/2025\\\/07\\\/AnimalProducts-logo-v2-liggend-def-scaled.png\",\"contentUrl\":\"https:\\\/\\\/animalproducts.nl\\\/wp-content\\\/uploads\\\/2025\\\/07\\\/AnimalProducts-logo-v2-liggend-def-scaled.png\",\"width\":2560,\"height\":1266,\"caption\":\"Animal Products\"},\"image\":{\"@id\":\"https:\\\/\\\/animalproducts.nl\\\/de\\\/#\\\/schema\\\/logo\\\/image\\\/\"}}]}<\/script>\n<!-- \/ Yoast SEO plugin. -->","yoast_head_json":{"title":"LITE Steg 2.0 - Animal Products","description":"Der LITE Steg 2.0 von Galican bietet Stabilit\u00e4t, Sicherheit und eine rutschfeste Oberfl\u00e4che.","robots":{"index":"index","follow":"follow","max-snippet":"max-snippet:-1","max-image-preview":"max-image-preview:large","max-video-preview":"max-video-preview:-1"},"canonical":"https:\/\/animalproducts.nl\/de\/produkt\/lite-steg-2-0\/","og_locale":"de_DE","og_type":"article","og_title":"LITE Steg 2.0 - Animal Products","og_description":"Der LITE Steg 2.0 von Galican bietet Stabilit\u00e4t, Sicherheit und eine rutschfeste Oberfl\u00e4che.","og_url":"https:\/\/animalproducts.nl\/de\/produkt\/lite-steg-2-0\/","og_site_name":"Animal Products","og_image":[{"width":500,"height":500,"url":"https:\/\/animalproducts.nl\/wp-content\/uploads\/2022\/08\/4312-ficha_btt.png","type":"image\/png"}],"twitter_card":"summary_large_image","twitter_misc":{"Gesch\u00e4tzte Lesezeit":"1\u00a0Minute"},"schema":{"@context":"https:\/\/schema.org","@graph":[{"@type":"WebPage","@id":"https:\/\/animalproducts.nl\/de\/produkt\/lite-steg-2-0\/","url":"https:\/\/animalproducts.nl\/de\/produkt\/lite-steg-2-0\/","name":"LITE Steg 2.0 - Animal Products","isPartOf":{"@id":"https:\/\/animalproducts.nl\/de\/#website"},"primaryImageOfPage":{"@id":"https:\/\/animalproducts.nl\/de\/produkt\/lite-steg-2-0\/#primaryimage"},"image":{"@id":"https:\/\/animalproducts.nl\/de\/produkt\/lite-steg-2-0\/#primaryimage"},"thumbnailUrl":"https:\/\/animalproducts.nl\/wp-content\/uploads\/2022\/08\/4312-ficha_btt.png","datePublished":"2022-08-22T19:20:31+00:00","description":"Der LITE Steg 2.0 von Galican bietet Stabilit\u00e4t, Sicherheit und eine rutschfeste Oberfl\u00e4che.","breadcrumb":{"@id":"https:\/\/animalproducts.nl\/de\/produkt\/lite-steg-2-0\/#breadcrumb"},"inLanguage":"de","potentialAction":[{"@type":"ReadAction","target":["https:\/\/animalproducts.nl\/de\/produkt\/lite-steg-2-0\/"]}]},{"@type":"ImageObject","inLanguage":"de","@id":"https:\/\/animalproducts.nl\/de\/produkt\/lite-steg-2-0\/#primaryimage","url":"https:\/\/animalproducts.nl\/wp-content\/uploads\/2022\/08\/4312-ficha_btt.png","contentUrl":"https:\/\/animalproducts.nl\/wp-content\/uploads\/2022\/08\/4312-ficha_btt.png","width":500,"height":500,"caption":"LITE Steg 2.0"},{"@type":"BreadcrumbList","@id":"https:\/\/animalproducts.nl\/de\/produkt\/lite-steg-2-0\/#breadcrumb","itemListElement":[{"@type":"ListItem","position":1,"name":"Shop","item":"https:\/\/animalproducts.nl\/de\/heim\/"},{"@type":"ListItem","position":2,"name":"Shop","item":"https:\/\/animalproducts.nl\/de\/shop\/"},{"@type":"ListItem","position":3,"name":"LITE Steg 2.0"}]},{"@type":"WebSite","@id":"https:\/\/animalproducts.nl\/de\/#website","url":"https:\/\/animalproducts.nl\/de\/","name":"Animal Products","description":"","publisher":{"@id":"https:\/\/animalproducts.nl\/de\/#organization"},"potentialAction":[{"@type":"SearchAction","target":{"@type":"EntryPoint","urlTemplate":"https:\/\/animalproducts.nl\/de\/?s={search_term_string}"},"query-input":{"@type":"PropertyValueSpecification","valueRequired":true,"valueName":"search_term_string"}}],"inLanguage":"de"},{"@type":"Organization","@id":"https:\/\/animalproducts.nl\/de\/#organization","name":"Animal Products","url":"https:\/\/animalproducts.nl\/de\/","logo":{"@type":"ImageObject","inLanguage":"de","@id":"https:\/\/animalproducts.nl\/de\/#\/schema\/logo\/image\/","url":"https:\/\/animalproducts.nl\/wp-content\/uploads\/2025\/07\/AnimalProducts-logo-v2-liggend-def-scaled.png","contentUrl":"https:\/\/animalproducts.nl\/wp-content\/uploads\/2025\/07\/AnimalProducts-logo-v2-liggend-def-scaled.png","width":2560,"height":1266,"caption":"Animal Products"},"image":{"@id":"https:\/\/animalproducts.nl\/de\/#\/schema\/logo\/image\/"}}]}},"_links":{"self":[{"href":"https:\/\/animalproducts.nl\/de\/wp-json\/wp\/v2\/product\/29430","targetHints":{"allow":["GET"]}}],"collection":[{"href":"https:\/\/animalproducts.nl\/de\/wp-json\/wp\/v2\/product"}],"about":[{"href":"https:\/\/animalproducts.nl\/de\/wp-json\/wp\/v2\/types\/product"}],"replies":[{"embeddable":true,"href":"https:\/\/animalproducts.nl\/de\/wp-json\/wp\/v2\/comments?post=29430"}],"wp:featuredmedia":[{"embeddable":true,"href":"https:\/\/animalproducts.nl\/de\/wp-json\/wp\/v2\/media\/29431"}],"wp:attachment":[{"href":"https:\/\/animalproducts.nl\/de\/wp-json\/wp\/v2\/media?parent=29430"}],"wp:term":[{"taxonomy":"product_brand","embeddable":true,"href":"https:\/\/animalproducts.nl\/de\/wp-json\/wp\/v2\/product_brand?post=29430"},{"taxonomy":"product_cat","embeddable":true,"href":"https:\/\/animalproducts.nl\/de\/wp-json\/wp\/v2\/product_cat?post=29430"},{"taxonomy":"product_tag","embeddable":true,"href":"https:\/\/animalproducts.nl\/de\/wp-json\/wp\/v2\/product_tag?post=29430"}],"curies":[{"name":"wp","href":"https:\/\/api.w.org\/{rel}","templated":true}]}}