{"id":30246,"date":"2020-10-30T11:24:31","date_gmt":"2020-10-30T10:24:31","guid":{"rendered":"https:\/\/animalproducts.nl\/versandkosten-und-lieferzeit\/"},"modified":"2025-11-24T11:32:29","modified_gmt":"2025-11-24T10:32:29","slug":"versandkosten-und-lieferzeit","status":"publish","type":"page","link":"https:\/\/animalproducts.nl\/de\/versandkosten-und-lieferzeit\/","title":{"rendered":"Versandkosten und Lieferzeit"},"content":{"rendered":"\t\t<div data-elementor-type=\"wp-page\" data-elementor-id=\"30246\" class=\"elementor elementor-30246 elementor-11067\" data-elementor-post-type=\"page\">\n\t\t\t\t<div class=\"elementor-element elementor-element-6d65a15 e-flex e-con-boxed e-con e-parent\" data-id=\"6d65a15\" data-element_type=\"container\" data-e-type=\"container\" data-settings=\"{&quot;background_background&quot;:&quot;classic&quot;}\">\n\t\t\t\t\t<div class=\"e-con-inner\">\n\t\t\t\t<div class=\"elementor-element elementor-element-f4a367c elementor-widget elementor-widget-heading\" data-id=\"f4a367c\" data-element_type=\"widget\" data-e-type=\"widget\" data-widget_type=\"heading.default\">\n\t\t\t\t\t<h1 class=\"elementor-heading-title elementor-size-default\">Versandkosten und Lieferzeit<\/h1>\t\t\t\t<\/div>\n\t\t\t\t<div class=\"elementor-element elementor-element-5efe7f8 elementor-align-center elementor-widget elementor-widget-breadcrumbs\" data-id=\"5efe7f8\" data-element_type=\"widget\" data-e-type=\"widget\" data-widget_type=\"breadcrumbs.default\">\n\t\t\t\t\t<p id=\"breadcrumbs\"><span><span><a href=\"https:\/\/animalproducts.nl\/de\/heim\/\">Shop<\/a><\/span><\/span><\/p>\t\t\t\t<\/div>\n\t\t\t\t\t<\/div>\n\t\t\t\t<\/div>\n\t\t<div class=\"elementor-element elementor-element-643f4b5 e-flex e-con-boxed e-con e-parent\" data-id=\"643f4b5\" data-element_type=\"container\" data-e-type=\"container\">\n\t\t\t\t\t<div class=\"e-con-inner\">\n\t\t<div class=\"elementor-element elementor-element-0bb4903 e-con-full e-flex elementor-invisible e-con e-child\" data-id=\"0bb4903\" data-element_type=\"container\" data-e-type=\"container\" data-settings=\"{&quot;background_background&quot;:&quot;classic&quot;,&quot;animation&quot;:&quot;fadeInRight&quot;,&quot;animation_delay&quot;:300}\">\n\t\t\t\t<div class=\"elementor-element elementor-element-211b7cd elementor-widget elementor-widget-text-editor\" data-id=\"211b7cd\" data-element_type=\"widget\" data-e-type=\"widget\" data-widget_type=\"text-editor.default\">\n\t\t\t\t\t\t\t\t\t<p>Wenn ein Produkt auf Lager ist, k\u00f6nnen wir es innerhalb weniger Tage versenden. Wenn ein Produkt, beispielsweise von Galican, bestellt werden muss, kann es mehrere Wochen dauern. Wir benachrichtigen Sie per E-Mail.  <\/p><p>Die Versandkosten k\u00f6nnen je nach Gr\u00f6\u00dfe Ihrer Bestellung variieren. F\u00fcr eine Sch\u00e4tzung der Versandkosten senden Sie uns bitte eine E-Mail.  <\/p><p>Sie k\u00f6nnen Ihre Bestellung auch in Zundert abholen. Dadurch entfallen die Versandkosten. Kleinere Bestellungen, die in unser Auto passen, k\u00f6nnen wir auch zu einem Rennen mitnehmen. Fragen Sie einfach nach den M\u00f6glichkeiten, falls Ihnen das lieber ist.   <\/p>\t\t\t\t\t\t\t\t<\/div>\n\t\t\t\t<\/div>\n\t\t<div class=\"elementor-element elementor-element-210e302 e-con-full e-flex elementor-invisible e-con e-child\" data-id=\"210e302\" data-element_type=\"container\" data-e-type=\"container\" data-settings=\"{&quot;animation&quot;:&quot;fadeInLeft&quot;,&quot;animation_delay&quot;:200}\">\n\t\t\t\t<div class=\"elementor-element elementor-element-b733775 elementor-widget elementor-widget-image\" data-id=\"b733775\" data-element_type=\"widget\" data-e-type=\"widget\" data-widget_type=\"image.default\">\n\t\t\t\t\t\t\t\t\t\t\t\t\t\t\t<img fetchpriority=\"high\" decoding=\"async\" width=\"2000\" height=\"800\" src=\"https:\/\/animalproducts.nl\/wp-content\/uploads\/2025\/07\/agility-materialen-producten-voor-honden.jpg\" class=\"attachment-full size-full wp-image-29184\" alt=\"\" srcset=\"https:\/\/animalproducts.nl\/wp-content\/uploads\/2025\/07\/agility-materialen-producten-voor-honden.jpg 2000w, https:\/\/animalproducts.nl\/wp-content\/uploads\/2025\/07\/agility-materialen-producten-voor-honden-600x240.jpg 600w, https:\/\/animalproducts.nl\/wp-content\/uploads\/2025\/07\/agility-materialen-producten-voor-honden-300x120.jpg 300w, https:\/\/animalproducts.nl\/wp-content\/uploads\/2025\/07\/agility-materialen-producten-voor-honden-1024x410.jpg 1024w, https:\/\/animalproducts.nl\/wp-content\/uploads\/2025\/07\/agility-materialen-producten-voor-honden-768x307.jpg 768w, https:\/\/animalproducts.nl\/wp-content\/uploads\/2025\/07\/agility-materialen-producten-voor-honden-1536x614.jpg 1536w\" sizes=\"(max-width: 2000px) 100vw, 2000px\" \/>\t\t\t\t\t\t\t\t\t\t\t\t\t\t\t<\/div>\n\t\t\t\t<\/div>\n\t\t\t\t\t<\/div>\n\t\t\t\t<\/div>\n\t\t\t\t<\/div>\n\t\t","protected":false},"excerpt":{"rendered":"<p>Versandkosten und Lieferzeit Wenn ein Produkt auf Lager ist, k\u00f6nnen wir es innerhalb weniger Tage versenden. Wenn ein Produkt, beispielsweise von Galican, bestellt werden muss, kann es mehrere Wochen dauern. Wir benachrichtigen Sie per E-Mail. Die Versandkosten k\u00f6nnen je nach Gr\u00f6\u00dfe Ihrer Bestellung variieren. F\u00fcr eine Sch\u00e4tzung der Versandkosten senden Sie uns bitte eine E-Mail. [&hellip;]<\/p>\n","protected":false},"author":4,"featured_media":0,"parent":0,"menu_order":14,"comment_status":"closed","ping_status":"closed","template":"","meta":{"_acf_changed":false,"footnotes":""},"class_list":["post-30246","page","type-page","status-publish","hentry"],"acf":[],"yoast_head":"<!-- This site is optimized with the Yoast SEO plugin v27.6 - https:\/\/yoast.com\/product\/yoast-seo-wordpress\/ -->\n<title>Versandkosten und Lieferzeit - Animal Products<\/title>\n<meta name=\"robots\" content=\"index, follow, max-snippet:-1, max-image-preview:large, max-video-preview:-1\" \/>\n<link rel=\"canonical\" href=\"https:\/\/animalproducts.nl\/de\/versandkosten-und-lieferzeit\/\" \/>\n<meta property=\"og:locale\" content=\"de_DE\" \/>\n<meta property=\"og:type\" content=\"article\" \/>\n<meta property=\"og:title\" content=\"Versandkosten und Lieferzeit - Animal Products\" \/>\n<meta property=\"og:description\" content=\"Versandkosten und Lieferzeit Wenn ein Produkt auf Lager ist, k\u00f6nnen wir es innerhalb weniger Tage versenden. Wenn ein Produkt, beispielsweise von Galican, bestellt werden muss, kann es mehrere Wochen dauern. Wir benachrichtigen Sie per E-Mail. Die Versandkosten k\u00f6nnen je nach Gr\u00f6\u00dfe Ihrer Bestellung variieren. F\u00fcr eine Sch\u00e4tzung der Versandkosten senden Sie uns bitte eine E-Mail. [&hellip;]\" \/>\n<meta property=\"og:url\" content=\"https:\/\/animalproducts.nl\/de\/versandkosten-und-lieferzeit\/\" \/>\n<meta property=\"og:site_name\" content=\"Animal Products\" \/>\n<meta property=\"article:modified_time\" content=\"2025-11-24T10:32:29+00:00\" \/>\n<meta property=\"og:image\" content=\"https:\/\/animalproducts.nl\/wp-content\/uploads\/2025\/07\/agility-materialen-producten-voor-honden.jpg\" \/>\n\t<meta property=\"og:image:width\" content=\"2000\" \/>\n\t<meta property=\"og:image:height\" content=\"800\" \/>\n\t<meta property=\"og:image:type\" content=\"image\/jpeg\" \/>\n<meta name=\"twitter:card\" content=\"summary_large_image\" \/>\n<meta name=\"twitter:label1\" content=\"Gesch\u00e4tzte Lesezeit\" \/>\n\t<meta name=\"twitter:data1\" content=\"1\u00a0Minute\" \/>\n<script type=\"application\/ld+json\" class=\"yoast-schema-graph\">{\"@context\":\"https:\\\/\\\/schema.org\",\"@graph\":[{\"@type\":\"WebPage\",\"@id\":\"https:\\\/\\\/animalproducts.nl\\\/de\\\/versandkosten-und-lieferzeit\\\/\",\"url\":\"https:\\\/\\\/animalproducts.nl\\\/de\\\/versandkosten-und-lieferzeit\\\/\",\"name\":\"Versandkosten und Lieferzeit - Animal Products\",\"isPartOf\":{\"@id\":\"https:\\\/\\\/animalproducts.nl\\\/de\\\/#website\"},\"primaryImageOfPage\":{\"@id\":\"https:\\\/\\\/animalproducts.nl\\\/de\\\/versandkosten-und-lieferzeit\\\/#primaryimage\"},\"image\":{\"@id\":\"https:\\\/\\\/animalproducts.nl\\\/de\\\/versandkosten-und-lieferzeit\\\/#primaryimage\"},\"thumbnailUrl\":\"https:\\\/\\\/animalproducts.nl\\\/wp-content\\\/uploads\\\/2025\\\/07\\\/agility-materialen-producten-voor-honden.jpg\",\"datePublished\":\"2020-10-30T10:24:31+00:00\",\"dateModified\":\"2025-11-24T10:32:29+00:00\",\"breadcrumb\":{\"@id\":\"https:\\\/\\\/animalproducts.nl\\\/de\\\/versandkosten-und-lieferzeit\\\/#breadcrumb\"},\"inLanguage\":\"de\",\"potentialAction\":[{\"@type\":\"ReadAction\",\"target\":[\"https:\\\/\\\/animalproducts.nl\\\/de\\\/versandkosten-und-lieferzeit\\\/\"]}]},{\"@type\":\"ImageObject\",\"inLanguage\":\"de\",\"@id\":\"https:\\\/\\\/animalproducts.nl\\\/de\\\/versandkosten-und-lieferzeit\\\/#primaryimage\",\"url\":\"https:\\\/\\\/animalproducts.nl\\\/wp-content\\\/uploads\\\/2025\\\/07\\\/agility-materialen-producten-voor-honden.jpg\",\"contentUrl\":\"https:\\\/\\\/animalproducts.nl\\\/wp-content\\\/uploads\\\/2025\\\/07\\\/agility-materialen-producten-voor-honden.jpg\"},{\"@type\":\"BreadcrumbList\",\"@id\":\"https:\\\/\\\/animalproducts.nl\\\/de\\\/versandkosten-und-lieferzeit\\\/#breadcrumb\",\"itemListElement\":[{\"@type\":\"ListItem\",\"position\":1,\"name\":\"Shop\",\"item\":\"https:\\\/\\\/animalproducts.nl\\\/de\\\/heim\\\/\"},{\"@type\":\"ListItem\",\"position\":2,\"name\":\"Versandkosten und Lieferzeit\"}]},{\"@type\":\"WebSite\",\"@id\":\"https:\\\/\\\/animalproducts.nl\\\/de\\\/#website\",\"url\":\"https:\\\/\\\/animalproducts.nl\\\/de\\\/\",\"name\":\"Animal Products\",\"description\":\"\",\"publisher\":{\"@id\":\"https:\\\/\\\/animalproducts.nl\\\/de\\\/#organization\"},\"potentialAction\":[{\"@type\":\"SearchAction\",\"target\":{\"@type\":\"EntryPoint\",\"urlTemplate\":\"https:\\\/\\\/animalproducts.nl\\\/de\\\/?s={search_term_string}\"},\"query-input\":{\"@type\":\"PropertyValueSpecification\",\"valueRequired\":true,\"valueName\":\"search_term_string\"}}],\"inLanguage\":\"de\"},{\"@type\":\"Organization\",\"@id\":\"https:\\\/\\\/animalproducts.nl\\\/de\\\/#organization\",\"name\":\"Animal Products\",\"url\":\"https:\\\/\\\/animalproducts.nl\\\/de\\\/\",\"logo\":{\"@type\":\"ImageObject\",\"inLanguage\":\"de\",\"@id\":\"https:\\\/\\\/animalproducts.nl\\\/de\\\/#\\\/schema\\\/logo\\\/image\\\/\",\"url\":\"https:\\\/\\\/animalproducts.nl\\\/wp-content\\\/uploads\\\/2025\\\/07\\\/AnimalProducts-logo-v2-liggend-def-scaled.png\",\"contentUrl\":\"https:\\\/\\\/animalproducts.nl\\\/wp-content\\\/uploads\\\/2025\\\/07\\\/AnimalProducts-logo-v2-liggend-def-scaled.png\",\"width\":2560,\"height\":1266,\"caption\":\"Animal Products\"},\"image\":{\"@id\":\"https:\\\/\\\/animalproducts.nl\\\/de\\\/#\\\/schema\\\/logo\\\/image\\\/\"}}]}<\/script>\n<!-- \/ Yoast SEO plugin. -->","yoast_head_json":{"title":"Versandkosten und Lieferzeit - Animal Products","robots":{"index":"index","follow":"follow","max-snippet":"max-snippet:-1","max-image-preview":"max-image-preview:large","max-video-preview":"max-video-preview:-1"},"canonical":"https:\/\/animalproducts.nl\/de\/versandkosten-und-lieferzeit\/","og_locale":"de_DE","og_type":"article","og_title":"Versandkosten und Lieferzeit - Animal Products","og_description":"Versandkosten und Lieferzeit Wenn ein Produkt auf Lager ist, k\u00f6nnen wir es innerhalb weniger Tage versenden. Wenn ein Produkt, beispielsweise von Galican, bestellt werden muss, kann es mehrere Wochen dauern. Wir benachrichtigen Sie per E-Mail. Die Versandkosten k\u00f6nnen je nach Gr\u00f6\u00dfe Ihrer Bestellung variieren. F\u00fcr eine Sch\u00e4tzung der Versandkosten senden Sie uns bitte eine E-Mail. [&hellip;]","og_url":"https:\/\/animalproducts.nl\/de\/versandkosten-und-lieferzeit\/","og_site_name":"Animal Products","article_modified_time":"2025-11-24T10:32:29+00:00","og_image":[{"width":2000,"height":800,"url":"https:\/\/animalproducts.nl\/wp-content\/uploads\/2025\/07\/agility-materialen-producten-voor-honden.jpg","type":"image\/jpeg"}],"twitter_card":"summary_large_image","twitter_misc":{"Gesch\u00e4tzte Lesezeit":"1\u00a0Minute"},"schema":{"@context":"https:\/\/schema.org","@graph":[{"@type":"WebPage","@id":"https:\/\/animalproducts.nl\/de\/versandkosten-und-lieferzeit\/","url":"https:\/\/animalproducts.nl\/de\/versandkosten-und-lieferzeit\/","name":"Versandkosten und Lieferzeit - Animal Products","isPartOf":{"@id":"https:\/\/animalproducts.nl\/de\/#website"},"primaryImageOfPage":{"@id":"https:\/\/animalproducts.nl\/de\/versandkosten-und-lieferzeit\/#primaryimage"},"image":{"@id":"https:\/\/animalproducts.nl\/de\/versandkosten-und-lieferzeit\/#primaryimage"},"thumbnailUrl":"https:\/\/animalproducts.nl\/wp-content\/uploads\/2025\/07\/agility-materialen-producten-voor-honden.jpg","datePublished":"2020-10-30T10:24:31+00:00","dateModified":"2025-11-24T10:32:29+00:00","breadcrumb":{"@id":"https:\/\/animalproducts.nl\/de\/versandkosten-und-lieferzeit\/#breadcrumb"},"inLanguage":"de","potentialAction":[{"@type":"ReadAction","target":["https:\/\/animalproducts.nl\/de\/versandkosten-und-lieferzeit\/"]}]},{"@type":"ImageObject","inLanguage":"de","@id":"https:\/\/animalproducts.nl\/de\/versandkosten-und-lieferzeit\/#primaryimage","url":"https:\/\/animalproducts.nl\/wp-content\/uploads\/2025\/07\/agility-materialen-producten-voor-honden.jpg","contentUrl":"https:\/\/animalproducts.nl\/wp-content\/uploads\/2025\/07\/agility-materialen-producten-voor-honden.jpg"},{"@type":"BreadcrumbList","@id":"https:\/\/animalproducts.nl\/de\/versandkosten-und-lieferzeit\/#breadcrumb","itemListElement":[{"@type":"ListItem","position":1,"name":"Shop","item":"https:\/\/animalproducts.nl\/de\/heim\/"},{"@type":"ListItem","position":2,"name":"Versandkosten und Lieferzeit"}]},{"@type":"WebSite","@id":"https:\/\/animalproducts.nl\/de\/#website","url":"https:\/\/animalproducts.nl\/de\/","name":"Animal Products","description":"","publisher":{"@id":"https:\/\/animalproducts.nl\/de\/#organization"},"potentialAction":[{"@type":"SearchAction","target":{"@type":"EntryPoint","urlTemplate":"https:\/\/animalproducts.nl\/de\/?s={search_term_string}"},"query-input":{"@type":"PropertyValueSpecification","valueRequired":true,"valueName":"search_term_string"}}],"inLanguage":"de"},{"@type":"Organization","@id":"https:\/\/animalproducts.nl\/de\/#organization","name":"Animal Products","url":"https:\/\/animalproducts.nl\/de\/","logo":{"@type":"ImageObject","inLanguage":"de","@id":"https:\/\/animalproducts.nl\/de\/#\/schema\/logo\/image\/","url":"https:\/\/animalproducts.nl\/wp-content\/uploads\/2025\/07\/AnimalProducts-logo-v2-liggend-def-scaled.png","contentUrl":"https:\/\/animalproducts.nl\/wp-content\/uploads\/2025\/07\/AnimalProducts-logo-v2-liggend-def-scaled.png","width":2560,"height":1266,"caption":"Animal Products"},"image":{"@id":"https:\/\/animalproducts.nl\/de\/#\/schema\/logo\/image\/"}}]}},"_links":{"self":[{"href":"https:\/\/animalproducts.nl\/de\/wp-json\/wp\/v2\/pages\/30246","targetHints":{"allow":["GET"]}}],"collection":[{"href":"https:\/\/animalproducts.nl\/de\/wp-json\/wp\/v2\/pages"}],"about":[{"href":"https:\/\/animalproducts.nl\/de\/wp-json\/wp\/v2\/types\/page"}],"author":[{"embeddable":true,"href":"https:\/\/animalproducts.nl\/de\/wp-json\/wp\/v2\/users\/4"}],"replies":[{"embeddable":true,"href":"https:\/\/animalproducts.nl\/de\/wp-json\/wp\/v2\/comments?post=30246"}],"version-history":[{"count":1,"href":"https:\/\/animalproducts.nl\/de\/wp-json\/wp\/v2\/pages\/30246\/revisions"}],"predecessor-version":[{"id":30250,"href":"https:\/\/animalproducts.nl\/de\/wp-json\/wp\/v2\/pages\/30246\/revisions\/30250"}],"wp:attachment":[{"href":"https:\/\/animalproducts.nl\/de\/wp-json\/wp\/v2\/media?parent=30246"}],"curies":[{"name":"wp","href":"https:\/\/api.w.org\/{rel}","templated":true}]}}