{"id":30241,"date":"2019-05-01T11:35:36","date_gmt":"2019-05-01T09:35:36","guid":{"rendered":"https:\/\/animalproducts.nl\/datenschutzrichtlinie\/"},"modified":"2025-11-24T11:32:11","modified_gmt":"2025-11-24T10:32:11","slug":"datenschutzrichtlinie","status":"publish","type":"page","link":"https:\/\/animalproducts.nl\/de\/datenschutzrichtlinie\/","title":{"rendered":"Datenschutzrichtlinie"},"content":{"rendered":"\t\t<div data-elementor-type=\"wp-page\" data-elementor-id=\"30241\" class=\"elementor elementor-30241 elementor-3\" data-elementor-post-type=\"page\">\n\t\t\t\t<div class=\"elementor-element elementor-element-13dc7fd e-flex e-con-boxed e-con e-parent\" data-id=\"13dc7fd\" data-element_type=\"container\" data-e-type=\"container\" data-settings=\"{&quot;background_background&quot;:&quot;classic&quot;}\">\n\t\t\t\t\t<div class=\"e-con-inner\">\n\t\t\t\t<div class=\"elementor-element elementor-element-7bfc10e elementor-widget elementor-widget-heading\" data-id=\"7bfc10e\" data-element_type=\"widget\" data-e-type=\"widget\" data-widget_type=\"heading.default\">\n\t\t\t\t\t<h1 class=\"elementor-heading-title elementor-size-default\">Datenschutzrichtlinie<\/h1>\t\t\t\t<\/div>\n\t\t\t\t<div class=\"elementor-element elementor-element-0596fad elementor-align-center elementor-widget elementor-widget-breadcrumbs\" data-id=\"0596fad\" data-element_type=\"widget\" data-e-type=\"widget\" data-widget_type=\"breadcrumbs.default\">\n\t\t\t\t\t<p id=\"breadcrumbs\"><span><span><a href=\"https:\/\/animalproducts.nl\/de\/heim\/\">Shop<\/a><\/span><\/span><\/p>\t\t\t\t<\/div>\n\t\t\t\t\t<\/div>\n\t\t\t\t<\/div>\n\t\t<div class=\"elementor-element elementor-element-b35c718 e-flex e-con-boxed e-con e-parent\" data-id=\"b35c718\" data-element_type=\"container\" data-e-type=\"container\">\n\t\t\t\t\t<div class=\"e-con-inner\">\n\t\t<div class=\"elementor-element elementor-element-2e90054 e-con-full e-flex elementor-invisible e-con e-child\" data-id=\"2e90054\" data-element_type=\"container\" data-e-type=\"container\" data-settings=\"{&quot;background_background&quot;:&quot;classic&quot;,&quot;animation&quot;:&quot;fadeInRight&quot;,&quot;animation_delay&quot;:300}\">\n\t\t\t\t<div class=\"elementor-element elementor-element-9e41df1 elementor-widget elementor-widget-text-editor\" data-id=\"9e41df1\" data-element_type=\"widget\" data-e-type=\"widget\" data-widget_type=\"text-editor.default\">\n\t\t\t\t\t\t\t\t\t<p>Animal Products legt Wert auf Ihre Privatsph\u00e4re. Daher verarbeiten wir nur Daten, die wir f\u00fcr unsere Dienstleistungen ben\u00f6tigen. Wir behandeln die erhobenen Daten mit Sorgfalt und geben sie niemals zu kommerziellen Zwecken an Dritte weiter.<br>Bei Fragen zu unserer Datenschutzrichtlinie kontaktieren Sie uns bitte unter info@AnimalProducts.nl. Wir antworten Ihnen innerhalb von vier Werktagen.   <\/p><p><u>Zweck der Datenverarbeitung<\/u><br>Wir verwenden Ihre Daten ausschlie\u00dflich zur Erbringung unserer Dienstleistungen. Der Zweck der Datenverarbeitung steht daher stets in direktem Zusammenhang mit Ihrer Bestellung. <\/p><ul><li>Eine Einschreibung in einen Kurs;<\/li><li>Bearbeitung Ihrer Zahlung;<\/li><li>Lassen Sie sich Produkte liefern;<\/li><li>Rufen Sie uns an oder schreiben Sie uns eine E-Mail, falls dies zur Erbringung unserer Dienstleistungen erforderlich ist;<\/li><\/ul><p>Wir verwenden Ihre Daten nicht f\u00fcr (zielgerichtetes) Marketing.<br>Wenn Sie uns Daten mitteilen und wir diese nutzen, um Sie zu einem sp\u00e4teren Zeitpunkt zu kontaktieren, ohne dass Sie dies ausdr\u00fccklich gew\u00fcnscht haben, holen wir Ihre ausdr\u00fcckliche Einwilligung ein.<\/p><p><u>Von uns verarbeitete personenbezogene Daten:<\/u><br>Vor- und Nachname<br>Adresse (Stra\u00dfe, Hausnummer, Postleitzahl und Ort)<br>E-Mail-Adresse<br>Bankverbindung<br>Weitere personenbezogene Daten, die Sie uns aktiv mitteilen, beispielsweise im Rahmen einer Bestellung auf unserer Website, in der Korrespondenz oder telefonisch.<\/p><p><u>Automatisch erfasste Daten<\/u><br>Die von unserer Website automatisch erfassten Daten werden verarbeitet, um unsere Dienste weiter zu verbessern. Diese Daten (z. B. Ihre IP-Adresse, Ihr Webbrowser und Ihr Betriebssystem) sind keine personenbezogenen Daten. <\/p><p><u>Zusammenarbeit mit Ermittlungsbeh\u00f6rden<\/u><br>In bestimmten F\u00e4llen kann Animal Products gesetzlich verpflichtet sein, Ihre Daten im Zusammenhang mit Steuer- oder Strafverfolgungsermittlungen der Regierung weiterzugeben. In solchen F\u00e4llen sind wir zur Weitergabe Ihrer Daten verpflichtet, werden uns jedoch im Rahmen des niederl\u00e4ndischen Rechts dagegen wehren. <\/p><p><u>Aufbewahrungsfrist<\/u><br>Animal Products speichert Ihre Daten, solange Sie Kunde sind. Das bedeutet, wir speichern Ihre Daten, bis Sie uns mitteilen, dass Sie unsere Dienste nicht mehr nutzen m\u00f6chten. In diesem Fall l\u00f6schen wir Ihre Daten.<br>Aufgrund gesetzlicher Aufbewahrungspflichten sind wir verpflichtet, Rechnungen mit Ihren (personenbezogenen) Daten aufzubewahren. Aktuell (Dezember 2020) betr\u00e4gt die gesetzliche Aufbewahrungsfrist 7 Jahre.   <\/p><p><u>Weitergabe personenbezogener Daten an Dritte<\/u><br>Animal Products gibt Ihre personenbezogenen Daten an Dritte weiter, sofern dies zur Vertragserf\u00fcllung und zur Einhaltung buchhalterischer und gesetzlicher Verpflichtungen erforderlich ist. Die Unternehmen, die Ihre Daten in unserem Auftrag verarbeiten, gew\u00e4hrleisten mindestens das gleiche Ma\u00df an Sicherheit und Vertraulichkeit. Beispiele f\u00fcr diese Drittanbieter sind WooCommerce f\u00fcr unsere Online-Shop-Software, Mollie f\u00fcr unsere automatisierte Zahlungsabwicklung und PostNL f\u00fcr die Auftragsabwicklung.  <\/p><p><u>Zugriff, \u00c4nderung und\/oder L\u00f6schung von Daten<\/u><br>Sie haben das Recht, auf Ihre personenbezogenen Daten zuzugreifen, diese zu berichtigen und\/oder zu l\u00f6schen. Sie haben au\u00dferdem das Recht, Ihre Einwilligung zur Datenverarbeitung zu widerrufen oder der Verarbeitung Ihrer personenbezogenen Daten zu widersprechen. Dar\u00fcber hinaus haben Sie das Recht auf Daten\u00fcbertragbarkeit. Das bedeutet, dass Sie uns auffordern k\u00f6nnen, Ihnen oder einer von Ihnen benannten Organisation die \u00fcber Sie gespeicherten personenbezogenen Daten in einer Computerdatei zu \u00fcbermitteln.  <\/p><p>Wenn Sie von diesem Recht Gebrauch machen m\u00f6chten oder weitere Fragen oder Anmerkungen zur Datenverarbeitung haben, senden Sie bitte eine detaillierte Anfrage an info@AnimalProducts.nl.<\/p><p>Um zu best\u00e4tigen, dass die Anfrage von Ihnen stammt, bitten wir Sie, Ihrer Anfrage eine Kopie Ihres Ausweises beizuf\u00fcgen. Bitte schw\u00e4rzen Sie in dieser Kopie Ihr Passfoto, die maschinenlesbare Zone (MRZ, der Zahlenstreifen am unteren Rand des Passes), Ihre Passnummer und Ihre B\u00fcrgerservicenummer (BSN). Dies dient dem Schutz Ihrer Privatsph\u00e4re.<br>Wir werden uns innerhalb von zwei Werktagen mit Ihnen in Verbindung setzen, um Ihre Anfrage zu best\u00e4tigen und Ihnen schnellstm\u00f6glich, sp\u00e4testens jedoch innerhalb von vier Wochen, zu antworten.  <\/p><p>Sie k\u00f6nnen eine Beschwerde bei der nationalen Aufsichtsbeh\u00f6rde, der niederl\u00e4ndischen Datenschutzbeh\u00f6rde, einreichen. Dies ist \u00fcber folgenden Link m\u00f6glich: <a href=\"https:\/\/autoriteitpersoonsgegevens.nl\/nl\/contact-met-de-autoriteit-persoonsgegevens\/tip-ons\" target=\"_blank\" rel=\"noopener noreferrer\"><\/a> <\/p>\t\t\t\t\t\t\t\t<\/div>\n\t\t\t\t<\/div>\n\t\t<div class=\"elementor-element elementor-element-31f22be e-con-full e-flex elementor-invisible e-con e-child\" data-id=\"31f22be\" data-element_type=\"container\" data-e-type=\"container\" data-settings=\"{&quot;animation&quot;:&quot;fadeInLeft&quot;,&quot;animation_delay&quot;:200}\">\n\t\t\t\t<div class=\"elementor-element elementor-element-49306d2 elementor-widget elementor-widget-image\" data-id=\"49306d2\" data-element_type=\"widget\" data-e-type=\"widget\" data-widget_type=\"image.default\">\n\t\t\t\t\t\t\t\t\t\t\t\t\t\t\t<img fetchpriority=\"high\" decoding=\"async\" width=\"2000\" height=\"800\" src=\"https:\/\/animalproducts.nl\/wp-content\/uploads\/2025\/07\/agility-materialen-producten-voor-honden.jpg\" class=\"attachment-full size-full wp-image-29184\" alt=\"\" srcset=\"https:\/\/animalproducts.nl\/wp-content\/uploads\/2025\/07\/agility-materialen-producten-voor-honden.jpg 2000w, https:\/\/animalproducts.nl\/wp-content\/uploads\/2025\/07\/agility-materialen-producten-voor-honden-600x240.jpg 600w, https:\/\/animalproducts.nl\/wp-content\/uploads\/2025\/07\/agility-materialen-producten-voor-honden-300x120.jpg 300w, https:\/\/animalproducts.nl\/wp-content\/uploads\/2025\/07\/agility-materialen-producten-voor-honden-1024x410.jpg 1024w, https:\/\/animalproducts.nl\/wp-content\/uploads\/2025\/07\/agility-materialen-producten-voor-honden-768x307.jpg 768w, https:\/\/animalproducts.nl\/wp-content\/uploads\/2025\/07\/agility-materialen-producten-voor-honden-1536x614.jpg 1536w\" sizes=\"(max-width: 2000px) 100vw, 2000px\" \/>\t\t\t\t\t\t\t\t\t\t\t\t\t\t\t<\/div>\n\t\t\t\t<\/div>\n\t\t\t\t\t<\/div>\n\t\t\t\t<\/div>\n\t\t\t\t<\/div>\n\t\t","protected":false},"excerpt":{"rendered":"<p>Datenschutzrichtlinie Animal Products legt Wert auf Ihre Privatsph\u00e4re. Daher verarbeiten wir nur Daten, die wir f\u00fcr unsere Dienstleistungen ben\u00f6tigen. Wir behandeln die erhobenen Daten mit Sorgfalt und geben sie niemals zu kommerziellen Zwecken an Dritte weiter.Bei Fragen zu unserer Datenschutzrichtlinie kontaktieren Sie uns bitte unter info@AnimalProducts.nl. Wir antworten Ihnen innerhalb von vier Werktagen. Zweck der [&hellip;]<\/p>\n","protected":false},"author":4,"featured_media":0,"parent":0,"menu_order":27,"comment_status":"closed","ping_status":"open","template":"","meta":{"_acf_changed":false,"footnotes":""},"class_list":["post-30241","page","type-page","status-publish","hentry"],"acf":[],"yoast_head":"<!-- This site is optimized with the Yoast SEO plugin v27.6 - https:\/\/yoast.com\/product\/yoast-seo-wordpress\/ -->\n<title>Datenschutzrichtlinie - Animal Products<\/title>\n<meta name=\"robots\" content=\"index, follow, max-snippet:-1, max-image-preview:large, max-video-preview:-1\" \/>\n<link rel=\"canonical\" href=\"https:\/\/animalproducts.nl\/de\/datenschutzrichtlinie\/\" \/>\n<meta property=\"og:locale\" content=\"de_DE\" \/>\n<meta property=\"og:type\" content=\"article\" \/>\n<meta property=\"og:title\" content=\"Datenschutzrichtlinie - Animal Products\" \/>\n<meta property=\"og:description\" content=\"Datenschutzrichtlinie Animal Products legt Wert auf Ihre Privatsph\u00e4re. Daher verarbeiten wir nur Daten, die wir f\u00fcr unsere Dienstleistungen ben\u00f6tigen. Wir behandeln die erhobenen Daten mit Sorgfalt und geben sie niemals zu kommerziellen Zwecken an Dritte weiter.Bei Fragen zu unserer Datenschutzrichtlinie kontaktieren Sie uns bitte unter info@AnimalProducts.nl. Wir antworten Ihnen innerhalb von vier Werktagen. Zweck der [&hellip;]\" \/>\n<meta property=\"og:url\" content=\"https:\/\/animalproducts.nl\/de\/datenschutzrichtlinie\/\" \/>\n<meta property=\"og:site_name\" content=\"Animal Products\" \/>\n<meta property=\"article:modified_time\" content=\"2025-11-24T10:32:11+00:00\" \/>\n<meta property=\"og:image\" content=\"https:\/\/animalproducts.nl\/wp-content\/uploads\/2025\/07\/agility-materialen-producten-voor-honden.jpg\" \/>\n\t<meta property=\"og:image:width\" content=\"2000\" \/>\n\t<meta property=\"og:image:height\" content=\"800\" \/>\n\t<meta property=\"og:image:type\" content=\"image\/jpeg\" \/>\n<meta name=\"twitter:card\" content=\"summary_large_image\" \/>\n<meta name=\"twitter:label1\" content=\"Gesch\u00e4tzte Lesezeit\" \/>\n\t<meta name=\"twitter:data1\" content=\"3\u00a0Minuten\" \/>\n<script type=\"application\/ld+json\" class=\"yoast-schema-graph\">{\"@context\":\"https:\\\/\\\/schema.org\",\"@graph\":[{\"@type\":\"WebPage\",\"@id\":\"https:\\\/\\\/animalproducts.nl\\\/de\\\/datenschutzrichtlinie\\\/\",\"url\":\"https:\\\/\\\/animalproducts.nl\\\/de\\\/datenschutzrichtlinie\\\/\",\"name\":\"Datenschutzrichtlinie - Animal Products\",\"isPartOf\":{\"@id\":\"https:\\\/\\\/animalproducts.nl\\\/de\\\/#website\"},\"primaryImageOfPage\":{\"@id\":\"https:\\\/\\\/animalproducts.nl\\\/de\\\/datenschutzrichtlinie\\\/#primaryimage\"},\"image\":{\"@id\":\"https:\\\/\\\/animalproducts.nl\\\/de\\\/datenschutzrichtlinie\\\/#primaryimage\"},\"thumbnailUrl\":\"https:\\\/\\\/animalproducts.nl\\\/wp-content\\\/uploads\\\/2025\\\/07\\\/agility-materialen-producten-voor-honden.jpg\",\"datePublished\":\"2019-05-01T09:35:36+00:00\",\"dateModified\":\"2025-11-24T10:32:11+00:00\",\"breadcrumb\":{\"@id\":\"https:\\\/\\\/animalproducts.nl\\\/de\\\/datenschutzrichtlinie\\\/#breadcrumb\"},\"inLanguage\":\"de\",\"potentialAction\":[{\"@type\":\"ReadAction\",\"target\":[\"https:\\\/\\\/animalproducts.nl\\\/de\\\/datenschutzrichtlinie\\\/\"]}]},{\"@type\":\"ImageObject\",\"inLanguage\":\"de\",\"@id\":\"https:\\\/\\\/animalproducts.nl\\\/de\\\/datenschutzrichtlinie\\\/#primaryimage\",\"url\":\"https:\\\/\\\/animalproducts.nl\\\/wp-content\\\/uploads\\\/2025\\\/07\\\/agility-materialen-producten-voor-honden.jpg\",\"contentUrl\":\"https:\\\/\\\/animalproducts.nl\\\/wp-content\\\/uploads\\\/2025\\\/07\\\/agility-materialen-producten-voor-honden.jpg\"},{\"@type\":\"BreadcrumbList\",\"@id\":\"https:\\\/\\\/animalproducts.nl\\\/de\\\/datenschutzrichtlinie\\\/#breadcrumb\",\"itemListElement\":[{\"@type\":\"ListItem\",\"position\":1,\"name\":\"Shop\",\"item\":\"https:\\\/\\\/animalproducts.nl\\\/de\\\/heim\\\/\"},{\"@type\":\"ListItem\",\"position\":2,\"name\":\"Datenschutzrichtlinie\"}]},{\"@type\":\"WebSite\",\"@id\":\"https:\\\/\\\/animalproducts.nl\\\/de\\\/#website\",\"url\":\"https:\\\/\\\/animalproducts.nl\\\/de\\\/\",\"name\":\"Animal Products\",\"description\":\"\",\"publisher\":{\"@id\":\"https:\\\/\\\/animalproducts.nl\\\/de\\\/#organization\"},\"potentialAction\":[{\"@type\":\"SearchAction\",\"target\":{\"@type\":\"EntryPoint\",\"urlTemplate\":\"https:\\\/\\\/animalproducts.nl\\\/de\\\/?s={search_term_string}\"},\"query-input\":{\"@type\":\"PropertyValueSpecification\",\"valueRequired\":true,\"valueName\":\"search_term_string\"}}],\"inLanguage\":\"de\"},{\"@type\":\"Organization\",\"@id\":\"https:\\\/\\\/animalproducts.nl\\\/de\\\/#organization\",\"name\":\"Animal Products\",\"url\":\"https:\\\/\\\/animalproducts.nl\\\/de\\\/\",\"logo\":{\"@type\":\"ImageObject\",\"inLanguage\":\"de\",\"@id\":\"https:\\\/\\\/animalproducts.nl\\\/de\\\/#\\\/schema\\\/logo\\\/image\\\/\",\"url\":\"https:\\\/\\\/animalproducts.nl\\\/wp-content\\\/uploads\\\/2025\\\/07\\\/AnimalProducts-logo-v2-liggend-def-scaled.png\",\"contentUrl\":\"https:\\\/\\\/animalproducts.nl\\\/wp-content\\\/uploads\\\/2025\\\/07\\\/AnimalProducts-logo-v2-liggend-def-scaled.png\",\"width\":2560,\"height\":1266,\"caption\":\"Animal Products\"},\"image\":{\"@id\":\"https:\\\/\\\/animalproducts.nl\\\/de\\\/#\\\/schema\\\/logo\\\/image\\\/\"}}]}<\/script>\n<!-- \/ Yoast SEO plugin. -->","yoast_head_json":{"title":"Datenschutzrichtlinie - Animal Products","robots":{"index":"index","follow":"follow","max-snippet":"max-snippet:-1","max-image-preview":"max-image-preview:large","max-video-preview":"max-video-preview:-1"},"canonical":"https:\/\/animalproducts.nl\/de\/datenschutzrichtlinie\/","og_locale":"de_DE","og_type":"article","og_title":"Datenschutzrichtlinie - Animal Products","og_description":"Datenschutzrichtlinie Animal Products legt Wert auf Ihre Privatsph\u00e4re. Daher verarbeiten wir nur Daten, die wir f\u00fcr unsere Dienstleistungen ben\u00f6tigen. Wir behandeln die erhobenen Daten mit Sorgfalt und geben sie niemals zu kommerziellen Zwecken an Dritte weiter.Bei Fragen zu unserer Datenschutzrichtlinie kontaktieren Sie uns bitte unter info@AnimalProducts.nl. Wir antworten Ihnen innerhalb von vier Werktagen. Zweck der [&hellip;]","og_url":"https:\/\/animalproducts.nl\/de\/datenschutzrichtlinie\/","og_site_name":"Animal Products","article_modified_time":"2025-11-24T10:32:11+00:00","og_image":[{"width":2000,"height":800,"url":"https:\/\/animalproducts.nl\/wp-content\/uploads\/2025\/07\/agility-materialen-producten-voor-honden.jpg","type":"image\/jpeg"}],"twitter_card":"summary_large_image","twitter_misc":{"Gesch\u00e4tzte Lesezeit":"3\u00a0Minuten"},"schema":{"@context":"https:\/\/schema.org","@graph":[{"@type":"WebPage","@id":"https:\/\/animalproducts.nl\/de\/datenschutzrichtlinie\/","url":"https:\/\/animalproducts.nl\/de\/datenschutzrichtlinie\/","name":"Datenschutzrichtlinie - Animal Products","isPartOf":{"@id":"https:\/\/animalproducts.nl\/de\/#website"},"primaryImageOfPage":{"@id":"https:\/\/animalproducts.nl\/de\/datenschutzrichtlinie\/#primaryimage"},"image":{"@id":"https:\/\/animalproducts.nl\/de\/datenschutzrichtlinie\/#primaryimage"},"thumbnailUrl":"https:\/\/animalproducts.nl\/wp-content\/uploads\/2025\/07\/agility-materialen-producten-voor-honden.jpg","datePublished":"2019-05-01T09:35:36+00:00","dateModified":"2025-11-24T10:32:11+00:00","breadcrumb":{"@id":"https:\/\/animalproducts.nl\/de\/datenschutzrichtlinie\/#breadcrumb"},"inLanguage":"de","potentialAction":[{"@type":"ReadAction","target":["https:\/\/animalproducts.nl\/de\/datenschutzrichtlinie\/"]}]},{"@type":"ImageObject","inLanguage":"de","@id":"https:\/\/animalproducts.nl\/de\/datenschutzrichtlinie\/#primaryimage","url":"https:\/\/animalproducts.nl\/wp-content\/uploads\/2025\/07\/agility-materialen-producten-voor-honden.jpg","contentUrl":"https:\/\/animalproducts.nl\/wp-content\/uploads\/2025\/07\/agility-materialen-producten-voor-honden.jpg"},{"@type":"BreadcrumbList","@id":"https:\/\/animalproducts.nl\/de\/datenschutzrichtlinie\/#breadcrumb","itemListElement":[{"@type":"ListItem","position":1,"name":"Shop","item":"https:\/\/animalproducts.nl\/de\/heim\/"},{"@type":"ListItem","position":2,"name":"Datenschutzrichtlinie"}]},{"@type":"WebSite","@id":"https:\/\/animalproducts.nl\/de\/#website","url":"https:\/\/animalproducts.nl\/de\/","name":"Animal Products","description":"","publisher":{"@id":"https:\/\/animalproducts.nl\/de\/#organization"},"potentialAction":[{"@type":"SearchAction","target":{"@type":"EntryPoint","urlTemplate":"https:\/\/animalproducts.nl\/de\/?s={search_term_string}"},"query-input":{"@type":"PropertyValueSpecification","valueRequired":true,"valueName":"search_term_string"}}],"inLanguage":"de"},{"@type":"Organization","@id":"https:\/\/animalproducts.nl\/de\/#organization","name":"Animal Products","url":"https:\/\/animalproducts.nl\/de\/","logo":{"@type":"ImageObject","inLanguage":"de","@id":"https:\/\/animalproducts.nl\/de\/#\/schema\/logo\/image\/","url":"https:\/\/animalproducts.nl\/wp-content\/uploads\/2025\/07\/AnimalProducts-logo-v2-liggend-def-scaled.png","contentUrl":"https:\/\/animalproducts.nl\/wp-content\/uploads\/2025\/07\/AnimalProducts-logo-v2-liggend-def-scaled.png","width":2560,"height":1266,"caption":"Animal Products"},"image":{"@id":"https:\/\/animalproducts.nl\/de\/#\/schema\/logo\/image\/"}}]}},"_links":{"self":[{"href":"https:\/\/animalproducts.nl\/de\/wp-json\/wp\/v2\/pages\/30241","targetHints":{"allow":["GET"]}}],"collection":[{"href":"https:\/\/animalproducts.nl\/de\/wp-json\/wp\/v2\/pages"}],"about":[{"href":"https:\/\/animalproducts.nl\/de\/wp-json\/wp\/v2\/types\/page"}],"author":[{"embeddable":true,"href":"https:\/\/animalproducts.nl\/de\/wp-json\/wp\/v2\/users\/4"}],"replies":[{"embeddable":true,"href":"https:\/\/animalproducts.nl\/de\/wp-json\/wp\/v2\/comments?post=30241"}],"version-history":[{"count":1,"href":"https:\/\/animalproducts.nl\/de\/wp-json\/wp\/v2\/pages\/30241\/revisions"}],"predecessor-version":[{"id":30245,"href":"https:\/\/animalproducts.nl\/de\/wp-json\/wp\/v2\/pages\/30241\/revisions\/30245"}],"wp:attachment":[{"href":"https:\/\/animalproducts.nl\/de\/wp-json\/wp\/v2\/media?parent=30241"}],"curies":[{"name":"wp","href":"https:\/\/api.w.org\/{rel}","templated":true}]}}