{"id":30236,"date":"2020-10-30T11:24:46","date_gmt":"2020-10-30T10:24:46","guid":{"rendered":"https:\/\/animalproducts.nl\/beschwerderegelung\/"},"modified":"2025-11-24T11:27:53","modified_gmt":"2025-11-24T10:27:53","slug":"beschwerderegelung","status":"publish","type":"page","link":"https:\/\/animalproducts.nl\/de\/beschwerderegelung\/","title":{"rendered":"Beschwerderegelung"},"content":{"rendered":"\t\t<div data-elementor-type=\"wp-page\" data-elementor-id=\"30236\" class=\"elementor elementor-30236 elementor-11069\" data-elementor-post-type=\"page\">\n\t\t\t\t<div class=\"elementor-element elementor-element-badc7ac e-flex e-con-boxed e-con e-parent\" data-id=\"badc7ac\" data-element_type=\"container\" data-e-type=\"container\" data-settings=\"{&quot;background_background&quot;:&quot;classic&quot;}\">\n\t\t\t\t\t<div class=\"e-con-inner\">\n\t\t\t\t<div class=\"elementor-element elementor-element-b841ba7 elementor-widget elementor-widget-heading\" data-id=\"b841ba7\" data-element_type=\"widget\" data-e-type=\"widget\" data-widget_type=\"heading.default\">\n\t\t\t\t\t<h1 class=\"elementor-heading-title elementor-size-default\">Beschwerderegelung<\/h1>\t\t\t\t<\/div>\n\t\t\t\t<div class=\"elementor-element elementor-element-677d98c elementor-align-center elementor-widget elementor-widget-breadcrumbs\" data-id=\"677d98c\" data-element_type=\"widget\" data-e-type=\"widget\" data-widget_type=\"breadcrumbs.default\">\n\t\t\t\t\t<p id=\"breadcrumbs\"><span><span><a href=\"https:\/\/animalproducts.nl\/de\/heim\/\">Shop<\/a><\/span><\/span><\/p>\t\t\t\t<\/div>\n\t\t\t\t\t<\/div>\n\t\t\t\t<\/div>\n\t\t<div class=\"elementor-element elementor-element-06a57b4 e-flex e-con-boxed e-con e-parent\" data-id=\"06a57b4\" data-element_type=\"container\" data-e-type=\"container\">\n\t\t\t\t\t<div class=\"e-con-inner\">\n\t\t<div class=\"elementor-element elementor-element-4c24c16 e-con-full e-flex elementor-invisible e-con e-child\" data-id=\"4c24c16\" data-element_type=\"container\" data-e-type=\"container\" data-settings=\"{&quot;background_background&quot;:&quot;classic&quot;,&quot;animation&quot;:&quot;fadeInRight&quot;,&quot;animation_delay&quot;:300}\">\n\t\t\t\t<div class=\"elementor-element elementor-element-260e765 elementor-widget elementor-widget-text-editor\" data-id=\"260e765\" data-element_type=\"widget\" data-e-type=\"widget\" data-widget_type=\"text-editor.default\">\n\t\t\t\t\t\t\t\t\t<p><strong>Beschwerden und Streitigkeiten<\/strong><\/p><p>Es tut uns leid, falls Sie eine Beschwerde bez\u00fcglich unserer Produkte und\/oder Dienstleistungen haben. Wir helfen Ihnen gerne weiter und finden eine zufriedenstellende L\u00f6sung. Sie erreichen uns per E-Mail unter:  <\/p><p>info@animalproducts.nl<\/p><p>Wir werden Ihre Beschwerde pr\u00fcfen und uns bem\u00fchen, eine f\u00fcr alle Beteiligten zufriedenstellende L\u00f6sung zu finden. Sie erhalten von uns eine Eingangsbest\u00e4tigung. Wir werden Ihre Beschwerde innerhalb von 14 Tagen nach Eingang beantworten. Sollte die Bearbeitung l\u00e4nger dauern, werden wir Sie benachrichtigen.  <\/p><p>Sollte dies nicht helfen, k\u00f6nnen Sie sich jederzeit an die Schlichtungsstelle der Stiftung Webshop Quality Mark wenden, der wir angeh\u00f6ren. Diese wird dann vermitteln. h<a href=\"https:\/\/www.keurmerk.info\/nl\/consumenten\/klacht\/\">ttps:\/\/www.keurmerk.info\/nl\/consumenten\/klacht\/<\/a> <\/p><p>Seit dem 15. Februar 2016 k\u00f6nnen Verbraucher in der EU Beschwerden auch \u00fcber die Online-Streitbeilegungsplattform (OS-Plattform) der Europ\u00e4ischen Kommission einreichen. Diese Plattform finden Sie unter http:\/\/ec.europa.eu\/odr. Falls Ihre Beschwerde noch nicht anderweitig bearbeitet wird, k\u00f6nnen Sie sie gerne \u00fcber die Plattform der Europ\u00e4ischen Union einreichen. <\/p>\t\t\t\t\t\t\t\t<\/div>\n\t\t\t\t<\/div>\n\t\t<div class=\"elementor-element elementor-element-36b24a5 e-con-full e-flex elementor-invisible e-con e-child\" data-id=\"36b24a5\" data-element_type=\"container\" data-e-type=\"container\" data-settings=\"{&quot;animation&quot;:&quot;fadeInLeft&quot;,&quot;animation_delay&quot;:200}\">\n\t\t\t\t<div class=\"elementor-element elementor-element-c211f74 elementor-widget elementor-widget-image\" data-id=\"c211f74\" data-element_type=\"widget\" data-e-type=\"widget\" data-widget_type=\"image.default\">\n\t\t\t\t\t\t\t\t\t\t\t\t\t\t\t<img fetchpriority=\"high\" decoding=\"async\" width=\"2000\" height=\"1334\" src=\"https:\/\/animalproducts.nl\/wp-content\/uploads\/2025\/07\/3__1976-scaled-e1756377380871.jpg\" class=\"attachment-full size-full wp-image-30199\" alt=\"\" \/>\t\t\t\t\t\t\t\t\t\t\t\t\t\t\t<\/div>\n\t\t\t\t<\/div>\n\t\t\t\t\t<\/div>\n\t\t\t\t<\/div>\n\t\t\t\t<\/div>\n\t\t","protected":false},"excerpt":{"rendered":"<p>Beschwerderegelung Beschwerden und Streitigkeiten Es tut uns leid, falls Sie eine Beschwerde bez\u00fcglich unserer Produkte und\/oder Dienstleistungen haben. Wir helfen Ihnen gerne weiter und finden eine zufriedenstellende L\u00f6sung. Sie erreichen uns per E-Mail unter: info@animalproducts.nl Wir werden Ihre Beschwerde pr\u00fcfen und uns bem\u00fchen, eine f\u00fcr alle Beteiligten zufriedenstellende L\u00f6sung zu finden. Sie erhalten von uns [&hellip;]<\/p>\n","protected":false},"author":4,"featured_media":0,"parent":0,"menu_order":13,"comment_status":"closed","ping_status":"closed","template":"","meta":{"_acf_changed":false,"footnotes":""},"class_list":["post-30236","page","type-page","status-publish","hentry"],"acf":[],"yoast_head":"<!-- This site is optimized with the Yoast SEO plugin v27.6 - https:\/\/yoast.com\/product\/yoast-seo-wordpress\/ -->\n<title>Beschwerderegelung - Animal Products<\/title>\n<meta name=\"robots\" content=\"index, follow, max-snippet:-1, max-image-preview:large, max-video-preview:-1\" \/>\n<link rel=\"canonical\" href=\"https:\/\/animalproducts.nl\/de\/beschwerderegelung\/\" \/>\n<meta property=\"og:locale\" content=\"de_DE\" \/>\n<meta property=\"og:type\" content=\"article\" \/>\n<meta property=\"og:title\" content=\"Beschwerderegelung - Animal Products\" \/>\n<meta property=\"og:description\" content=\"Beschwerderegelung Beschwerden und Streitigkeiten Es tut uns leid, falls Sie eine Beschwerde bez\u00fcglich unserer Produkte und\/oder Dienstleistungen haben. Wir helfen Ihnen gerne weiter und finden eine zufriedenstellende L\u00f6sung. Sie erreichen uns per E-Mail unter: info@animalproducts.nl Wir werden Ihre Beschwerde pr\u00fcfen und uns bem\u00fchen, eine f\u00fcr alle Beteiligten zufriedenstellende L\u00f6sung zu finden. Sie erhalten von uns [&hellip;]\" \/>\n<meta property=\"og:url\" content=\"https:\/\/animalproducts.nl\/de\/beschwerderegelung\/\" \/>\n<meta property=\"og:site_name\" content=\"Animal Products\" \/>\n<meta property=\"article:modified_time\" content=\"2025-11-24T10:27:53+00:00\" \/>\n<meta property=\"og:image\" content=\"https:\/\/animalproducts.nl\/wp-content\/uploads\/2025\/07\/3__1976-scaled-e1756377380871.jpg\" \/>\n\t<meta property=\"og:image:width\" content=\"2000\" \/>\n\t<meta property=\"og:image:height\" content=\"1334\" \/>\n\t<meta property=\"og:image:type\" content=\"image\/jpeg\" \/>\n<meta name=\"twitter:card\" content=\"summary_large_image\" \/>\n<meta name=\"twitter:label1\" content=\"Gesch\u00e4tzte Lesezeit\" \/>\n\t<meta name=\"twitter:data1\" content=\"1\u00a0Minute\" \/>\n<script type=\"application\/ld+json\" class=\"yoast-schema-graph\">{\"@context\":\"https:\\\/\\\/schema.org\",\"@graph\":[{\"@type\":\"WebPage\",\"@id\":\"https:\\\/\\\/animalproducts.nl\\\/de\\\/beschwerderegelung\\\/\",\"url\":\"https:\\\/\\\/animalproducts.nl\\\/de\\\/beschwerderegelung\\\/\",\"name\":\"Beschwerderegelung - Animal Products\",\"isPartOf\":{\"@id\":\"https:\\\/\\\/animalproducts.nl\\\/de\\\/#website\"},\"primaryImageOfPage\":{\"@id\":\"https:\\\/\\\/animalproducts.nl\\\/de\\\/beschwerderegelung\\\/#primaryimage\"},\"image\":{\"@id\":\"https:\\\/\\\/animalproducts.nl\\\/de\\\/beschwerderegelung\\\/#primaryimage\"},\"thumbnailUrl\":\"https:\\\/\\\/animalproducts.nl\\\/wp-content\\\/uploads\\\/2025\\\/07\\\/3__1976-scaled-e1756377380871.jpg\",\"datePublished\":\"2020-10-30T10:24:46+00:00\",\"dateModified\":\"2025-11-24T10:27:53+00:00\",\"breadcrumb\":{\"@id\":\"https:\\\/\\\/animalproducts.nl\\\/de\\\/beschwerderegelung\\\/#breadcrumb\"},\"inLanguage\":\"de\",\"potentialAction\":[{\"@type\":\"ReadAction\",\"target\":[\"https:\\\/\\\/animalproducts.nl\\\/de\\\/beschwerderegelung\\\/\"]}]},{\"@type\":\"ImageObject\",\"inLanguage\":\"de\",\"@id\":\"https:\\\/\\\/animalproducts.nl\\\/de\\\/beschwerderegelung\\\/#primaryimage\",\"url\":\"https:\\\/\\\/animalproducts.nl\\\/wp-content\\\/uploads\\\/2025\\\/07\\\/3__1976-scaled-e1756377380871.jpg\",\"contentUrl\":\"https:\\\/\\\/animalproducts.nl\\\/wp-content\\\/uploads\\\/2025\\\/07\\\/3__1976-scaled-e1756377380871.jpg\"},{\"@type\":\"BreadcrumbList\",\"@id\":\"https:\\\/\\\/animalproducts.nl\\\/de\\\/beschwerderegelung\\\/#breadcrumb\",\"itemListElement\":[{\"@type\":\"ListItem\",\"position\":1,\"name\":\"Shop\",\"item\":\"https:\\\/\\\/animalproducts.nl\\\/de\\\/heim\\\/\"},{\"@type\":\"ListItem\",\"position\":2,\"name\":\"Beschwerderegelung\"}]},{\"@type\":\"WebSite\",\"@id\":\"https:\\\/\\\/animalproducts.nl\\\/de\\\/#website\",\"url\":\"https:\\\/\\\/animalproducts.nl\\\/de\\\/\",\"name\":\"Animal Products\",\"description\":\"\",\"publisher\":{\"@id\":\"https:\\\/\\\/animalproducts.nl\\\/de\\\/#organization\"},\"potentialAction\":[{\"@type\":\"SearchAction\",\"target\":{\"@type\":\"EntryPoint\",\"urlTemplate\":\"https:\\\/\\\/animalproducts.nl\\\/de\\\/?s={search_term_string}\"},\"query-input\":{\"@type\":\"PropertyValueSpecification\",\"valueRequired\":true,\"valueName\":\"search_term_string\"}}],\"inLanguage\":\"de\"},{\"@type\":\"Organization\",\"@id\":\"https:\\\/\\\/animalproducts.nl\\\/de\\\/#organization\",\"name\":\"Animal Products\",\"url\":\"https:\\\/\\\/animalproducts.nl\\\/de\\\/\",\"logo\":{\"@type\":\"ImageObject\",\"inLanguage\":\"de\",\"@id\":\"https:\\\/\\\/animalproducts.nl\\\/de\\\/#\\\/schema\\\/logo\\\/image\\\/\",\"url\":\"https:\\\/\\\/animalproducts.nl\\\/wp-content\\\/uploads\\\/2025\\\/07\\\/AnimalProducts-logo-v2-liggend-def-scaled.png\",\"contentUrl\":\"https:\\\/\\\/animalproducts.nl\\\/wp-content\\\/uploads\\\/2025\\\/07\\\/AnimalProducts-logo-v2-liggend-def-scaled.png\",\"width\":2560,\"height\":1266,\"caption\":\"Animal Products\"},\"image\":{\"@id\":\"https:\\\/\\\/animalproducts.nl\\\/de\\\/#\\\/schema\\\/logo\\\/image\\\/\"}}]}<\/script>\n<!-- \/ Yoast SEO plugin. -->","yoast_head_json":{"title":"Beschwerderegelung - Animal Products","robots":{"index":"index","follow":"follow","max-snippet":"max-snippet:-1","max-image-preview":"max-image-preview:large","max-video-preview":"max-video-preview:-1"},"canonical":"https:\/\/animalproducts.nl\/de\/beschwerderegelung\/","og_locale":"de_DE","og_type":"article","og_title":"Beschwerderegelung - Animal Products","og_description":"Beschwerderegelung Beschwerden und Streitigkeiten Es tut uns leid, falls Sie eine Beschwerde bez\u00fcglich unserer Produkte und\/oder Dienstleistungen haben. Wir helfen Ihnen gerne weiter und finden eine zufriedenstellende L\u00f6sung. Sie erreichen uns per E-Mail unter: info@animalproducts.nl Wir werden Ihre Beschwerde pr\u00fcfen und uns bem\u00fchen, eine f\u00fcr alle Beteiligten zufriedenstellende L\u00f6sung zu finden. Sie erhalten von uns [&hellip;]","og_url":"https:\/\/animalproducts.nl\/de\/beschwerderegelung\/","og_site_name":"Animal Products","article_modified_time":"2025-11-24T10:27:53+00:00","og_image":[{"width":2000,"height":1334,"url":"https:\/\/animalproducts.nl\/wp-content\/uploads\/2025\/07\/3__1976-scaled-e1756377380871.jpg","type":"image\/jpeg"}],"twitter_card":"summary_large_image","twitter_misc":{"Gesch\u00e4tzte Lesezeit":"1\u00a0Minute"},"schema":{"@context":"https:\/\/schema.org","@graph":[{"@type":"WebPage","@id":"https:\/\/animalproducts.nl\/de\/beschwerderegelung\/","url":"https:\/\/animalproducts.nl\/de\/beschwerderegelung\/","name":"Beschwerderegelung - Animal Products","isPartOf":{"@id":"https:\/\/animalproducts.nl\/de\/#website"},"primaryImageOfPage":{"@id":"https:\/\/animalproducts.nl\/de\/beschwerderegelung\/#primaryimage"},"image":{"@id":"https:\/\/animalproducts.nl\/de\/beschwerderegelung\/#primaryimage"},"thumbnailUrl":"https:\/\/animalproducts.nl\/wp-content\/uploads\/2025\/07\/3__1976-scaled-e1756377380871.jpg","datePublished":"2020-10-30T10:24:46+00:00","dateModified":"2025-11-24T10:27:53+00:00","breadcrumb":{"@id":"https:\/\/animalproducts.nl\/de\/beschwerderegelung\/#breadcrumb"},"inLanguage":"de","potentialAction":[{"@type":"ReadAction","target":["https:\/\/animalproducts.nl\/de\/beschwerderegelung\/"]}]},{"@type":"ImageObject","inLanguage":"de","@id":"https:\/\/animalproducts.nl\/de\/beschwerderegelung\/#primaryimage","url":"https:\/\/animalproducts.nl\/wp-content\/uploads\/2025\/07\/3__1976-scaled-e1756377380871.jpg","contentUrl":"https:\/\/animalproducts.nl\/wp-content\/uploads\/2025\/07\/3__1976-scaled-e1756377380871.jpg"},{"@type":"BreadcrumbList","@id":"https:\/\/animalproducts.nl\/de\/beschwerderegelung\/#breadcrumb","itemListElement":[{"@type":"ListItem","position":1,"name":"Shop","item":"https:\/\/animalproducts.nl\/de\/heim\/"},{"@type":"ListItem","position":2,"name":"Beschwerderegelung"}]},{"@type":"WebSite","@id":"https:\/\/animalproducts.nl\/de\/#website","url":"https:\/\/animalproducts.nl\/de\/","name":"Animal Products","description":"","publisher":{"@id":"https:\/\/animalproducts.nl\/de\/#organization"},"potentialAction":[{"@type":"SearchAction","target":{"@type":"EntryPoint","urlTemplate":"https:\/\/animalproducts.nl\/de\/?s={search_term_string}"},"query-input":{"@type":"PropertyValueSpecification","valueRequired":true,"valueName":"search_term_string"}}],"inLanguage":"de"},{"@type":"Organization","@id":"https:\/\/animalproducts.nl\/de\/#organization","name":"Animal Products","url":"https:\/\/animalproducts.nl\/de\/","logo":{"@type":"ImageObject","inLanguage":"de","@id":"https:\/\/animalproducts.nl\/de\/#\/schema\/logo\/image\/","url":"https:\/\/animalproducts.nl\/wp-content\/uploads\/2025\/07\/AnimalProducts-logo-v2-liggend-def-scaled.png","contentUrl":"https:\/\/animalproducts.nl\/wp-content\/uploads\/2025\/07\/AnimalProducts-logo-v2-liggend-def-scaled.png","width":2560,"height":1266,"caption":"Animal Products"},"image":{"@id":"https:\/\/animalproducts.nl\/de\/#\/schema\/logo\/image\/"}}]}},"_links":{"self":[{"href":"https:\/\/animalproducts.nl\/de\/wp-json\/wp\/v2\/pages\/30236","targetHints":{"allow":["GET"]}}],"collection":[{"href":"https:\/\/animalproducts.nl\/de\/wp-json\/wp\/v2\/pages"}],"about":[{"href":"https:\/\/animalproducts.nl\/de\/wp-json\/wp\/v2\/types\/page"}],"author":[{"embeddable":true,"href":"https:\/\/animalproducts.nl\/de\/wp-json\/wp\/v2\/users\/4"}],"replies":[{"embeddable":true,"href":"https:\/\/animalproducts.nl\/de\/wp-json\/wp\/v2\/comments?post=30236"}],"version-history":[{"count":1,"href":"https:\/\/animalproducts.nl\/de\/wp-json\/wp\/v2\/pages\/30236\/revisions"}],"predecessor-version":[{"id":30240,"href":"https:\/\/animalproducts.nl\/de\/wp-json\/wp\/v2\/pages\/30236\/revisions\/30240"}],"wp:attachment":[{"href":"https:\/\/animalproducts.nl\/de\/wp-json\/wp\/v2\/media?parent=30236"}],"curies":[{"name":"wp","href":"https:\/\/api.w.org\/{rel}","templated":true}]}}