{"id":30231,"date":"2020-12-08T09:35:32","date_gmt":"2020-12-08T08:35:32","guid":{"rendered":"https:\/\/animalproducts.nl\/ruecksendeformular\/"},"modified":"2025-11-24T11:26:55","modified_gmt":"2025-11-24T10:26:55","slug":"ruecksendeformular","status":"publish","type":"page","link":"https:\/\/animalproducts.nl\/de\/ruecksendeformular\/","title":{"rendered":"R\u00fccksendeformular"},"content":{"rendered":"\t\t<div data-elementor-type=\"wp-page\" data-elementor-id=\"30231\" class=\"elementor elementor-30231 elementor-13040\" data-elementor-post-type=\"page\">\n\t\t\t\t<div class=\"elementor-element elementor-element-f012348 e-flex e-con-boxed e-con e-parent\" data-id=\"f012348\" data-element_type=\"container\" data-e-type=\"container\" data-settings=\"{&quot;background_background&quot;:&quot;classic&quot;}\">\n\t\t\t\t\t<div class=\"e-con-inner\">\n\t\t\t\t<div class=\"elementor-element elementor-element-865d037 elementor-widget elementor-widget-heading\" data-id=\"865d037\" data-element_type=\"widget\" data-e-type=\"widget\" data-widget_type=\"heading.default\">\n\t\t\t\t\t<h1 class=\"elementor-heading-title elementor-size-default\">R\u00fccksendeformular<\/h1>\t\t\t\t<\/div>\n\t\t\t\t<div class=\"elementor-element elementor-element-96bc23c elementor-align-center elementor-widget elementor-widget-breadcrumbs\" data-id=\"96bc23c\" data-element_type=\"widget\" data-e-type=\"widget\" data-widget_type=\"breadcrumbs.default\">\n\t\t\t\t\t<p id=\"breadcrumbs\"><span><span><a href=\"https:\/\/animalproducts.nl\/de\/heim\/\">Shop<\/a><\/span><\/span><\/p>\t\t\t\t<\/div>\n\t\t\t\t\t<\/div>\n\t\t\t\t<\/div>\n\t\t<div class=\"elementor-element elementor-element-40fae17 e-flex e-con-boxed e-con e-parent\" data-id=\"40fae17\" data-element_type=\"container\" data-e-type=\"container\">\n\t\t\t\t\t<div class=\"e-con-inner\">\n\t\t<div class=\"elementor-element elementor-element-aeac556 e-con-full e-flex elementor-invisible e-con e-child\" data-id=\"aeac556\" data-element_type=\"container\" data-e-type=\"container\" data-settings=\"{&quot;background_background&quot;:&quot;classic&quot;,&quot;animation&quot;:&quot;fadeInRight&quot;,&quot;animation_delay&quot;:300}\">\n\t\t\t\t<div class=\"elementor-element elementor-element-95ed10f elementor-widget elementor-widget-text-editor\" data-id=\"95ed10f\" data-element_type=\"widget\" data-e-type=\"widget\" data-widget_type=\"text-editor.default\">\n\t\t\t\t\t\t\t\t\t<p>M\u00f6chten Sie einen Artikel zur\u00fccksenden? Bitte registrieren Sie das Produkt mit dem untenstehenden R\u00fccksendeformular.  <\/p>\t\t\t\t\t\t\t\t<\/div>\n\t\t\t\t<div class=\"elementor-element elementor-element-3c13127 elementor-widget elementor-widget-shortcode\" data-id=\"3c13127\" data-element_type=\"widget\" data-e-type=\"widget\" data-widget_type=\"shortcode.default\">\n\t\t\t\t\t\t\t<div class=\"elementor-shortcode\"><link rel='stylesheet' id='formidable-css' href='https:\/\/animalproducts.nl\/wp-content\/plugins\/formidable\/css\/formidableforms.css?ver=430701' media='all' \/>\n<div class=\"frm_forms  with_frm_style frm_style_formidable-style\" id=\"frm_form_5_container\" >\n<form enctype=\"multipart\/form-data\" method=\"post\" class=\"frm-show-form  frm_pro_form \" id=\"form_productretourneren\" >\n<div class=\"frm_form_fields \">\n<fieldset>\n<legend class=\"frm_screen_reader\">Product retourneren<\/legend>\r\n\r\n<div class=\"frm_fields_container\">\n<input type=\"hidden\" name=\"frm_action\" value=\"create\" \/>\n<input type=\"hidden\" name=\"form_id\" value=\"5\" \/>\n<input type=\"hidden\" name=\"frm_hide_fields_5\" id=\"frm_hide_fields_5\" value=\"\" \/>\n<input type=\"hidden\" name=\"form_key\" value=\"productretourneren\" \/>\n<input type=\"hidden\" name=\"item_meta[0]\" value=\"\" \/>\n<input type=\"hidden\" id=\"frm_submit_entry_5\" name=\"frm_submit_entry_5\" value=\"e92c888fe7\" \/><input type=\"hidden\" name=\"_wp_http_referer\" value=\"\/de\/wp-json\/wp\/v2\/pages\/30231\" \/><div id=\"frm_field_73_container\" class=\"frm_form_field frm_section_heading form-field \">\r\n<h3 class=\"frm_pos_top frm_section_spacing\">Gegevens<\/h3>\r\n\r\n\r\n<div id=\"frm_field_64_container\" class=\"frm_form_field form-field  frm_required_field frm_top_container\">\r\n    <label for=\"field_c6e1j\" id=\"field_c6e1j_label\" class=\"frm_primary_label\">Naam:\r\n        <span class=\"frm_required\">*<\/span>\r\n    <\/label>\r\n    <input  type=\"text\" id=\"field_c6e1j\" name=\"item_meta[64]\" value=\"\"  data-sectionid=\"73\"  placeholder=\"Naam\" data-reqmsg=\"Dit veld mag niet leeg zijn.\" aria-required=\"true\" data-invmsg=\"Tekst is ongeldig\" aria-invalid=\"false\"   \/>\r\n    \r\n    \r\n<\/div>\n<div id=\"frm_field_67_container\" class=\"frm_form_field form-field  frm_required_field frm_top_container\">\r\n    <label for=\"field_w6tbw\" id=\"field_w6tbw_label\" class=\"frm_primary_label\">Adres:\r\n        <span class=\"frm_required\">*<\/span>\r\n    <\/label>\r\n    <input  type=\"text\" id=\"field_w6tbw\" name=\"item_meta[67]\" value=\"\"  data-sectionid=\"73\"  placeholder=\"Adres\" data-reqmsg=\"Dit veld mag niet leeg zijn.\" aria-required=\"true\" data-invmsg=\"Tekst is ongeldig\" aria-invalid=\"false\"   \/>\r\n    \r\n    \r\n<\/div>\n<div id=\"frm_field_68_container\" class=\"frm_form_field form-field  frm_required_field frm_top_container\">\r\n    <label for=\"field_gfcdv\" id=\"field_gfcdv_label\" class=\"frm_primary_label\">Postcode:\r\n        <span class=\"frm_required\">*<\/span>\r\n    <\/label>\r\n    <input  type=\"text\" id=\"field_gfcdv\" name=\"item_meta[68]\" value=\"\"  data-sectionid=\"73\"  placeholder=\"Postcode\" data-reqmsg=\"Dit veld mag niet leeg zijn.\" aria-required=\"true\" data-invmsg=\"Tekst is ongeldig\" aria-invalid=\"false\"   \/>\r\n    \r\n    \r\n<\/div>\n<div id=\"frm_field_69_container\" class=\"frm_form_field form-field  frm_required_field frm_top_container\">\r\n    <label for=\"field_eispe\" id=\"field_eispe_label\" class=\"frm_primary_label\">Plaats:\r\n        <span class=\"frm_required\">*<\/span>\r\n    <\/label>\r\n    <input  type=\"text\" id=\"field_eispe\" name=\"item_meta[69]\" value=\"\"  data-sectionid=\"73\"  placeholder=\"Plaats\" data-reqmsg=\"Dit veld mag niet leeg zijn.\" aria-required=\"true\" data-invmsg=\"Tekst is ongeldig\" aria-invalid=\"false\"   \/>\r\n    \r\n    \r\n<\/div>\n<div id=\"frm_field_75_container\" class=\"frm_form_field form-field  frm_required_field frm_top_container\">\r\n    <label for=\"field_knu1q\" id=\"field_knu1q_label\" class=\"frm_primary_label\">Telefoonnummer:\r\n        <span class=\"frm_required\">*<\/span>\r\n    <\/label>\r\n    <input  type=\"text\" id=\"field_knu1q\" name=\"item_meta[75]\" value=\"\"  data-sectionid=\"73\"  placeholder=\"Telefoonnummer\" data-reqmsg=\"Dit veld mag niet leeg zijn.\" aria-required=\"true\" data-invmsg=\"Tekst is ongeldig\" aria-invalid=\"false\"   \/>\r\n    \r\n    \r\n<\/div>\n<div id=\"frm_field_76_container\" class=\"frm_form_field form-field  frm_required_field frm_top_container\">\r\n    <label for=\"field_rn8is\" id=\"field_rn8is_label\" class=\"frm_primary_label\">E-mailadres:\r\n        <span class=\"frm_required\">*<\/span>\r\n    <\/label>\r\n    <input  type=\"text\" id=\"field_rn8is\" name=\"item_meta[76]\" value=\"\"  data-sectionid=\"73\"  placeholder=\"E-mailadres\" data-reqmsg=\"Dit veld mag niet leeg zijn.\" aria-required=\"true\" data-invmsg=\"Tekst is ongeldig\" aria-invalid=\"false\"   \/>\r\n    \r\n    \r\n<\/div>\n<div id=\"frm_field_66_container\" class=\"frm_form_field form-field  frm_required_field frm_top_container\">\r\n    <label for=\"field_eh3j2\" id=\"field_eh3j2_label\" class=\"frm_primary_label\">Ordernummer:\r\n        <span class=\"frm_required\">*<\/span>\r\n    <\/label>\r\n    <input  type=\"text\" id=\"field_eh3j2\" name=\"item_meta[66]\" value=\"\"  data-sectionid=\"73\"  placeholder=\"Ordernummer\" data-reqmsg=\"Dit veld mag niet leeg zijn.\" aria-required=\"true\" data-invmsg=\"Tekst is ongeldig\" aria-invalid=\"false\"   \/>\r\n    \r\n    \r\n<\/div>\n<div id=\"frm_field_77_container\" class=\"frm_form_field form-field  frm_required_field frm_top_container\">\r\n    <label for=\"field_7hcbb\" id=\"field_7hcbb_label\" class=\"frm_primary_label\">IBAN:\r\n        <span class=\"frm_required\">*<\/span>\r\n    <\/label>\r\n    <input  type=\"text\" id=\"field_7hcbb\" name=\"item_meta[77]\" value=\"\"  data-sectionid=\"73\"  placeholder=\"IBAN\" data-reqmsg=\"Dit veld mag niet leeg zijn.\" aria-required=\"true\" data-invmsg=\"Tekst is ongeldig\" aria-invalid=\"false\"   \/>\r\n    \r\n    \r\n<\/div>\n<\/div>\n<div id=\"frm_field_79_container\" class=\"frm_form_field frm_section_heading form-field \">\r\n<h3 class=\"frm_pos_top frm_section_spacing\">Reden van retour<\/h3>\r\n\r\n\r\n<div id=\"frm_field_87_container\" class=\"frm_form_field form-field  frm_required_field frm_top_container\">\r\n    <div  id=\"field_5otg8_label\" class=\"frm_primary_label\">\r\n        <span class=\"frm_required\">*<\/span>\r\n    <\/div>\r\n    <div class=\"frm_opt_container\" aria-labelledby=\"field_5otg8_label\" role=\"group\">\t\t<select name=\"item_meta[87]\" id=\"field_5otg8\"  data-sectionid=\"79\"  data-reqmsg=\"Dit veld mag niet leeg zijn.\" aria-required=\"true\" data-invmsg=\"Dieses Feld ist ung\u00fcltig\" aria-invalid=\"false\"  >\n\t\t<option  value=\"Defect\">Defect<\/option><option  value=\"Beschadigd\">Beschadigd<\/option><option  value=\"Transportschade\">Transportschade<\/option><option  value=\"Dubbel geleverd\">Dubbel geleverd<\/option><option  value=\"Voldoet niet aan verwachting\">Voldoet niet aan verwachting<\/option><option  value=\"Verkeerd besteld\">Verkeerd besteld<\/option><option  value=\"Anders, namelijk:\">Anders, namelijk:<\/option>\t<\/select>\n\t<\/div>\r\n    \r\n    \r\n<\/div>\n<\/div>\n<div id=\"frm_field_88_container\" class=\"frm_form_field form-field  frm_top_container\">\r\n    <label for=\"field_dhswz\" id=\"field_dhswz_label\" class=\"frm_primary_label\">Omschrijf de reden:\r\n        <span class=\"frm_required\"><\/span>\r\n    <\/label>\r\n    <textarea name=\"item_meta[88]\" id=\"field_dhswz\" rows=\"2\"  placeholder=\"Omschrijf de reden\" data-invmsg=\"Omschrijf de reden: ist ung\u00fcltig\" aria-invalid=\"false\"  ><\/textarea>\r\n    \r\n    \r\n<\/div>\n<div id=\"frm_field_85_container\" class=\"frm_form_field frm_section_heading form-field \">\r\n<h3 class=\"frm_pos_top frm_section_spacing\">Retourartikelen<\/h3>\r\n\r\n<input type=\"hidden\" name=\"item_meta[85][form]\" value=\"6\" class=\"frm_dnc\" \/>\n\t\t\t<div id=\"frm_section_85-0\" class=\"frm_repeat_sec frm_repeat_85 frm_first_repeat frm_grid_container\">\n<input type=\"hidden\" name=\"item_meta[85][row_ids][]\" value=\"0\" \/><input type=\"hidden\" name=\"item_meta[85][0][0]\" value=\"\" \/><div id=\"frm_field_82-85-0_container\" class=\"frm_form_field form-field  frm_required_field frm_top_container frm_first frm_third frm_field_82_container\">\r\n    <label for=\"field_f5uno-0\" id=\"field_f5uno-0_label\" class=\"frm_primary_label\">Aantal\r\n        <span class=\"frm_required\">*<\/span>\r\n    <\/label>\r\n    <input  type=\"text\" id=\"field_f5uno-0\" name=\"item_meta[85][0][82]\" value=\"\"  data-sectionid=\"85\"  placeholder=\"Aantal\" data-reqmsg=\"Dit veld mag niet leeg zijn.\" aria-required=\"true\" data-invmsg=\"Tekst is ongeldig\" aria-invalid=\"false\"   \/>\r\n    \r\n    \r\n<\/div>\n<div id=\"frm_field_83-85-0_container\" class=\"frm_form_field form-field  frm_required_field frm_top_container frm_third frm_field_83_container\">\r\n    <label for=\"field_yawex-0\" id=\"field_yawex-0_label\" class=\"frm_primary_label\">Artikelnummer\r\n        <span class=\"frm_required\">*<\/span>\r\n    <\/label>\r\n    <input  type=\"text\" id=\"field_yawex-0\" name=\"item_meta[85][0][83]\" value=\"\"  data-sectionid=\"85\"  placeholder=\"Artikelnummer\" data-reqmsg=\"Dit veld mag niet leeg zijn.\" aria-required=\"true\" data-invmsg=\"Tekst is ongeldig\" aria-invalid=\"false\"   \/>\r\n    \r\n    \r\n<\/div>\n<div id=\"frm_field_84-85-0_container\" class=\"frm_form_field form-field  frm_required_field frm_top_container frm_third frm_field_84_container\">\r\n    <label for=\"field_gg13r-0\" id=\"field_gg13r-0_label\" class=\"frm_primary_label\">Omschrijving\r\n        <span class=\"frm_required\">*<\/span>\r\n    <\/label>\r\n    <input  type=\"text\" id=\"field_gg13r-0\" name=\"item_meta[85][0][84]\" value=\"\"  data-sectionid=\"85\"  placeholder=\"Omschrijving\" data-reqmsg=\"Dit veld mag niet leeg zijn.\" aria-required=\"true\" data-invmsg=\"Tekst is ongeldig\" aria-invalid=\"false\"   \/>\r\n    \r\n    \r\n<\/div>\n<div class=\"frm_form_field frm_hidden_container frm_repeat_buttons \"><a href=\"#\" class=\"frm_add_form_row frm_button\" data-parent=\"85\" aria-label=\"Hinzuf\u00fcgen\"><svg  viewBox=\"0 0 20 20\" width=\"1em\" height=\"1em\" class=\"frmsvg frm-svg-icon\">\n\t<title>plus1<\/title>\n\t<path d=\"M11 5H9v4H5v2h4v4h2v-4h4V9h-4V5zm-1-5a10 10 0 1 0 0 20 10 10 0 0 0 0-20zm0 18a8 8 0 1 1 0-16 8 8 0 0 1 0 16z\"><\/path>\n\n<\/svg> Toevoegen<\/a>\n<a href=\"#\" class=\"frm_remove_form_row frm_button\" data-key=\"0\" data-parent=\"85\" aria-label=\"Entfernen\"><svg  viewBox=\"0 0 20 20\" width=\"1em\" height=\"1em\" class=\"frmsvg frm-svg-icon\">\n\t<title>minus1<\/title>\n\t<path d=\"M5 9v2h10V9H5zm5-9a10 10 0 1 0 0 20 10 10 0 0 0 0-20zm0 18a8 8 0 1 1 0-16 8 8 0 0 1 0 16z\"><\/path>\n\n<\/svg> Verwijder<\/a> <\/div><\/div>\n\r\n<\/div>\n\t<input type=\"hidden\" name=\"item_key\" value=\"\" \/>\n\t\t\t<div id=\"frm_field_90_container\">\n\t\t\t<label for=\"field_km406\" >\n\t\t\t\tFalls Du menschlich bist, lasse dieses Feld leer.\t\t\t<\/label>\n\t\t\t<input  id=\"field_km406\" type=\"text\" class=\"frm_form_field form-field frm_verify\" name=\"item_meta[90]\" value=\"\"  \/>\n\t\t<\/div>\n\t\t<input name=\"frm_state\" type=\"hidden\" value=\"Upz4DAc7jbbmnt6zRUkQgaGq46jpNdpGGt9T3jgI8oefSp67soBT6xt4yANy7Gc0\" \/><div class=\"frm_submit\">\r\n\r\n<button class=\"frm_button_submit frm_final_submit\" type=\"submit\"  >Verzenden<\/button>\r\n\r\n<\/div><\/div>\n<\/fieldset>\n<\/div>\n\n<\/form>\n<\/div>\n<\/div>\n\t\t\t\t\t\t<\/div>\n\t\t\t\t<\/div>\n\t\t<div class=\"elementor-element elementor-element-6818cea e-con-full e-flex elementor-invisible e-con e-child\" data-id=\"6818cea\" data-element_type=\"container\" data-e-type=\"container\" data-settings=\"{&quot;animation&quot;:&quot;fadeInLeft&quot;,&quot;animation_delay&quot;:200}\">\n\t\t\t\t<div class=\"elementor-element elementor-element-c3a4107 elementor-widget elementor-widget-image\" data-id=\"c3a4107\" data-element_type=\"widget\" data-e-type=\"widget\" data-widget_type=\"image.default\">\n\t\t\t\t\t\t\t\t\t\t\t\t\t\t\t<img fetchpriority=\"high\" decoding=\"async\" width=\"2000\" height=\"800\" src=\"https:\/\/animalproducts.nl\/wp-content\/uploads\/2025\/07\/agility-materialen-producten-voor-honden-6.jpg\" class=\"attachment-full size-full wp-image-30219\" alt=\"\" srcset=\"https:\/\/animalproducts.nl\/wp-content\/uploads\/2025\/07\/agility-materialen-producten-voor-honden-6.jpg 2000w, https:\/\/animalproducts.nl\/wp-content\/uploads\/2025\/07\/agility-materialen-producten-voor-honden-6-600x240.jpg 600w, https:\/\/animalproducts.nl\/wp-content\/uploads\/2025\/07\/agility-materialen-producten-voor-honden-6-300x120.jpg 300w, https:\/\/animalproducts.nl\/wp-content\/uploads\/2025\/07\/agility-materialen-producten-voor-honden-6-1024x410.jpg 1024w, https:\/\/animalproducts.nl\/wp-content\/uploads\/2025\/07\/agility-materialen-producten-voor-honden-6-768x307.jpg 768w, https:\/\/animalproducts.nl\/wp-content\/uploads\/2025\/07\/agility-materialen-producten-voor-honden-6-1536x614.jpg 1536w\" sizes=\"(max-width: 2000px) 100vw, 2000px\" \/>\t\t\t\t\t\t\t\t\t\t\t\t\t\t\t<\/div>\n\t\t\t\t<\/div>\n\t\t\t\t\t<\/div>\n\t\t\t\t<\/div>\n\t\t\t\t<\/div>\n\t\t","protected":false},"excerpt":{"rendered":"<p>R\u00fccksendeformular M\u00f6chten Sie einen Artikel zur\u00fccksenden? Bitte registrieren Sie das Produkt mit dem untenstehenden R\u00fccksendeformular.<\/p>\n","protected":false},"author":4,"featured_media":0,"parent":0,"menu_order":11,"comment_status":"closed","ping_status":"closed","template":"","meta":{"_acf_changed":false,"footnotes":""},"class_list":["post-30231","page","type-page","status-publish","hentry"],"acf":[],"yoast_head":"<!-- This site is optimized with the Yoast SEO plugin v27.6 - https:\/\/yoast.com\/product\/yoast-seo-wordpress\/ -->\n<title>R\u00fccksendeformular - Animal Products<\/title>\n<meta name=\"robots\" content=\"index, follow, max-snippet:-1, max-image-preview:large, max-video-preview:-1\" \/>\n<link rel=\"canonical\" href=\"https:\/\/animalproducts.nl\/de\/ruecksendeformular\/\" \/>\n<meta property=\"og:locale\" content=\"de_DE\" \/>\n<meta property=\"og:type\" content=\"article\" \/>\n<meta property=\"og:title\" content=\"R\u00fccksendeformular - Animal Products\" \/>\n<meta property=\"og:description\" content=\"R\u00fccksendeformular M\u00f6chten Sie einen Artikel zur\u00fccksenden? Bitte registrieren Sie das Produkt mit dem untenstehenden R\u00fccksendeformular.\" \/>\n<meta property=\"og:url\" content=\"https:\/\/animalproducts.nl\/de\/ruecksendeformular\/\" \/>\n<meta property=\"og:site_name\" content=\"Animal Products\" \/>\n<meta property=\"article:modified_time\" content=\"2025-11-24T10:26:55+00:00\" \/>\n<meta property=\"og:image\" content=\"https:\/\/animalproducts.nl\/wp-content\/uploads\/2025\/07\/agility-materialen-producten-voor-honden-6.jpg\" \/>\n\t<meta property=\"og:image:width\" content=\"2000\" \/>\n\t<meta property=\"og:image:height\" content=\"800\" \/>\n\t<meta property=\"og:image:type\" content=\"image\/jpeg\" \/>\n<meta name=\"twitter:card\" content=\"summary_large_image\" \/>\n<script type=\"application\/ld+json\" class=\"yoast-schema-graph\">{\"@context\":\"https:\\\/\\\/schema.org\",\"@graph\":[{\"@type\":\"WebPage\",\"@id\":\"https:\\\/\\\/animalproducts.nl\\\/de\\\/ruecksendeformular\\\/\",\"url\":\"https:\\\/\\\/animalproducts.nl\\\/de\\\/ruecksendeformular\\\/\",\"name\":\"R\u00fccksendeformular - Animal Products\",\"isPartOf\":{\"@id\":\"https:\\\/\\\/animalproducts.nl\\\/de\\\/#website\"},\"primaryImageOfPage\":{\"@id\":\"https:\\\/\\\/animalproducts.nl\\\/de\\\/ruecksendeformular\\\/#primaryimage\"},\"image\":{\"@id\":\"https:\\\/\\\/animalproducts.nl\\\/de\\\/ruecksendeformular\\\/#primaryimage\"},\"thumbnailUrl\":\"https:\\\/\\\/animalproducts.nl\\\/wp-content\\\/uploads\\\/2025\\\/07\\\/agility-materialen-producten-voor-honden-6.jpg\",\"datePublished\":\"2020-12-08T08:35:32+00:00\",\"dateModified\":\"2025-11-24T10:26:55+00:00\",\"breadcrumb\":{\"@id\":\"https:\\\/\\\/animalproducts.nl\\\/de\\\/ruecksendeformular\\\/#breadcrumb\"},\"inLanguage\":\"de\",\"potentialAction\":[{\"@type\":\"ReadAction\",\"target\":[\"https:\\\/\\\/animalproducts.nl\\\/de\\\/ruecksendeformular\\\/\"]}]},{\"@type\":\"ImageObject\",\"inLanguage\":\"de\",\"@id\":\"https:\\\/\\\/animalproducts.nl\\\/de\\\/ruecksendeformular\\\/#primaryimage\",\"url\":\"https:\\\/\\\/animalproducts.nl\\\/wp-content\\\/uploads\\\/2025\\\/07\\\/agility-materialen-producten-voor-honden-6.jpg\",\"contentUrl\":\"https:\\\/\\\/animalproducts.nl\\\/wp-content\\\/uploads\\\/2025\\\/07\\\/agility-materialen-producten-voor-honden-6.jpg\"},{\"@type\":\"BreadcrumbList\",\"@id\":\"https:\\\/\\\/animalproducts.nl\\\/de\\\/ruecksendeformular\\\/#breadcrumb\",\"itemListElement\":[{\"@type\":\"ListItem\",\"position\":1,\"name\":\"Shop\",\"item\":\"https:\\\/\\\/animalproducts.nl\\\/de\\\/heim\\\/\"},{\"@type\":\"ListItem\",\"position\":2,\"name\":\"R\u00fccksendeformular\"}]},{\"@type\":\"WebSite\",\"@id\":\"https:\\\/\\\/animalproducts.nl\\\/de\\\/#website\",\"url\":\"https:\\\/\\\/animalproducts.nl\\\/de\\\/\",\"name\":\"Animal Products\",\"description\":\"\",\"publisher\":{\"@id\":\"https:\\\/\\\/animalproducts.nl\\\/de\\\/#organization\"},\"potentialAction\":[{\"@type\":\"SearchAction\",\"target\":{\"@type\":\"EntryPoint\",\"urlTemplate\":\"https:\\\/\\\/animalproducts.nl\\\/de\\\/?s={search_term_string}\"},\"query-input\":{\"@type\":\"PropertyValueSpecification\",\"valueRequired\":true,\"valueName\":\"search_term_string\"}}],\"inLanguage\":\"de\"},{\"@type\":\"Organization\",\"@id\":\"https:\\\/\\\/animalproducts.nl\\\/de\\\/#organization\",\"name\":\"Animal Products\",\"url\":\"https:\\\/\\\/animalproducts.nl\\\/de\\\/\",\"logo\":{\"@type\":\"ImageObject\",\"inLanguage\":\"de\",\"@id\":\"https:\\\/\\\/animalproducts.nl\\\/de\\\/#\\\/schema\\\/logo\\\/image\\\/\",\"url\":\"https:\\\/\\\/animalproducts.nl\\\/wp-content\\\/uploads\\\/2025\\\/07\\\/AnimalProducts-logo-v2-liggend-def-scaled.png\",\"contentUrl\":\"https:\\\/\\\/animalproducts.nl\\\/wp-content\\\/uploads\\\/2025\\\/07\\\/AnimalProducts-logo-v2-liggend-def-scaled.png\",\"width\":2560,\"height\":1266,\"caption\":\"Animal Products\"},\"image\":{\"@id\":\"https:\\\/\\\/animalproducts.nl\\\/de\\\/#\\\/schema\\\/logo\\\/image\\\/\"}}]}<\/script>\n<!-- \/ Yoast SEO plugin. -->","yoast_head_json":{"title":"R\u00fccksendeformular - Animal Products","robots":{"index":"index","follow":"follow","max-snippet":"max-snippet:-1","max-image-preview":"max-image-preview:large","max-video-preview":"max-video-preview:-1"},"canonical":"https:\/\/animalproducts.nl\/de\/ruecksendeformular\/","og_locale":"de_DE","og_type":"article","og_title":"R\u00fccksendeformular - Animal Products","og_description":"R\u00fccksendeformular M\u00f6chten Sie einen Artikel zur\u00fccksenden? Bitte registrieren Sie das Produkt mit dem untenstehenden R\u00fccksendeformular.","og_url":"https:\/\/animalproducts.nl\/de\/ruecksendeformular\/","og_site_name":"Animal Products","article_modified_time":"2025-11-24T10:26:55+00:00","og_image":[{"width":2000,"height":800,"url":"https:\/\/animalproducts.nl\/wp-content\/uploads\/2025\/07\/agility-materialen-producten-voor-honden-6.jpg","type":"image\/jpeg"}],"twitter_card":"summary_large_image","schema":{"@context":"https:\/\/schema.org","@graph":[{"@type":"WebPage","@id":"https:\/\/animalproducts.nl\/de\/ruecksendeformular\/","url":"https:\/\/animalproducts.nl\/de\/ruecksendeformular\/","name":"R\u00fccksendeformular - Animal Products","isPartOf":{"@id":"https:\/\/animalproducts.nl\/de\/#website"},"primaryImageOfPage":{"@id":"https:\/\/animalproducts.nl\/de\/ruecksendeformular\/#primaryimage"},"image":{"@id":"https:\/\/animalproducts.nl\/de\/ruecksendeformular\/#primaryimage"},"thumbnailUrl":"https:\/\/animalproducts.nl\/wp-content\/uploads\/2025\/07\/agility-materialen-producten-voor-honden-6.jpg","datePublished":"2020-12-08T08:35:32+00:00","dateModified":"2025-11-24T10:26:55+00:00","breadcrumb":{"@id":"https:\/\/animalproducts.nl\/de\/ruecksendeformular\/#breadcrumb"},"inLanguage":"de","potentialAction":[{"@type":"ReadAction","target":["https:\/\/animalproducts.nl\/de\/ruecksendeformular\/"]}]},{"@type":"ImageObject","inLanguage":"de","@id":"https:\/\/animalproducts.nl\/de\/ruecksendeformular\/#primaryimage","url":"https:\/\/animalproducts.nl\/wp-content\/uploads\/2025\/07\/agility-materialen-producten-voor-honden-6.jpg","contentUrl":"https:\/\/animalproducts.nl\/wp-content\/uploads\/2025\/07\/agility-materialen-producten-voor-honden-6.jpg"},{"@type":"BreadcrumbList","@id":"https:\/\/animalproducts.nl\/de\/ruecksendeformular\/#breadcrumb","itemListElement":[{"@type":"ListItem","position":1,"name":"Shop","item":"https:\/\/animalproducts.nl\/de\/heim\/"},{"@type":"ListItem","position":2,"name":"R\u00fccksendeformular"}]},{"@type":"WebSite","@id":"https:\/\/animalproducts.nl\/de\/#website","url":"https:\/\/animalproducts.nl\/de\/","name":"Animal Products","description":"","publisher":{"@id":"https:\/\/animalproducts.nl\/de\/#organization"},"potentialAction":[{"@type":"SearchAction","target":{"@type":"EntryPoint","urlTemplate":"https:\/\/animalproducts.nl\/de\/?s={search_term_string}"},"query-input":{"@type":"PropertyValueSpecification","valueRequired":true,"valueName":"search_term_string"}}],"inLanguage":"de"},{"@type":"Organization","@id":"https:\/\/animalproducts.nl\/de\/#organization","name":"Animal Products","url":"https:\/\/animalproducts.nl\/de\/","logo":{"@type":"ImageObject","inLanguage":"de","@id":"https:\/\/animalproducts.nl\/de\/#\/schema\/logo\/image\/","url":"https:\/\/animalproducts.nl\/wp-content\/uploads\/2025\/07\/AnimalProducts-logo-v2-liggend-def-scaled.png","contentUrl":"https:\/\/animalproducts.nl\/wp-content\/uploads\/2025\/07\/AnimalProducts-logo-v2-liggend-def-scaled.png","width":2560,"height":1266,"caption":"Animal Products"},"image":{"@id":"https:\/\/animalproducts.nl\/de\/#\/schema\/logo\/image\/"}}]}},"_links":{"self":[{"href":"https:\/\/animalproducts.nl\/de\/wp-json\/wp\/v2\/pages\/30231","targetHints":{"allow":["GET"]}}],"collection":[{"href":"https:\/\/animalproducts.nl\/de\/wp-json\/wp\/v2\/pages"}],"about":[{"href":"https:\/\/animalproducts.nl\/de\/wp-json\/wp\/v2\/types\/page"}],"author":[{"embeddable":true,"href":"https:\/\/animalproducts.nl\/de\/wp-json\/wp\/v2\/users\/4"}],"replies":[{"embeddable":true,"href":"https:\/\/animalproducts.nl\/de\/wp-json\/wp\/v2\/comments?post=30231"}],"version-history":[{"count":1,"href":"https:\/\/animalproducts.nl\/de\/wp-json\/wp\/v2\/pages\/30231\/revisions"}],"predecessor-version":[{"id":30235,"href":"https:\/\/animalproducts.nl\/de\/wp-json\/wp\/v2\/pages\/30231\/revisions\/30235"}],"wp:attachment":[{"href":"https:\/\/animalproducts.nl\/de\/wp-json\/wp\/v2\/media?parent=30231"}],"curies":[{"name":"wp","href":"https:\/\/api.w.org\/{rel}","templated":true}]}}