{"id":30209,"date":"2020-10-30T11:23:38","date_gmt":"2020-10-30T10:23:38","guid":{"rendered":"https:\/\/animalproducts.nl\/rueckgabeinformationen\/"},"modified":"2025-11-24T11:23:40","modified_gmt":"2025-11-24T10:23:40","slug":"rueckgabeinformationen","status":"publish","type":"page","link":"https:\/\/animalproducts.nl\/de\/rueckgabeinformationen\/","title":{"rendered":"R\u00fcckgabeinformationen"},"content":{"rendered":"\t\t<div data-elementor-type=\"wp-page\" data-elementor-id=\"30209\" class=\"elementor elementor-30209 elementor-11063\" data-elementor-post-type=\"page\">\n\t\t\t\t<div class=\"elementor-element elementor-element-c26b1ab e-flex e-con-boxed e-con e-parent\" data-id=\"c26b1ab\" data-element_type=\"container\" data-e-type=\"container\" data-settings=\"{&quot;background_background&quot;:&quot;classic&quot;}\">\n\t\t\t\t\t<div class=\"e-con-inner\">\n\t\t\t\t<div class=\"elementor-element elementor-element-74e124e elementor-widget elementor-widget-heading\" data-id=\"74e124e\" data-element_type=\"widget\" data-e-type=\"widget\" data-widget_type=\"heading.default\">\n\t\t\t\t\t<h1 class=\"elementor-heading-title elementor-size-default\">R\u00fcckgabeinformationen<\/h1>\t\t\t\t<\/div>\n\t\t\t\t<div class=\"elementor-element elementor-element-80c71e6 elementor-align-center elementor-widget elementor-widget-breadcrumbs\" data-id=\"80c71e6\" data-element_type=\"widget\" data-e-type=\"widget\" data-widget_type=\"breadcrumbs.default\">\n\t\t\t\t\t<p id=\"breadcrumbs\"><span><span><a href=\"https:\/\/animalproducts.nl\/de\/heim\/\">Shop<\/a><\/span><\/span><\/p>\t\t\t\t<\/div>\n\t\t\t\t\t<\/div>\n\t\t\t\t<\/div>\n\t\t<div class=\"elementor-element elementor-element-b8ada78 e-flex e-con-boxed e-con e-parent\" data-id=\"b8ada78\" data-element_type=\"container\" data-e-type=\"container\">\n\t\t\t\t\t<div class=\"e-con-inner\">\n\t\t<div class=\"elementor-element elementor-element-1da97d2 e-con-full e-flex elementor-invisible e-con e-child\" data-id=\"1da97d2\" data-element_type=\"container\" data-e-type=\"container\" data-settings=\"{&quot;background_background&quot;:&quot;classic&quot;,&quot;animation&quot;:&quot;fadeInRight&quot;,&quot;animation_delay&quot;:300}\">\n\t\t\t\t<div class=\"elementor-element elementor-element-15a44c1 elementor-widget elementor-widget-text-editor\" data-id=\"15a44c1\" data-element_type=\"widget\" data-e-type=\"widget\" data-widget_type=\"text-editor.default\">\n\t\t\t\t\t\t\t\t\t<p>Sie k\u00f6nnen das Produkt innerhalb von 14 Tagen ohne Angabe von Gr\u00fcnden zur\u00fcckgeben. Die Frist beginnt mit dem Erhalt der Ware. Ab dem Datum Ihrer R\u00fccksendung haben Sie weitere 14 Tage Zeit, das Produkt zur\u00fcckzusenden. Das Produkt kann nur unbenutzt und m\u00f6glichst in der Originalverpackung zur\u00fcckgesandt werden. Die Kosten der R\u00fccksendung tragen Sie. Wir schreiben Ihnen den Betrag innerhalb von 14 Tagen gut.    <\/p><p>Bitte beachten Sie: Produkte, die schnell verderben oder eine begrenzte Haltbarkeit haben, oder versiegelte Produkte, die aus Gr\u00fcnden des Gesundheitsschutzes oder der Hygiene nicht zur R\u00fcckgabe geeignet sind und deren Versiegelung nach der Lieferung gebrochen wurde, k\u00f6nnen nicht zur\u00fcckgegeben werden (wie z. B. unsere Nutrolin-Produkte).<\/p><p>Verwenden Sie f\u00fcr R\u00fccksendungen immer dieses R\u00fccksendeformular: <span style=\"text-decoration: underline;\"><a href=\"https:\/\/animalproducts.nl\/retourformulier\/\">Zum R\u00fccksendeformular<\/a><\/span><\/p><p>Animal Products erstattet Ihnen alle Zahlungen, einschlie\u00dflich der von Animal Products f\u00fcr die R\u00fccksendung berechneten Versandkosten (sofern die gesamte Bestellung zur\u00fcckgesendet wird), unverz\u00fcglich, sp\u00e4testens jedoch innerhalb von 14 Tagen nach Eingang Ihrer Stornierung. Sofern Animal Products die Ware nicht selbst abholt, kann die R\u00fcckerstattung bis zum Erhalt der Ware oder bis zum Nachweis Ihrer R\u00fccksendung zur\u00fcckgehalten werden, je nachdem, welches Ereignis zuerst eintritt. Die R\u00fcckerstattung erfolgt \u00fcber dieselbe Zahlungsmethode, die Sie urspr\u00fcnglich verwendet haben, es sei denn, Sie stimmen einer anderen Methode zu. R\u00fcckerstattungen sind kostenfrei.   <\/p><p>Wenn Sie eine teurere Versandart als die g\u00fcnstigste Standardversandart gew\u00e4hlt haben, ist Animal Products nicht verpflichtet, die Mehrkosten f\u00fcr die teurere Versandart zu erstatten.<\/p>\t\t\t\t\t\t\t\t<\/div>\n\t\t\t\t<\/div>\n\t\t<div class=\"elementor-element elementor-element-ad0bded e-con-full e-flex elementor-invisible e-con e-child\" data-id=\"ad0bded\" data-element_type=\"container\" data-e-type=\"container\" data-settings=\"{&quot;animation&quot;:&quot;fadeInLeft&quot;,&quot;animation_delay&quot;:200}\">\n\t\t\t\t<div class=\"elementor-element elementor-element-71d6800 elementor-widget elementor-widget-image\" data-id=\"71d6800\" data-element_type=\"widget\" data-e-type=\"widget\" data-widget_type=\"image.default\">\n\t\t\t\t\t\t\t\t\t\t\t\t\t\t\t<img fetchpriority=\"high\" decoding=\"async\" width=\"2000\" height=\"1334\" src=\"https:\/\/animalproducts.nl\/wp-content\/uploads\/2025\/07\/3__1976-scaled-e1756377380871.jpg\" class=\"attachment-full size-full wp-image-30199\" alt=\"\" \/>\t\t\t\t\t\t\t\t\t\t\t\t\t\t\t<\/div>\n\t\t\t\t<\/div>\n\t\t\t\t\t<\/div>\n\t\t\t\t<\/div>\n\t\t\t\t<\/div>\n\t\t","protected":false},"excerpt":{"rendered":"<p>R\u00fcckgabeinformationen Sie k\u00f6nnen das Produkt innerhalb von 14 Tagen ohne Angabe von Gr\u00fcnden zur\u00fcckgeben. Die Frist beginnt mit dem Erhalt der Ware. Ab dem Datum Ihrer R\u00fccksendung haben Sie weitere 14 Tage Zeit, das Produkt zur\u00fcckzusenden. Das Produkt kann nur unbenutzt und m\u00f6glichst in der Originalverpackung zur\u00fcckgesandt werden. Die Kosten der R\u00fccksendung tragen Sie. Wir [&hellip;]<\/p>\n","protected":false},"author":4,"featured_media":0,"parent":0,"menu_order":16,"comment_status":"closed","ping_status":"closed","template":"","meta":{"_acf_changed":false,"footnotes":""},"class_list":["post-30209","page","type-page","status-publish","hentry"],"acf":[],"yoast_head":"<!-- This site is optimized with the Yoast SEO plugin v27.6 - https:\/\/yoast.com\/product\/yoast-seo-wordpress\/ -->\n<title>R\u00fcckgabeinformationen - Animal Products<\/title>\n<meta name=\"robots\" content=\"index, follow, max-snippet:-1, max-image-preview:large, max-video-preview:-1\" \/>\n<link rel=\"canonical\" href=\"https:\/\/animalproducts.nl\/de\/rueckgabeinformationen\/\" \/>\n<meta property=\"og:locale\" content=\"de_DE\" \/>\n<meta property=\"og:type\" content=\"article\" \/>\n<meta property=\"og:title\" content=\"R\u00fcckgabeinformationen - Animal Products\" \/>\n<meta property=\"og:description\" content=\"R\u00fcckgabeinformationen Sie k\u00f6nnen das Produkt innerhalb von 14 Tagen ohne Angabe von Gr\u00fcnden zur\u00fcckgeben. Die Frist beginnt mit dem Erhalt der Ware. Ab dem Datum Ihrer R\u00fccksendung haben Sie weitere 14 Tage Zeit, das Produkt zur\u00fcckzusenden. Das Produkt kann nur unbenutzt und m\u00f6glichst in der Originalverpackung zur\u00fcckgesandt werden. Die Kosten der R\u00fccksendung tragen Sie. Wir [&hellip;]\" \/>\n<meta property=\"og:url\" content=\"https:\/\/animalproducts.nl\/de\/rueckgabeinformationen\/\" \/>\n<meta property=\"og:site_name\" content=\"Animal Products\" \/>\n<meta property=\"article:modified_time\" content=\"2025-11-24T10:23:40+00:00\" \/>\n<meta property=\"og:image\" content=\"https:\/\/animalproducts.nl\/wp-content\/uploads\/2025\/07\/3__1976-scaled-e1756377380871.jpg\" \/>\n\t<meta property=\"og:image:width\" content=\"2000\" \/>\n\t<meta property=\"og:image:height\" content=\"1334\" \/>\n\t<meta property=\"og:image:type\" content=\"image\/jpeg\" \/>\n<meta name=\"twitter:card\" content=\"summary_large_image\" \/>\n<meta name=\"twitter:label1\" content=\"Gesch\u00e4tzte Lesezeit\" \/>\n\t<meta name=\"twitter:data1\" content=\"1\u00a0Minute\" \/>\n<script type=\"application\/ld+json\" class=\"yoast-schema-graph\">{\"@context\":\"https:\\\/\\\/schema.org\",\"@graph\":[{\"@type\":\"WebPage\",\"@id\":\"https:\\\/\\\/animalproducts.nl\\\/de\\\/rueckgabeinformationen\\\/\",\"url\":\"https:\\\/\\\/animalproducts.nl\\\/de\\\/rueckgabeinformationen\\\/\",\"name\":\"R\u00fcckgabeinformationen - Animal Products\",\"isPartOf\":{\"@id\":\"https:\\\/\\\/animalproducts.nl\\\/de\\\/#website\"},\"primaryImageOfPage\":{\"@id\":\"https:\\\/\\\/animalproducts.nl\\\/de\\\/rueckgabeinformationen\\\/#primaryimage\"},\"image\":{\"@id\":\"https:\\\/\\\/animalproducts.nl\\\/de\\\/rueckgabeinformationen\\\/#primaryimage\"},\"thumbnailUrl\":\"https:\\\/\\\/animalproducts.nl\\\/wp-content\\\/uploads\\\/2025\\\/07\\\/3__1976-scaled-e1756377380871.jpg\",\"datePublished\":\"2020-10-30T10:23:38+00:00\",\"dateModified\":\"2025-11-24T10:23:40+00:00\",\"breadcrumb\":{\"@id\":\"https:\\\/\\\/animalproducts.nl\\\/de\\\/rueckgabeinformationen\\\/#breadcrumb\"},\"inLanguage\":\"de\",\"potentialAction\":[{\"@type\":\"ReadAction\",\"target\":[\"https:\\\/\\\/animalproducts.nl\\\/de\\\/rueckgabeinformationen\\\/\"]}]},{\"@type\":\"ImageObject\",\"inLanguage\":\"de\",\"@id\":\"https:\\\/\\\/animalproducts.nl\\\/de\\\/rueckgabeinformationen\\\/#primaryimage\",\"url\":\"https:\\\/\\\/animalproducts.nl\\\/wp-content\\\/uploads\\\/2025\\\/07\\\/3__1976-scaled-e1756377380871.jpg\",\"contentUrl\":\"https:\\\/\\\/animalproducts.nl\\\/wp-content\\\/uploads\\\/2025\\\/07\\\/3__1976-scaled-e1756377380871.jpg\"},{\"@type\":\"BreadcrumbList\",\"@id\":\"https:\\\/\\\/animalproducts.nl\\\/de\\\/rueckgabeinformationen\\\/#breadcrumb\",\"itemListElement\":[{\"@type\":\"ListItem\",\"position\":1,\"name\":\"Shop\",\"item\":\"https:\\\/\\\/animalproducts.nl\\\/de\\\/heim\\\/\"},{\"@type\":\"ListItem\",\"position\":2,\"name\":\"R\u00fcckgabeinformationen\"}]},{\"@type\":\"WebSite\",\"@id\":\"https:\\\/\\\/animalproducts.nl\\\/de\\\/#website\",\"url\":\"https:\\\/\\\/animalproducts.nl\\\/de\\\/\",\"name\":\"Animal Products\",\"description\":\"\",\"publisher\":{\"@id\":\"https:\\\/\\\/animalproducts.nl\\\/de\\\/#organization\"},\"potentialAction\":[{\"@type\":\"SearchAction\",\"target\":{\"@type\":\"EntryPoint\",\"urlTemplate\":\"https:\\\/\\\/animalproducts.nl\\\/de\\\/?s={search_term_string}\"},\"query-input\":{\"@type\":\"PropertyValueSpecification\",\"valueRequired\":true,\"valueName\":\"search_term_string\"}}],\"inLanguage\":\"de\"},{\"@type\":\"Organization\",\"@id\":\"https:\\\/\\\/animalproducts.nl\\\/de\\\/#organization\",\"name\":\"Animal Products\",\"url\":\"https:\\\/\\\/animalproducts.nl\\\/de\\\/\",\"logo\":{\"@type\":\"ImageObject\",\"inLanguage\":\"de\",\"@id\":\"https:\\\/\\\/animalproducts.nl\\\/de\\\/#\\\/schema\\\/logo\\\/image\\\/\",\"url\":\"https:\\\/\\\/animalproducts.nl\\\/wp-content\\\/uploads\\\/2025\\\/07\\\/AnimalProducts-logo-v2-liggend-def-scaled.png\",\"contentUrl\":\"https:\\\/\\\/animalproducts.nl\\\/wp-content\\\/uploads\\\/2025\\\/07\\\/AnimalProducts-logo-v2-liggend-def-scaled.png\",\"width\":2560,\"height\":1266,\"caption\":\"Animal Products\"},\"image\":{\"@id\":\"https:\\\/\\\/animalproducts.nl\\\/de\\\/#\\\/schema\\\/logo\\\/image\\\/\"}}]}<\/script>\n<!-- \/ Yoast SEO plugin. -->","yoast_head_json":{"title":"R\u00fcckgabeinformationen - Animal Products","robots":{"index":"index","follow":"follow","max-snippet":"max-snippet:-1","max-image-preview":"max-image-preview:large","max-video-preview":"max-video-preview:-1"},"canonical":"https:\/\/animalproducts.nl\/de\/rueckgabeinformationen\/","og_locale":"de_DE","og_type":"article","og_title":"R\u00fcckgabeinformationen - Animal Products","og_description":"R\u00fcckgabeinformationen Sie k\u00f6nnen das Produkt innerhalb von 14 Tagen ohne Angabe von Gr\u00fcnden zur\u00fcckgeben. Die Frist beginnt mit dem Erhalt der Ware. Ab dem Datum Ihrer R\u00fccksendung haben Sie weitere 14 Tage Zeit, das Produkt zur\u00fcckzusenden. Das Produkt kann nur unbenutzt und m\u00f6glichst in der Originalverpackung zur\u00fcckgesandt werden. Die Kosten der R\u00fccksendung tragen Sie. Wir [&hellip;]","og_url":"https:\/\/animalproducts.nl\/de\/rueckgabeinformationen\/","og_site_name":"Animal Products","article_modified_time":"2025-11-24T10:23:40+00:00","og_image":[{"width":2000,"height":1334,"url":"https:\/\/animalproducts.nl\/wp-content\/uploads\/2025\/07\/3__1976-scaled-e1756377380871.jpg","type":"image\/jpeg"}],"twitter_card":"summary_large_image","twitter_misc":{"Gesch\u00e4tzte Lesezeit":"1\u00a0Minute"},"schema":{"@context":"https:\/\/schema.org","@graph":[{"@type":"WebPage","@id":"https:\/\/animalproducts.nl\/de\/rueckgabeinformationen\/","url":"https:\/\/animalproducts.nl\/de\/rueckgabeinformationen\/","name":"R\u00fcckgabeinformationen - Animal Products","isPartOf":{"@id":"https:\/\/animalproducts.nl\/de\/#website"},"primaryImageOfPage":{"@id":"https:\/\/animalproducts.nl\/de\/rueckgabeinformationen\/#primaryimage"},"image":{"@id":"https:\/\/animalproducts.nl\/de\/rueckgabeinformationen\/#primaryimage"},"thumbnailUrl":"https:\/\/animalproducts.nl\/wp-content\/uploads\/2025\/07\/3__1976-scaled-e1756377380871.jpg","datePublished":"2020-10-30T10:23:38+00:00","dateModified":"2025-11-24T10:23:40+00:00","breadcrumb":{"@id":"https:\/\/animalproducts.nl\/de\/rueckgabeinformationen\/#breadcrumb"},"inLanguage":"de","potentialAction":[{"@type":"ReadAction","target":["https:\/\/animalproducts.nl\/de\/rueckgabeinformationen\/"]}]},{"@type":"ImageObject","inLanguage":"de","@id":"https:\/\/animalproducts.nl\/de\/rueckgabeinformationen\/#primaryimage","url":"https:\/\/animalproducts.nl\/wp-content\/uploads\/2025\/07\/3__1976-scaled-e1756377380871.jpg","contentUrl":"https:\/\/animalproducts.nl\/wp-content\/uploads\/2025\/07\/3__1976-scaled-e1756377380871.jpg"},{"@type":"BreadcrumbList","@id":"https:\/\/animalproducts.nl\/de\/rueckgabeinformationen\/#breadcrumb","itemListElement":[{"@type":"ListItem","position":1,"name":"Shop","item":"https:\/\/animalproducts.nl\/de\/heim\/"},{"@type":"ListItem","position":2,"name":"R\u00fcckgabeinformationen"}]},{"@type":"WebSite","@id":"https:\/\/animalproducts.nl\/de\/#website","url":"https:\/\/animalproducts.nl\/de\/","name":"Animal Products","description":"","publisher":{"@id":"https:\/\/animalproducts.nl\/de\/#organization"},"potentialAction":[{"@type":"SearchAction","target":{"@type":"EntryPoint","urlTemplate":"https:\/\/animalproducts.nl\/de\/?s={search_term_string}"},"query-input":{"@type":"PropertyValueSpecification","valueRequired":true,"valueName":"search_term_string"}}],"inLanguage":"de"},{"@type":"Organization","@id":"https:\/\/animalproducts.nl\/de\/#organization","name":"Animal Products","url":"https:\/\/animalproducts.nl\/de\/","logo":{"@type":"ImageObject","inLanguage":"de","@id":"https:\/\/animalproducts.nl\/de\/#\/schema\/logo\/image\/","url":"https:\/\/animalproducts.nl\/wp-content\/uploads\/2025\/07\/AnimalProducts-logo-v2-liggend-def-scaled.png","contentUrl":"https:\/\/animalproducts.nl\/wp-content\/uploads\/2025\/07\/AnimalProducts-logo-v2-liggend-def-scaled.png","width":2560,"height":1266,"caption":"Animal Products"},"image":{"@id":"https:\/\/animalproducts.nl\/de\/#\/schema\/logo\/image\/"}}]}},"_links":{"self":[{"href":"https:\/\/animalproducts.nl\/de\/wp-json\/wp\/v2\/pages\/30209","targetHints":{"allow":["GET"]}}],"collection":[{"href":"https:\/\/animalproducts.nl\/de\/wp-json\/wp\/v2\/pages"}],"about":[{"href":"https:\/\/animalproducts.nl\/de\/wp-json\/wp\/v2\/types\/page"}],"author":[{"embeddable":true,"href":"https:\/\/animalproducts.nl\/de\/wp-json\/wp\/v2\/users\/4"}],"replies":[{"embeddable":true,"href":"https:\/\/animalproducts.nl\/de\/wp-json\/wp\/v2\/comments?post=30209"}],"version-history":[{"count":1,"href":"https:\/\/animalproducts.nl\/de\/wp-json\/wp\/v2\/pages\/30209\/revisions"}],"predecessor-version":[{"id":30213,"href":"https:\/\/animalproducts.nl\/de\/wp-json\/wp\/v2\/pages\/30209\/revisions\/30213"}],"wp:attachment":[{"href":"https:\/\/animalproducts.nl\/de\/wp-json\/wp\/v2\/media?parent=30209"}],"curies":[{"name":"wp","href":"https:\/\/api.w.org\/{rel}","templated":true}]}}