{"id":30203,"date":"2020-10-30T11:24:17","date_gmt":"2020-10-30T10:24:17","guid":{"rendered":"https:\/\/animalproducts.nl\/zahlungsmethoden\/"},"modified":"2025-11-24T11:22:33","modified_gmt":"2025-11-24T10:22:33","slug":"zahlungsmethoden","status":"publish","type":"page","link":"https:\/\/animalproducts.nl\/de\/zahlungsmethoden\/","title":{"rendered":"Zahlungsmethoden"},"content":{"rendered":"\t\t<div data-elementor-type=\"wp-page\" data-elementor-id=\"30203\" class=\"elementor elementor-30203 elementor-11065\" data-elementor-post-type=\"page\">\n\t\t\t\t<div class=\"elementor-element elementor-element-caa69a2 e-flex e-con-boxed e-con e-parent\" data-id=\"caa69a2\" data-element_type=\"container\" data-e-type=\"container\" data-settings=\"{&quot;background_background&quot;:&quot;classic&quot;}\">\n\t\t\t\t\t<div class=\"e-con-inner\">\n\t\t\t\t<div class=\"elementor-element elementor-element-9a4b995 elementor-widget elementor-widget-heading\" data-id=\"9a4b995\" data-element_type=\"widget\" data-e-type=\"widget\" data-widget_type=\"heading.default\">\n\t\t\t\t\t<h1 class=\"elementor-heading-title elementor-size-default\">Zahlungsmethoden <\/h1>\t\t\t\t<\/div>\n\t\t\t\t<div class=\"elementor-element elementor-element-854121a elementor-align-center elementor-widget elementor-widget-breadcrumbs\" data-id=\"854121a\" data-element_type=\"widget\" data-e-type=\"widget\" data-widget_type=\"breadcrumbs.default\">\n\t\t\t\t\t<p id=\"breadcrumbs\"><span><span><a href=\"https:\/\/animalproducts.nl\/de\/heim\/\">Shop<\/a><\/span><\/span><\/p>\t\t\t\t<\/div>\n\t\t\t\t\t<\/div>\n\t\t\t\t<\/div>\n\t\t<div class=\"elementor-element elementor-element-45f5088 e-flex e-con-boxed e-con e-parent\" data-id=\"45f5088\" data-element_type=\"container\" data-e-type=\"container\">\n\t\t\t\t\t<div class=\"e-con-inner\">\n\t\t<div class=\"elementor-element elementor-element-c44143d e-con-full e-flex elementor-invisible e-con e-child\" data-id=\"c44143d\" data-element_type=\"container\" data-e-type=\"container\" data-settings=\"{&quot;background_background&quot;:&quot;classic&quot;,&quot;animation&quot;:&quot;fadeInRight&quot;,&quot;animation_delay&quot;:300}\">\n\t\t\t\t<div class=\"elementor-element elementor-element-d7f17fd elementor-widget elementor-widget-text-editor\" data-id=\"d7f17fd\" data-element_type=\"widget\" data-e-type=\"widget\" data-widget_type=\"text-editor.default\">\n\t\t\t\t\t\t\t\t\t<p><strong>iDeal<\/strong><br>Mit iDeal bezahlen bedeutet, direkt in Ihrer gewohnten Online-Banking-Umgebung \u00fcber Ihre eigene Bank zu bezahlen.<\/p>\n<p><strong>Bank\u00fcberweisung<\/strong><br>Alternativ k\u00f6nnen Sie Ihre Zahlung auf das Konto NL80KNAB0776579010, zahlbar an Animal Products, \u00fcberweisen. Bitte geben Sie Ihre Bestellnummer und Ihren Nachnamen an. Ihre Bestellung wird nach Zahlungseingang umgehend versandt. <\/p>\n<p><strong>Vor Ort<\/strong><br>Wenn Sie Ihre Bestellung bei uns in Zundert (Nordbrabant) abholen m\u00f6chten, k\u00f6nnen Sie auch mit Karte oder bar bezahlen.<\/p>\t\t\t\t\t\t\t\t<\/div>\n\t\t\t\t<\/div>\n\t\t<div class=\"elementor-element elementor-element-f926240 e-con-full e-flex elementor-invisible e-con e-child\" data-id=\"f926240\" data-element_type=\"container\" data-e-type=\"container\" data-settings=\"{&quot;animation&quot;:&quot;fadeInLeft&quot;,&quot;animation_delay&quot;:200}\">\n\t\t\t\t<div class=\"elementor-element elementor-element-7131856 elementor-widget elementor-widget-image\" data-id=\"7131856\" data-element_type=\"widget\" data-e-type=\"widget\" data-widget_type=\"image.default\">\n\t\t\t\t\t\t\t\t\t\t\t\t\t\t\t<img fetchpriority=\"high\" decoding=\"async\" width=\"2000\" height=\"800\" src=\"https:\/\/animalproducts.nl\/wp-content\/uploads\/2025\/07\/agility-materialen-producten-voor-honden-5.jpg\" class=\"attachment-full size-full wp-image-30207\" alt=\"\" srcset=\"https:\/\/animalproducts.nl\/wp-content\/uploads\/2025\/07\/agility-materialen-producten-voor-honden-5.jpg 2000w, https:\/\/animalproducts.nl\/wp-content\/uploads\/2025\/07\/agility-materialen-producten-voor-honden-5-600x240.jpg 600w, https:\/\/animalproducts.nl\/wp-content\/uploads\/2025\/07\/agility-materialen-producten-voor-honden-5-300x120.jpg 300w, https:\/\/animalproducts.nl\/wp-content\/uploads\/2025\/07\/agility-materialen-producten-voor-honden-5-1024x410.jpg 1024w, https:\/\/animalproducts.nl\/wp-content\/uploads\/2025\/07\/agility-materialen-producten-voor-honden-5-768x307.jpg 768w, https:\/\/animalproducts.nl\/wp-content\/uploads\/2025\/07\/agility-materialen-producten-voor-honden-5-1536x614.jpg 1536w\" sizes=\"(max-width: 2000px) 100vw, 2000px\" \/>\t\t\t\t\t\t\t\t\t\t\t\t\t\t\t<\/div>\n\t\t\t\t<\/div>\n\t\t\t\t\t<\/div>\n\t\t\t\t<\/div>\n\t\t\t\t<\/div>\n\t\t","protected":false},"excerpt":{"rendered":"<p>Zahlungsmethoden iDealMit iDeal bezahlen bedeutet, direkt in Ihrer gewohnten Online-Banking-Umgebung \u00fcber Ihre eigene Bank zu bezahlen. Bank\u00fcberweisungAlternativ k\u00f6nnen Sie Ihre Zahlung auf das Konto NL80KNAB0776579010, zahlbar an Animal Products, \u00fcberweisen. Bitte geben Sie Ihre Bestellnummer und Ihren Nachnamen an. Ihre Bestellung wird nach Zahlungseingang umgehend versandt. Vor OrtWenn Sie Ihre Bestellung bei uns in Zundert [&hellip;]<\/p>\n","protected":false},"author":4,"featured_media":0,"parent":0,"menu_order":15,"comment_status":"closed","ping_status":"closed","template":"","meta":{"_acf_changed":false,"footnotes":""},"class_list":["post-30203","page","type-page","status-publish","hentry"],"acf":[],"yoast_head":"<!-- This site is optimized with the Yoast SEO plugin v27.6 - https:\/\/yoast.com\/product\/yoast-seo-wordpress\/ -->\n<title>Zahlungsmethoden - Animal Products<\/title>\n<meta name=\"robots\" content=\"index, follow, max-snippet:-1, max-image-preview:large, max-video-preview:-1\" \/>\n<link rel=\"canonical\" href=\"https:\/\/animalproducts.nl\/de\/zahlungsmethoden\/\" \/>\n<meta property=\"og:locale\" content=\"de_DE\" \/>\n<meta property=\"og:type\" content=\"article\" \/>\n<meta property=\"og:title\" content=\"Zahlungsmethoden - Animal Products\" \/>\n<meta property=\"og:description\" content=\"Zahlungsmethoden iDealMit iDeal bezahlen bedeutet, direkt in Ihrer gewohnten Online-Banking-Umgebung \u00fcber Ihre eigene Bank zu bezahlen. Bank\u00fcberweisungAlternativ k\u00f6nnen Sie Ihre Zahlung auf das Konto NL80KNAB0776579010, zahlbar an Animal Products, \u00fcberweisen. Bitte geben Sie Ihre Bestellnummer und Ihren Nachnamen an. Ihre Bestellung wird nach Zahlungseingang umgehend versandt. Vor OrtWenn Sie Ihre Bestellung bei uns in Zundert [&hellip;]\" \/>\n<meta property=\"og:url\" content=\"https:\/\/animalproducts.nl\/de\/zahlungsmethoden\/\" \/>\n<meta property=\"og:site_name\" content=\"Animal Products\" \/>\n<meta property=\"article:modified_time\" content=\"2025-11-24T10:22:33+00:00\" \/>\n<meta property=\"og:image\" content=\"https:\/\/animalproducts.nl\/wp-content\/uploads\/2025\/07\/agility-materialen-producten-voor-honden-5.jpg\" \/>\n\t<meta property=\"og:image:width\" content=\"2000\" \/>\n\t<meta property=\"og:image:height\" content=\"800\" \/>\n\t<meta property=\"og:image:type\" content=\"image\/jpeg\" \/>\n<meta name=\"twitter:card\" content=\"summary_large_image\" \/>\n<script type=\"application\/ld+json\" class=\"yoast-schema-graph\">{\"@context\":\"https:\\\/\\\/schema.org\",\"@graph\":[{\"@type\":\"WebPage\",\"@id\":\"https:\\\/\\\/animalproducts.nl\\\/de\\\/zahlungsmethoden\\\/\",\"url\":\"https:\\\/\\\/animalproducts.nl\\\/de\\\/zahlungsmethoden\\\/\",\"name\":\"Zahlungsmethoden - Animal Products\",\"isPartOf\":{\"@id\":\"https:\\\/\\\/animalproducts.nl\\\/de\\\/#website\"},\"primaryImageOfPage\":{\"@id\":\"https:\\\/\\\/animalproducts.nl\\\/de\\\/zahlungsmethoden\\\/#primaryimage\"},\"image\":{\"@id\":\"https:\\\/\\\/animalproducts.nl\\\/de\\\/zahlungsmethoden\\\/#primaryimage\"},\"thumbnailUrl\":\"https:\\\/\\\/animalproducts.nl\\\/wp-content\\\/uploads\\\/2025\\\/07\\\/agility-materialen-producten-voor-honden-5.jpg\",\"datePublished\":\"2020-10-30T10:24:17+00:00\",\"dateModified\":\"2025-11-24T10:22:33+00:00\",\"breadcrumb\":{\"@id\":\"https:\\\/\\\/animalproducts.nl\\\/de\\\/zahlungsmethoden\\\/#breadcrumb\"},\"inLanguage\":\"de\",\"potentialAction\":[{\"@type\":\"ReadAction\",\"target\":[\"https:\\\/\\\/animalproducts.nl\\\/de\\\/zahlungsmethoden\\\/\"]}]},{\"@type\":\"ImageObject\",\"inLanguage\":\"de\",\"@id\":\"https:\\\/\\\/animalproducts.nl\\\/de\\\/zahlungsmethoden\\\/#primaryimage\",\"url\":\"https:\\\/\\\/animalproducts.nl\\\/wp-content\\\/uploads\\\/2025\\\/07\\\/agility-materialen-producten-voor-honden-5.jpg\",\"contentUrl\":\"https:\\\/\\\/animalproducts.nl\\\/wp-content\\\/uploads\\\/2025\\\/07\\\/agility-materialen-producten-voor-honden-5.jpg\"},{\"@type\":\"BreadcrumbList\",\"@id\":\"https:\\\/\\\/animalproducts.nl\\\/de\\\/zahlungsmethoden\\\/#breadcrumb\",\"itemListElement\":[{\"@type\":\"ListItem\",\"position\":1,\"name\":\"Shop\",\"item\":\"https:\\\/\\\/animalproducts.nl\\\/de\\\/heim\\\/\"},{\"@type\":\"ListItem\",\"position\":2,\"name\":\"Zahlungsmethoden\"}]},{\"@type\":\"WebSite\",\"@id\":\"https:\\\/\\\/animalproducts.nl\\\/de\\\/#website\",\"url\":\"https:\\\/\\\/animalproducts.nl\\\/de\\\/\",\"name\":\"Animal Products\",\"description\":\"\",\"publisher\":{\"@id\":\"https:\\\/\\\/animalproducts.nl\\\/de\\\/#organization\"},\"potentialAction\":[{\"@type\":\"SearchAction\",\"target\":{\"@type\":\"EntryPoint\",\"urlTemplate\":\"https:\\\/\\\/animalproducts.nl\\\/de\\\/?s={search_term_string}\"},\"query-input\":{\"@type\":\"PropertyValueSpecification\",\"valueRequired\":true,\"valueName\":\"search_term_string\"}}],\"inLanguage\":\"de\"},{\"@type\":\"Organization\",\"@id\":\"https:\\\/\\\/animalproducts.nl\\\/de\\\/#organization\",\"name\":\"Animal Products\",\"url\":\"https:\\\/\\\/animalproducts.nl\\\/de\\\/\",\"logo\":{\"@type\":\"ImageObject\",\"inLanguage\":\"de\",\"@id\":\"https:\\\/\\\/animalproducts.nl\\\/de\\\/#\\\/schema\\\/logo\\\/image\\\/\",\"url\":\"https:\\\/\\\/animalproducts.nl\\\/wp-content\\\/uploads\\\/2025\\\/07\\\/AnimalProducts-logo-v2-liggend-def-scaled.png\",\"contentUrl\":\"https:\\\/\\\/animalproducts.nl\\\/wp-content\\\/uploads\\\/2025\\\/07\\\/AnimalProducts-logo-v2-liggend-def-scaled.png\",\"width\":2560,\"height\":1266,\"caption\":\"Animal Products\"},\"image\":{\"@id\":\"https:\\\/\\\/animalproducts.nl\\\/de\\\/#\\\/schema\\\/logo\\\/image\\\/\"}}]}<\/script>\n<!-- \/ Yoast SEO plugin. -->","yoast_head_json":{"title":"Zahlungsmethoden - Animal Products","robots":{"index":"index","follow":"follow","max-snippet":"max-snippet:-1","max-image-preview":"max-image-preview:large","max-video-preview":"max-video-preview:-1"},"canonical":"https:\/\/animalproducts.nl\/de\/zahlungsmethoden\/","og_locale":"de_DE","og_type":"article","og_title":"Zahlungsmethoden - Animal Products","og_description":"Zahlungsmethoden iDealMit iDeal bezahlen bedeutet, direkt in Ihrer gewohnten Online-Banking-Umgebung \u00fcber Ihre eigene Bank zu bezahlen. Bank\u00fcberweisungAlternativ k\u00f6nnen Sie Ihre Zahlung auf das Konto NL80KNAB0776579010, zahlbar an Animal Products, \u00fcberweisen. Bitte geben Sie Ihre Bestellnummer und Ihren Nachnamen an. Ihre Bestellung wird nach Zahlungseingang umgehend versandt. Vor OrtWenn Sie Ihre Bestellung bei uns in Zundert [&hellip;]","og_url":"https:\/\/animalproducts.nl\/de\/zahlungsmethoden\/","og_site_name":"Animal Products","article_modified_time":"2025-11-24T10:22:33+00:00","og_image":[{"width":2000,"height":800,"url":"https:\/\/animalproducts.nl\/wp-content\/uploads\/2025\/07\/agility-materialen-producten-voor-honden-5.jpg","type":"image\/jpeg"}],"twitter_card":"summary_large_image","schema":{"@context":"https:\/\/schema.org","@graph":[{"@type":"WebPage","@id":"https:\/\/animalproducts.nl\/de\/zahlungsmethoden\/","url":"https:\/\/animalproducts.nl\/de\/zahlungsmethoden\/","name":"Zahlungsmethoden - Animal Products","isPartOf":{"@id":"https:\/\/animalproducts.nl\/de\/#website"},"primaryImageOfPage":{"@id":"https:\/\/animalproducts.nl\/de\/zahlungsmethoden\/#primaryimage"},"image":{"@id":"https:\/\/animalproducts.nl\/de\/zahlungsmethoden\/#primaryimage"},"thumbnailUrl":"https:\/\/animalproducts.nl\/wp-content\/uploads\/2025\/07\/agility-materialen-producten-voor-honden-5.jpg","datePublished":"2020-10-30T10:24:17+00:00","dateModified":"2025-11-24T10:22:33+00:00","breadcrumb":{"@id":"https:\/\/animalproducts.nl\/de\/zahlungsmethoden\/#breadcrumb"},"inLanguage":"de","potentialAction":[{"@type":"ReadAction","target":["https:\/\/animalproducts.nl\/de\/zahlungsmethoden\/"]}]},{"@type":"ImageObject","inLanguage":"de","@id":"https:\/\/animalproducts.nl\/de\/zahlungsmethoden\/#primaryimage","url":"https:\/\/animalproducts.nl\/wp-content\/uploads\/2025\/07\/agility-materialen-producten-voor-honden-5.jpg","contentUrl":"https:\/\/animalproducts.nl\/wp-content\/uploads\/2025\/07\/agility-materialen-producten-voor-honden-5.jpg"},{"@type":"BreadcrumbList","@id":"https:\/\/animalproducts.nl\/de\/zahlungsmethoden\/#breadcrumb","itemListElement":[{"@type":"ListItem","position":1,"name":"Shop","item":"https:\/\/animalproducts.nl\/de\/heim\/"},{"@type":"ListItem","position":2,"name":"Zahlungsmethoden"}]},{"@type":"WebSite","@id":"https:\/\/animalproducts.nl\/de\/#website","url":"https:\/\/animalproducts.nl\/de\/","name":"Animal Products","description":"","publisher":{"@id":"https:\/\/animalproducts.nl\/de\/#organization"},"potentialAction":[{"@type":"SearchAction","target":{"@type":"EntryPoint","urlTemplate":"https:\/\/animalproducts.nl\/de\/?s={search_term_string}"},"query-input":{"@type":"PropertyValueSpecification","valueRequired":true,"valueName":"search_term_string"}}],"inLanguage":"de"},{"@type":"Organization","@id":"https:\/\/animalproducts.nl\/de\/#organization","name":"Animal Products","url":"https:\/\/animalproducts.nl\/de\/","logo":{"@type":"ImageObject","inLanguage":"de","@id":"https:\/\/animalproducts.nl\/de\/#\/schema\/logo\/image\/","url":"https:\/\/animalproducts.nl\/wp-content\/uploads\/2025\/07\/AnimalProducts-logo-v2-liggend-def-scaled.png","contentUrl":"https:\/\/animalproducts.nl\/wp-content\/uploads\/2025\/07\/AnimalProducts-logo-v2-liggend-def-scaled.png","width":2560,"height":1266,"caption":"Animal Products"},"image":{"@id":"https:\/\/animalproducts.nl\/de\/#\/schema\/logo\/image\/"}}]}},"_links":{"self":[{"href":"https:\/\/animalproducts.nl\/de\/wp-json\/wp\/v2\/pages\/30203","targetHints":{"allow":["GET"]}}],"collection":[{"href":"https:\/\/animalproducts.nl\/de\/wp-json\/wp\/v2\/pages"}],"about":[{"href":"https:\/\/animalproducts.nl\/de\/wp-json\/wp\/v2\/types\/page"}],"author":[{"embeddable":true,"href":"https:\/\/animalproducts.nl\/de\/wp-json\/wp\/v2\/users\/4"}],"replies":[{"embeddable":true,"href":"https:\/\/animalproducts.nl\/de\/wp-json\/wp\/v2\/comments?post=30203"}],"version-history":[{"count":1,"href":"https:\/\/animalproducts.nl\/de\/wp-json\/wp\/v2\/pages\/30203\/revisions"}],"predecessor-version":[{"id":30208,"href":"https:\/\/animalproducts.nl\/de\/wp-json\/wp\/v2\/pages\/30203\/revisions\/30208"}],"wp:attachment":[{"href":"https:\/\/animalproducts.nl\/de\/wp-json\/wp\/v2\/media?parent=30203"}],"curies":[{"name":"wp","href":"https:\/\/api.w.org\/{rel}","templated":true}]}}